{"id":122,"date":"2020-05-17T13:27:58","date_gmt":"2020-05-17T11:27:58","guid":{"rendered":"https:\/\/noble-society.net\/?page_id=122"},"modified":"2026-04-01T11:42:45","modified_gmt":"2026-04-01T08:42:45","slug":"unsere-adelstitel-bieten","status":"publish","type":"page","link":"https:\/\/noble-society.net\/de\/our-noble-titles-offer\/","title":{"rendered":"Unsere Adelstitel bieten"},"content":{"rendered":"<section class=\"l-section wpb_row height_small\"><div class=\"l-section-h i-cf\"><div class=\"g-cols vc_row via_grid cols_1 laptops-cols_inherit tablets-cols_inherit mobiles-cols_1 valign_top type_default stacking_default\"><div class=\"wpb_column vc_column_container\"><div class=\"vc_column-inner\"><div class=\"w-image style_shadow-1 align_center\"><div class=\"w-image-h\"><img decoding=\"async\" width=\"1418\" height=\"525\" src=\"https:\/\/noble-society.net\/wp-content\/uploads\/2026\/04\/buyNobleTitle_queen.jpg\" class=\"attachment-full size-full\" alt=\"Herzogin auf einem Thron sitzend mit einem eleganten schwarzen Hund, Portr\u00e4t mit Adelstitel und Darstellung von aristokratischer Macht und Luxus, Inspiration f\u00fcr den Kauf eines Adelstitels\" loading=\"lazy\" srcset=\"https:\/\/noble-society.net\/wp-content\/uploads\/2026\/04\/buyNobleTitle_queen.jpg 1418w, https:\/\/noble-society.net\/wp-content\/uploads\/2026\/04\/buyNobleTitle_queen-300x111.jpg 300w, https:\/\/noble-society.net\/wp-content\/uploads\/2026\/04\/buyNobleTitle_queen-1024x379.jpg 1024w, https:\/\/noble-society.net\/wp-content\/uploads\/2026\/04\/buyNobleTitle_queen-18x7.jpg 18w, https:\/\/noble-society.net\/wp-content\/uploads\/2026\/04\/buyNobleTitle_queen-100x37.jpg 100w, https:\/\/noble-society.net\/wp-content\/uploads\/2026\/04\/buyNobleTitle_queen-600x222.jpg 600w, https:\/\/noble-society.net\/wp-content\/uploads\/2026\/04\/buyNobleTitle_queen-30x11.jpg 30w, https:\/\/noble-society.net\/wp-content\/uploads\/2026\/04\/buyNobleTitle_queen-60x22.jpg 60w\" sizes=\"auto, (max-width: 1418px) 100vw, 1418px\" \/><\/div><\/div><\/div><\/div><\/div><\/div><\/section><section class=\"l-section wpb_row height_small\"><div class=\"l-section-h i-cf\"><div class=\"g-cols vc_row via_grid cols_1 laptops-cols_inherit tablets-cols_inherit mobiles-cols_1 valign_top type_default stacking_default\"><div class=\"wpb_column vc_column_container\"><div class=\"vc_column-inner\"><div class=\"wpb_text_column\"><div class=\"wpb_wrapper\"><p class=\"p1\"><b>Adel werden \u2013 Den richtigen Titel w\u00e4hlen<\/b><b><\/b><\/p>\n<p class=\"p2\">Titelkauf \u2013 Beitragsbild<\/p>\n<p class=\"p2\">Der Aufstieg in den Adelsstand war f\u00fcr viele Menschen schon immer reizvoll. Ein Blick in die Geschichte zeigt, dass der Adel zahlreiche Privilegien genoss. Adlige genossen hohes Ansehen, und viele Menschen sahen ihren Adelstitel als wahre Bereicherung an und waren sehr stolz darauf, Graf oder Gr\u00e4fin zu sein.<\/p>\n<p class=\"p2\">Je nach Land, Region und Rang variierten die Privilegien des Adels \u2013 einige Adlige erhielten ehrenamtliche Vorteile, w\u00e4hrend andere materielle Vorteile erhielten. Bevor Sie adelig werden und den richtigen Titel f\u00fcr sich w\u00e4hlen, lohnt es sich, mehr \u00fcber den k\u00f6niglichen Status zu erfahren. Erkunden Sie die folgenden Informationen und \u00fcberlegen Sie, welcher Adelsitel am besten zu Ihnen passt. Sind Sie eher ein Graf oder passt Ihnen der Titel Baron besser? Die Wahl liegt bei Ihnen.<\/p>\n<p class=\"p1\"><b>Die Bedeutung von Titeln<\/b><b><\/b><\/p>\n<p class=\"p2\">Adelstitel repr\u00e4sentieren unterschiedliche Ebenen der Gesellschaft. Je nach Verm\u00f6gen und Rang erhielten Einzelpersonen unterschiedliche Titel. Baron und Baronin geh\u00f6ren zu den niedrigeren R\u00e4ngen, w\u00e4hrend Herzog und Herzogin nahe der Spitze stehen, direkt unter dem K\u00f6nig. Viele Menschen sehen Adelstitel heute als Relikte einer vergangenen \u00c4ra \u2013 oft pr\u00e4gt eine Mischung aus Missverst\u00e4ndnis und Ehrfurcht diese Wahrnehmung. In Wirklichkeit bleiben Adelstitel in vielen Aspekten des modernen Lebens pr\u00e4sent und einflussreich.<\/p>\n<p class=\"p2\">In einem monarchischen System spielt der Adel eine bedeutende Rolle. Der K\u00f6nig oder die herrschende Autorit\u00e4t erhebt bestimmte Personen in hohe Positionen, die mit Macht, Gunst, Reichtum und Prestige verbunden sind. Heute ist es in vielen L\u00e4ndern m\u00f6glich, solche Adelstitel zu erwerben. Wer beispielsweise Lord werden m\u00f6chte, kann im Commonwealth einen Titel erlangen.<\/p>\n<p class=\"p1\"><b>Monarchien damals und heute<\/b><b><\/b><\/p>\n<p class=\"p2\">Viele Monarchien existieren auch heute noch. In historischen Monarchien spielte der Adel eine zentrale Rolle. Der Kaiser oder K\u00f6nig verlieh Adelstitel, und der Adel war f\u00fcr die Wahrnehmung wichtiger Staatsangelegenheiten und die Unterst\u00fctzung k\u00f6niglicher oder kaiserlicher Interessen zust\u00e4ndig. Nach dem Zweiten Weltkrieg wurden viele Monarchien aufgel\u00f6st. Einige blieben jedoch bestehen, und in diesen Systemen f\u00fchrten K\u00f6nig und Adel das Land weiter. Heute gibt es weltweit noch rund zw\u00f6lf Monarchien \u2013 sieben davon sind echte K\u00f6nigreiche mit einem regierenden K\u00f6nig als Staatsoberhaupt.<\/p>\n<p class=\"p1\"><b>Adelstitel kaufen<\/b><b><\/b><\/p>\n<p class=\"p2\">Seit 1999 sind wir Experten f\u00fcr Adelstitel. Wenn die obige Beschreibung bei Ihnen Anklang findet und Sie sich mit der Idee des Adels verbunden f\u00fchlen, k\u00f6nnte ein Adelstitel die perfekte Wahl sein. Ob f\u00fcr sich selbst oder als Geschenk, ein Adelstitel kann Ihnen zuk\u00fcnftig Anerkennung und Aufmerksamkeit verschaffen.<\/p>\n<\/div><\/div><\/div><\/div><\/div><\/div><\/section>","protected":false},"excerpt":{"rendered":"<p>Der Aufstieg in den Adelsstand war f\u00fcr viele Menschen schon immer reizvoll. Ein Blick in die Geschichte zeigt, dass der Adel zahlreiche Privilegien genoss. Adlige genossen hohes Ansehen, und viele Menschen sahen ihren Adelstitel als wahre Bereicherung an und waren sehr stolz darauf, Graf oder Gr\u00e4fin zu sein.<\/p>","protected":false},"author":1,"featured_media":59554,"parent":0,"menu_order":0,"comment_status":"closed","ping_status":"closed","template":"","meta":{"_acf_changed":false,"yasr_overall_rating":0,"yasr_post_is_review":"","yasr_auto_insert_disabled":"","yasr_review_type":"","slim_seo":{"title":"Our noble titles offer - Buy Noble Titles Since 1999","description":"Der Aufstieg in den Adel war schon immer f\u00fcr viele Menschen attraktiv. Ein Blick in die Geschichte zeigt, dass der Adel zahlreiche Privilegien genoss. Adelige"},"footnotes":""},"class_list":["post-122","page","type-page","status-publish","has-post-thumbnail","hentry"],"acf":[],"yasr_visitor_votes":{"stars_attributes":{"read_only":false,"span_bottom":false},"number_of_votes":0,"sum_votes":0},"_links":{"self":[{"href":"https:\/\/noble-society.net\/de\/wp-json\/wp\/v2\/pages\/122","targetHints":{"allow":["GET"]}}],"collection":[{"href":"https:\/\/noble-society.net\/de\/wp-json\/wp\/v2\/pages"}],"about":[{"href":"https:\/\/noble-society.net\/de\/wp-json\/wp\/v2\/types\/page"}],"author":[{"embeddable":true,"href":"https:\/\/noble-society.net\/de\/wp-json\/wp\/v2\/users\/1"}],"replies":[{"embeddable":true,"href":"https:\/\/noble-society.net\/de\/wp-json\/wp\/v2\/comments?post=122"}],"version-history":[{"count":2,"href":"https:\/\/noble-society.net\/de\/wp-json\/wp\/v2\/pages\/122\/revisions"}],"predecessor-version":[{"id":62170,"href":"https:\/\/noble-society.net\/de\/wp-json\/wp\/v2\/pages\/122\/revisions\/62170"}],"wp:featuredmedia":[{"embeddable":true,"href":"https:\/\/noble-society.net\/de\/wp-json\/wp\/v2\/media\/59554"}],"wp:attachment":[{"href":"https:\/\/noble-society.net\/de\/wp-json\/wp\/v2\/media?parent=122"}],"curies":[{"name":"wp","href":"https:\/\/api.w.org\/{rel}","templated":true}]}}