{"id":294,"date":"2020-05-17T17:30:39","date_gmt":"2020-05-17T15:30:39","guid":{"rendered":"https:\/\/noble-society.net\/?page_id=294"},"modified":"2026-04-01T12:03:10","modified_gmt":"2026-04-01T09:03:10","slug":"zahlung-versand","status":"publish","type":"page","link":"https:\/\/noble-society.net\/de\/zahlung-versand\/","title":{"rendered":"Zahlung &amp; Versand"},"content":{"rendered":"<section class=\"l-section wpb_row height_small\"><div class=\"l-section-h i-cf\"><div class=\"g-cols vc_row via_grid cols_2 laptops-cols_inherit tablets-cols_inherit mobiles-cols_1 valign_top type_default stacking_default\"><div class=\"wpb_column vc_column_container\"><div class=\"vc_column-inner\"><div class=\"w-image align_center\"><div class=\"w-image-h\"><img decoding=\"async\" width=\"1024\" height=\"1024\" src=\"https:\/\/noble-society.net\/wp-content\/uploads\/2023\/01\/no_shipping-1024x1024-1-1024x1024.jpg\" class=\"attachment-large size-large\" alt=\"Edle Titel kaufen | Ein gr\u00fcner Handabdruck aus Gras mit dem Text Eco think green! dar\u00fcber und darunter Platzhaltertext, der Umweltbewusstsein, Nachhaltigkeit sowie umweltfreundliche Zahlungs- und Versandoptionen bewirbt. | noble-society.net\" loading=\"lazy\" srcset=\"https:\/\/noble-society.net\/wp-content\/uploads\/2023\/01\/no_shipping-1024x1024-1.jpg 1024w, https:\/\/noble-society.net\/wp-content\/uploads\/2023\/01\/no_shipping-1024x1024-1-300x300.jpg 300w, https:\/\/noble-society.net\/wp-content\/uploads\/2023\/01\/no_shipping-1024x1024-1-150x150.jpg 150w, https:\/\/noble-society.net\/wp-content\/uploads\/2023\/01\/no_shipping-1024x1024-1-600x600.jpg 600w, https:\/\/noble-society.net\/wp-content\/uploads\/2023\/01\/no_shipping-1024x1024-1-12x12.jpg 12w, https:\/\/noble-society.net\/wp-content\/uploads\/2023\/01\/no_shipping-1024x1024-1-100x100.jpg 100w, https:\/\/noble-society.net\/wp-content\/uploads\/2023\/01\/no_shipping-1024x1024-1-30x30.jpg 30w, https:\/\/noble-society.net\/wp-content\/uploads\/2023\/01\/no_shipping-1024x1024-1-400x400.jpg 400w, https:\/\/noble-society.net\/wp-content\/uploads\/2023\/01\/no_shipping-1024x1024-1-60x60.jpg 60w\" sizes=\"auto, (max-width: 1024px) 100vw, 1024px\" \/><\/div><\/div><\/div><\/div><div class=\"wpb_column vc_column_container\"><div class=\"vc_column-inner\"><div class=\"wpb_text_column\"><div class=\"wpb_wrapper\"><h3 class=\"p1\"><b>Kein Versand: Keine Kosten<\/b><b><\/b><\/h3>\n<p class=\"p3\"><strong>Wir versenden Ihr Zertifikat und Ihr B\u00fcchlein als PDF-Dateien per E-Mail.<\/strong><\/p>\n<p class=\"p3\">Aus Umweltsicht halten wir es f\u00fcr unverantwortlich, etwas Hunderte oder gar Tausende von Kilometern zu versenden, wenn es problemlos zu Hause ausgedruckt werden kann. Deshalb senden wir Ihnen Ihre Zertifikate und das B\u00fcchlein digital per E-Mail.<\/p>\n<p class=\"p3\">Sie erhalten Ihre Bestellung sofort und k\u00f6nnen sie direkt ausdrucken. Ein weiterer Vorteil ist die Flexibilit\u00e4t: Sie k\u00f6nnen Ihr Zertifikat in jeder gew\u00fcnschten Gr\u00f6\u00dfe ausdrucken \u2013 Standard-A4, im Gro\u00dfformat als Poster, auf Fotopapier oder auf hochwertigem Zertifikatspapier.<\/p>\n<p class=\"p3\">Ist das nicht viel besser, als hohe Versandkosten zu zahlen und auf die Lieferung zu warten?<\/p>\n<\/div><\/div><\/div><\/div><\/div><\/div><\/section><section class=\"l-section wpb_row us_custom_64e27225 height_small\"><div class=\"l-section-h i-cf\"><div class=\"g-cols vc_row via_grid cols_1 laptops-cols_inherit tablets-cols_inherit mobiles-cols_1 valign_top type_default stacking_default\"><div class=\"wpb_column vc_column_container\"><div class=\"vc_column-inner\"><div class=\"wpb_text_column us_custom_733cf2a7\"><div class=\"wpb_wrapper\"><h3 class=\"p1\">Wir bieten auch zus\u00e4tzliche Versandoptionen an.<\/h3>\n<p class=\"p1\">Sie k\u00f6nnen w\u00e4hlen, Ihre gesamte Bestellung gedruckt und per Paket geliefert zu erhalten. In diesem Fall senden wir Ihnen alle Zertifikate professionell gedruckt zusammen mit dem Booklet, pr\u00e4sentiert in einer hochwertigen Geschenkmappe. Optional k\u00f6nnen Sie auch Zubeh\u00f6r wie unsere Golden ID Card oder unseren Selbstf\u00e4rbestempel hinzuf\u00fcgen.<\/p>\n<p class=\"p1\">Wir versenden weltweit mit UPS, voll versichert. Die Lieferzeiten in die USA, nach S\u00fcdamerika, Asien und Australien betragen bis zu 5 Werktage. Innerhalb Europas versenden wir mit DPD, mit einer gesch\u00e4tzten Lieferzeit von 2\u20133 Werktagen.<\/p>\n<p class=\"p1\">Wir empfehlen jedoch generell, die Zustellung als PDF per E-Mail zu w\u00e4hlen. Sie erhalten Ihre Zertifikate sofort, ohne auf den Versand warten zu m\u00fcssen. Deutlich kosteng\u00fcnstiger ist es auch, wenn Sie diese selbst ausdrucken oder in einem Copyshop professionell drucken lassen.<\/p>\n<\/div><\/div><\/div><\/div><\/div><\/div><\/section><section class=\"l-section wpb_row height_small\"><div class=\"l-section-h i-cf\"><div class=\"g-cols vc_row via_grid cols_2 laptops-cols_inherit tablets-cols_inherit mobiles-cols_1 valign_top type_default stacking_default\"><div class=\"wpb_column vc_column_container\"><div class=\"vc_column-inner\"><div class=\"wpb_text_column\"><div class=\"wpb_wrapper\"><h3 data-path-to-node=\"9\"><b data-path-to-node=\"9\" data-index-in-node=\"0\">Bequeme und sichere Zahlung<\/b><\/h3>\n<p data-path-to-node=\"10\">Ihre Sicherheit hat f\u00fcr uns oberste Priorit\u00e4t. Um Ihnen ein reibungsloses und sicheres Einkaufserlebnis zu gew\u00e4hrleisten, nutzen wir zwei der weltweit f\u00fchrenden Zahlungsanbieter:<\/p>\n<ul data-path-to-node=\"11\">\n<li>\n<p data-path-to-node=\"11,0,0\"><b data-path-to-node=\"11,0,0\" data-index-in-node=\"0\">PayPal:<\/b> Bezahlen Sie schnell und einfach mit Ihrem PayPal-Konto und profitieren Sie vom umfassenden K\u00e4uferschutz.<\/p>\n<\/li>\n<li>\n<p data-path-to-node=\"11,1,0\"><b data-path-to-node=\"11,1,0\" data-index-in-node=\"0\">STRIPE Zahlungs-Gateway<\/b> Wir nutzen das Stripe-Gateway, um eine vollst\u00e4ndig verschl\u00fcsselte und sichere Umgebung f\u00fcr Ihre Transaktionen zu bieten. Sie k\u00f6nnen aus verschiedenen Methoden w\u00e4hlen, darunter <b data-path-to-node=\"11,1,0\" data-index-in-node=\"172\">Kreditkarten<\/b>, <b data-path-to-node=\"11,1,0\" data-index-in-node=\"186\">Lastschrift<\/b>, oder andere lokale Zahlungsoptionen.<\/p>\n<\/li>\n<\/ul>\n<\/div><\/div><\/div><\/div><div class=\"wpb_column vc_column_container\"><div class=\"vc_column-inner\"><div class=\"w-image align_center\"><div class=\"w-image-h\"><img decoding=\"async\" width=\"1536\" height=\"1024\" src=\"https:\/\/noble-society.net\/wp-content\/uploads\/2026\/04\/21b7e6276744a382659ff047a41f117a22ac33ab162cc701a42ed244a8d5da17.png\" class=\"attachment-full size-full\" alt=\"Edle Titel kaufen | Eine Person mit einer Kreditkarte ist dabei, auf einer Laptop-Bildschirmoberfl\u00e4che, auf der eine Website zum Erwerb eines Adelspr\u00e4dikats angezeigt wird, auf &quot;Jetzt bezahlen&quot; zu klicken. Daneben liegen auf dem Schreibtisch Zertifikate und eine kleine Krone versandfertig bereit. | noble-society.net\" loading=\"lazy\" srcset=\"https:\/\/noble-society.net\/wp-content\/uploads\/2026\/04\/21b7e6276744a382659ff047a41f117a22ac33ab162cc701a42ed244a8d5da17.png 1536w, https:\/\/noble-society.net\/wp-content\/uploads\/2026\/04\/21b7e6276744a382659ff047a41f117a22ac33ab162cc701a42ed244a8d5da17-300x200.png 300w, https:\/\/noble-society.net\/wp-content\/uploads\/2026\/04\/21b7e6276744a382659ff047a41f117a22ac33ab162cc701a42ed244a8d5da17-1024x683.png 1024w, https:\/\/noble-society.net\/wp-content\/uploads\/2026\/04\/21b7e6276744a382659ff047a41f117a22ac33ab162cc701a42ed244a8d5da17-18x12.png 18w, https:\/\/noble-society.net\/wp-content\/uploads\/2026\/04\/21b7e6276744a382659ff047a41f117a22ac33ab162cc701a42ed244a8d5da17-100x67.png 100w, https:\/\/noble-society.net\/wp-content\/uploads\/2026\/04\/21b7e6276744a382659ff047a41f117a22ac33ab162cc701a42ed244a8d5da17-600x400.png 600w, https:\/\/noble-society.net\/wp-content\/uploads\/2026\/04\/21b7e6276744a382659ff047a41f117a22ac33ab162cc701a42ed244a8d5da17-30x20.png 30w, https:\/\/noble-society.net\/wp-content\/uploads\/2026\/04\/21b7e6276744a382659ff047a41f117a22ac33ab162cc701a42ed244a8d5da17-60x40.png 60w\" sizes=\"auto, (max-width: 1536px) 100vw, 1536px\" \/><\/div><\/div><\/div><\/div><\/div><\/div><\/section><section class=\"l-section wpb_row height_small\"><div class=\"l-section-h i-cf\"><div class=\"g-cols vc_row via_grid cols_1 laptops-cols_inherit tablets-cols_inherit mobiles-cols_1 valign_top type_default stacking_default\"><div class=\"wpb_column vc_column_container\"><div class=\"vc_column-inner\"><div class=\"w-image align_center\"><div class=\"w-image-h\"><img decoding=\"async\" width=\"1305\" height=\"126\" src=\"https:\/\/noble-society.net\/wp-content\/uploads\/2026\/04\/Visa.png\" class=\"attachment-full size-full\" alt=\"Zahlungsoptionen f\u00fcr Noble Titles\" loading=\"lazy\" srcset=\"https:\/\/noble-society.net\/wp-content\/uploads\/2026\/04\/Visa.png 1305w, https:\/\/noble-society.net\/wp-content\/uploads\/2026\/04\/Visa-300x29.png 300w, https:\/\/noble-society.net\/wp-content\/uploads\/2026\/04\/Visa-1024x99.png 1024w, https:\/\/noble-society.net\/wp-content\/uploads\/2026\/04\/Visa-18x2.png 18w, https:\/\/noble-society.net\/wp-content\/uploads\/2026\/04\/Visa-100x10.png 100w, https:\/\/noble-society.net\/wp-content\/uploads\/2026\/04\/Visa-600x58.png 600w, https:\/\/noble-society.net\/wp-content\/uploads\/2026\/04\/Visa-30x3.png 30w, https:\/\/noble-society.net\/wp-content\/uploads\/2026\/04\/Visa-60x6.png 60w\" sizes=\"auto, (max-width: 1305px) 100vw, 1305px\" \/><\/div><\/div><\/div><\/div><\/div><\/div><\/section>","protected":false},"excerpt":{"rendered":"No Shipping: No Costs We deliver your certificate and booklet as PDF files via email. From an environmental perspective, we believe it is irresponsible to ship something across hundreds or even thousands of kilometers when it can easily be printed at home. That\u2019s why we send your certificates and booklet digitally by email. You receive...","protected":false},"author":1,"featured_media":0,"parent":0,"menu_order":0,"comment_status":"closed","ping_status":"closed","template":"","meta":{"_acf_changed":false,"yasr_overall_rating":4.70000000000000017763568394002504646778106689453125,"yasr_post_is_review":"","yasr_auto_insert_disabled":"","yasr_review_type":"","slim_seo":{"title":"Payment & Shipping - Buy Noble Titles Since 1999","description":""},"footnotes":""},"class_list":["post-294","page","type-page","status-publish","hentry"],"acf":[],"yasr_visitor_votes":{"stars_attributes":{"read_only":false,"span_bottom":false},"number_of_votes":0,"sum_votes":0},"_links":{"self":[{"href":"https:\/\/noble-society.net\/de\/wp-json\/wp\/v2\/pages\/294","targetHints":{"allow":["GET"]}}],"collection":[{"href":"https:\/\/noble-society.net\/de\/wp-json\/wp\/v2\/pages"}],"about":[{"href":"https:\/\/noble-society.net\/de\/wp-json\/wp\/v2\/types\/page"}],"author":[{"embeddable":true,"href":"https:\/\/noble-society.net\/de\/wp-json\/wp\/v2\/users\/1"}],"replies":[{"embeddable":true,"href":"https:\/\/noble-society.net\/de\/wp-json\/wp\/v2\/comments?post=294"}],"version-history":[{"count":7,"href":"https:\/\/noble-society.net\/de\/wp-json\/wp\/v2\/pages\/294\/revisions"}],"predecessor-version":[{"id":62185,"href":"https:\/\/noble-society.net\/de\/wp-json\/wp\/v2\/pages\/294\/revisions\/62185"}],"wp:attachment":[{"href":"https:\/\/noble-society.net\/de\/wp-json\/wp\/v2\/media?parent=294"}],"curies":[{"name":"wp","href":"https:\/\/api.w.org\/{rel}","templated":true}]}}