{"id":61582,"date":"2026-03-17T09:32:29","date_gmt":"2026-03-17T08:32:29","guid":{"rendered":"https:\/\/noble-society.net\/?page_id=61582"},"modified":"2026-04-01T08:22:37","modified_gmt":"2026-04-01T05:22:37","slug":"datenschutzerklarung","status":"publish","type":"page","link":"https:\/\/noble-society.net\/de\/datenschutzerklaerung\/","title":{"rendered":"Datenschutzerkl\u00e4rung"},"content":{"rendered":"<section class=\"l-section wpb_row height_small\"><div class=\"l-section-h i-cf\"><div class=\"g-cols vc_row via_grid cols_1 laptops-cols_inherit tablets-cols_inherit mobiles-cols_1 valign_top type_default stacking_default\"><div class=\"wpb_column vc_column_container\"><div class=\"vc_column-inner\"><div class=\"w-html\"><br><br><\/div><\/div><\/div><\/div><\/div><\/section><section class=\"l-section wpb_row height_small\"><div class=\"l-section-h i-cf\"><div class=\"g-cols vc_row via_grid cols_1 laptops-cols_inherit tablets-cols_inherit mobiles-cols_1 valign_top type_default stacking_default\"><div class=\"wpb_column vc_column_container\"><div class=\"vc_column-inner\"><div class=\"wpb_text_column\"><div class=\"wpb_wrapper\"><p class=\"p1\"><b>Ordo Regalis S.R.L.<\/b><b><\/b><\/p>\n<h3><b>1. Allgemeine Informationen<\/b><\/h3>\n<p class=\"p4\">Diese Datenschutzrichtlinie erkl\u00e4rt, wie Ordo Regalis S.R.L. Ihre pers\u00f6nlichen Daten erhebt, verwendet und sch\u00fctzt, wenn Sie unsere Website besuchen oder unsere Dienste nutzen.<\/p>\n<p class=\"p4\">Wir verpflichten uns zur Einhaltung der geltenden Datenschutzgesetze, einschlie\u00dflich der <span class=\"s2\"><b>Datenschutz-Grundverordnung (DSGVO)<\/b><\/span> und, wo zutreffend, <span class=\"s2\"><b>US-Datenschutzgesetze (z. B. CCPA\/CPRA)<\/b><\/span>.<\/p>\n<hr \/>\n<h3><b>2. Angaben zum Controller<\/b><\/h3>\n<pre class=\"p1\"><b>Ordo Regalis S.R.L.<\/b><b><\/b>\r\n\r\nPADUREA PUSTNICU Stra\u00dfe, Nr. 127C\nGeb\u00e4ude A, Block TO38\/2, Etage 3, Wohnung 12\n014042 Bukarest, Sektor 1\nRum\u00e4nien\n\nMwSt.-ID: RO54277877\nHandelsregister: J2026017808008\nSteuernummer: 54277877\n\nE-Mail: teams at noble-society.net<\/pre>\n<hr \/>\n<h3><b>3. Datenschutzbeauftragter<\/b><\/h3>\n<p class=\"p1\"><b>Leah Martin<\/b><b><\/b><\/p>\n<p class=\"p4\">E-Mail: admin at noble-society.net<\/p>\n<hr \/>\n<h3><b>4. Daten, die wir sammeln<\/b><\/h3>\n<p class=\"p4\">Wir k\u00f6nnen die folgenden personenbezogenen Daten erheben und verarbeiten:<\/p>\n<ul>\n<li>\n<p class=\"p1\">Name, Adresse, E-Mail-Adresse, Telefonnummer<\/p>\n<\/li>\n<li>\n<p class=\"p1\">Zahlungsinformationen (verarbeitet \u00fcber Drittanbieter)<\/p>\n<\/li>\n<li>\n<p class=\"p1\">Bestell- und Transaktionsdetails<\/p>\n<\/li>\n<li>\n<p class=\"p1\">IP-Adresse und Ger\u00e4teinformationen<\/p>\n<\/li>\n<li>\n<p class=\"p1\">Kommunikationsdaten (z.B. Kontaktformularanfragen)<\/p>\n<\/li>\n<\/ul>\n<hr \/>\n<h3><b>5. Zweck der Datenverarbeitung<\/b><\/h3>\n<p class=\"p4\">Ihre Daten werden f\u00fcr die folgenden Zwecke verarbeitet:<\/p>\n<ul>\n<li>\n<p class=\"p1\">Bearbeitung von Bestellungen und Lieferungen<\/p>\n<\/li>\n<li>\n<p class=\"p1\">Kundensupport leisten<\/p>\n<\/li>\n<li>\n<p class=\"p1\">Zahlungen und Rechnungen verwalten<\/p>\n<\/li>\n<li>\n<p class=\"p1\">Verbesserung unserer Website und Dienstleistungen<\/p>\n<\/li>\n<li>\n<p class=\"p1\">Marketing und Werbung (sofern zutreffend)<\/p>\n<\/li>\n<li>\n<p class=\"p1\">Rechtliche und regulatorische Compliance<\/p>\n<\/li>\n<\/ul>\n<hr \/>\n<h3><b>6. Rechtsgrundlage (DSGVO)<\/b><\/h3>\n<p class=\"p4\">Wir verarbeiten personenbezogene Daten auf Grundlage von:<\/p>\n<ul>\n<li>\n<p class=\"p1\"><span class=\"s1\"><b>Artikel 6 Absatz 1 Buchstabe b DSGVO<\/b><\/span> \u2013 Erf\u00fcllung eines Vertrages<\/p>\n<\/li>\n<li>\n<p class=\"p1\"><span class=\"s1\"><b>Artikel 6 Absatz 1 Buchstabe c DSGVO<\/b><\/span> \u2013 rechtliche Verpflichtungen<\/p>\n<\/li>\n<li>\n<p class=\"p1\"><span class=\"s1\"><b>Artikel 6 Absatz 1 Buchstabe f DSGVO<\/b><\/span> \u2013 berechtigte Interessen<\/p>\n<\/li>\n<li>\n<p class=\"p1\"><span class=\"s1\"><b>Art. 6 Abs. 1 lit. a DSGVO<\/b><\/span> \u2013 Zustimmung (wo zutreffend)<\/p>\n<\/li>\n<\/ul>\n<hr \/>\n<h3><b>7. Hosting<\/b><\/h3>\n<p class=\"p4\">Unsere Website wird gehostet von:<\/p>\n<p class=\"p1\"><b>ALL-INKL.COM \u2013 Neue Medien M\u00fcnnich<\/b><b><\/b><\/p>\n<p class=\"p4\">Deutschland<\/p>\n<p class=\"p4\">Personenbezogene Daten d\u00fcrfen auf Servern innerhalb der Europ\u00e4ischen Union verarbeitet werden.<\/p>\n<hr \/>\n<h3><b>8. E-Commerce (WooCommerce)<\/b><\/h3>\n<p class=\"p4\">Wir betreiben unseren Online-Shop mit WooCommerce.<\/p>\n<p class=\"p4\">W\u00e4hrend des Bestellvorgangs werden f\u00fcr die Vertragsabwicklung notwendige pers\u00f6nliche Daten erhoben und verarbeitet.<\/p>\n<hr \/>\n<h3><b>9. Zahlungsanbieter<\/b><\/h3>\n<h3><b>Stripe<\/b><\/h3>\n<p class=\"p4\">Zahlungen werden \u00fcber Stripe abgewickelt.<\/p>\n<p class=\"p4\">Datenschutzrichtlinie: https:\/\/stripe.com\/privacy<\/p>\n<h3><b>PayPal<\/b><\/h3>\n<p class=\"p4\">Zahlungen k\u00f6nnen auch \u00fcber PayPal abgewickelt werden.<\/p>\n<p class=\"p4\">Datenschutzrichtlinie: https:\/\/www.paypal.com\/privacy<\/p>\n<hr \/>\n<h3><b>10. Versanddienstleister<\/b><\/h3>\n<h3><b>DHL<\/b><\/h3>\n<p class=\"p4\">F\u00fcr Lieferzwecke teilen wir notwendige pers\u00f6nliche Daten (Name, Adresse, Kontaktdaten) mit DHL.<\/p>\n<p class=\"p4\">Tracking-Informationen k\u00f6nnen per E-Mail gesendet werden.<\/p>\n<hr \/>\n<h3><b>11. Analytik &amp; Werbung<\/b><\/h3>\n<h3><b>Google Analytics<\/b><\/h3>\n<p class=\"p4\">Wir nutzen Google Analytics, um die Website-Nutzung zu analysieren.<\/p>\n<p class=\"p4\">Google kann personenbezogene Daten in den USA verarbeiten.<\/p>\n<h3><b>Google-Anzeigen<\/b><\/h3>\n<p class=\"p4\">Wir verwenden Google Ads f\u00fcr Werbung und Conversion-Tracking.<\/p>\n<h3><b>Metorik<\/b><\/h3>\n<p class=\"p4\">Wir nutzen Metrik f\u00fcr Analysen.<\/p>\n<hr \/>\n<h3><b>12. Daten\u00fcbermittlung in Drittl\u00e4nder<\/b><\/h3>\n<p class=\"p4\">Einige Dienste (z. B. Google, Stripe) k\u00f6nnen Daten in L\u00e4nder au\u00dferhalb der EU, einschlie\u00dflich der USA, \u00fcbertragen.<\/p>\n<p class=\"p4\">Wir gew\u00e4hrleisten geeignete Sicherheitsvorkehrungen wie:<\/p>\n<ul>\n<li>\n<p class=\"p1\">Standardvertragsklauseln<\/p>\n<\/li>\n<li>\n<p class=\"p1\">Angemessenheitsbeschl\u00fcsse, wo zutreffend<\/p>\n<\/li>\n<\/ul>\n<hr \/>\n<h3><b>13. Kontaktformular<\/b><\/h3>\n<p class=\"p4\">Wenn Sie uns \u00fcber unsere Website kontaktieren, werden Ihre \u00fcbermittelten Daten zum Zwecke der Bearbeitung Ihrer Anfrage gespeichert.<\/p>\n<hr \/>\n<h3><b>14. Datenspeicherung<\/b><\/h3>\n<p class=\"p4\">Wir speichern personenbezogene Daten nur so lange wie n\u00f6tig f\u00fcr:<\/p>\n<ul>\n<li>\n<p class=\"p1\">Vertragserf\u00fcllung<\/p>\n<\/li>\n<li>\n<p class=\"p1\">Rechtliche Verpflichtungen (z. B. Steuergesetze)<\/p>\n<\/li>\n<li>\n<p class=\"p1\">Legitime Gesch\u00e4ftsinteressen<\/p>\n<\/li>\n<\/ul>\n<hr \/>\n<h3><b>15. Ihre Rechte (DSGVO)<\/b><\/h3>\n<p class=\"p4\">Sie haben das Recht:<\/p>\n<ul>\n<li>\n<p class=\"p1\">Greifen Sie auf Ihre Daten zu<\/p>\n<\/li>\n<li>\n<p class=\"p1\">Falsche Daten korrigieren<\/p>\n<\/li>\n<li>\n<p class=\"p1\">L\u00f6schen Sie Ihre Daten<\/p>\n<\/li>\n<li>\n<p class=\"p1\">Verarbeitung einschr\u00e4nken<\/p>\n<\/li>\n<li>\n<p class=\"p1\">Daten\u00fcbertragbarkeit<\/p>\n<\/li>\n<li>\n<p class=\"p1\">Verarbeitung widersprechen<\/p>\n<\/li>\n<li>\n<p class=\"p1\">Einwilligung jederzeit widerrufen<\/p>\n<\/li>\n<\/ul>\n<p class=\"p4\">Um Ihre Rechte auszu\u00fcben, kontaktieren Sie: admin@noble-society.net<\/p>\n<hr \/>\n<h3><b>16. US-Datenschutzrechte (CCPA\/CPRA)<\/b><\/h3>\n<p class=\"p4\">Wenn Sie ein Einwohner Kaliforniens sind, haben Sie m\u00f6glicherweise das Recht:<\/p>\n<ul>\n<li>\n<p class=\"p1\">Auskunft \u00fcber gesammelte Daten anfordern<\/p>\n<\/li>\n<li>\n<p class=\"p1\">L\u00f6schung personenbezogener Daten beantragen<\/p>\n<\/li>\n<li>\n<p class=\"p1\">Datenverkauf\/Datenweitergabe ablehnen<\/p>\n<\/li>\n<\/ul>\n<hr \/>\n<h3><b>17. Datensicherheit<\/b><\/h3>\n<p class=\"p4\">Wir setzen angemessene technische und organisatorische Ma\u00dfnahmen ein, um Ihre Daten vor unbefugtem Zugriff, Verlust oder Missbrauch zu sch\u00fctzen.<\/p>\n<hr \/>\n<h3><b>18. Externe Links<\/b><\/h3>\n<p class=\"p4\">Unsere Website kann Links zu externen Websites enthalten.<\/p>\n<p class=\"p4\">Wir sind nicht verantwortlich f\u00fcr deren Datenschutzpraktiken.<\/p>\n<hr \/>\n<h3><b>19. Aktualisierungen<\/b><\/h3>\n<p class=\"p4\">Wir behalten uns das Recht vor, diese Datenschutzerkl\u00e4rung jederzeit zu aktualisieren.<\/p>\n<hr \/>\n<h3><b>20. Online-Streitbeilegung &amp; Verbraucherschutz<\/b><\/h3>\n<pre class=\"p4\">Online-Streitbeilegung (OSB) <a href=\"https:\/\/ec.europa.eu\/consumers\/odr\/\">https:\/\/ec.europa.eu\/consumers\/odr\/<\/a> \r\nANPC \u2013 Verbraucherschutz: <a href=\"https:\/\/anpc.ro\">https:\/\/anpc.ro<\/a><\/pre>\n<\/div><\/div><\/div><\/div><\/div><\/div><\/section>","protected":false},"excerpt":{"rendered":"Ordo Regalis S.R.L. 1. Allgemeine Informationen Diese Datenschutzerkl\u00e4rung erl\u00e4utert, wie Ordo Regalis S.R.L. Ihre pers\u00f6nlichen Daten sammelt, verwendet und sch\u00fctzt, wenn Sie unsere Website besuchen oder unsere Dienste nutzen. Wir verpflichten uns zur Einhaltung der geltenden Datenschutzgesetze, einschlie\u00dflich der Datenschutz-Grundverordnung (DSGVO) und, soweit anwendbar, der US-Datenschutzgesetze (z. B. CCPA\/CPRA)....","protected":false},"author":1,"featured_media":0,"parent":0,"menu_order":0,"comment_status":"closed","ping_status":"closed","template":"","meta":{"_acf_changed":false,"yasr_overall_rating":0,"yasr_post_is_review":"","yasr_auto_insert_disabled":"","yasr_review_type":"","slim_seo":{"title":"Datenschutzrichtlinie - Noble Titles seit 1999 kaufen","description":""},"footnotes":""},"class_list":["post-61582","page","type-page","status-publish","hentry"],"acf":[],"yasr_visitor_votes":{"stars_attributes":{"read_only":false,"span_bottom":false},"number_of_votes":0,"sum_votes":0},"_links":{"self":[{"href":"https:\/\/noble-society.net\/de\/wp-json\/wp\/v2\/pages\/61582","targetHints":{"allow":["GET"]}}],"collection":[{"href":"https:\/\/noble-society.net\/de\/wp-json\/wp\/v2\/pages"}],"about":[{"href":"https:\/\/noble-society.net\/de\/wp-json\/wp\/v2\/types\/page"}],"author":[{"embeddable":true,"href":"https:\/\/noble-society.net\/de\/wp-json\/wp\/v2\/users\/1"}],"replies":[{"embeddable":true,"href":"https:\/\/noble-society.net\/de\/wp-json\/wp\/v2\/comments?post=61582"}],"version-history":[{"count":4,"href":"https:\/\/noble-society.net\/de\/wp-json\/wp\/v2\/pages\/61582\/revisions"}],"predecessor-version":[{"id":62062,"href":"https:\/\/noble-society.net\/de\/wp-json\/wp\/v2\/pages\/61582\/revisions\/62062"}],"wp:attachment":[{"href":"https:\/\/noble-society.net\/de\/wp-json\/wp\/v2\/media?parent=61582"}],"curies":[{"name":"wp","href":"https:\/\/api.w.org\/{rel}","templated":true}]}}