{"id":61487,"date":"2026-03-16T20:17:56","date_gmt":"2026-03-16T18:17:56","guid":{"rendered":"https:\/\/noble-society.net\/?post_type=product&#038;p=61487"},"modified":"2026-03-31T19:43:30","modified_gmt":"2026-03-31T16:43:30","slug":"graf-von-falkenstein","status":"publish","type":"product","link":"https:\/\/noble-society.net\/de\/buy-nobility-titles\/graf-von-falkenstein\/","title":{"rendered":"Graf von Falkenstein"},"content":{"rendered":"<section class=\"l-section wpb_row height_small\"><div class=\"l-section-h i-cf\"><div class=\"g-cols vc_row via_grid cols_1 laptops-cols_inherit tablets-cols_inherit mobiles-cols_1 valign_top type_default stacking_default\"><div class=\"wpb_column vc_column_container\"><div class=\"vc_column-inner\"><div class=\"wpb_text_column\"><div class=\"wpb_wrapper\"><div id=\"model-response-message-contentr_0e887cff68306677\" class=\"markdown markdown-main-panel stronger enable-updated-hr-color\" dir=\"ltr\" aria-live=\"polite\" aria-busy=\"false\">\n<h2 data-path-to-node=\"0\">Die Geschichte der Burg Falkenstein und des Hauses Falkenstein-M\u00fcnzenberg<\/h2>\n<p data-path-to-node=\"1\"><b data-path-to-node=\"1\" data-index-in-node=\"0\">Burg Falkenstein am Donnersberg<\/b> in der Pfalz, einer der h\u00f6chsten Befestigungsanlagen der Region, wurde von <b data-path-to-node=\"1\" data-index-in-node=\"130\">1135<\/b>. Seine strategische Bedeutung wurde schlie\u00dflich zu seinem Untergang w\u00e4hrend des Drei\u00dfigj\u00e4hrigen Krieges: in <b data-path-to-node=\"1\" data-index-in-node=\"227\">1647<\/b>, belagerten und eroberten franz\u00f6sische Truppen unter General Turenne die Festung und zerst\u00f6rten anschlie\u00dfend die Au\u00dfenmauern mit Sprengstoff. Bis zu dem Zeitpunkt <b data-path-to-node=\"1\" data-index-in-node=\"375\">1794<\/b> angekommen war, und das Chaos der Franz\u00f6sischen Revolution durch die Pfalz fegte, war die urspr\u00fcngliche Linie der Falkensteiner Herren bereits seit Jahrhunderten ausgestorben. Die Ruinen wechselten durch verschiedene angesehene H\u00e4nde \u2013 darunter die Herz\u00f6ge von Lothringen und sogar das Haus Habsburg \u2013, bevor sie in den Besitz der Gemeinde Falkenstein \u00fcbergingen. Seit <b data-path-to-node=\"1\" data-index-in-node=\"717\">1979<\/b>, Die St\u00e4tte wurde teilweise umgebaut und erhalten, um ihr Kulturerbe zu sch\u00fctzen.<\/p>\n<p data-path-to-node=\"2\">Historische Dokumentation beginnt im <b data-path-to-node=\"2\" data-index-in-node=\"35\">1135<\/b>, wenn eine bestimmte <b data-path-to-node=\"2\" data-index-in-node=\"56\">Siegebold von Falkenstein<\/b> wurde erstmals als Burgherr erw\u00e4hnt. Die folgenden 40 Jahre bleiben in historischer Dunkelheit geh\u00fcllt, eine Periode der Unsicherheit, die erst endete, nachdem <b data-path-to-node=\"2\" data-index-in-node=\"237\">1170<\/b> wenn die einflussreichen <b data-path-to-node=\"2\" data-index-in-node=\"263\">Bolanden<\/b> Familie erschien in den Annalen als die neuen Herren. Ein entscheidender Wendepunkt ereignete sich in <b data-path-to-node=\"2\" data-index-in-node=\"357\">1233<\/b>: <b data-path-to-node=\"2\" data-index-in-node=\"363\">Philipp IV. von Bolanden<\/b> sich offiziell den Namen zu geben <b data-path-to-node=\"2\" data-index-in-node=\"422\">Philipp I. von Falkenstein<\/b>, und gr\u00fcndete damit das neue Haus Falkenstein. Unter seinen S\u00f6hnen, Philipp II. und Werner, teilte sich die Linie in die <b data-path-to-node=\"2\" data-index-in-node=\"561\">Falkenstein-Butzbach<\/b> und <b data-path-to-node=\"2\" data-index-in-node=\"586\">Falkenstein-Lich<\/b> Zweige.<\/p>\n<p data-path-to-node=\"3\">Die Macht des Hauses Falkenstein beschr\u00e4nkte sich jedoch keineswegs auf die Pfalz. Nach dem Aussterben des verwandten <b data-path-to-node=\"3\" data-index-in-node=\"130\">Hagen-M\u00fcnzenberg<\/b> Nach dem Erwerb der Grafschaft M\u00fcnzenberg im Jahr 1255 \u2013 bekannt als \u201cM\u00fcnzenberger Erbschaft\u201d \u2013 erwarben die Falkensteiner riesige Gebiete in der Wetterau und im Rhein-Main-Gebiet. Sie stiegen zu einer der m\u00e4chtigsten Familien in Hessen auf und \u00fcbernahmen die Kontrolle \u00fcber Gebiete wie Offenbach und errichteten <b data-path-to-node=\"3\" data-index-in-node=\"416\">Burg Neufalkenstein<\/b> in den Taunusbergen als m\u00e4chtiges Symbol ihres wachsenden Einflusses.<\/p>\n<p data-path-to-node=\"4\">Der Zweig Butzbach brachte eine der markantesten Pers\u00f6nlichkeiten des Mittelalters hervor: <b data-path-to-node=\"4\" data-index-in-node=\"83\">Kuno II. von Falkenstein<\/b>. Als die <b data-path-to-node=\"4\" data-index-in-node=\"114\">Kurf\u00fcrst und Erzbischof von Trier (1362\u20131388)<\/b>, bekleidete er eines der sieben h\u00f6chsten \u00c4mter im Heiligen R\u00f6mischen Reich, fungierte als K\u00f6nigsmacher und enger Berater Kaiser Karls IV. Nach seinem Tod wurde er in diesem m\u00e4chtigen Amt von seinem Gro\u00dfneffen beerbt., <b data-path-to-node=\"4\" data-index-in-node=\"374\">Werner III. von Falkenstein<\/b>, aus dem Hause derer von Lichtenstein. Werner III. war ein streitbarer und umstrittener Geist; als Herr von Offenbach geriet er h\u00e4ufig mit der freien Reichsstadt <b data-path-to-node=\"4\" data-index-in-node=\"553\">Frankfurt<\/b>, ihre Kaufleute gefangen setzten und blutige Fehden provozierten. Mit seinem Tod im Jahr 1418 erlosch die m\u00e4nnliche Linie des Hauses Falkenstein.<\/p>\n<p data-path-to-node=\"5\">Das massive Erbe wurde unter den Herren von aufgeteilt <b data-path-to-node=\"5\" data-index-in-node=\"57\">Eppstein<\/b> und die Grafen von <b data-path-to-node=\"5\" data-index-in-node=\"84\">Solms<\/b>. Obwohl auch die Eppsteiner Linie im 16. Jahrhundert erlosch, existiert das Haus Solms bis heute. Die letzte \u00fcberlebende Frau der Falkensteiner wird als <b data-path-to-node=\"5\" data-index-in-node=\"257\">Anna von Falkenstein<\/b>, Werners Schwester. Sie bewies N\u00e4chstenliebe, indem sie ein Krankenhaus gr\u00fcndete in <b data-path-to-node=\"5\" data-index-in-node=\"353\">Dreieichenhain<\/b>, das sp\u00e4ter nach Offenbach verlegt wurde. Die Legende besagt jedoch, dass die Lasten ihrer Stiftung und das Schicksal ihrer Familie so schwer auf ihr lasteten, dass sie im Grab keinen Frieden fand; bis Mitte des 19. Jahrhunderts soll sie als \u201cWei\u00dfe Frau\u201d in den Mauern ihrer ehemaligen G\u00fcter spuken.\u201d<\/p>\n<\/div>\n<\/div><\/div><\/div><\/div><\/div><\/div><\/section>","protected":false},"excerpt":{"rendered":"<div id=\"model-response-message-contentr_16a3e6c9076d2078\" class=\"markdown markdown-main-panel stronger enable-updated-hr-color\" dir=\"ltr\" aria-live=\"polite\" aria-busy=\"false\">\n<div id=\"model-response-message-contentr_294d20bfeaf5d0df\" class=\"markdown markdown-main-panel stronger enable-updated-hr-color\" dir=\"ltr\" aria-live=\"polite\" aria-busy=\"false\">\n<p data-path-to-node=\"0\">Von ihrem Aufstieg im 12. Jahrhundert bis zum Aussterben des Geschlechts im Jahr 1418 pr\u00e4gten die Falkensteiner S\u00fcdwestdeutschland. Als m\u00e4chtige Reichsf\u00fcrsten und strategische Baumeister (Falkenstein, Neufalkenstein) beherrschten sie die Rhein-Main-Region. Nach erbitterten Fehden mit Frankfurt ging ihr Erbe an die H\u00e4user Solms und Eppstein \u00fcber, w\u00e4hrend die letzte Falkensteinerin als rastloser Geist zur Legende wurde.<\/p>\n<\/div>\n<\/div>","protected":false},"featured_media":55584,"template":"","meta":{"_acf_changed":false,"yasr_overall_rating":0,"yasr_post_is_review":"","yasr_auto_insert_disabled":"","yasr_review_type":"","slim_seo":{"title":"Count of Falkenstein - Buy Noble Titles Since 1999","description":"Von ihrem Aufstieg im 12. Jahrhundert bis zum Aussterben der Linie im Jahr 1418 pr\u00e4gten die Falkensteiner S\u00fcdwestdeutschland. Als m\u00e4chtige Kurf\u00fcrsten und strategische Baumeister"}},"product_brand":[],"product_cat":[26],"product_tag":[36,37,35,34],"class_list":{"0":"post-61487","1":"product","2":"type-product","3":"status-publish","4":"has-post-thumbnail","6":"product_cat-german-noble-titles","7":"product_tag-adelstitel","8":"product_tag-deutsche","9":"product_tag-falkenstein","10":"product_tag-graf","12":"first","13":"instock","14":"taxable","15":"shipping-taxable","16":"purchasable","17":"product-type-variable","18":"has-default-attributes"},"acf":[],"yasr_visitor_votes":{"stars_attributes":{"read_only":false,"span_bottom":false},"number_of_votes":0,"sum_votes":0},"_links":{"self":[{"href":"https:\/\/noble-society.net\/de\/wp-json\/wp\/v2\/product\/61487","targetHints":{"allow":["GET"]}}],"collection":[{"href":"https:\/\/noble-society.net\/de\/wp-json\/wp\/v2\/product"}],"about":[{"href":"https:\/\/noble-society.net\/de\/wp-json\/wp\/v2\/types\/product"}],"wp:featuredmedia":[{"embeddable":true,"href":"https:\/\/noble-society.net\/de\/wp-json\/wp\/v2\/media\/55584"}],"wp:attachment":[{"href":"https:\/\/noble-society.net\/de\/wp-json\/wp\/v2\/media?parent=61487"}],"wp:term":[{"taxonomy":"product_brand","embeddable":true,"href":"https:\/\/noble-society.net\/de\/wp-json\/wp\/v2\/product_brand?post=61487"},{"taxonomy":"product_cat","embeddable":true,"href":"https:\/\/noble-society.net\/de\/wp-json\/wp\/v2\/product_cat?post=61487"},{"taxonomy":"product_tag","embeddable":true,"href":"https:\/\/noble-society.net\/de\/wp-json\/wp\/v2\/product_tag?post=61487"}],"curies":[{"name":"wp","href":"https:\/\/api.w.org\/{rel}","templated":true}]}}