{"id":61488,"date":"2026-03-16T20:17:56","date_gmt":"2026-03-16T18:17:56","guid":{"rendered":"https:\/\/noble-society.net\/?post_type=product&#038;p=61488"},"modified":"2026-03-31T19:45:01","modified_gmt":"2026-03-31T16:45:01","slug":"freiherr-von-loudon","status":"publish","type":"product","link":"https:\/\/noble-society.net\/de\/buy-nobility-titles\/baron-de-loudon\/","title":{"rendered":"Baron de Loudon"},"content":{"rendered":"<section class=\"l-section wpb_row height_small\"><div class=\"l-section-h i-cf\"><div class=\"g-cols vc_row via_grid cols_1 laptops-cols_inherit tablets-cols_inherit mobiles-cols_1 valign_top type_default stacking_default\"><div class=\"wpb_column vc_column_container\"><div class=\"vc_column-inner\"><div class=\"wpb_text_column\"><div class=\"wpb_wrapper\"><div id=\"model-response-message-contentr_e185b7e9567dda35\" class=\"markdown markdown-main-panel stronger enable-updated-hr-color\" dir=\"ltr\" aria-live=\"polite\" aria-busy=\"false\">\n<p data-path-to-node=\"0\">Die Adelsfamilie Loudon ist ein altes und angesehenes Geschlecht mit tief verwurzelten Urspr\u00fcngen in Schottland, das speziell mit den L\u00e4ndereien von verbunden ist <b data-path-to-node=\"0\" data-index-in-node=\"136\">Loudoun in Ayrshire<\/b>. Der Name, der in Variationen wie <b data-path-to-node=\"0\" data-index-in-node=\"199\">Loudoun<\/b> oder <b data-path-to-node=\"0\" data-index-in-node=\"210\">Ludon<\/b>, ist untrennbar mit der schottischen Geschichte und dem Aufstieg des <b data-path-to-node=\"0\" data-index-in-node=\"280\">Clan Campbell von Loudoun<\/b>. Jahrhundertelang hat dieses Haus illustre Pers\u00f6nlichkeiten hervorgebracht, die die milit\u00e4rische, politische und kulturelle Landschaft Europas und Amerikas gepr\u00e4gt haben.<\/p>\n<p data-path-to-node=\"1\">Eine herausragende Pers\u00f6nlichkeit in der Familiengeschichte ist <b data-path-to-node=\"1\" data-index-in-node=\"45\">John Campbell, 4. Earl of Loudoun (1705\u20131782)<\/b>. Im 18. Jahrhundert diente er als hochrangiger britischer General und Oberbefehlshaber der britischen Truppen in Nordamerika w\u00e4hrend des <b data-path-to-node=\"1\" data-index-in-node=\"235\">Siebenj\u00e4hriger Krieg<\/b>. Trotz politischer Komplexit\u00e4ten w\u00e4hrend seiner Amtszeit als Gouverneur von Virginia sind seine Strukturreformen innerhalb des Milit\u00e4rs und seine F\u00fchrung der <b data-path-to-node=\"1\" data-index-in-node=\"401\">Loudouns Highland-Regiment<\/b> Regiment hat das Prestige des Hauses erheblich gesteigert. In den Vereinigten Staaten lebt sein Verm\u00e4chtnis geografisch fort, da <b data-path-to-node=\"1\" data-index-in-node=\"542\">Loudoun County, Virginia<\/b>, wurde 1757 zu seinen Ehren benannt.<\/p>\n<p data-path-to-node=\"2\">Der Einfluss der Familie reichte bekannterma\u00dfen \u00fcber die Grenzen hinaus nach Kontinentaleuropa, insbesondere durch den \u201clivl\u00e4ndischen\u201d Zweig. Das ber\u00fchmteste Mitglied dieser Diaspora war <b data-path-to-node=\"2\" data-index-in-node=\"165\">Ernst Gideon von Laudon (1717\u20131790)<\/b>, in der heutigen Lettland geboren, der eine legend\u00e4re <b data-path-to-node=\"2\" data-index-in-node=\"253\">Generalissimus des \u00f6sterreichischen Kaiserreichs<\/b>. Bekannt als einer der brillantesten Milit\u00e4rtaktiker Kaiserin Maria Theresias, war er ein ebenb\u00fcrtiger Rivale Friedrichs des Gro\u00dfen und wurde in den Rang eines <b data-path-to-node=\"2\" data-index-in-node=\"451\">Freiherr<\/b>. Sein Erfolg sorgte daf\u00fcr, dass der Name Loudon im Heiligen R\u00f6mischen Reich zum Synonym f\u00fcr milit\u00e4risches Genie wurde, wobei seine Nachfahren \u00fcber Generationen hinweg der habsburgischen Monarchie dienten.<\/p>\n<p data-path-to-node=\"3\">Das Familienwappen zeigt traditionell ein <b data-path-to-node=\"3\" data-index-in-node=\"47\">Schildteilung von acht schr\u00e4gen Feldern<\/b> (ein klassisches Campbell-Muster) oder unverwechselbare Symbole wie ein <b data-path-to-node=\"3\" data-index-in-node=\"123\">roter Adler<\/b> oder ein <b data-path-to-node=\"3\" data-index-in-node=\"138\">L\u00f6we<\/b>, die St\u00e4rke, Souver\u00e4nit\u00e4t und Tapferkeit repr\u00e4sentieren. Diese Wappen spiegeln ein Erbe wider, das auf Loyalit\u00e4t und unersch\u00fctterlichem Engagement f\u00fcr den \u00f6ffentlichen Dienst aufgebaut ist. Heute bleibt das Verm\u00e4chtnis der Loudons ein lebendiges Gewebe schottischer Tradition und europ\u00e4ischer Noblesse. Von der historischen <b data-path-to-node=\"3\" data-index-in-node=\"399\">Schloss Loudoun<\/b>\u2014einst als das \u201cWindsor Schottlands\u201d bekannt\u2014in die S\u00e4le der Wiener Pal\u00e4ste, ehren die Nachkommen weiterhin eine Geschichte, die von F\u00fchrung, Mut und einem zeitlosen Pflichtgef\u00fchl gepr\u00e4gt ist.<\/p>\n<\/div>\n<\/div><\/div><\/div><\/div><\/div><\/div><\/section>","protected":false},"excerpt":{"rendered":"<p>Die Linie der Loudons ist ein angesehenes schottisches Haus, dessen Einfluss von den Clans Ayrshire bis zu den Kaiserh\u00f6fen Europas reichte. W\u00e4hrend John Campbell, 4. Earl of Loudoun, als britischer General in Amerika die Kolonialgeschichte pr\u00e4gte, wurde Ernst Gideon von Laudon ein legend\u00e4rer \u00f6sterreichischer Generalissimus. Diese reiche Geschichte milit\u00e4rischer F\u00fchrung und edler Dienste vereint schottische Tradition mit kontinentalem Prestige, symbolisiert durch ein Verm\u00e4chtnis an Tapferkeit und das historische Loudoun Castle.<\/p>","protected":false},"featured_media":55579,"template":"","meta":{"_acf_changed":false,"yasr_overall_rating":0,"yasr_post_is_review":"","yasr_auto_insert_disabled":"","yasr_review_type":"","slim_seo":{"title":"Baron de Loudon - Adelstitel kaufen seit 1999","description":"Die Linie Loudon ist ein angesehenes schottisches Haus, dessen Einfluss von den Clans von Ayrshire bis zu den H\u00f6fen des europ\u00e4ischen Kaiserreiches reichte. W\u00e4hrend John Campbell, 4"}},"product_brand":[],"product_cat":[572],"product_tag":[36,49,34],"class_list":{"0":"post-61488","1":"product","2":"type-product","3":"status-publish","4":"has-post-thumbnail","6":"product_cat-buy-dutch-noble-title","7":"product_tag-adelstitel","8":"product_tag-andechs","9":"product_tag-graf","11":"first","12":"instock","13":"taxable","14":"shipping-taxable","15":"purchasable","16":"product-type-variable","17":"has-default-attributes"},"acf":[],"yasr_visitor_votes":{"stars_attributes":{"read_only":false,"span_bottom":false},"number_of_votes":0,"sum_votes":0},"_links":{"self":[{"href":"https:\/\/noble-society.net\/de\/wp-json\/wp\/v2\/product\/61488","targetHints":{"allow":["GET"]}}],"collection":[{"href":"https:\/\/noble-society.net\/de\/wp-json\/wp\/v2\/product"}],"about":[{"href":"https:\/\/noble-society.net\/de\/wp-json\/wp\/v2\/types\/product"}],"wp:featuredmedia":[{"embeddable":true,"href":"https:\/\/noble-society.net\/de\/wp-json\/wp\/v2\/media\/55579"}],"wp:attachment":[{"href":"https:\/\/noble-society.net\/de\/wp-json\/wp\/v2\/media?parent=61488"}],"wp:term":[{"taxonomy":"product_brand","embeddable":true,"href":"https:\/\/noble-society.net\/de\/wp-json\/wp\/v2\/product_brand?post=61488"},{"taxonomy":"product_cat","embeddable":true,"href":"https:\/\/noble-society.net\/de\/wp-json\/wp\/v2\/product_cat?post=61488"},{"taxonomy":"product_tag","embeddable":true,"href":"https:\/\/noble-society.net\/de\/wp-json\/wp\/v2\/product_tag?post=61488"}],"curies":[{"name":"wp","href":"https:\/\/api.w.org\/{rel}","templated":true}]}}