{"id":61489,"date":"2026-03-16T20:17:56","date_gmt":"2026-03-16T18:17:56","guid":{"rendered":"https:\/\/noble-society.net\/?post_type=product&#038;p=61489"},"modified":"2026-04-08T14:49:01","modified_gmt":"2026-04-08T11:49:01","slug":"herzog-von-valkenburg","status":"publish","type":"product","link":"https:\/\/noble-society.net\/de\/buy-nobility-titles\/hertog-van-valkenburg\/","title":{"rendered":"Herzog von Valkenburg"},"content":{"rendered":"<section class=\"l-section wpb_row height_small\"><div class=\"l-section-h i-cf\"><div class=\"g-cols vc_row via_grid cols_1 laptops-cols_inherit tablets-cols_inherit mobiles-cols_1 valign_top type_default stacking_default\"><div class=\"wpb_column vc_column_container\"><div class=\"vc_column-inner\"><div class=\"wpb_text_column\"><div class=\"wpb_wrapper\"><p class=\"p1\">Die Herren von Valkenburg waren eine bedeutende Adelsfamilie, die urspr\u00fcnglich aus den Regionen Voeren und Heinsberg im Gro\u00dfraum Aachen stammte. Sie waren eng mit mehreren wichtigen Dynastien der damaligen Zeit verwandt, darunter die Herz\u00f6ge von Limburg, die Grafen von Monschau, die Herren von Heinsberg und die Grafen von Leiningen-Dagsburg. Dieses B\u00fcndnisnetzwerk positionierte sie im Hochmittelalter im Zentrum der regionalen Machtstrukturen, wo strategische Heiraten und territoriale Kontrolle politischen Einfluss definierten.<\/p>\n<p class=\"p1\">Der erste bekannte Herr von Valkenburg war Thibald von Voeren<i>de Voeren<\/i>), dokumentiert ab etwa 1075 und verstorben 1106. Er residierte zun\u00e4chst in dem, was heute Oud-Valkenburg ist, einem Ort, der erstmals am 15. Februar 1041 unter dem Namen <i>Falchenberch<\/i> in einer Schenkungsurkunde von Kaiser Heinrich III. erkannte Thibald die strategische Bedeutung des Gebiets und errichtete die H\u00f6henburg Valkenburg, die bald zum Mittelpunkt der Herrschaft und zu einer wichtigen Verteidigungsanlage in der Region wurde.<\/p>\n<p class=\"p1\">Durch He.<\/p>\n<p class=\"p1\">Die Linie der Herren von Valkenburg erlosch 1352 mit dem Tod von Jan I., der nur weibliche Erben hinterlie\u00df. Dies f\u00fchrte zum Valkenburger Erbschaftskrieg (1352\u20131364), einem Konflikt um die Herrschaft \u00fcber das Territorium. Reinhard von Sch\u00f6nforst, ein Gl\u00e4ubiger, spielte eine entscheidende Rolle, indem er Valkenburg und Euskirchen 1355 an das Herzogtum J\u00fclich verkaufte. 1357 erhob Herzog Wilhelm von J\u00fclich Valkenburg zur Grafschaft. Kurz darauf, im Jahr 1364, verkaufte er das Territorium an Wenzel I. von Luxemburg, Herzog von Brabant, und integrierte es in die Region der sogenannten \u00dcbermaasischen Lande.<\/p>\n<p class=\"p1\">Unter den weiblichen Erbanspr\u00fcchen befand sich Elisa von Valkenburg, eine Nonne im Kloster Reichenstein, wo ihr Bruder Jan I. begraben lag. Tief betroffen vom Verlust des Erbes ihrer Familie, soll sie das Kloster verlassen und nach Valkenburg zur\u00fcckgekehrt sein, \u00fcberzeugt von ihrem rechtm\u00e4\u00dfigen Anspruch. Ihre Geschichte lebt in der lokalen Legende als das \u201cKopflose Fr\u00e4ulein\u201d fort, von dem man glaubt, dass sie nachts im Habit einer Pr\u00e4monstratenserin durch die Burg wandert und um das verlorene Erbe ihres Hauses trauert.<\/p>\n<p class=\"p1\">Die Nachfahren Reinhards von Sch\u00f6nforst behielten bis zu ihrem Aussterben im Jahr 1433 Einfluss in der Herrschaft Monschau. Mittlerweile erweiterte Simon III. von Sponheim-Vianden seine Macht durch den Erwerb von Gebieten wie Sankt Vith und B\u00fctgenbach. Die Geschichte Valkenburgs spiegelt somit ein komplexes Wechselspiel von Adelslinien, politischen Konflikten und bleibenden Legenden wider \u2013 und macht sie zu einer der faszinierendsten Adelsgeschichten der Region.<\/p>\n<\/div><\/div><\/div><\/div><\/div><\/div><\/section>","protected":false},"excerpt":{"rendered":"<p class=\"p1\">Die Herren von Valkenburg waren ein bedeutendes Adelsgeschlecht, das aus den Regionen Voeren und Heinsberg im Gro\u00dfraum Aachen stammte. Sie waren eng mit mehreren bedeutenden Adelsh\u00e4usern der damaligen Zeit verbunden, darunter die Herz\u00f6ge von Limburg, die Grafen von Monschau, die Herren von Heinsberg und die Grafen von Leiningen-Dagsburg. Durch diese starken famili\u00e4ren Bindungen und Allianzen war das Geschlecht der Valkenburger fest in das Netzwerk einflussreicher Adelsfamilien im Rheinland und den umliegenden Regionen eingebettet und trug zu deren politischer Bedeutung und regionaler Macht im Hochmittelalter bei.<\/p>","protected":false},"featured_media":55588,"template":"","meta":{"_acf_changed":false,"yasr_overall_rating":0,"yasr_post_is_review":"","yasr_auto_insert_disabled":"","yasr_review_type":"","slim_seo":{"title":"Duke van Valkenburg - Adelstitel kaufen seit 1999","description":"Die Herren von Valkenburg waren eine bedeutende Adelsfamilie, die aus den Regionen Voeren und Heinsberg im Gro\u00dfraum Aachen stammte. Sie waren eng verbunden"}},"product_brand":[],"product_cat":[572],"product_tag":[50,52,51],"class_list":{"0":"post-61489","1":"product","2":"type-product","3":"status-publish","4":"has-post-thumbnail","6":"product_cat-buy-dutch-noble-title","7":"product_tag-herzog","8":"product_tag-herzogin","9":"product_tag-meranien","11":"first","12":"instock","13":"taxable","14":"shipping-taxable","15":"purchasable","16":"product-type-variable","17":"has-default-attributes"},"acf":[],"yasr_visitor_votes":{"stars_attributes":{"read_only":false,"span_bottom":false},"number_of_votes":0,"sum_votes":0},"_links":{"self":[{"href":"https:\/\/noble-society.net\/de\/wp-json\/wp\/v2\/product\/61489","targetHints":{"allow":["GET"]}}],"collection":[{"href":"https:\/\/noble-society.net\/de\/wp-json\/wp\/v2\/product"}],"about":[{"href":"https:\/\/noble-society.net\/de\/wp-json\/wp\/v2\/types\/product"}],"wp:featuredmedia":[{"embeddable":true,"href":"https:\/\/noble-society.net\/de\/wp-json\/wp\/v2\/media\/55588"}],"wp:attachment":[{"href":"https:\/\/noble-society.net\/de\/wp-json\/wp\/v2\/media?parent=61489"}],"wp:term":[{"taxonomy":"product_brand","embeddable":true,"href":"https:\/\/noble-society.net\/de\/wp-json\/wp\/v2\/product_brand?post=61489"},{"taxonomy":"product_cat","embeddable":true,"href":"https:\/\/noble-society.net\/de\/wp-json\/wp\/v2\/product_cat?post=61489"},{"taxonomy":"product_tag","embeddable":true,"href":"https:\/\/noble-society.net\/de\/wp-json\/wp\/v2\/product_tag?post=61489"}],"curies":[{"name":"wp","href":"https:\/\/api.w.org\/{rel}","templated":true}]}}