{"id":61490,"date":"2026-03-16T20:17:56","date_gmt":"2026-03-16T18:17:56","guid":{"rendered":"https:\/\/noble-society.net\/?post_type=product&#038;p=61490"},"modified":"2026-03-31T19:30:59","modified_gmt":"2026-03-31T16:30:59","slug":"herzog-von-katharienburg","status":"publish","type":"product","link":"https:\/\/noble-society.net\/de\/buy-nobility-titles\/duke-of-katharienburg\/","title":{"rendered":"Herzog von Katharienburg"},"content":{"rendered":"<section class=\"l-section wpb_row height_small\"><div class=\"l-section-h i-cf\"><div class=\"g-cols vc_row via_grid cols_1 laptops-cols_inherit tablets-cols_inherit mobiles-cols_1 valign_top type_default stacking_default\"><div class=\"wpb_column vc_column_container\"><div class=\"vc_column-inner\"><div class=\"wpb_text_column\"><div class=\"wpb_wrapper\"><p class=\"p1\"><b>Herzog von Katharienburg<\/b><b><\/b><\/p>\n<p class=\"p3\">Der Titel <span class=\"s1\"><b>Herzog von Katharienburg<\/b><\/span> repr\u00e4sentiert Prestige, Eleganz und die reiche Tradition des europ\u00e4ischen Adels. Historisch gesehen geh\u00f6rte der Rang eines Herzogs zu den h\u00f6chsten Titeln innerhalb der aristokratischen Hierarchie und wurde in der Regel von K\u00f6nigen oder Kaisern an m\u00e4chtige Herrscher und vertrauensw\u00fcrdige Verb\u00fcndete verliehen. Herz\u00f6ge regierten oft riesige Gebiete, \u00fcbten bedeutende politische und milit\u00e4rische Autorit\u00e4t aus und spielten eine zentrale Rolle bei der Gestaltung der Gesellschaft im Mittelalter und der fr\u00fchen Neuzeit.<\/p>\n<p class=\"p3\">Der Name <i>Katharienburg<\/i> folgt der klassischen europ\u00e4ischen Tradition, dass Adelstitel mit einem bestimmten Ort, Gut oder Schloss verbunden sind. Solche Bezeichnungen spiegeln die historische Verbindung zwischen Adel und Landbesitz wider. Das Wort \u201cBurg\u201d symbolisiert St\u00e4rke, Schutz und Best\u00e4ndigkeit, w\u00e4hrend der Name \u201cKatharienburg\u201d dem Titel einen raffinierten, vornehmen und einpr\u00e4gsamen Charakter verleiht. Er evoziert Bilder von adligen Residenzen, befestigten G\u00fctern und einem Erbe, das in Geschichte und Tradition verwurzelt ist.<\/p>\n<p class=\"p3\">Als <span class=\"s1\"><b>Herzog von Katharienburg<\/b><\/span>, Sie tragen einen Titel, der seit langem mit F\u00fchrung, Ehre und gehobenem sozialem Status verbunden ist. Obwohl Adelstitel heute haupts\u00e4chlich symbolisch sind, bleibt ihre Wirkung stark. Sie vermitteln Individualit\u00e4t, Raffinesse und ein Gef\u00fchl der Auszeichnung, das Sie sowohl im pers\u00f6nlichen als auch im beruflichen Umfeld auszeichnet.<\/p>\n<p class=\"p3\">Ihr Titel wird von einer wundersch\u00f6n gestalteten Ernennungsurkunde begleitet, die in einem eleganten und historischen Stil gehalten ist. Zus\u00e4tzlich erhalten Sie ein personalisiertes Wappen, das nach Ihren W\u00fcnschen angepasst werden kann, einschlie\u00dflich Farben, Symbolen und Designelementen. Alle Dokumente werden in einer hochwertigen Pr\u00e4sentationsmappe geliefert und eignen sich daher ideal zur Ausstellung oder als au\u00dfergew\u00f6hnliches Geschenk.<\/p>\n<p class=\"p3\">Dar\u00fcber hinaus erhalten Sie detaillierte Informationen, die den Hintergrund, die Bedeutung und die richtige Verwendung Ihres Titels erl\u00e4utern, damit Sie ihn mit Zuversicht und Authentizit\u00e4t tragen k\u00f6nnen. Der Titel <span class=\"s1\"><b>Herzog von Katharienburg<\/b><\/span> ist nicht nur ein Zeichen der Exzellenz, sondern auch ein einzigartiges Erlebnis \u2013 perfekt f\u00fcr diejenigen, die Tradition, Exklusivit\u00e4t und den zeitlosen Reiz aristokratischer Herkunft sch\u00e4tzen.<\/p>\n<\/div><\/div><\/div><\/div><\/div><\/div><\/section>","protected":false},"excerpt":{"rendered":"<p class=\"p1\">Werden Sie ein <span class=\"s1\"><b>Herzog von Katharienburg<\/b><\/span> und tragen einen der h\u00f6chsten und prestigetr\u00e4chtigsten Adelstitel. Elegant, zeitlos und distinguiert \u2013 perfekt f\u00fcr alle, die Exklusivit\u00e4t, Tradition und eine wahrhaft au\u00dfergew\u00f6hnliche Pr\u00e4senz sch\u00e4tzen.<\/p>\n<p class=\"p1\">Ein einzigartiger Titel, der Erbe, Stil und Individualit\u00e4t vereint und ihn zu einem au\u00dfergew\u00f6hnlichen Geschenk oder pers\u00f6nlichen Highlight f\u00fcr jeden macht, der sich mit Klasse und Distinktion abheben m\u00f6chte.<\/p>","protected":false},"featured_media":55585,"template":"","meta":{"_acf_changed":false,"yasr_overall_rating":0,"yasr_post_is_review":"","yasr_auto_insert_disabled":"","yasr_review_type":"","slim_seo":{"title":"Duke of Katharienburg - Buy Noble Titles Since 1999","description":"Werden Sie ein Herzog von Katharienburg und tragen Sie einen der h\u00f6chsten und prestigetr\u00e4chtigsten Adelstitel. Elegant, zeitlos und edel \u2013 perfekt f\u00fcr alle, die Wert auf"}},"product_brand":[],"product_cat":[26],"product_tag":[50,53],"class_list":{"0":"post-61490","1":"product","2":"type-product","3":"status-publish","4":"has-post-thumbnail","6":"product_cat-german-noble-titles","7":"product_tag-herzog","8":"product_tag-katharienburg","10":"first","11":"instock","12":"taxable","13":"shipping-taxable","14":"purchasable","15":"product-type-variable","16":"has-default-attributes"},"acf":[],"yasr_visitor_votes":{"stars_attributes":{"read_only":false,"span_bottom":false},"number_of_votes":0,"sum_votes":0},"_links":{"self":[{"href":"https:\/\/noble-society.net\/de\/wp-json\/wp\/v2\/product\/61490","targetHints":{"allow":["GET"]}}],"collection":[{"href":"https:\/\/noble-society.net\/de\/wp-json\/wp\/v2\/product"}],"about":[{"href":"https:\/\/noble-society.net\/de\/wp-json\/wp\/v2\/types\/product"}],"wp:featuredmedia":[{"embeddable":true,"href":"https:\/\/noble-society.net\/de\/wp-json\/wp\/v2\/media\/55585"}],"wp:attachment":[{"href":"https:\/\/noble-society.net\/de\/wp-json\/wp\/v2\/media?parent=61490"}],"wp:term":[{"taxonomy":"product_brand","embeddable":true,"href":"https:\/\/noble-society.net\/de\/wp-json\/wp\/v2\/product_brand?post=61490"},{"taxonomy":"product_cat","embeddable":true,"href":"https:\/\/noble-society.net\/de\/wp-json\/wp\/v2\/product_cat?post=61490"},{"taxonomy":"product_tag","embeddable":true,"href":"https:\/\/noble-society.net\/de\/wp-json\/wp\/v2\/product_tag?post=61490"}],"curies":[{"name":"wp","href":"https:\/\/api.w.org\/{rel}","templated":true}]}}