{"id":61491,"date":"2026-03-16T20:17:56","date_gmt":"2026-03-16T18:17:56","guid":{"rendered":"https:\/\/noble-society.net\/?post_type=product&#038;p=61491"},"modified":"2026-03-31T19:32:52","modified_gmt":"2026-03-31T16:32:52","slug":"prinz-von-schodingen","status":"publish","type":"product","link":"https:\/\/noble-society.net\/de\/buy-nobility-titles\/prince-of-schedingen\/","title":{"rendered":"Prinz von Schedingen"},"content":{"rendered":"<section class=\"l-section wpb_row height_small\"><div class=\"l-section-h i-cf\"><div class=\"g-cols vc_row via_grid cols_1 laptops-cols_inherit tablets-cols_inherit mobiles-cols_1 valign_top type_default stacking_default\"><div class=\"wpb_column vc_column_container\"><div class=\"vc_column-inner\"><div class=\"wpb_text_column\"><div class=\"wpb_wrapper\"><p class=\"p1\">Die edle Familie taucht erstmals 1233 mit dem Ritter in historischen Aufzeichnungen auf <span class=\"s1\"><b>Antonius von Schedingen<\/b><\/span>, Der im Gefolge des Grafen von Arnsberg erw\u00e4hnt wird. Dies verortet die Urspr\u00fcnge der Familie fest innerhalb des mittelalterlichen Adels der westf\u00e4lischen Region, wo sie mit wichtigen Territorialherren und politischen Strukturen des Heiligen R\u00f6mischen Reiches verbunden war. Im K\u00f6lner Raum treten Familienmitglieder zunehmend als Zeugen in offiziellen Dokumenten auf, eine Rolle, die ihren sozialen Status und ihr Vertrauen in adeligen und kirchlichen Kreisen unterstreicht.<\/p>\n<p class=\"p1\">Die Linie von der <span class=\"s1\"><b>von Schedingen<\/b><\/span> Die Familie von Scheidingen gedieh mehrere Jahrhunderte lang, starb aber um die Mitte des 15. Jahrhunderts aus, wonach das Gut Scheidingen verkauft wurde. Der letzte dokumentierte Vertreter ist <span class=\"s1\"><b>Johann von Scheidingen<\/b><\/span>, Droste von Werl, der 1538 erw\u00e4hnt wird. Mit ihm soll die urspr\u00fcngliche Linie der Familie ausgestorben sein, was das Ende ihrer direkten Pr\u00e4senz in ihrer angestammten Heimat bedeutete.<\/p>\n<p class=\"p1\">Allerdings gibt es Zweige der Familie \u2013 oft als <span class=\"s1\"><b>von Scheding<\/b><\/span> oder <span class=\"s1\"><b>von Scheden<\/b><\/span>\u2014erschien auch in anderen Teilen Europas, insbesondere im Baltikum. Im 15. Jahrhundert sind Mitglieder der Familie dokumentiert in <span class=\"s1\"><b>Riga<\/b><\/span>, wo sie als Ratsherren in einer der wichtigsten St\u00e4dte der Hanse t\u00e4tig waren. Ihre Pr\u00e4senz in Livland im 16. Jahrhundert spiegelt die breitere Bewegung deutscher Adels- und Kaufmannsfamilien in die baltischen Gebiete wider, wo sie Schl\u00fcsselrollen in Verwaltung, Handel und st\u00e4dtischer Regierungsf\u00fchrung spielten.<\/p>\n<p class=\"p1\">Die Familie besa\u00df eine Erbbegr\u00e4bnisst\u00e4tte in der <span class=\"s1\"><b>Petrikirche in Riga<\/b><\/span>, einer der bedeutendsten gotischen Kirchen im Ostseeraum. Diese Grabkapelle im Nordschiff wurde sp\u00e4ter der Familie Ulenbrock \u00fcbergeben und wurde als die bekannt <span class=\"s1\"><b>Ulenbrocker Kapelle<\/b><\/span>. Diese \u00dcbertragung illustriert sowohl die Kontinuit\u00e4t als auch den allm\u00e4hlichen \u00dcbergang des Adels Einflusses in der Region. Die baltische Linie der Familie starb im zweiten Halbjahr des 16. Jahrhunderts aus, was das Ende der dokumentierten Geschichte des Scheding-Stammes markierte.<\/p>\n<p class=\"p1\">Mit Ihrem Titel erhalten Sie eine vollst\u00e4ndige Dokumentation f\u00fcr die gesamte Familie. Das beiliegende Wappen wird als hochwertiges PDF zur Verf\u00fcgung gestellt und ist auf Wunsch auch als Vektorgrafik erh\u00e4ltlich. Gerne passen wir das Wappen nach Ihren W\u00fcnschen an, einschlie\u00dflich Farben, Symbolen und stilistischen Elementen, sodass Sie eine einzigartige heraldische Identit\u00e4t schaffen k\u00f6nnen. Alle Urkunden werden zusammen in einer eleganten Pr\u00e4sentationsmappe geliefert, begleitet von detaillierten Informationen \u00fcber die richtige Verwendung und Pr\u00e4sentation Ihres Titels.<\/p>\n<p class=\"p1\">Die traditionellen Anreden, die mit diesem Rang verbunden sind, umfassen <span class=\"s1\"><b>Hoheit<\/b><\/span>, <span class=\"s1\"><b>Hoheit<\/b><\/span>, oder <span class=\"s1\"><b>F\u00fcrstliche Gnade<\/b><\/span>, was die erh\u00f6hte W\u00fcrde des Titels widerspiegelt. Der m\u00e4nnliche Titel ist <span class=\"s1\"><b>Prinz<\/b><\/span>, die weibliche Anrede <span class=\"s1\"><b>Prinzessin<\/b><\/span>, w\u00e4hrend S\u00f6hne den Titel tragen m\u00f6gen <span class=\"s1\"><b>Erbprinz oder Graf<\/b><\/span>, und T\u00f6chter <span class=\"s1\"><b>Prinzessin oder Gr\u00e4fin<\/b><\/span>, damit der edle Titel \u00fcber Generationen hinweg erhalten bleibt.<\/p>\n<\/div><\/div><\/div><\/div><\/div><\/div><\/section>","protected":false},"excerpt":{"rendered":"<p class=\"p1 translation-block\">Werden Sie ein <span class=\"s1\"><b>Prinz oder eine Prinzessin von Schedingen<\/b><\/span> und tragen Sie einen Adelstitel, der in der mittelalterlichen deutschen und baltischen Geschichte verwurzelt ist. Ein angesehener und historischer Titel, der Jahrhunderte altes Erbe, Tradition und aristokratischen Einfluss widerspiegelt \u2013 perfekt f\u00fcr alle, die Authentizit\u00e4t und historische Tiefe sch\u00e4tzen.<\/p>\n<p class=\"p1\">Eine au\u00dfergew\u00f6hnliche Wahl f\u00fcr alle, die etwas wirklich Besonderes suchen, sei es als bedeutungsvolles Geschenk oder als pers\u00f6nliches Highlight, das Eleganz, Individualit\u00e4t und das zeitlose Prestige des europ\u00e4ischen Adels vereint.<\/p>","protected":false},"featured_media":55591,"template":"","meta":{"_acf_changed":false,"yasr_overall_rating":0,"yasr_post_is_review":"","yasr_auto_insert_disabled":"","yasr_review_type":"","slim_seo":{"title":"Prince of Schedingen - Buy Noble Titles Since 1999","description":"Werden Sie ein Prinz oder eine Prinzessin von Scheidingen und tragen Sie einen noblen Titel, der in der mittelalterlichen deutschen und baltischen Geschichte verwurzelt ist. Ein angesehener und historischer Titel, der dies widerspiegelt"}},"product_brand":[],"product_cat":[26],"product_tag":[54,55,56],"class_list":{"0":"post-61491","1":"product","2":"type-product","3":"status-publish","4":"has-post-thumbnail","6":"product_cat-german-noble-titles","7":"product_tag-fuerst","8":"product_tag-fuerstin","9":"product_tag-schedingen","11":"first","12":"instock","13":"taxable","14":"shipping-taxable","15":"purchasable","16":"product-type-variable","17":"has-default-attributes"},"acf":[],"yasr_visitor_votes":{"stars_attributes":{"read_only":false,"span_bottom":false},"number_of_votes":0,"sum_votes":0},"_links":{"self":[{"href":"https:\/\/noble-society.net\/de\/wp-json\/wp\/v2\/product\/61491","targetHints":{"allow":["GET"]}}],"collection":[{"href":"https:\/\/noble-society.net\/de\/wp-json\/wp\/v2\/product"}],"about":[{"href":"https:\/\/noble-society.net\/de\/wp-json\/wp\/v2\/types\/product"}],"wp:featuredmedia":[{"embeddable":true,"href":"https:\/\/noble-society.net\/de\/wp-json\/wp\/v2\/media\/55591"}],"wp:attachment":[{"href":"https:\/\/noble-society.net\/de\/wp-json\/wp\/v2\/media?parent=61491"}],"wp:term":[{"taxonomy":"product_brand","embeddable":true,"href":"https:\/\/noble-society.net\/de\/wp-json\/wp\/v2\/product_brand?post=61491"},{"taxonomy":"product_cat","embeddable":true,"href":"https:\/\/noble-society.net\/de\/wp-json\/wp\/v2\/product_cat?post=61491"},{"taxonomy":"product_tag","embeddable":true,"href":"https:\/\/noble-society.net\/de\/wp-json\/wp\/v2\/product_tag?post=61491"}],"curies":[{"name":"wp","href":"https:\/\/api.w.org\/{rel}","templated":true}]}}