{"id":61492,"date":"2026-03-16T20:17:56","date_gmt":"2026-03-16T18:17:56","guid":{"rendered":"https:\/\/noble-society.net\/?post_type=product&#038;p=61492"},"modified":"2026-03-31T19:34:14","modified_gmt":"2026-03-31T16:34:14","slug":"graf-von-montfoort","status":"publish","type":"product","link":"https:\/\/noble-society.net\/de\/buy-nobility-titles\/count-van-montfoort\/","title":{"rendered":"Graf von Montfoort"},"content":{"rendered":"<section class=\"l-section wpb_row height_small\"><div class=\"l-section-h i-cf\"><div class=\"g-cols vc_row via_grid cols_1 laptops-cols_inherit tablets-cols_inherit mobiles-cols_1 valign_top type_default stacking_default\"><div class=\"wpb_column vc_column_container\"><div class=\"vc_column-inner\"><div class=\"wpb_text_column\"><div class=\"wpb_wrapper\"><p class=\"p1\">Zwischen 1156 und 1178 wurde die Stadt Montfoort im Bistum Utrecht als strategische Festung gegr\u00fcndet, um der Expansion der m\u00e4chtigen Grafen von Holland entgegenzuwirken. Zu dieser Zeit ernannte Bischof Gottfried von Rhenen einen seiner vertrauten Ministerialen zum Vogt von Montfoort und \u00fcbertrug ihm die Verantwortung f\u00fcr die Festung und das umliegende Gebiet. Diese Position war von gro\u00dfer Bedeutung, da Montfoort in einer umstrittenen Grenzregion lag, in der h\u00e4ufig politische und milit\u00e4rische Spannungen herrschten. \u00dcber vier Generationen hinweg herrschte diese Familie \u00fcber die Burg und ihre L\u00e4ndereien und etablierte eine stabile lokale Herrschaft. Schlie\u00dflich ging die Kontrolle \u00fcber Montfoort durch die Heirat der Tochter des letzten Vogtes an die fl\u00e4mische Adelsfamilie De Rover \u00fcber. Die neuen Herrscher nahmen den Namen <span class=\"s1\"><b>Van Montfoort<\/b><\/span> und den Titel von Burggrafen trugen, mit erheblicher regionaler Autorit\u00e4t und Einfluss.<\/p>\n<p class=\"p1\">Im Jahr 1329 erhielt die Ansiedlung rund um die Burg Stadtrechte, was den Aufstieg Montfoorts zu einem anerkannten urbanen Zentrum mit wirtschaftlicher und administrativer Bedeutung markierte. Trotz dieses Fortschritts blieben Konflikte mit dem Territorialherrscher \u2013 dem Bischof von Utrecht \u2013 eine st\u00e4ndige Herausforderung. Diese Spannungen eskalierten 1387 dramatisch, als Montfoort von den Truppen des Bischofs belagert und eingenommen wurde, was den anhaltenden Kampf um die Kontrolle in der Region unterstrich. Im 15. Jahrhundert engagierte sich die Familie Van Montfoort aktiv in der <span class=\"s1\"><b>Hering und Dorschkriege<\/b><\/span>, eine Reihe von B\u00fcrgerkriegen in der Grafschaft Holland. Sie stellten sich auf die Seite der Haken und unterst\u00fctzten die einflussreiche Gr\u00e4fin Jacqueline von Holland, was ihr politisches Engagement und ihren Ehrgeiz weiter unterstreicht. Im Jahr 1481 erlitt die Familie jedoch erhebliche Verluste, einschlie\u00dflich der Einziehung wichtiger Herrschaften wie Purmerend-Purmerland und Polsbroek zugunsten der Herren von Bergen aus dem Haus Glymes.<\/p>\n<p class=\"p1\">Nach einer langen Reihe von zehn regierenden Burggrafen fiel Montfoort 1545 durch Erbschaft an den Adel <span class=\"s1\"><b>Haus von Merode<\/b><\/span>, einer der \u00e4ltesten und angesehensten Adelsfamilien der Niederlande. Unter ihrer Herrschaft wurde das Erbe von Montfoort fortgesetzt, obwohl seine politische Bedeutung allm\u00e4hlich abnahm. Die Linie der De Merode-Van Montfoort erlosch 1675 mit dem Tod von Maximilian de Merode, der bei der Erst\u00fcrmung der Burg Montfoort durch franz\u00f6sische Truppen w\u00e4hrend der turbulenten Konflikte der damaligen Zeit fiel. Nach diesem Ereignis geriet Montfoort unter die direkte Kontrolle von Utrecht und markierte damit das Ende seiner \u00c4ra als halbunabh\u00e4ngige Adelsherrschaft.<\/p>\n<p class=\"p1\">Mit Ihrem Titel erhalten Sie eine vollst\u00e4ndige Dokumentation f\u00fcr die gesamte Familie, die sowohl Tradition als auch Exklusivit\u00e4t widerspiegelt. Das beiliegende Wappen wird als hochwertige PDF-Datei bereitgestellt und ist auf Wunsch auch als Vektorgrafik erh\u00e4ltlich, was eine flexible Nutzung in Print- oder Digitalform erm\u00f6glicht. Gerne gestalten wir das Wappen nach Ihren pers\u00f6nlichen Vorlieben um, einschlie\u00dflich Farben, Symbolen und stilistischen Elementen, um eine einzigartige, auf Sie zugeschnittene heraldische Identit\u00e4t zu schaffen. Alle Urkunden werden zusammen in einer eleganten Pr\u00e4sentationsmappe geliefert, erg\u00e4nzt durch detaillierte Informationen zur korrekten Handhabung und Pr\u00e4sentation Ihres Titels.<\/p>\n<p class=\"p1\">Die traditionellen Anredeformen umfassen <span class=\"s1\"><b>R\u00fchmlich<\/b><\/span> oder <span class=\"s1\"><b>Ehrw\u00fcrdigster<\/b><\/span>, die dem Rang entsprechende W\u00fcrde widerspiegeln. Der m\u00e4nnliche Titel lautet <span class=\"s1\"><b>Z\u00e4hlen Sie<\/b><\/span>, die weibliche Anrede <span class=\"s1\"><b>Gr\u00e4fin<\/b><\/span> oder <span class=\"s1\"><b>Gr\u00e4fin<\/b><\/span>, w\u00e4hrend S\u00f6hne den Titel tragen <span class=\"s1\"><b>Erbgraf<\/b><\/span> und T\u00f6chter <span class=\"s1\"><b>Erbgr\u00e4fin<\/b><\/span> oder <span class=\"s1\"><b>Gr\u00e4fin<\/b><\/span>, die die edle Bezeichnung \u00fcber Generationen hinweg bewahrt und die Kontinuit\u00e4t aristokratischer Tradition betont.<\/p>\n<\/div><\/div><\/div><\/div><\/div><\/div><\/section>","protected":false},"excerpt":{"rendered":"<p class=\"p1\">Werden Sie ein <span class=\"s1\"><b>Graf oder Gr\u00e4fin von Montfoort<\/b><\/span> und verbinden Sie sich mit einem edlen Erbe, das in der mittelalterlichen niederl\u00e4ndischen Geschichte verwurzelt ist. Ein angesehener Titel mit tiefen historischen Urspr\u00fcngen, der Macht, Tradition und aristokratisches Erbe widerspiegelt.<\/p>\n<p class=\"p1\">Ein einzigartiger und eleganter Titel, der Geschichte und Prestige vereint \u2013 perfekt als au\u00dfergew\u00f6hnliches Geschenk oder pers\u00f6nliches Highlight f\u00fcr jeden, der edle Tradition, Individualit\u00e4t und eine wahrhaft bemerkenswerte Pr\u00e4senz zu sch\u00e4tzen wei\u00df.<\/p>","protected":false},"featured_media":55590,"template":"","meta":{"_acf_changed":false,"yasr_overall_rating":0,"yasr_post_is_review":"","yasr_auto_insert_disabled":"","yasr_review_type":"","slim_seo":{"title":"Count van Montfoort - Buy Noble Titles Since 1999","description":"Werden Sie ein Graf oder eine Gr\u00e4fin von Montfoort und kn\u00fcpfen Sie an ein edles Erbe an, das in der mittelalterlichen niederl\u00e4ndischen Geschichte verwurzelt ist. Ein erhabener Titel mit tiefen historischen Urspr\u00fcngen"}},"product_brand":[],"product_cat":[572],"product_tag":[34,57,58],"class_list":{"0":"post-61492","1":"product","2":"type-product","3":"status-publish","4":"has-post-thumbnail","6":"product_cat-buy-dutch-noble-title","7":"product_tag-graf","8":"product_tag-graefin","9":"product_tag-salier","11":"first","12":"instock","13":"taxable","14":"shipping-taxable","15":"purchasable","16":"product-type-variable","17":"has-default-attributes"},"acf":[],"yasr_visitor_votes":{"stars_attributes":{"read_only":false,"span_bottom":false},"number_of_votes":0,"sum_votes":0},"_links":{"self":[{"href":"https:\/\/noble-society.net\/de\/wp-json\/wp\/v2\/product\/61492","targetHints":{"allow":["GET"]}}],"collection":[{"href":"https:\/\/noble-society.net\/de\/wp-json\/wp\/v2\/product"}],"about":[{"href":"https:\/\/noble-society.net\/de\/wp-json\/wp\/v2\/types\/product"}],"wp:featuredmedia":[{"embeddable":true,"href":"https:\/\/noble-society.net\/de\/wp-json\/wp\/v2\/media\/55590"}],"wp:attachment":[{"href":"https:\/\/noble-society.net\/de\/wp-json\/wp\/v2\/media?parent=61492"}],"wp:term":[{"taxonomy":"product_brand","embeddable":true,"href":"https:\/\/noble-society.net\/de\/wp-json\/wp\/v2\/product_brand?post=61492"},{"taxonomy":"product_cat","embeddable":true,"href":"https:\/\/noble-society.net\/de\/wp-json\/wp\/v2\/product_cat?post=61492"},{"taxonomy":"product_tag","embeddable":true,"href":"https:\/\/noble-society.net\/de\/wp-json\/wp\/v2\/product_tag?post=61492"}],"curies":[{"name":"wp","href":"https:\/\/api.w.org\/{rel}","templated":true}]}}