{"id":61493,"date":"2026-03-16T20:17:56","date_gmt":"2026-03-16T18:17:56","guid":{"rendered":"https:\/\/noble-society.net\/?post_type=product&#038;p=61493"},"modified":"2026-04-08T14:50:21","modified_gmt":"2026-04-08T11:50:21","slug":"herzog-von-berwangen","status":"publish","type":"product","link":"https:\/\/noble-society.net\/de\/buy-nobility-titles\/duke-of-berwangen\/","title":{"rendered":"Herzog von Berwangen"},"content":{"rendered":"<section class=\"l-section wpb_row height_small\"><div class=\"l-section-h i-cf\"><div class=\"g-cols vc_row via_grid cols_1 laptops-cols_inherit tablets-cols_inherit mobiles-cols_1 valign_top type_default stacking_default\"><div class=\"wpb_column vc_column_container\"><div class=\"vc_column-inner\"><div class=\"wpb_text_column\"><div class=\"wpb_wrapper\"><p class=\"p1\">Der <span class=\"s1\"><b>Herren von Berwangen<\/b><\/span> waren eine sp\u00e4tmittelalterliche Adelsfamilie, deren Urspr\u00fcnge auf das Dorf Berwangen zur\u00fcckgef\u00fchrt werden k\u00f6nnen, das heute Teil von Kirchardt im Landkreis Heilbronn in Nordbaden-W\u00fcrttemberg ist. Wie viele Adelsfamilien des Heiligen R\u00f6mischen Reiches leitet sich ihr Name direkt von ihrem Herkunftsort ab, der sowohl als territoriale Bezeichnung als auch als Statussymbol diente. Von dieser relativ kleinen, aber strategisch g\u00fcnstig gelegenen Siedlung stieg die Familie in den Rang des regionalen Adels auf und etablierte sich innerhalb der administrativen und politischen Strukturen S\u00fcdwestdeutschlands.<\/p>\n<p class=\"p1\">Im sp\u00e4ten Mittelalter bekleideten die Herren von Berwangen bedeutende \u00c4mter im Dienste der Markgrafschaft Baden und der Pfalzgrafschaft bei Rhein<i>Kurpfalz<\/i>), zwei der einflussreichsten Gebiete im oberrheinischen Raum. Diese Rollen umfassten oft administrative, richterliche und milit\u00e4rische Aufgaben. Als Ministeriale \u2013 urspr\u00fcnglich unfreie Ritter, die durch treue Dienste zu Bedeutung gelangten \u2013 wurden ihnen die Verwaltung von G\u00fctern, die Aufsicht \u00fcber Rechtsangelegenheiten und die Vertretung ihrer Herren in regionalen Angelegenheiten anvertraut. Im Laufe der Zeit wandelten sich solche Familien h\u00e4ufig zu niederem Adel, erlangten erbliche Privilegien und Anerkennung.<\/p>\n<p class=\"p1\">Die politische Landschaft von Baden und der Pfalz in dieser Zeit wurde durch ein komplexes Geflecht von Adelsfamilien, kirchlichen Autorit\u00e4ten und Territorialherren gepr\u00e4gt. In diesem Umfeld spielten Familien wie die von Berwangen eine entscheidende Vermittlerrolle. Sie fungierten als lokale Verwalter und Vollstrecker der Autorit\u00e4t, halfen bei der Stabilisierung der Herrschaft und profitierten gleichzeitig von ihrer N\u00e4he zur Macht. Ihre Beteiligung an der regionalen Verwaltung spiegelt sowohl ihre Kompetenz als auch das Vertrauen wider, das ihnen von rangh\u00f6heren Herrschern entgegengebracht wurde.<\/p>\n<p class=\"p1\">Obwohl die Familie nie in den Rang gro\u00dfer F\u00fcrstendynastien aufstieg, verschaffte ihr ihre Stellung im Dienstadel eine bedeutende Einflussnahme auf regionaler Ebene. Ihr Erbe ist repr\u00e4sentativ f\u00fcr viele solcher Adelsfamilien, deren Bedeutung nicht in riesigen Territorien lag, sondern in ihrer unverzichtbaren Rolle f\u00fcr das Funktionieren des mittelalterlichen Staates. Im Laufe der Zeit, als sich die politischen Strukturen entwickelten und Territorien konsolidiert wurden, verschwanden viele dieser kleineren Adelsgeschlechter entweder durch Aussterben oder durch Eingliederung in andere Linien allm\u00e4hlich aus den historischen Aufzeichnungen.<\/p>\n<p class=\"p1\">Heute, der Name <span class=\"s1\"><b>Berwangen<\/b><\/span> bewahrt noch die Erinnerung an diese edle Abstammung und ihre historischen Wurzeln in S\u00fcdwestdeutschland. Sie erinnert an das vielschichtige soziale und politische Gef\u00fcge des Heiligen R\u00f6mischen Reiches, in dem selbst weniger bekannte Adelsfamilien zur Regierung, Verteidigung und kulturellen Entwicklung ihrer Regionen beitrugen.<\/p>\n<p class=\"p1\">Mit Ihrem Titel erhalten Sie eine vollst\u00e4ndige Dokumentation f\u00fcr die gesamte Familie. Das dazugeh\u00f6rige Wappen wird kostenlos als hochwertiges PDF zur Verf\u00fcgung gestellt und kann auf Wunsch auch als Vektorgrafik geliefert werden. Gerne gestalten wir das Wappen nach Ihren W\u00fcnschen, einschlie\u00dflich Farben, Symbolen und stilistischen Elementen, damit Sie eine einzigartige heraldische Identit\u00e4t schaffen k\u00f6nnen.<\/p>\n<p class=\"p1\">Alle Urkunden werden zusammen in einer eleganten Pr\u00e4sentationsmappe geliefert und eignen sich somit ideal zur Auslage oder als exklusives Geschenk. Zus\u00e4tzlich erhalten Sie detaillierte Informationen \u00fcber die korrekte F\u00fchrung und Pr\u00e4sentation Ihres Titels, sodass Sie diesen mit \u00dcberzeugung und Authentizit\u00e4t tragen k\u00f6nnen.<\/p>\n<ul>\n<li>Anrede: (K\u00f6nigliche) Hoheit, Durchlaucht<\/li>\n<li>Mann: Herzog<\/li>\n<li>Frau: Herzogin<\/li>\n<li>Sohn: Prinz<\/li>\n<li>Tochter: Prinzessin<\/li>\n<\/ul>\n<p>Das Besondere am Herzog ist, dass die Kinder eine Urkunde erhalten, die sie zum Prinzen oder zur Prinzessin erhebt.<\/p>\n<\/div><\/div><\/div><\/div><\/div><\/div><\/section>","protected":false},"excerpt":{"rendered":"<p class=\"p1\">Werden Sie Teil des Erbes der <span class=\"s1\"><b>Herren von Berwangen<\/b><\/span>, ein historisches Adelsgeschlecht aus dem mittelalterlichen Baden-W\u00fcrttemberg. Ein Titel, der in der realen Regionalgeschichte verwurzelt ist und Tradition, Dienst und edles Erbe repr\u00e4sentiert.<\/p>\n<p class=\"p1\">Ein eleganter und bedeutungsvoller Titel, der Authentizit\u00e4t und Einzigartigkeit vereint \u2013 perfekt als einzigartiges Geschenk oder pers\u00f6nliches Statement f\u00fcr diejenigen, die Wert auf Geschichte, Individualit\u00e4t und zeitlosen Glanz legen<\/p>","protected":false},"featured_media":55580,"template":"","meta":{"_acf_changed":false,"yasr_overall_rating":0,"yasr_post_is_review":"","yasr_auto_insert_disabled":"","yasr_review_type":"","slim_seo":{"title":"Herzog von Berwangen - Adelstitel kaufen seit 1999","description":"Werde Teil des Erbes der Freiherren von Berwangen, einer historischen Adelsfamilie aus dem mittelalterlichen Baden-W\u00fcrttemberg. Ein Titel, der in echter regionaler Geschichte verwurzelt ist, repr\u00e4sentiert"}},"product_brand":[],"product_cat":[26],"product_tag":[59,50,52],"class_list":{"0":"post-61493","1":"product","2":"type-product","3":"status-publish","4":"has-post-thumbnail","6":"product_cat-german-noble-titles","7":"product_tag-berwangen","8":"product_tag-herzog","9":"product_tag-herzogin","11":"first","12":"instock","13":"taxable","14":"shipping-taxable","15":"purchasable","16":"product-type-variable","17":"has-default-attributes"},"acf":[],"yasr_visitor_votes":{"stars_attributes":{"read_only":false,"span_bottom":false},"number_of_votes":0,"sum_votes":0},"_links":{"self":[{"href":"https:\/\/noble-society.net\/de\/wp-json\/wp\/v2\/product\/61493","targetHints":{"allow":["GET"]}}],"collection":[{"href":"https:\/\/noble-society.net\/de\/wp-json\/wp\/v2\/product"}],"about":[{"href":"https:\/\/noble-society.net\/de\/wp-json\/wp\/v2\/types\/product"}],"wp:featuredmedia":[{"embeddable":true,"href":"https:\/\/noble-society.net\/de\/wp-json\/wp\/v2\/media\/55580"}],"wp:attachment":[{"href":"https:\/\/noble-society.net\/de\/wp-json\/wp\/v2\/media?parent=61493"}],"wp:term":[{"taxonomy":"product_brand","embeddable":true,"href":"https:\/\/noble-society.net\/de\/wp-json\/wp\/v2\/product_brand?post=61493"},{"taxonomy":"product_cat","embeddable":true,"href":"https:\/\/noble-society.net\/de\/wp-json\/wp\/v2\/product_cat?post=61493"},{"taxonomy":"product_tag","embeddable":true,"href":"https:\/\/noble-society.net\/de\/wp-json\/wp\/v2\/product_tag?post=61493"}],"curies":[{"name":"wp","href":"https:\/\/api.w.org\/{rel}","templated":true}]}}