{"id":61495,"date":"2026-03-16T20:17:56","date_gmt":"2026-03-16T18:17:56","guid":{"rendered":"https:\/\/noble-society.net\/?post_type=product&#038;p=61495"},"modified":"2026-04-08T14:51:02","modified_gmt":"2026-04-08T11:51:02","slug":"lord-von-kerry","status":"publish","type":"product","link":"https:\/\/noble-society.net\/de\/buy-nobility-titles\/lord-of-kerry\/","title":{"rendered":"Lord of Kerry"},"content":{"rendered":"<section class=\"l-section wpb_row height_small\"><div class=\"l-section-h i-cf\"><div class=\"g-cols vc_row via_grid cols_1 laptops-cols_inherit tablets-cols_inherit mobiles-cols_1 valign_top type_default stacking_default\"><div class=\"wpb_column vc_column_container\"><div class=\"vc_column-inner\"><div class=\"wpb_text_column\"><div class=\"wpb_wrapper\"><p class=\"p1\"><strong>Hier haben Sie eine fantastische Aussicht auf Ihr Grundst\u00fcck. Benutzen Sie Ihre Maus, um die Landschaft zu erkunden.<\/strong><\/p>\n<p>&nbsp;<\/p>\n<p><center><br \/>\n<iframe loading=\"lazy\" style=\"border: 0;\" tabindex=\"0\" src=\"https:\/\/www.google.com\/maps\/embed?pb=!4v1589889637391!6m8!1m7!1sPKFZ22BGRgRIc1Cr1ua_nw!2m2!1d51.8182766543608!2d-9.739906825252547!3f200.52!4f-13.659999999999997!5f0.5970117501821992\" width=\"600\" height=\"450\" frameborder=\"0\" allowfullscreen=\"allowfullscreen\" aria-hidden=\"false\"><\/iframe>\u00a0<\/center>&nbsp;<\/p>\n<p class=\"p1\">Sie k\u00f6nnen den irischen Titel erwerben <span class=\"s1\"><b>Lord of Kerry<\/b><\/span> als Adelstitel durch den Kauf eines kleinen Grundst\u00fccks, das damit verbunden ist. Wir bieten ein solches Grundst\u00fcck in der Grafschaft Kerry, im S\u00fcdwesten Irlands, an. Ein Lord of Kerry zu werden, lohnt sich nicht nur wegen des Titels - mit dem Sie sich unter Freunden oder bei offiziellen Anl\u00e4ssen hervortun k\u00f6nnen -, sondern auch wegen der Verbindung zu der einzigartigen Landschaft, in der Ihr kleines St\u00fcck Land liegt.<\/p>\n<p class=\"p1\">Die Grafschaft Kerry ist eines der beliebtesten Reiseziele f\u00fcr Irlandbesucher. Sie ist zwar nicht so zerkl\u00fcftet wie der wilde Nordwesten mit seinen steilen, windgepeitschten Klippen, hat aber dennoch eine atemberaubende K\u00fcstenlinie mit dramatischen Felsen, kleinen Buchten und dem tiefblauen Wasser des Atlantiks zu bieten. Der ber\u00fchmte Ring of Kerry, eine 170 km lange landschaftlich reizvolle K\u00fcstenstra\u00dfe, f\u00fchrt zu zahlreichen bedeutenden Sehensw\u00fcrdigkeiten. Irland ist ein Land von atemberaubender nat\u00fcrlicher Sch\u00f6nheit und uralter Kultur, deren Spuren auf der ganzen Insel zu finden sind. Zu den H\u00f6hepunkten geh\u00f6ren die malerische Region um Killarney mit dem Killarney National Park sowie zahlreiche pr\u00e4historische Denkm\u00e4ler wie Ringforts, Steinsetzungen, Steinkreise und stehende Steine sowie Kl\u00f6ster und Kirchen aus der fr\u00fchchristlichen Zeit.<\/p>\n<p class=\"p1\">Entlang eines Gro\u00dfteils des Ring of Kerry genie\u00dfen Sie weite Ausblicke auf das Meer und eine sich st\u00e4ndig ver\u00e4ndernde K\u00fcstenlinie. Abstecher ins Landesinnere offenbaren Berge, weite, unber\u00fchrte Weiden mit grasenden Schafen und wilde, romantische Moorlandschaften. Von Portmagee aus k\u00f6nnen Sie, je nach Wetterlage, mit kleinen Booten zur felsigen Insel Skellig Michael fahren, Heimat eines der \u00e4ltesten fr\u00fchchristlichen Kl\u00f6ster. Eine \u00e4hnliche Klosterstruktur findet sich auch auf der Dingle-Halbinsel.<\/p>\n<p class=\"p1\">Kerry ist auch bekannt f\u00fcr die Bewahrung der traditionellen g\u00e4lischen Sprache und Kultur, die es den Besuchern erm\u00f6glicht, authentisches irisches Leben zu erleben. F\u00fcr diejenigen, die Wandern dem Fahren vorziehen, bietet die Region unz\u00e4hlige M\u00f6glichkeiten zur Erkundung zu Fu\u00df. Mit dem Erwerb eines irischen Adelstitels erwerben Sie nicht nur etwas Besonderes, sondern verbinden sich auch mit dem Land, seinen Menschen und einer reichen und alten Geschichte.<\/p>\n<p class=\"p1\">Selbstverst\u00e4ndlich ist der Titel Lord of Kerry, wie alle k\u00e4uflich erwerbbaren Adelstitel, vor allem ein charmanter und humorvoller Gedanke f\u00fcr diejenigen, die es genie\u00dfen, etwas Au\u00dfergew\u00f6hnliches zu sein. Er verleiht keine rechtlichen Privilegien. Das Grundst\u00fcck ist f\u00fcr Bauten zu klein und die Nutzungsrechte verbleiben bei den urspr\u00fcnglichen Landbesitzern.<\/p>\n<p class=\"p1\">Eines ist jedoch sicher: Als Lord of Kerry werden Sie zweifellos Freude daran haben.<\/p>\n<\/div><\/div><\/div><\/div><\/div><\/div><\/section>","protected":false},"excerpt":{"rendered":"<p class=\"p1\">Als Lord of Kerry werden Sie stolzer Miteigent\u00fcmer eines Grundst\u00fccks im romantischen S\u00fcdwesten Irlands und erhalten dazu einen Adelstitel.<\/p>","protected":false},"featured_media":55586,"template":"","meta":{"_acf_changed":false,"yasr_overall_rating":0,"yasr_post_is_review":"","yasr_auto_insert_disabled":"","yasr_review_type":"","slim_seo":{"title":"Lord of Kerry - Edle Titel kaufen seit 1999","description":"Als Lord of Kerry werden Sie stolzer Miteigent\u00fcmer eines Grundst\u00fccks im romantischen S\u00fcdwesten Irlands und erhalten dazu einen Adelstitel."}},"product_brand":[],"product_cat":[27],"product_tag":[67,63,66,65,64],"class_list":{"0":"post-61495","1":"product","2":"type-product","3":"status-publish","4":"has-post-thumbnail","6":"product_cat-irish-noble-titles","7":"product_tag-irische-titel","8":"product_tag-irish","9":"product_tag-kerry","10":"product_tag-lady","11":"product_tag-lord","13":"first","14":"instock","15":"taxable","16":"shipping-taxable","17":"purchasable","18":"product-type-variable","19":"has-default-attributes"},"acf":[],"yasr_visitor_votes":{"stars_attributes":{"read_only":false,"span_bottom":false},"number_of_votes":0,"sum_votes":0},"_links":{"self":[{"href":"https:\/\/noble-society.net\/de\/wp-json\/wp\/v2\/product\/61495","targetHints":{"allow":["GET"]}}],"collection":[{"href":"https:\/\/noble-society.net\/de\/wp-json\/wp\/v2\/product"}],"about":[{"href":"https:\/\/noble-society.net\/de\/wp-json\/wp\/v2\/types\/product"}],"wp:featuredmedia":[{"embeddable":true,"href":"https:\/\/noble-society.net\/de\/wp-json\/wp\/v2\/media\/55586"}],"wp:attachment":[{"href":"https:\/\/noble-society.net\/de\/wp-json\/wp\/v2\/media?parent=61495"}],"wp:term":[{"taxonomy":"product_brand","embeddable":true,"href":"https:\/\/noble-society.net\/de\/wp-json\/wp\/v2\/product_brand?post=61495"},{"taxonomy":"product_cat","embeddable":true,"href":"https:\/\/noble-society.net\/de\/wp-json\/wp\/v2\/product_cat?post=61495"},{"taxonomy":"product_tag","embeddable":true,"href":"https:\/\/noble-society.net\/de\/wp-json\/wp\/v2\/product_tag?post=61495"}],"curies":[{"name":"wp","href":"https:\/\/api.w.org\/{rel}","templated":true}]}}