{"id":61496,"date":"2026-03-16T20:17:56","date_gmt":"2026-03-16T18:17:56","guid":{"rendered":"https:\/\/noble-society.net\/?post_type=product&#038;p=61496"},"modified":"2026-03-31T19:41:08","modified_gmt":"2026-03-31T16:41:08","slug":"herr-von-roscommon","status":"publish","type":"product","link":"https:\/\/noble-society.net\/de\/buy-nobility-titles\/lord-of-roscommon\/","title":{"rendered":"Lord of Roscommon"},"content":{"rendered":"<section class=\"l-section wpb_row height_small\"><div class=\"l-section-h i-cf\"><div class=\"g-cols vc_row via_grid cols_1 laptops-cols_inherit tablets-cols_inherit mobiles-cols_1 valign_top type_default stacking_default\"><div class=\"wpb_column vc_column_container\"><div class=\"vc_column-inner\"><div class=\"wpb_text_column\"><div class=\"wpb_wrapper\"><p><strong>Direkt hinter dieser Bar liegt das Anwesen \u201cRoscommon\u201d.<\/strong><\/p>\n<p><center><br \/>\n<iframe loading=\"lazy\" style=\"border: 0;\" tabindex=\"0\" src=\"https:\/\/www.google.com\/maps\/embed?pb=!4v1589889873648!6m8!1m7!1s0rOJRaHAOR1wB4cS94ETMw!2m2!1d53.76957858167435!2d-8.495177425618055!3f20.98!4f-9.400000000000006!5f0.5970117501821992\" width=\"600\" height=\"450\" frameborder=\"0\" allowfullscreen=\"allowfullscreen\" aria-hidden=\"false\"><\/iframe><\/center><\/p>\n<div id=\"model-response-message-contentr_d595497ce37d0388\" class=\"markdown markdown-main-panel stronger enable-updated-hr-color\" dir=\"ltr\" aria-live=\"polite\" aria-busy=\"false\">\n<p data-path-to-node=\"0\">Sie sind ein Landbesitzer, da Sie Miteigentum an einem Grundst\u00fcck in den gr\u00fcnen und fruchtbaren irischen Midlands erwerben, wo zahlreiche Burgen beweisen, dass Adelige die Gegend schon immer gesch\u00e4tzt haben. Als Landbesitzer oder Grundherr sind Sie ein \u201cTirana\u201d in der altirischen Sprache, G\u00e4lisch, was im Englischen wahrscheinlich mit \u201cLandlord\u201d \u00fcbersetzt werden w\u00fcrde. Und da Ihr Land in der N\u00e4he von Roscommon liegt, sind Sie tats\u00e4chlich ein Lord of Roscommon. Zus\u00e4tzlich zur Eigentumsurkunde und Ernennung erhalten Sie von uns ein Wappen, das Sie in digitaler Form f\u00fcr Ihre pers\u00f6nlichen Unterlagen erhalten.<\/p>\n<p data-path-to-node=\"1\">Dieses historische St\u00fcck Erde macht Sie Teil einer jahrhundertealten Tradition, die tief in der irischen Kultur verwurzelt ist und eine tiefe Verbundenheit mit dem Boden ehrt. Mit diesem Titel f\u00fchren Sie ein Erbe fort, das einst tapferen Clan-H\u00e4uptlingen und edlen Herrschern vorbehalten war, und bezeugen Ihre pers\u00f6nliche Wertsch\u00e4tzung historischer Werte. Es ist nicht nur ein St\u00fcck Land, das Sie Ihr Eigen nennen, sondern ein greifbares Symbol f\u00fcr Exklusivit\u00e4t und den einzigartigen Charme der Gr\u00fcnen Insel. Nutzen Sie Ihr neues Wappen als Ausdruck dieser besonderen Identit\u00e4t, um Ihre Briefe, Dokumente oder privaten Sammlungen mit einem Hauch aristokratischer Eleganz zu verfeinern.<\/p>\n<\/div>\n<\/div><\/div><\/div><\/div><\/div><\/div><\/section>","protected":false},"excerpt":{"rendered":"<div id=\"model-response-message-contentr_a03db1ff51e4b223\" class=\"markdown markdown-main-panel stronger enable-updated-hr-color\" dir=\"ltr\" aria-live=\"polite\" aria-busy=\"false\">\n<p data-path-to-node=\"0\">Ihr <b data-path-to-node=\"0\" data-index-in-node=\"5\">Lord of Roscommon<\/b> Der Titelpaket enth\u00e4lt alles, was Sie brauchen, um Ihre neue W\u00fcrde als Lord of Roscommon \u00fcberall stilvoll zu demonstrieren. Dazu entwerfen wir Ihnen eine wundersch\u00f6ne Urkunde, die sich pr\u00e4chtig an der Wand Ihres Wohnzimmers ausmachen wird.<\/p>\n<\/div>","protected":false},"featured_media":55626,"template":"","meta":{"_acf_changed":false,"yasr_overall_rating":0,"yasr_post_is_review":"","yasr_auto_insert_disabled":"","yasr_review_type":"","slim_seo":{"title":"Lord of Roscommon - Buy Noble Titles Since 1999","description":"Ihr Lord of Roscommon Titelpaket enth\u00e4lt alles, was Sie brauchen, um Ihre neue W\u00fcrde als Lord of Roscommon stilvoll zu demonstrieren, wohin Sie auch gehen. Zur Begleitung"}},"product_brand":[],"product_cat":[27],"product_tag":[69,65,64,70,68],"class_list":{"0":"post-61496","1":"product","2":"type-product","3":"status-publish","4":"has-post-thumbnail","6":"product_cat-irish-noble-titles","7":"product_tag-irisch","8":"product_tag-lady","9":"product_tag-lord","10":"product_tag-roscommon","11":"product_tag-titel","13":"first","14":"instock","15":"taxable","16":"shipping-taxable","17":"purchasable","18":"product-type-variable","19":"has-default-attributes"},"acf":[],"yasr_visitor_votes":{"stars_attributes":{"read_only":false,"span_bottom":false},"number_of_votes":0,"sum_votes":0},"_links":{"self":[{"href":"https:\/\/noble-society.net\/de\/wp-json\/wp\/v2\/product\/61496","targetHints":{"allow":["GET"]}}],"collection":[{"href":"https:\/\/noble-society.net\/de\/wp-json\/wp\/v2\/product"}],"about":[{"href":"https:\/\/noble-society.net\/de\/wp-json\/wp\/v2\/types\/product"}],"wp:featuredmedia":[{"embeddable":true,"href":"https:\/\/noble-society.net\/de\/wp-json\/wp\/v2\/media\/55626"}],"wp:attachment":[{"href":"https:\/\/noble-society.net\/de\/wp-json\/wp\/v2\/media?parent=61496"}],"wp:term":[{"taxonomy":"product_brand","embeddable":true,"href":"https:\/\/noble-society.net\/de\/wp-json\/wp\/v2\/product_brand?post=61496"},{"taxonomy":"product_cat","embeddable":true,"href":"https:\/\/noble-society.net\/de\/wp-json\/wp\/v2\/product_cat?post=61496"},{"taxonomy":"product_tag","embeddable":true,"href":"https:\/\/noble-society.net\/de\/wp-json\/wp\/v2\/product_tag?post=61496"}],"curies":[{"name":"wp","href":"https:\/\/api.w.org\/{rel}","templated":true}]}}