{"id":61518,"date":"2026-03-16T20:18:15","date_gmt":"2026-03-16T18:18:15","guid":{"rendered":"https:\/\/noble-society.net\/?post_type=product&#038;p=61518"},"modified":"2026-04-08T14:47:54","modified_gmt":"2026-04-08T11:47:54","slug":"lord-von-glencairn","status":"publish","type":"product","link":"https:\/\/noble-society.net\/de\/buy-nobility-titles\/laird-of-glencairn\/","title":{"rendered":"Laird of Glencairn"},"content":{"rendered":"<section class=\"l-section wpb_row height_small\"><div class=\"l-section-h i-cf\"><div class=\"g-cols vc_row via_grid cols_1 laptops-cols_inherit tablets-cols_inherit mobiles-cols_1 valign_top type_default stacking_default\"><div class=\"wpb_column vc_column_container\"><div class=\"vc_column-inner\"><div class=\"wpb_text_column\"><div class=\"wpb_wrapper\"><p class=\"p1\">A <span class=\"s1\"><b>Laird of Glencairn<\/b><\/span> geh\u00f6rt zu den schottischen Highlands \u2013 einer Region, in der die Menschen seit langem von den rauen Kr\u00e4ften der Natur und jahrhundertelangen Konflikten mit eindringenden M\u00e4chten gepr\u00e4gt sind. Das Leben in den Highlands war nie einfach: raue Landschaften, unvorhersehbares Wetter und st\u00e4ndige \u00e4u\u00dfere Bedrohungen schmiedeten eine Kultur, die von Widerstandsf\u00e4higkeit, Unabh\u00e4ngigkeit und starker Clan-Identit\u00e4t gepr\u00e4gt war.<\/p>\n<p class=\"p3\"><b>Landschaft &amp; Geschichte von Glencairn<\/b><b><\/b><\/p>\n<p class=\"p1\">Die fr\u00fchen Bewohner dieser Region, darunter die Pikten und sp\u00e4ter die Schotten, leisteten erfolgreichen Widerstand gegen die r\u00f6mische Expansion und in sp\u00e4teren Jahrhunderten gegen die Wikinger\u00fcberf\u00e4lle. Trotz Wellen externer Einfl\u00fcsse bewahrten sie ihre keltischen Traditionen, ihre Sprache und ihre Clan-Strukturen. Selbst nach dem wachsenden Einfluss Englands ab dem 11. Jahrhundert blieb die schottische Identit\u00e4t bemerkenswert stark. Obwohl Schottland im sp\u00e4ten Mittelalter unter die englische Krone geriet, haben viele Traditionen \u2013 und sogar Elemente seines Rechtssystems \u2013 bis heute \u00fcberdauert.<\/p>\n<p class=\"p1\">Diese historische Unabh\u00e4ngigkeit spiegelt sich auch im Konzept der schottischen Landtitel wider. In Schottland sind bestimmte Ehrentitel traditionell direkt an den Landbesitz gebunden. <i>Herr<\/i>\u2014im Wesentlichen \u201cGrundbesitzer\u201d\u2014leitet seinen Titel von dem Besitz eines bestimmten Anwesens ab. Wenn das Land den Besitzer wechselt, \u00e4ndert sich auch der damit verbundene Titel. Dies ist bei dem Titel der Fall <span class=\"s1\"><b>Laird of Glencairn<\/b><\/span>, die in dieser historischen Region direkt mit einem St\u00fcck Land verbunden ist.<\/p>\n<p class=\"p1\">Der Name <i>Glenfarclas<\/i> selbst typisch schottisch ist und \u201cTal der Steinh\u00fcgel\u201d bedeutet. Steinh\u00fcgel sind alte steinerne Grabh\u00fcgel, die in ganz Schottland verbreitet sind, w\u00e4hrend sich \u201cGlen\u201d auf die charakteristischen T\u00e4ler der schottischen Landschaft bezieht. Allein der Name deutet auf das tiefe Alter der Region hin, die seit Tausenden von Jahren bewohnt ist.<\/p>\n<p class=\"p1\">Das zum Titel geh\u00f6rende Land liegt in der N\u00e4he der <span class=\"s1\"><b>Graue Steinh\u00fcgel von Camster<\/b><\/span>, zwei bemerkenswert gut erhaltene neolithische Ganggr\u00e4ber, die etwa 4.500 Jahre alt sind. Diese pr\u00e4historischen Monumente geh\u00f6ren zu den bedeutendsten arch\u00e4ologischen St\u00e4tten im Norden Schottlands und bieten eine direkte Verbindung zu den fr\u00fchesten Bewohnern der Region.<\/p>\n<p class=\"p1\">In der N\u00e4he ist auch die <span class=\"s1\"><b>Cairn von Camster<\/b><\/span>, einer weiteren alten Begr\u00e4bnisst\u00e4tte, die \u00fcber viele Jahrhunderte genutzt wurde und vermutlich mit fr\u00fchen Highland-Gemeinschaften und ihren F\u00fchrern in Verbindung gebracht wurde. Die umliegenden Ortsnamen \u2013 wie Lybster, Camster und Scrabster \u2013 spiegeln einen starken nordischen Einfluss wider und deuten auf die Anwesenheit von Wikingersiedlern hin, die K\u00fcstengemeinschaften gr\u00fcndeten und Expeditionen ins Landesinnere starteten.<\/p>\n<p class=\"p1\">Die Region ist auch mit bemerkenswerten historischen Pers\u00f6nlichkeiten verbunden. Eine solche Pers\u00f6nlichkeit ist John Oswald, von dem gesagt wird, dass er in der Gegend geboren wurde und in der \u00dcberlieferung mit der \u00c4ra um den Amerikanischen Unabh\u00e4ngigkeitskrieg in Verbindung gebracht wird, was die weitreichenden historischen Verbindungen dieser abgelegenen Hochlandschaft hervorhebt.<\/p>\n<p class=\"p1\">Indem Sie ein <span class=\"s1\"><b>Laird of Glencairn<\/b><\/span>, Sie erwerben nicht nur einen Titel, sondern verbinden sich auch mit einem Land, das reich an Geschichte, Legenden und einer best\u00e4ndigen kulturellen Identit\u00e4t ist \u2013 wo alte Denkm\u00e4ler, das Erbe von Clans und der Geist der Highlands auf einzigartige Weise zusammenkommen.<\/p>\n<\/div><\/div><\/div><\/div><\/div><\/div><\/section>","protected":false},"excerpt":{"rendered":"<p class=\"p1\">Wenn Sie sich entscheiden, einen schottischen Adelstitel zu erwerben, dr\u00fccken Sie damit nicht nur ein Gef\u00fchl der Auszeichnung aus, sondern auch eine tiefe Wertsch\u00e4tzung f\u00fcr die wilde und unber\u00fchrte Landschaft, die reiche und ereignisreiche Geschichte sowie die sagenhaften Geschichten von rauen, mutigen M\u00e4nnern und ebenso starken Frauen, die das Leben in diesem rauen und doch atemberaubenden Land am n\u00f6rdlichen Rand Europas gepr\u00e4gt haben.<\/p>","protected":false},"featured_media":1417,"template":"","meta":{"_acf_changed":false,"yasr_overall_rating":0,"yasr_post_is_review":"","yasr_auto_insert_disabled":"","yasr_review_type":"","slim_seo":{"title":"Laird of Glencairn - Adelstitel kaufen seit 1999","description":"Wenn Sie sich entscheiden, einen schottischen Adelstitel zu erwerben, zeigen Sie damit nicht nur ein Gef\u00fchl der Auszeichnung, sondern auch eine tiefe Wertsch\u00e4tzung f\u00fcr die wilde und unber\u00fchrte Landschaft"}},"product_brand":[],"product_cat":[28],"product_tag":[75,65,72,74,73,68],"class_list":{"0":"post-61518","1":"product","2":"type-product","3":"status-publish","4":"has-post-thumbnail","6":"product_cat-scottish-noble-titles","7":"product_tag-glencairn","8":"product_tag-lady","9":"product_tag-laird","10":"product_tag-schottische","11":"product_tag-schottland","12":"product_tag-titel","14":"first","15":"instock","16":"taxable","17":"shipping-taxable","18":"purchasable","19":"product-type-variable","20":"has-default-attributes"},"acf":[],"yasr_visitor_votes":{"stars_attributes":{"read_only":false,"span_bottom":false},"number_of_votes":0,"sum_votes":0},"_links":{"self":[{"href":"https:\/\/noble-society.net\/de\/wp-json\/wp\/v2\/product\/61518","targetHints":{"allow":["GET"]}}],"collection":[{"href":"https:\/\/noble-society.net\/de\/wp-json\/wp\/v2\/product"}],"about":[{"href":"https:\/\/noble-society.net\/de\/wp-json\/wp\/v2\/types\/product"}],"wp:featuredmedia":[{"embeddable":true,"href":"https:\/\/noble-society.net\/de\/wp-json\/wp\/v2\/media\/1417"}],"wp:attachment":[{"href":"https:\/\/noble-society.net\/de\/wp-json\/wp\/v2\/media?parent=61518"}],"wp:term":[{"taxonomy":"product_brand","embeddable":true,"href":"https:\/\/noble-society.net\/de\/wp-json\/wp\/v2\/product_brand?post=61518"},{"taxonomy":"product_cat","embeddable":true,"href":"https:\/\/noble-society.net\/de\/wp-json\/wp\/v2\/product_cat?post=61518"},{"taxonomy":"product_tag","embeddable":true,"href":"https:\/\/noble-society.net\/de\/wp-json\/wp\/v2\/product_tag?post=61518"}],"curies":[{"name":"wp","href":"https:\/\/api.w.org\/{rel}","templated":true}]}}