{"id":61519,"date":"2026-03-16T20:18:15","date_gmt":"2026-03-16T18:18:15","guid":{"rendered":"https:\/\/noble-society.net\/?post_type=product&#038;p=61519"},"modified":"2026-04-08T14:47:37","modified_gmt":"2026-04-08T11:47:37","slug":"laird-von-john-o-groats","status":"publish","type":"product","link":"https:\/\/noble-society.net\/de\/buy-nobility-titles\/laird-of-john-ogroates\/","title":{"rendered":"Laird of John O\u00b4Groates"},"content":{"rendered":"<section class=\"l-section wpb_row height_small\"><div class=\"l-section-h i-cf\"><div class=\"g-cols vc_row via_grid cols_1 laptops-cols_inherit tablets-cols_inherit mobiles-cols_1 valign_top type_default stacking_default\"><div class=\"wpb_column vc_column_container\"><div class=\"vc_column-inner\"><div class=\"wpb_text_column\"><div class=\"wpb_wrapper\"><p class=\"p1\">Wenn Sie sich zu etwas wirklich Wildem und von Legenden durchdrungenem hingezogen f\u00fchlen, dann ist der Adelstitel <span class=\"s1\"><b>Laird von John O\u2019Groats<\/b><\/span> ist die perfekte Wahl.<\/p>\n<p class=\"p1\">Dieser Titel verk\u00f6rpert genau diesen Geist. Der gleichnamige Ort liegt im \u00e4u\u00dfersten Nordosten Schottlands und markiert den n\u00f6rdlichsten Punkt des britischen Festlandes. Von hier aus legen F\u00e4hren zu den Orkney-Inseln ab, der Heimat der ber\u00fchmten pr\u00e4historischen Siedlung Skara Brae. Ein Laird von John O\u2019Groats ist daher ein wahrer Highlander \u2013 seine Lady ebenso eine stolze Highlanderin \u2013 beide bewegen sich mit W\u00fcrde und St\u00e4rke durch die rauen, windgepeitschten Landschaften. Mit dem Erwerb dieses Titels repr\u00e4sentieren Sie nicht nur einen widerstandsf\u00e4higen Clan, sondern auch einen klugen, wie die folgende Geschichte zeigt.<\/p>\n<p class=\"p1\">Interessanterweise stammt der Name John O\u2019Groats nicht von alten schottischen oder keltischen Wurzeln, sondern von holl\u00e4ndischem Ursprung. Ein Holl\u00e4nder namens Jan de Groot lie\u00df sich hier auf Wunsch von K\u00f6nig Jakob IV. von Schottland mit einer Gruppe von Landsleuten nieder. Nur wenige Jahre zuvor waren die Orkney-Inseln von norwegischer unter die schottische Herrschaft von K\u00f6nig Jakob II. gekommen. Um eine zuverl\u00e4ssige F\u00e4hrverbindung zu diesen Inseln aufzubauen, \u00fcbertrug K\u00f6nig Jakob diese Aufgabe den niederl\u00e4ndischen Siedlern, die sich gut f\u00fcr diese Rolle eigneten. Sie passten sich schnell an das Leben in den Highlands an, betrieben den F\u00e4hrdienst und gr\u00fcndeten ihren eigenen Clan, der ihre Ankunft jedes Jahr mit einem gro\u00dfen Fest feierte.<\/p>\n<p class=\"p1\">Im Laufe der Zeit integrierte sich die Familie de Groot tief in die schottische Kultur \u2013 und \u00fcbernahm der Legende nach auch den ber\u00fchmten Highland-Geist. W\u00e4hrend einer solchen Feier brach unter den sieben Nachkommen von Jan de Groot ein Streit aus, wer der n\u00e4chste Clanf\u00fchrer werden sollte. Um einen potenziell gewaltt\u00e4tigen Konflikt zu vermeiden, ersann der Clanf\u00fchrer eine clevere L\u00f6sung. Er erkl\u00e4rte, dass der Nachfolger derjenige sein w\u00fcrde, der am Kopfende des Tisches sa\u00df. Dann baute er ein Haus mit acht Seiten und acht T\u00fcren und stellte in dessen Mitte einen achteckigen Tisch. Jedes Familienmitglied betrat das Haus durch eine andere T\u00fcr und nahm Platz \u2013 so dass niemand am Kopfende des Tisches sa\u00df und niemand die Vormachtstellung beanspruchen konnte.<\/p>\n<p class=\"p1\">Dieser weise und diplomatische Akt gilt eines wahren Lairds von John O'Groats als w\u00fcrdig, auch wenn die Geschichte im Laufe der Zeit ausgeschm\u00fcckt worden sein mag. Zu Ehren dieser Legende verf\u00fcgt das John O'Groats Hotel \u00fcber einen achteckigen Turm. Indem Sie hier Land und einen Adelstitel erwerben, werden Sie Teil dieser einzigartigen und faszinierenden Geschichte \u2013 einer Geschichte, die Geschichte, Mythos und den best\u00e4ndigen Geist der schottischen Highlands vereint.<\/p>\n<\/div><\/div><\/div><\/div><\/div><\/div><\/section>","protected":false},"excerpt":{"rendered":"<p class=\"p1\">Werden Sie ein <span class=\"s1\"><b>Laird von John O\u2019Groats<\/b><\/span> und ein St\u00fcck Land am n\u00f6rdlichsten Zipfel des britischen Festlands besitzen. Dieser einzigartige Titel verbindet Sie mit der rauen Sch\u00f6nheit der schottischen Highlands und einer legend\u00e4ren Clan-Geschichte \u2013 perfekt f\u00fcr alle, die Geschichte, Abenteuer und etwas wirklich Au\u00dfergew\u00f6hnliches lieben.<\/p>","protected":false},"featured_media":55625,"template":"","meta":{"_acf_changed":false,"yasr_overall_rating":0,"yasr_post_is_review":"","yasr_auto_insert_disabled":"","yasr_review_type":"","slim_seo":{"title":"Laird of John O\u00b4Groates - Adelstitel kaufen seit 1999","description":"Werden Sie ein Laird von John O\u2019Groats und besitzen Sie ein St\u00fcck Land am n\u00f6rdlichsten Rand des britischen Festlands. Dieser einzigartige Titel verbindet Sie mit der rauen Sch\u00f6nheit des"}},"product_brand":[],"product_cat":[28],"product_tag":[36,76,65,72,73],"class_list":{"0":"post-61519","1":"product","2":"type-product","3":"status-publish","4":"has-post-thumbnail","6":"product_cat-scottish-noble-titles","7":"product_tag-adelstitel","8":"product_tag-john-ogroats","9":"product_tag-lady","10":"product_tag-laird","11":"product_tag-schottland","13":"first","14":"instock","15":"taxable","16":"shipping-taxable","17":"purchasable","18":"product-type-variable","19":"has-default-attributes"},"acf":[],"yasr_visitor_votes":{"stars_attributes":{"read_only":false,"span_bottom":false},"number_of_votes":0,"sum_votes":0},"_links":{"self":[{"href":"https:\/\/noble-society.net\/de\/wp-json\/wp\/v2\/product\/61519","targetHints":{"allow":["GET"]}}],"collection":[{"href":"https:\/\/noble-society.net\/de\/wp-json\/wp\/v2\/product"}],"about":[{"href":"https:\/\/noble-society.net\/de\/wp-json\/wp\/v2\/types\/product"}],"wp:featuredmedia":[{"embeddable":true,"href":"https:\/\/noble-society.net\/de\/wp-json\/wp\/v2\/media\/55625"}],"wp:attachment":[{"href":"https:\/\/noble-society.net\/de\/wp-json\/wp\/v2\/media?parent=61519"}],"wp:term":[{"taxonomy":"product_brand","embeddable":true,"href":"https:\/\/noble-society.net\/de\/wp-json\/wp\/v2\/product_brand?post=61519"},{"taxonomy":"product_cat","embeddable":true,"href":"https:\/\/noble-society.net\/de\/wp-json\/wp\/v2\/product_cat?post=61519"},{"taxonomy":"product_tag","embeddable":true,"href":"https:\/\/noble-society.net\/de\/wp-json\/wp\/v2\/product_tag?post=61519"}],"curies":[{"name":"wp","href":"https:\/\/api.w.org\/{rel}","templated":true}]}}