{"id":61520,"date":"2026-03-16T20:18:15","date_gmt":"2026-03-16T18:18:15","guid":{"rendered":"https:\/\/noble-society.net\/?post_type=product&#038;p=61520"},"modified":"2026-04-08T14:47:14","modified_gmt":"2026-04-08T11:47:14","slug":"baron-von-burgund","status":"publish","type":"product","link":"https:\/\/noble-society.net\/de\/buy-nobility-titles\/baron-de-burgund\/","title":{"rendered":"Baron de Burgund"},"content":{"rendered":"<section class=\"l-section wpb_row height_small\"><div class=\"l-section-h i-cf\"><div class=\"g-cols vc_row via_grid cols_1 laptops-cols_inherit tablets-cols_inherit mobiles-cols_1 valign_top type_default stacking_default\"><div class=\"wpb_column vc_column_container\"><div class=\"vc_column-inner\"><div class=\"wpb_text_column\"><div class=\"wpb_wrapper\"><p class=\"p1\">Der Titel <span class=\"s1\"><b>Grafschaft Burgund<\/b><\/span> wurde zuerst explizit von Otto Wilhelm von Burgund-Ivrea verwendet, was die Entstehung einer eigenst\u00e4ndigen politischen Autorit\u00e4t in der Region markiert. Otto Wilhelm (ca. 962\u20131026), Mitglied der Anscariden-Dynastie, etablierte seine Herrschaft \u00fcber die Grafschaft Burgund \u2013 auch bekannt als Freigrafschaft (<i>Franche-Comt\u00e9<\/i>)\u2014welches sich zu jener Zeit im Herrschaftsgebiet des Heiligen R\u00f6mischen Reiches befand. Seine Annahme des Titels spiegelte sowohl die territoriale Kontrolle als auch die wachsende Bedeutung Burgunds als strategische Region zwischen den deutschen und franz\u00f6sischen Reichen wider.<\/p>\n<p class=\"p1\">Sein Nachfahre Beatrix von Burgund (1143\u20131184), auch bekannt als Beatrix I., Pfalzgr\u00e4fin von Burgund, heiratete 1156 Kaiser Friedrich I. Barbarossa. Durch diese Heirat gewann Barbarossa direkten Einfluss auf Burgund und integrierte es enger in die kaiserliche Struktur. Er reorganisierte Teile des Territoriums und erhob sie zum Pfalz (<i>Pfalzgrafschaft<\/i>), wodurch die kaiserliche Verwaltung gest\u00e4rkt wurde. Ihr Sohn Otto I. erbte Burgund von seiner Mutter und regierte weiter als Pfalzgraf und behielt die Bedeutung der Region innerhalb des Heiligen R\u00f6mischen Reiches.<\/p>\n<p class=\"p1\">Im Jahr 1208 heiratete Ottos Tochter Beatrix II. von Burgund Otto I., Herzog von Meranien aus dem Haus Andechs. Diese Heirat \u00fcbertrug die Herrschaft \u00fcber Burgund an die Andechs-Meranier und erweiterte deren Einfluss erheblich \u00fcber Mitteleuropa hinaus in Gebiete des heutigen Frankreichs und des Balkans. Unter ihrer Herrschaft wurde Burgund zu einem wichtigen politischen Bindeglied zwischen verschiedenen Adelsnetzwerken. Die Linie erlosch jedoch mit dem Tod Ottos II. von Andechs-Meranien im Jahr 1248, was das Ende des m\u00e4nnlichen Zweigs dieses m\u00e4chtigen Hauses markierte.<\/p>\n<p class=\"p1\">Danach fiel die Grafschaft Burgund an seine Schwester Adelheid, die Hugo von Chalon aus dem Haus Salins geheiratet hatte. Durch diese Verbindung kam das Territorium unter die Herrschaft der Familie Salins. Ihr Sohn Otto IV. von Burgund (1248\u20131303) regierte die Grafschaft in einer Zeit wechselnder Loyalit\u00e4ten und politischer Instabilit\u00e4t, als Burgund zwischen dem Einfluss des Heiligen R\u00f6mischen Reiches und des K\u00f6nigreichs Frankreich schwankte.<\/p>\n<p class=\"p1\">Nach jahrhundertelangen umstrittenen Herrschaft wurde Burgund im sp\u00e4ten 17. Jahrhundert unter K\u00f6nig Ludwig XIV., dem \u201cSonnenk\u00f6nig\u201d, endg\u00fcltig in Frankreich eingegliedert. Durch Milit\u00e4rkampagnen und politische Konsolidierung sicherte Ludwig XIV. Burgund als Teil der franz\u00f6sischen Krone, beendete seinen langj\u00e4hrigen halbunabh\u00e4ngigen Status und integrierte es vollst\u00e4ndig in den franz\u00f6sischen Staat.<\/p>\n<\/div><\/div><\/div><\/div><\/div><\/div><\/section>","protected":false},"excerpt":{"rendered":"<p class=\"p1\">Die ehemalige Grafschaft Burgund, auf Franz\u00f6sisch bekannt als <span class=\"s1\"><b>Franche-Comt\u00e9<\/b><\/span>, liegt im Osten Frankreichs an der Grenze zur Schweiz. Es ist nicht zu mit der Region von zu verwechseln <span class=\"s1\"><b>Burgund<\/b><\/span>, das weiter westlich liegt und einen anderen historischen Hintergrund hat.<\/p>\n<p class=\"p1\">Bereits im 6. Jahrhundert war diese Region Teil des Fr\u00e4nkischen Reiches und sp\u00e4ter des K\u00f6nigreichs Burgund. Nach dem Tod K\u00f6nig Rudolfs III. im Jahr 1032\/1033, der keine Erben hinterlie\u00df, fiel das Territorium an das Heilige R\u00f6mische Reich. Von da an blieb die Grafschaft Burgund f\u00fcr mehrere Jahrhunderte eng mit dem Reich verbunden und spielte als Grenzregion zwischen dem deutschen und franz\u00f6sischen Einflussbereich eine wichtige Rolle.<\/p>","protected":false},"featured_media":55583,"template":"","meta":{"_acf_changed":false,"yasr_overall_rating":0,"yasr_post_is_review":"","yasr_auto_insert_disabled":"","yasr_review_type":"","slim_seo":{"title":"Baron de Burgund - Edle Titel kaufen seit 1999","description":"Die ehemalige Grafschaft Burgund, auf Franz\u00f6sisch als Franche-Comt\u00e9 bekannt, liegt in Ostfrankreich an der Grenze zur Schweiz. Sie sollte nicht verwechselt werden mit"}},"product_brand":[],"product_cat":[29],"product_tag":[36,60,78,77],"class_list":{"0":"post-61520","1":"product","2":"type-product","3":"status-publish","4":"has-post-thumbnail","6":"product_cat-french-noble-titles","7":"product_tag-adelstitel","8":"product_tag-baron","9":"product_tag-burgund","10":"product_tag-frankreich","12":"first","13":"instock","14":"taxable","15":"shipping-taxable","16":"purchasable","17":"product-type-variable","18":"has-default-attributes"},"acf":[],"yasr_visitor_votes":{"stars_attributes":{"read_only":false,"span_bottom":false},"number_of_votes":0,"sum_votes":0},"_links":{"self":[{"href":"https:\/\/noble-society.net\/de\/wp-json\/wp\/v2\/product\/61520","targetHints":{"allow":["GET"]}}],"collection":[{"href":"https:\/\/noble-society.net\/de\/wp-json\/wp\/v2\/product"}],"about":[{"href":"https:\/\/noble-society.net\/de\/wp-json\/wp\/v2\/types\/product"}],"wp:featuredmedia":[{"embeddable":true,"href":"https:\/\/noble-society.net\/de\/wp-json\/wp\/v2\/media\/55583"}],"wp:attachment":[{"href":"https:\/\/noble-society.net\/de\/wp-json\/wp\/v2\/media?parent=61520"}],"wp:term":[{"taxonomy":"product_brand","embeddable":true,"href":"https:\/\/noble-society.net\/de\/wp-json\/wp\/v2\/product_brand?post=61520"},{"taxonomy":"product_cat","embeddable":true,"href":"https:\/\/noble-society.net\/de\/wp-json\/wp\/v2\/product_cat?post=61520"},{"taxonomy":"product_tag","embeddable":true,"href":"https:\/\/noble-society.net\/de\/wp-json\/wp\/v2\/product_tag?post=61520"}],"curies":[{"name":"wp","href":"https:\/\/api.w.org\/{rel}","templated":true}]}}