{"id":61521,"date":"2026-03-16T20:18:15","date_gmt":"2026-03-16T18:18:15","guid":{"rendered":"https:\/\/noble-society.net\/?post_type=product&#038;p=61521"},"modified":"2026-03-31T19:19:15","modified_gmt":"2026-03-31T16:19:15","slug":"ritter-von-boulogne","status":"publish","type":"product","link":"https:\/\/noble-society.net\/de\/buy-nobility-titles\/chevalier-de-boulogne\/","title":{"rendered":"Chevalier de Boulogne"},"content":{"rendered":"<section class=\"l-section wpb_row height_small\"><div class=\"l-section-h i-cf\"><div class=\"g-cols vc_row via_grid cols_1 laptops-cols_inherit tablets-cols_inherit mobiles-cols_1 valign_top type_default stacking_default\"><div class=\"wpb_column vc_column_container\"><div class=\"vc_column-inner\"><div class=\"wpb_text_column\"><div class=\"wpb_wrapper\"><p class=\"p1\"><b>Chevalier de Boulogne<\/b><b><\/b><\/p>\n<p class=\"p3\">Der Titel <span class=\"s1\"><b>Chevalier de Boulogne<\/b><\/span> verbindet historische Tradition mit franz\u00f6sischer aristokratischer Eleganz. Der Begriff <i>Ritter<\/i>\u2014 Franz\u00f6sisch f\u00fcr \u201cRitter\u201d \u2014 stammt aus der mittelalterlichen ritterlichen Tradition und wurde in Frankreich h\u00e4ufig f\u00fcr Mitglieder des niederen Adels oder Personen verwendet, die sich durch Dienst ausgezeichnet hatten, insbesondere in milit\u00e4rischen oder h\u00f6fischen Zusammenh\u00e4ngen. Im Gegensatz zu h\u00f6heren erblichen Titeln, <i>Ritter<\/i> oft eher Ehre, Verdienst und pers\u00f6nliche Auszeichnung als die Souver\u00e4nit\u00e4t widerspiegelten.<\/p>\n<p class=\"p3\">Die Bezeichnung <i>von Boulogne<\/i> bezieht sich auf die historische Region und Stadt Boulogne (insbesondere Boulogne-sur-Mer in Nordfrankreich), eine bedeutende K\u00fcstenfestung mit einer reichen Geschichte, die bis in die R\u00f6merzeit zur\u00fcckreicht. Boulogne diente als wichtiger strategischer Hafen, als Tor zwischen Frankreich und England, und spielte eine bedeutende Rolle im mittelalterlichen Handel, in milit\u00e4rischen Feldz\u00fcgen und in der Adelsverwaltung. Die Erg\u00e4nzung <i>von Boulogne<\/i> verleiht dem Titel eine geografische und historische Identit\u00e4t und verbindet ihn mit einer der bemerkenswerten Regionen Frankreichs.<\/p>\n<p class=\"p3\">Historisch gesehen wurde der Name \u201cde Boulogne\u201d auch mit adeligen Linien und prominenten Pers\u00f6nlichkeiten in Verbindung gebracht. Eine der bemerkenswertesten historischen Pers\u00f6nlichkeiten, die mit diesem Namen verbunden ist, ist <span class=\"s1\"><b>Joseph Bologne, Chevalier de Saint-Georges (1745\u20131799)<\/b><\/span>\u2013 ein gefeierter Komponist, Geigenvirtuose und Fechter, der oft als der \u201cSchwarze Mozart\u201d bezeichnet wird. Obwohl sein Name nicht direkt mit Boulogne-sur-Mer durch einen Titel verbunden ist, spiegelt sein Name die breitere franz\u00f6sische Adelsnamenskonvention wider, geografische Bezeichnungen zu verwenden. Sein Leben veranschaulicht, wie der Titel <i>Ritter<\/i> k\u00f6nnte mit Auszeichnung, Kultur und Exzellenz in Verbindung gebracht werden, statt mit blo\u00dfer Erbschaft.<\/p>\n<p class=\"p3\">Als Tr\u00e4ger des Titels <span class=\"s1\"><b>Chevalier de Boulogne<\/b><\/span>, Sie tragen diese Tradition der Verfeinerung, Kultur und Individualit\u00e4t weiter. Der Titel evoziert Bilder von Ritterlichkeit, Ehre und einer tiefen Verbindung zum franz\u00f6sischen Erbe \u2013 was ihn sowohl historisch bedeutungsvoll als auch einzigartig elegant macht.<\/p>\n<p class=\"p3\">Zusammen mit Ihrem Titel erhalten Sie eine vollst\u00e4ndige Dokumentation f\u00fcr die gesamte Familie. Diese beinhaltet eine  wundersch\u00f6n gestaltete Urkunde als Best\u00e4tigung Ihres Titels sowie ein kostenloses Wappen, das Ihnen als hochwertiges PDF zur Verf\u00fcgung gestellt wird. Das Wappen ist nach Ihren pers\u00f6nlichen Vorlieben anpassbar \u2013 beispielsweise hinsichtlich Farben, Symbolen oder stilistischen Elementen \u2013, sodass Sie eine wirklich individuelle heraldische Identit\u00e4t schaffen k\u00f6nnen.<\/p>\n<p class=\"p3\">Alle Dokumente werden zusammen in einer eleganten Pr\u00e4sentationsmappe geliefert, was sie ideal f\u00fcr die Ausstellung oder als exklusives Geschenk macht. Dar\u00fcber hinaus erhalten Sie detaillierte Informationen, die die ordnungsgem\u00e4\u00dfe Verwendung und Pr\u00e4sentation Ihres Titels erl\u00e4utern, damit Sie ihn sowohl privat als auch \u00f6ffentlich mit Zuversicht und Authentizit\u00e4t f\u00fchren k\u00f6nnen.<\/p>\n<\/div><\/div><\/div><\/div><\/div><\/div><\/section>","protected":false},"excerpt":{"rendered":"<p class=\"p1\"><i>Ritter<\/i> (Ritter) ist die Bezeichnung f\u00fcr die hochger\u00fcsteten, berittenen Krieger des Mittelalters. Eine sozial abgehobene Schicht berittener K\u00e4mpfer bestand bereits im antiken Rom in Form der <i>Ritter<\/i>. Ab dem sp\u00e4ten Mittelalter bezeichnete der Begriff zunehmend einen spezifischen Ehrentitel, der nicht nur an Adlige, sondern in einigen F\u00e4llen auch an Nichtadlige verliehen werden konnte, die sich hervorgetan hatten.<\/p>","protected":false},"featured_media":55581,"template":"","meta":{"_acf_changed":false,"yasr_overall_rating":0,"yasr_post_is_review":"","yasr_auto_insert_disabled":"","yasr_review_type":"","slim_seo":{"title":"Chevalier de Boulogne - Buy Noble Titles Since 1999","description":"Chevalier (Ritter) ist die Bezeichnung f\u00fcr schwer gepanzerte, berittene Krieger des Mittelalters. Eine sozial hervorgehobene Schicht berittener K\u00e4mpfer existierte bereits"}},"product_brand":[],"product_cat":[29],"product_tag":[36,80,79,77],"class_list":{"0":"post-61521","1":"product","2":"type-product","3":"status-publish","4":"has-post-thumbnail","6":"product_cat-french-noble-titles","7":"product_tag-adelstitel","8":"product_tag-boulogne","9":"product_tag-duc","10":"product_tag-frankreich","12":"first","13":"instock","14":"taxable","15":"shipping-taxable","16":"purchasable","17":"product-type-variable","18":"has-default-attributes"},"acf":[],"yasr_visitor_votes":{"stars_attributes":{"read_only":false,"span_bottom":false},"number_of_votes":0,"sum_votes":0},"_links":{"self":[{"href":"https:\/\/noble-society.net\/de\/wp-json\/wp\/v2\/product\/61521","targetHints":{"allow":["GET"]}}],"collection":[{"href":"https:\/\/noble-society.net\/de\/wp-json\/wp\/v2\/product"}],"about":[{"href":"https:\/\/noble-society.net\/de\/wp-json\/wp\/v2\/types\/product"}],"wp:featuredmedia":[{"embeddable":true,"href":"https:\/\/noble-society.net\/de\/wp-json\/wp\/v2\/media\/55581"}],"wp:attachment":[{"href":"https:\/\/noble-society.net\/de\/wp-json\/wp\/v2\/media?parent=61521"}],"wp:term":[{"taxonomy":"product_brand","embeddable":true,"href":"https:\/\/noble-society.net\/de\/wp-json\/wp\/v2\/product_brand?post=61521"},{"taxonomy":"product_cat","embeddable":true,"href":"https:\/\/noble-society.net\/de\/wp-json\/wp\/v2\/product_cat?post=61521"},{"taxonomy":"product_tag","embeddable":true,"href":"https:\/\/noble-society.net\/de\/wp-json\/wp\/v2\/product_tag?post=61521"}],"curies":[{"name":"wp","href":"https:\/\/api.w.org\/{rel}","templated":true}]}}