{"id":61522,"date":"2026-03-16T20:18:15","date_gmt":"2026-03-16T18:18:15","guid":{"rendered":"https:\/\/noble-society.net\/?post_type=product&#038;p=61522"},"modified":"2026-04-08T14:46:39","modified_gmt":"2026-04-08T11:46:39","slug":"marquis-von-bourbon","status":"publish","type":"product","link":"https:\/\/noble-society.net\/de\/buy-nobility-titles\/marquis-de-bourbon\/","title":{"rendered":"Marquis de Bourbon"},"content":{"rendered":"<section class=\"l-section wpb_row height_small\"><div class=\"l-section-h i-cf\"><div class=\"g-cols vc_row via_grid cols_1 laptops-cols_inherit tablets-cols_inherit mobiles-cols_1 valign_top type_default stacking_default\"><div class=\"wpb_column vc_column_container\"><div class=\"vc_column-inner\"><div class=\"wpb_text_column\"><div class=\"wpb_wrapper\"><p class=\"p1\"><b>Marquis<\/b><b><\/b><\/p>\n<p class=\"p3\">Um ihren Pflichten nachzukommen, wurden den Markgrafen von K\u00f6nig oder Kaiser Grenzl\u00e4ndereien direkt als Lehen verliehen. Im Vergleich zu gew\u00f6hnlichen Grafen hatten Markgrafen erweiterte Befugnisse: Sie befehligten das Milit\u00e4raufgebot (<i>Heerbann<\/i>) und \u00fcbten hohe Gerichtsbarkeit aus. Sie waren befugt, Befestigungen zu bauen und wurden von einer gr\u00f6\u00dferen Anzahl fr\u00e4nkischer Vasallen unterst\u00fctzt. Diese Privilegien verliehen ihnen eine betr\u00e4chtliche Unabh\u00e4ngigkeit und Autorit\u00e4t als Herrscher wichtiger Grenzregionen \u2013 oft vergleichbar mit der der gro\u00dfen Stammesherz\u00f6ge. Im gesamten Frankenreich wurden f\u00e4hige Bauern ermutigt, sich in diesen Grenzgebieten niederzulassen, was es Markgrafen in einigen Regionen erm\u00f6glichte, betr\u00e4chtliche eigene Streitkr\u00e4fte aufzustellen. Sie \u00fcbten hohe gerichtliche Autorit\u00e4t aus, ohne daf\u00fcr eine gesonderte k\u00f6nigliche Genehmigung zu ben\u00f6tigen, was sie zu Schl\u00fcsselpersonen bei der Aufrechterhaltung von Ordnung und Verteidigung entlang der Grenzen machte.<\/p>\n<p class=\"p1\"><b>Das Haus Bourbon<\/b><b><\/b><\/p>\n<p class=\"p3\">Das Haus Bourbon ist ein Seitenzweig der franz\u00f6sischen K\u00f6nigsfamilie der Kapetinger, abstammend vom j\u00fcngsten Sohn des K\u00f6nigs Ludwig IX. von Frankreich (dem Heiligen Ludwig). Letztlich ist auch Hugo Capet, der Begr\u00fcnder der kapetingischen Linie, der Vorfahre der Bourbonen. Diese Abstammung spiegelte sich w\u00e4hrend der Franz\u00f6sischen Revolution wider, als K\u00f6nig Ludwig XVI. 1792 vor dem Nationalkonvent mit dem b\u00fcrgerlichen Namen \u201cLouis Capet\u201d bezeichnet wurde.\u201d<\/p>\n<p class=\"p3\">Heute sind die Bourbonen die letzten noch lebenden m\u00e4nnlichen Nachkommen der Kapetinger-Dynastie. Dazu geh\u00f6ren die spanische Linie Bourbon-Anjou mit ihren Zweigen Bourbon-Sizilien und Bourbon-Parma sowie die Linie Bourbon-Orl\u00e9ans mit ihrem brasilianischen Zweig, dem Haus Orl\u00e9ans-Braganza. Die Bourbonen gelten als die \u00e4lteste noch existierende K\u00f6nigsfamilie Europas, da alle anderen kapetingischen Linien \u2013 wie das Haus Valois, das Haus Artois oder das Haus \u00c9vreux \u2013 in m\u00e4nnlicher Linie ausgestorben sind. Auch das ehemalige portugiesische K\u00f6nigshaus Braganza stammt von den Kapetingern ab, wenn auch \u00fcber einen illegitimen Zweig des \u00e4lteren Hauses Burgund.<\/p>\n<p class=\"p1\"><b>Bourbon-l\u2019Archambault<\/b><b><\/b><\/p>\n<p class=\"p3\">Der Name der Dynastie leitet sich von der Burg Bourbon (Bourbon-l\u2019Archambault) ab, deren Urspr\u00fcnge bis in die Karolingerzeit zur\u00fcckreichen. Im Hochmittelalter diente diese Burg als Sitz einer Adelsfamilie, die die Herrschaft \u00fcber die umliegende Region etablierte. Das daraus hervorgegangene Territorium, bekannt als Bourbonnais, ging durch Erbschaft in den Besitz von Beatrix von Burgund \u00fcber. Beatrix, selbst Mitglied des Kapetinger-Hauses Burgund, heiratete 1272 Prinz Robert und brachte damit das Bourbonnais in dessen Besitz.<\/p>\n<p class=\"p3\">Der Familienname selbst entstand durch eine Transaktion ihres Sohnes, Louis von Clermont. Im Jahr 1327 tauschte er sein v\u00e4terliches Erbe, die Grafschaft Clermont, mit K\u00f6nig Karl IV. \u201cdem Sch\u00f6nen\u201d gegen die Grafschaft La Marche. Bei dieser Gelegenheit erhob der K\u00f6nig die Herrschaft Bourbon zum Herzogtum und verlieh ihr die erbliche W\u00fcrde eines Pairie.<i>Pairie<\/i>). Dies war damals eine einzigartige Entwicklung, da es zuvor in Frankreich nur die traditionellen Herzogt\u00fcmer gab, die auf ethnischen Regionen basierten. Das Bourbonnais wurde somit zum Hauptbesitz von Herzog Ludwig I. und seinen Nachkommen, die von da an den Namen \u201cde Bourbon\u201d annahmen.\u201d<\/p>\n<\/div><\/div><\/div><\/div><\/div><\/div><\/section>","protected":false},"excerpt":{"rendered":"<p class=\"p1\">Die korrekten Anreden f\u00fcr diesen Titel sind <i>Hoheit<\/i>, <i>Hoheit<\/i>, und <i>Erhabene Hoheit<\/i>, was den mit dem Adelsstand verbundenen Prestiges und die Eleganz widerspiegelt. Der m\u00e4nnliche Titel ist <span class=\"s1\"><b>Marquis<\/b><\/span>, w\u00e4hrend die weibliche Entsprechung ist <span class=\"s1\"><b>Marschallin<\/b><\/span>. Innerhalb der Familie tr\u00e4gt der Sohn ebenfalls den Titel <span class=\"s1\"><b>Marquis<\/b><\/span>, und die Tochter wird bezeichnet als <span class=\"s1\"><b>Marschallin<\/b><\/span>, die adelige Bezeichnung \u00fcber Generationen hinweg beibehalten. Die Aussprache folgt dem traditionellen franz\u00f6sischen Stil, was den Titeln ihren unverwechselbaren und raffinierten Klang verleiht.<\/p>","protected":false},"featured_media":55582,"template":"","meta":{"_acf_changed":false,"yasr_overall_rating":0,"yasr_post_is_review":"","yasr_auto_insert_disabled":"","yasr_review_type":"","slim_seo":{"title":"Marquis de Bourbon - Adelstitel kaufen seit 1999","description":"Die korrekte Anrede f\u00fcr diesen Titel lautet (K\u00f6nigliche) Hoheit, Durchlaucht und Erhabene Hoheit, was den Prestiges und die Eleganz widerspiegelt"}},"product_brand":[],"product_cat":[29],"product_tag":[83,82,81],"class_list":{"0":"post-61522","1":"product","2":"type-product","3":"status-publish","4":"has-post-thumbnail","6":"product_cat-french-noble-titles","7":"product_tag-bourbon","8":"product_tag-marchioness","9":"product_tag-marquis","11":"first","12":"instock","13":"taxable","14":"shipping-taxable","15":"purchasable","16":"product-type-variable","17":"has-default-attributes"},"acf":[],"yasr_visitor_votes":{"stars_attributes":{"read_only":false,"span_bottom":false},"number_of_votes":0,"sum_votes":0},"_links":{"self":[{"href":"https:\/\/noble-society.net\/de\/wp-json\/wp\/v2\/product\/61522","targetHints":{"allow":["GET"]}}],"collection":[{"href":"https:\/\/noble-society.net\/de\/wp-json\/wp\/v2\/product"}],"about":[{"href":"https:\/\/noble-society.net\/de\/wp-json\/wp\/v2\/types\/product"}],"wp:featuredmedia":[{"embeddable":true,"href":"https:\/\/noble-society.net\/de\/wp-json\/wp\/v2\/media\/55582"}],"wp:attachment":[{"href":"https:\/\/noble-society.net\/de\/wp-json\/wp\/v2\/media?parent=61522"}],"wp:term":[{"taxonomy":"product_brand","embeddable":true,"href":"https:\/\/noble-society.net\/de\/wp-json\/wp\/v2\/product_brand?post=61522"},{"taxonomy":"product_cat","embeddable":true,"href":"https:\/\/noble-society.net\/de\/wp-json\/wp\/v2\/product_cat?post=61522"},{"taxonomy":"product_tag","embeddable":true,"href":"https:\/\/noble-society.net\/de\/wp-json\/wp\/v2\/product_tag?post=61522"}],"curies":[{"name":"wp","href":"https:\/\/api.w.org\/{rel}","templated":true}]}}