{"id":61523,"date":"2026-03-16T20:18:15","date_gmt":"2026-03-16T18:18:15","guid":{"rendered":"https:\/\/noble-society.net\/?post_type=product&#038;p=61523"},"modified":"2026-03-31T19:15:36","modified_gmt":"2026-03-31T16:15:36","slug":"ritter-des-ordens-von-minerva","status":"publish","type":"product","link":"https:\/\/noble-society.net\/de\/buy-nobility-titles\/knight-of-the-order-of-minerva\/","title":{"rendered":"Ritter des Ordens der Minerva,"},"content":{"rendered":"<section class=\"l-section wpb_row height_small\"><div class=\"l-section-h i-cf\"><div class=\"g-cols vc_row via_grid cols_1 laptops-cols_inherit tablets-cols_inherit mobiles-cols_1 valign_top type_default stacking_default\"><div class=\"wpb_column vc_column_container\"><div class=\"vc_column-inner\"><div class=\"wpb_text_column\"><div class=\"wpb_wrapper\"><p class=\"p1\">Als <strong>Ritter des Ordens der Minerva,<\/strong> Sie erhalten einen offiziellen Ordensnamen, den Sie von diesem Moment an \u00f6ffentlich tragen d\u00fcrfen. Dieser Ordensname kann zu allen gew\u00fcnschten Anl\u00e4ssen verwendet werden \u2013 auf Ihren pers\u00f6nlichen Visitenkarten, Briefk\u00f6pfen, Namensschildern oder auch bei Vertragsunterzeichnungen. Unter bestimmten Voraussetzungen ist es auch m\u00f6glich, Ihren Ritternamen in offizielle Ausweisdokumente eintragen zu lassen. Der Ordensname ist frei w\u00e4hlbar: Er kann einfach aus Ihrem eigenen Namen mit dem vorangestellten Titel \u201cRitter\u201d bestehen, z.B. \u201cRitter Peter Meyer\u201d, oder Sie w\u00e4hlen einen kreativeren Namen wie \u201cRitter Peter von Holstein\u201d. Ihrer Fantasie bei der Namenswahl sind keine Grenzen gesetzt, sodass Sie eine wirklich einzigartige Identit\u00e4t schaffen k\u00f6nnen.<\/p>\n<p class=\"p1\">Indem Sie sich als Ritter dem Orden von Minerva anschlie\u00dfen, gehen Sie keine laufenden Verpflichtungen ein. Es gibt keine Mitgliedsbeitr\u00e4ge oder laufenden Kosten jeglicher Art, sodass Sie Ihren Titel frei und ohne Verpflichtungen genie\u00dfen k\u00f6nnen.<\/p>\n<p class=\"p1\">Historisch gesehen geh\u00f6rten Ritter einer angesehenen Schicht des niederen Adels an und galten als Helden. Das Konzept der Ritterschaft entstand in Westeuropa, insbesondere in Frankreich, bevor es sich nach Deutschland und dar\u00fcber hinaus verbreitete. Die Ideale eines Ritters umfassten Disziplin, M\u00e4\u00dfigung, Loyalit\u00e4t und Ehre in allen Lebensbereichen. Ritter waren eng mit k\u00f6niglichen H\u00f6fen verbunden, denen auch die Tradition der h\u00f6fischen Liebe entsprang, bekannt als <i>Minne<\/i>. Vieles dieser ritterlichen Welt ist durch mittelalterliche Poesie und Lieder erhalten geblieben. Von einem Ritter wurde erwartet, dass er seinem Lehnsherrn treu blieb, Witwen, Waisen und Schwachen sch\u00fctzte und nach starken moralischen und oft christlichen Werten lebte. Ihr t\u00e4gliches Leben beinhaltete kontinuierliches Waffentraining und die Vorbereitung auf den Kampf.<\/p>\n<p class=\"p1\">Im Laufe der Zeit wurde das Rittertum zunehmend formalisiert. Im sp\u00e4ten Mittelalter waren nur Personen nachweislich adliger Abstammung berechtigt, zum Ritter geschlagen zu werden. M\u00e4nner wurden von einem hochrangigen adligen Herrscher formell zum Ritter erhoben \u2013 eine Tradition, die in modifizierter Form bis heute besteht. So wurde Elton John 1998 von K\u00f6nigin Elisabeth II. zum Knight Bachelor geschlagen. In Deutschland existieren historische Ritterorden fort, wie der r\u00f6misch-katholische Malteserorden und der Johanniterorden. Ein weiterer Orden in dieser Tradition ist der Orden der Minerva.<\/p>\n<p class=\"p1\">Der Name des Ordens der Minerva bezieht sich auf die r\u00f6mische G\u00f6ttin Minerva, die urspr\u00fcnglich als Schutzherrin der Handwerker und Gewerbetreibenden galt. Sp\u00e4ter wurde sie mit der griechischen G\u00f6ttin Athene gleichgesetzt und wurde zur Schutzpatronin der Dichter, Lehrer und Gelehrten. Im Laufe der Zeit symbolisierte Minerva Weisheit, Kunst und die Bewahrung von Wissen. Der Orden der Minerva ist eine nicht-religi\u00f6se Gemeinschaft, deren Mitglieder unter ihrer symbolischen F\u00fchrung Wissen und Weisheit anstreben. Das Einzigartige an diesem Orden ist, dass jeder den Titel \u201cRitter\u201d annehmen und Teil dieser Tradition werden kann. Frauen werden, obwohl sie formell nicht als \u201cRitter\u201d betitelt werden, im Geiste mittelalterlicher Ritterorden traditionell als \u201eLadies\u201c bezeichnet.<\/p>\n<\/div><\/div><\/div><\/div><\/div><\/div><\/section>","protected":false},"excerpt":{"rendered":"<p class=\"p1\">Werden Sie ein Ritter des Ordens der Minerva und treten Sie einer angesehenen Gemeinschaft bei, die sich Wissen, Charakter und zeitlosen Werten verschrieben hat. Als Ritter tragen Sie einen prestigetr\u00e4chtigen Titel, der Individualit\u00e4t, W\u00fcrde und eine Verbindung zu einer Tradition widerspiegelt, die von Weisheit und pers\u00f6nlicher Exzellenz inspiriert ist.<\/p>\n<p class=\"p1\">Ihre Mitgliedschaft wird auf Lebenszeit gew\u00e4hrt und ist mit keinen weiteren Kosten oder Verpflichtungen verbunden, sodass Sie Ihren Titel frei und ohne Verpflichtung genie\u00dfen k\u00f6nnen. Sie erhalten eine pr\u00e4chtige Ernennungsurkunde als Ritter, gestaltet in einem eleganten und historischen Stil, sowie einen exklusiven silbernen Ausweis mit Ihrem Namen, Titel und Wappen. Zusammen bilden diese Elemente ein hochwertiges und beeindruckendes Set, das Ihren neuen Status perfekt repr\u00e4sentiert und es Ihnen erm\u00f6glicht, Ihren Titel mit Stolz und Auszeichnung zu pr\u00e4sentieren.<\/p>","protected":false},"featured_media":55707,"template":"","meta":{"_acf_changed":false,"yasr_overall_rating":0,"yasr_post_is_review":"","yasr_auto_insert_disabled":"","yasr_review_type":"","slim_seo":{"title":"Knight of the Order of Minerva, - Buy Noble Titles Since 1999","description":"Werden Sie ein Ritter des Ordens Minerva und treten Sie einer angesehenen Gemeinschaft bei, die sich Wissen, Charakter und zeitlosen Werten verschrieben hat. Als Ritter tragen Sie eine Verantwortung."}},"product_brand":[],"product_cat":[31],"product_tag":[88,89,90,91],"class_list":{"0":"post-61523","1":"product","2":"type-product","3":"status-publish","4":"has-post-thumbnail","6":"product_cat-order-of-minerva","7":"product_tag-dame","8":"product_tag-dame-titel","9":"product_tag-ritter","10":"product_tag-rittertitel","12":"first","13":"instock","14":"taxable","15":"shipping-taxable","16":"purchasable","17":"product-type-variable","18":"has-default-attributes"},"acf":[],"yasr_visitor_votes":{"stars_attributes":{"read_only":false,"span_bottom":false},"number_of_votes":0,"sum_votes":0},"_links":{"self":[{"href":"https:\/\/noble-society.net\/de\/wp-json\/wp\/v2\/product\/61523","targetHints":{"allow":["GET"]}}],"collection":[{"href":"https:\/\/noble-society.net\/de\/wp-json\/wp\/v2\/product"}],"about":[{"href":"https:\/\/noble-society.net\/de\/wp-json\/wp\/v2\/types\/product"}],"wp:featuredmedia":[{"embeddable":true,"href":"https:\/\/noble-society.net\/de\/wp-json\/wp\/v2\/media\/55707"}],"wp:attachment":[{"href":"https:\/\/noble-society.net\/de\/wp-json\/wp\/v2\/media?parent=61523"}],"wp:term":[{"taxonomy":"product_brand","embeddable":true,"href":"https:\/\/noble-society.net\/de\/wp-json\/wp\/v2\/product_brand?post=61523"},{"taxonomy":"product_cat","embeddable":true,"href":"https:\/\/noble-society.net\/de\/wp-json\/wp\/v2\/product_cat?post=61523"},{"taxonomy":"product_tag","embeddable":true,"href":"https:\/\/noble-society.net\/de\/wp-json\/wp\/v2\/product_tag?post=61523"}],"curies":[{"name":"wp","href":"https:\/\/api.w.org\/{rel}","templated":true}]}}