{"id":61524,"date":"2026-03-16T20:18:15","date_gmt":"2026-03-16T18:18:15","guid":{"rendered":"https:\/\/noble-society.net\/?post_type=product&#038;p=61524"},"modified":"2026-04-08T14:45:16","modified_gmt":"2026-04-08T11:45:16","slug":"konsul-des-ordens-von-minerva","status":"publish","type":"product","link":"https:\/\/noble-society.net\/de\/buy-nobility-titles\/consul-of-the-order-of-minerva\/","title":{"rendered":"Konsul des Ordens der Minerva"},"content":{"rendered":"<section class=\"l-section wpb_row height_small\"><div class=\"l-section-h i-cf\"><div class=\"g-cols vc_row via_grid cols_1 laptops-cols_inherit tablets-cols_inherit mobiles-cols_1 valign_top type_default stacking_default\"><div class=\"wpb_column vc_column_container\"><div class=\"vc_column-inner\"><div class=\"wpb_text_column\"><div class=\"wpb_wrapper\"><p class=\"p1\"><b>Was werden Sie erhalten?<\/b><b><\/b><\/p>\n<p class=\"p3\">Zuallererst werden Sie Mitglied im Orden der Minerva und sind ab sofort berechtigt, Ihren Ordensnamen zu f\u00fchren. Ob auf einem Briefkopf, einer Visitenkarte oder gar einer Namensplakette an Ihrem Wohnhaus \u2013 der Titel Consul darf als Teil Ihrer offiziellen Bezeichnung gef\u00fchrt werden. Als Consul sind Sie zudem erm\u00e4chtigt, neue Mitglieder in den Orden aufzunehmen. Das von Ihnen zu erhebende Aufnahmegeld d\u00fcrfen Sie nach eigenem Ermessen festlegen und kassieren. Im Anschluss \u00fcbermitteln Sie uns die Angaben des neuen Mitglieds, und wir stellen Ihnen die offiziellen Urkunden sowie die Ernennungsurkunde zur Verf\u00fcgung. F\u00fcr jedes neue Mitglied wird Ihnen von uns einmalig eine Bearbeitungsgeb\u00fchr in H\u00f6he von $25 in Rechnung gestellt. Als Consul wird von Ihnen erwartet, nur Personen aufzunehmen, die sich mit den Prinzipien des Ordens identifizieren. Bitte beachten Sie, dass der Titel \u201cConsul\u201d nur in Verbindung mit dem Orden gef\u00fchrt werden darf. Eine falsche F\u00fchrung, wie z.B. \u201cConsul Peter Meyer\u201d, ist nicht gestattet und kann sogar rechtliche Konsequenzen nach sich ziehen. Die korrekte und vollst\u00e4ndige Form lautet:<\/p>\n<p class=\"p1\"><b>Peter Meyer \u2013 Konsul des Ordens von Minerva<\/b><b><\/b><\/p>\n<p class=\"p3\">Als Konsul erhalten Sie das Recht, neue Mitglieder aufzunehmen, eine exklusive goldene ID-Karte mit Ihrem Namen, Titel und Wappen sowie einen personalisierten Stempel mit Ihrem Namen, Titel und Wappen.<\/p>\n<p class=\"p3\">Der Begriff \u201cKonsul\u201d stammt aus dem antiken Rom, wo er den h\u00f6chsten Staatsbeamten bezeichnete. Ein Konsul fungierte sowohl als Berater als auch als Vertreter, der seinem Staat durch Rat, Diplomatie und die Pflege von Beziehungen diente. In diesem Sinne ist ein Konsul ein Botschafter, der seinen Staat \u2013 oder in diesem Fall den Orden \u2013 durch durchdachtes und weises Handeln repr\u00e4sentiert und f\u00f6rdert.<\/p>\n<p class=\"p3\">Die antike G\u00f6ttin Minerva, die Leitfigur des Ordens, war urspr\u00fcnglich die Schutzpatronin des einfachen Volkes, der Handwerker und der Seeleute. Nach ihrer Verbindung mit der griechischen G\u00f6ttin Athene wurde sie auch zur Besch\u00fctzerin der K\u00fcnste und der Gelehrten. Sie verk\u00f6rpert das Ideal von W\u00fcrde und Weisheit, mit dem Sie eingeladen sind, diesen prestigetr\u00e4chtigen Titel zu tragen.<\/p>\n<p class=\"p3\">Die Mitgliedschaft ist ganz einfach: Nach Eingabe Ihres Namens \u2013 oder des Namens der beschenkten Person \u2013 w\u00e4hlen Sie einen Ordensnamen, den Sie tragen m\u00f6chten. Dies kann Ihr b\u00fcrgerlicher Name sein oder ein beliebiger kreativer Name Ihrer Wahl. Mit diesem Schritt werden Sie Mitglied im Orden der Minerva.<\/p>\n<p class=\"p3\">Es ist wichtig zu wissen, dass Ihre Mitgliedschaft keinerlei laufende Verpflichtungen oder Kosten mit sich bringt. Es gibt keine wiederkehrenden Mitgliedsbeitr\u00e4ge, keine verpflichtenden Treffen und keine Anforderungen, die Sie erf\u00fcllen m\u00fcssen. Sie k\u00f6nnen ein passives Mitglied bleiben und einfach Ihren Ehrentitel genie\u00dfen. Es ist auch anzumerken, dass es sich hierbei nicht um einen akademischen Titel handelt; Sie d\u00fcrfen ihn jedoch offiziell auf Briefkopf, Visitenkarten und sogar als Bestellbezeichnung in Ausweisdokumenten f\u00fchren.<\/p>\n<p class=\"p3\">Ihr hochwertiges Bestallungszertifikat wird Ihnen bereits gerahmt zugestellt. Die Statuten und Regelwerke des Ordens erhalten Sie in einer separaten Pr\u00e4sentationsmappe. Zus\u00e4tzlich erhalten Sie 50 Visitenkarten mit Ihrem Ordensnamen und Wappen, damit Sie Ihren neuen Titel sofort f\u00fchren k\u00f6nnen. Unter bestimmten Voraussetzungen ist auch eine Eintragung in Ihre Ausweisdokumente m\u00f6glich. Detaillierte Informationen, wie dies arrangiert werden kann, erhalten Sie von uns.<\/p>\n<\/div><\/div><\/div><\/div><\/div><\/div><\/section>","protected":false},"excerpt":{"rendered":"<p class=\"p1\">Werden Sie ein Konsul des Ordens von Minerva und \u00fcbernehmen Sie eine der angesehensten Rollen innerhalb dieser ehrenwerten Gemeinschaft, die sich Wissen, Werten und pers\u00f6nlicher Exzellenz verschrieben hat. Als Konsul tragen Sie nicht nur einen prestigetr\u00e4chtigen Titel, sondern repr\u00e4sentieren auch die Prinzipien des Ordens und genie\u00dfen das einzigartige Privileg, neue Mitglieder aufzunehmen und diesen exklusiven Kreis aktiv mitzugestalten und zu erweitern.<\/p>\n<p class=\"p1\">Ihre Mitgliedschaft beinhaltet ein pr\u00e4chtiges Ernennungszertifikat, das Ihren Status als Konsul best\u00e4tigt, auf Englisch pr\u00e4sentiert und in einem eleganten, historischen Stil gestaltet ist. Zus\u00e4tzlich erhalten Sie eine hochwertige goldene ID-Karte mit Ihrem Namen, Titel und Wappen sowie einen personalisierten Stempel mit denselben Details. Zusammen bilden diese Elemente ein beeindruckendes und hochwertiges Paket, das Ihre gehobene Position widerspiegelt und es Ihnen erm\u00f6glicht, Ihren Titel mit Auszeichnung und Stolz zu pr\u00e4sentieren.<\/p>","protected":false},"featured_media":55706,"template":"","meta":{"_acf_changed":false,"yasr_overall_rating":0,"yasr_post_is_review":"","yasr_auto_insert_disabled":"","yasr_review_type":"","slim_seo":{"title":"Konsul des Ordens von Minerva - Adelstitel kaufen seit 1999","description":"Werden Sie ein Konsul des Ordens von Minerva und \u00fcbernehmen Sie eine der angesehensten Rollen innerhalb dieser ehrenwerten Gemeinschaft, die sich der Erkenntnis, den Werten und der Beharrlichkeit verschrieben hat"}},"product_brand":[],"product_cat":[31],"product_tag":[93,94,92],"class_list":{"0":"post-61524","1":"product","2":"type-product","3":"status-publish","4":"has-post-thumbnail","6":"product_cat-order-of-minerva","7":"product_tag-konsul","8":"product_tag-konsultitel","9":"product_tag-minerva","11":"first","12":"instock","13":"taxable","14":"shipping-taxable","15":"purchasable","16":"product-type-variable","17":"has-default-attributes"},"acf":[],"yasr_visitor_votes":{"stars_attributes":{"read_only":false,"span_bottom":false},"number_of_votes":0,"sum_votes":0},"_links":{"self":[{"href":"https:\/\/noble-society.net\/de\/wp-json\/wp\/v2\/product\/61524","targetHints":{"allow":["GET"]}}],"collection":[{"href":"https:\/\/noble-society.net\/de\/wp-json\/wp\/v2\/product"}],"about":[{"href":"https:\/\/noble-society.net\/de\/wp-json\/wp\/v2\/types\/product"}],"wp:featuredmedia":[{"embeddable":true,"href":"https:\/\/noble-society.net\/de\/wp-json\/wp\/v2\/media\/55706"}],"wp:attachment":[{"href":"https:\/\/noble-society.net\/de\/wp-json\/wp\/v2\/media?parent=61524"}],"wp:term":[{"taxonomy":"product_brand","embeddable":true,"href":"https:\/\/noble-society.net\/de\/wp-json\/wp\/v2\/product_brand?post=61524"},{"taxonomy":"product_cat","embeddable":true,"href":"https:\/\/noble-society.net\/de\/wp-json\/wp\/v2\/product_cat?post=61524"},{"taxonomy":"product_tag","embeddable":true,"href":"https:\/\/noble-society.net\/de\/wp-json\/wp\/v2\/product_tag?post=61524"}],"curies":[{"name":"wp","href":"https:\/\/api.w.org\/{rel}","templated":true}]}}