{"id":61525,"date":"2026-03-16T20:18:15","date_gmt":"2026-03-16T18:18:15","guid":{"rendered":"https:\/\/noble-society.net\/?post_type=product&#038;p=61525"},"modified":"2026-03-31T19:11:57","modified_gmt":"2026-03-31T16:11:57","slug":"senator-des-ordens-von-minerva","status":"publish","type":"product","link":"https:\/\/noble-society.net\/de\/buy-nobility-titles\/senator-order-of-minerva\/","title":{"rendered":"Senator desOrden der Minerva"},"content":{"rendered":"<section class=\"l-section wpb_row height_small\"><div class=\"l-section-h i-cf\"><div class=\"g-cols vc_row via_grid cols_1 laptops-cols_inherit tablets-cols_inherit mobiles-cols_1 valign_top type_default stacking_default\"><div class=\"wpb_column vc_column_container\"><div class=\"vc_column-inner\"><div class=\"wpb_text_column\"><div class=\"wpb_wrapper\"><p class=\"p1\"><b>Welche Privilegien genie\u00dfen Sie als Senator oder Dame im Orden der Minerva?<\/b><b><\/b><\/p>\n<p class=\"p3\">Erstens und vor allem werden Sie durch den Erhalt des Titels Senator Mitglied im Orden der Minerva und berechtigt, Ihren Ordensnamen offiziell zu f\u00fchren. Ob auf Briefkopf, Visitenkarten oder sogar auf einer Namensplakette zu Hause, der Ehrentitel Senator darf als Teil Ihres offiziellen Namens verwendet werden. In einigen F\u00e4llen ist es auch m\u00f6glich, den Ordensnamen in Ausweisdokumenten oder auf anderen offiziellen Papieren eintragen zu lassen. Der Ordensname muss jedoch immer in Verbindung mit dem Orden gef\u00fchrt werden. So ist beispielsweise \u201cSenator Peter Meyer\u201d allein nicht gestattet und kann sogar rechtliche Probleme nach sich ziehen. Verwenden Sie Ihren Titel stets in der richtigen Form:<\/p>\n<p class=\"p1\"><b>Peter Meyer \u2013 Senator des Ordens von Minerva<\/b><b><\/b><\/p>\n<p class=\"p1\"><b>Wie wird der Titel Senator im Orden der Minerva verliehen?<\/b><b><\/b><\/p>\n<p class=\"p3\">Zuerst w\u00e4hlen Sie Ihren gew\u00fcnschten Ordensnamen. Sie k\u00f6nnen einfach Ihren aktuellen Namen mit dem Zusatz \u201cSenator\u201d verwenden oder einen einzigartigen und personalisierten Ordensnamen kreieren. Sobald Sie sich entschieden haben, erhalten Sie ein wundersch\u00f6n gestaltetes Ernennungszertifikat im historischen Stil, zusammen mit detaillierten Informationen \u00fcber den Orden der Minerva und den Titel Senator als Ordensnamen. Es ist m\u00f6glicherweise auch m\u00f6glich, Ihren Ordensnamen in offizielle Ausweisdokumente eintragen zu lassen, auch wenn dies nicht garantiert werden kann, da kein Rechtsanspruch auf eine solche Eintragung besteht.<\/p>\n<p class=\"p3\">Sie sollten Ihren echten Namen \u2013 oder den Namen der Person, der Sie den Titel schenken m\u00f6chten \u2013 in das vorgesehene Feld eintragen, zusammen mit Ihrem gew\u00e4hlten Bestellnamen. Beide Namen erscheinen dann auf der offiziellen Urkunde.<\/p>\n<p class=\"p1\"><b>Was bedeutet der Titel \u201cSenator\u201d?<\/b><b><\/b><\/p>\n<p class=\"p3\">Historisch gesehen diente der Senat im Heiligen R\u00f6mischen Reich als hoher Beirat, dessen Mitglieder als Senatoren bekannt waren. Ihre offizielle Aufgabe war es, den Herrscher zu beraten, obwohl allgemein anerkannt ist, dass der Senat oft als zentrale Machtstruktur innerhalb des Reiches fungierte. Senatoren stammten in der Regel aus adligem Hause, obwohl auch einige B\u00fcrgerliche Positionen innehaben konnten, meist in rangniedrigeren Rollen innerhalb des Senats.<\/p>\n<\/div><\/div><\/div><\/div><\/div><\/div><\/section>","protected":false},"excerpt":{"rendered":"<p class=\"p1\">Werden Sie Senator oder Senatorin im Orden der Minerva und nehmen Sie Ihren Platz in einer angesehenen und ehrenvollen Gemeinschaft ein, die sich Wissen, Werten und pers\u00f6nlicher Exzellenz widmet. Als Mitglied des Ordens der Minerva tragen Sie einen angesehenen Titel, der Bildung, Charakter und Individualit\u00e4t widerspiegelt und es Ihnen erm\u00f6glicht, sich auf eine wirklich einzigartige und herausragende Weise zu pr\u00e4sentieren.<\/p>\n<p class=\"p1\">Ihre Mitgliedschaft beinhaltet eine pr\u00e4chtige Ernennungsurkunde zum Senator, gestaltet in einem eleganten und historischen Stil, sowie eine exklusive goldene ID-Karte mit Ihrem Namen, Titel und Wappen. Zusammen bilden diese Elemente ein hochwertiges und eindrucksvolles Set, das Ihren neuen Status perfekt repr\u00e4sentiert und Ihre Mitgliedschaft im Orden der Minerva sowohl sichtbar als auch unvergesslich macht.<\/p>","protected":false},"featured_media":55708,"template":"","meta":{"_acf_changed":false,"yasr_overall_rating":0,"yasr_post_is_review":"","yasr_auto_insert_disabled":"","yasr_review_type":"","slim_seo":{"title":"Senator Order of Minerva - Buy Noble Titles Since 1999","description":"Werden Sie Senator oder Senatorin im Orden von Minerva und nehmen Sie Ihren Platz in einer angesehenen und ehrenvollen Gemeinschaft ein, die Wissen, Werte und pers\u00f6nliche..."}},"product_brand":[],"product_cat":[31],"product_tag":[92,95,96,97],"class_list":{"0":"post-61525","1":"product","2":"type-product","3":"status-publish","4":"has-post-thumbnail","6":"product_cat-order-of-minerva","7":"product_tag-minerva","8":"product_tag-orden","9":"product_tag-senator","10":"product_tag-senatorin","12":"first","13":"instock","14":"taxable","15":"shipping-taxable","16":"purchasable","17":"product-type-variable","18":"has-default-attributes"},"acf":[],"yasr_visitor_votes":{"stars_attributes":{"read_only":false,"span_bottom":false},"number_of_votes":0,"sum_votes":0},"_links":{"self":[{"href":"https:\/\/noble-society.net\/de\/wp-json\/wp\/v2\/product\/61525","targetHints":{"allow":["GET"]}}],"collection":[{"href":"https:\/\/noble-society.net\/de\/wp-json\/wp\/v2\/product"}],"about":[{"href":"https:\/\/noble-society.net\/de\/wp-json\/wp\/v2\/types\/product"}],"wp:featuredmedia":[{"embeddable":true,"href":"https:\/\/noble-society.net\/de\/wp-json\/wp\/v2\/media\/55708"}],"wp:attachment":[{"href":"https:\/\/noble-society.net\/de\/wp-json\/wp\/v2\/media?parent=61525"}],"wp:term":[{"taxonomy":"product_brand","embeddable":true,"href":"https:\/\/noble-society.net\/de\/wp-json\/wp\/v2\/product_brand?post=61525"},{"taxonomy":"product_cat","embeddable":true,"href":"https:\/\/noble-society.net\/de\/wp-json\/wp\/v2\/product_cat?post=61525"},{"taxonomy":"product_tag","embeddable":true,"href":"https:\/\/noble-society.net\/de\/wp-json\/wp\/v2\/product_tag?post=61525"}],"curies":[{"name":"wp","href":"https:\/\/api.w.org\/{rel}","templated":true}]}}