{"id":61526,"date":"2026-03-16T20:18:15","date_gmt":"2026-03-16T18:18:15","guid":{"rendered":"https:\/\/noble-society.net\/?post_type=product&#038;p=61526"},"modified":"2026-04-08T14:44:33","modified_gmt":"2026-04-08T11:44:33","slug":"lord-lady-von-anse-boileau","status":"publish","type":"product","link":"https:\/\/noble-society.net\/de\/buy-nobility-titles\/lord-lady-of-anse-boileau\/","title":{"rendered":"Lord \/ Lady of Anse Boileau"},"content":{"rendered":"<section class=\"l-section wpb_row height_small\"><div class=\"l-section-h i-cf\"><div class=\"g-cols vc_row via_grid cols_1 laptops-cols_inherit tablets-cols_inherit mobiles-cols_1 valign_top type_default stacking_default\"><div class=\"wpb_column vc_column_container\"><div class=\"vc_column-inner\"><div class=\"wpb_text_column\"><div class=\"wpb_wrapper\"><p class=\"p1\">Hier haben Sie die einzigartige Gelegenheit, ein kleines St\u00fcck Paradies zu erwerben. Werden Sie Miteigent\u00fcmer unseres <span class=\"s1\"><b>\u201cSchatzfarm\u201d<\/b><\/span> in den Bergen von Mah\u00e9, der Hauptinsel der Seychellen im Indischen Ozean, wo Fr\u00fcchte, Gem\u00fcse, Gew\u00fcrze und Blumen \u00fcppig gedeihen. Durch Ihren Landbesitz werden Sie gleichzeitig in Ihrem Ansehen erhoben und d\u00fcrfen offiziell den Titel tragen <span class=\"s1\"><b>\u201cHerr oder Lady of Anse Boileau.\u201d<\/b><\/span> Mit dem Kauf Ihres Zertifikats unterst\u00fctzen Sie zudem direkt das gesamte Dorf, das die Farm umgibt, und helfen damit den Einheimischen, weiterhin kostenlos von diesem Garten Eden zu profitieren.<\/p>\n<p class=\"p1\">Willkommen auf dieser atemberaubenden Paradiesfarm in den Bergen von Mah\u00e9, wo sich die reiche Vielfalt regionaler Pflanzen, Gew\u00fcrze und Kr\u00e4uter in perfekter Harmonie widerspiegelt.<\/p>\n<p class=\"p1\">Von Bananen, Zimt, Limetten und Zitronen bis hin zu Paprika, Papayas, drei verschiedenen Kokospalmenarten und Kr\u00e4utern wie Thymian und Oregano \u2013 dieses einzigartige Fleckchen Land bietet eine unglaubliche Vielfalt. Zudem genie\u00dfen Sie einen atemberaubenden Blick \u00fcber die Bucht von Anse Boileau, wo jeden Abend pr\u00e4chtige Sonnenunterg\u00e4nge den Himmel erleuchten.<\/p>\n<p>&nbsp;<\/p>\n<p><img loading=\"lazy\" decoding=\"async\" class=\"aligncenter size-large wp-image-3443\" src=\"https:\/\/adelstitel-kaufen.com\/wp-content\/uploads\/2021\/05\/1-1-1024x576.jpg\" alt=\"\" width=\"1024\" height=\"576\" \/><\/p>\n<div class=\"wp-block-image\">\n<p class=\"p1\">Der <span class=\"s1\"><b>Schatzfarm<\/b><\/span> befindet sich in den Bergen von Mah\u00e9, nahe der Bucht von Anse Boileau, wo magische Sonnenunterg\u00e4nge den Himmel am Abend erleuchten. Werden Sie Teil dieses wundersch\u00f6nen Paradieses und unterst\u00fctzen Sie direkt die lokale Gemeinschaft.<\/p>\n<p class=\"p1\">Das ganze Jahr \u00fcber gedeihen auf der Treasure Farm eine Vielzahl von Obst- und Gem\u00fcsesorten, die aus der Region des Indischen Ozeans stammen. Jonathan und seine Freunde aus der Nachbarschaft k\u00fcmmern sich sorgf\u00e4ltig um die Pflanzen und ernten gesunde, nahrhafte Produkte von au\u00dfergew\u00f6hnlicher nat\u00fcrlicher Qualit\u00e4t. V\u00f6llig frei von Chemikalien baut die Farm auf Wissen, Sorgfalt und Hingabe \u2013 so profitiert die gesamte Gemeinschaft von dieser einzigartigen Plantage.<\/p>\n<p><img loading=\"lazy\" decoding=\"async\" class=\"aligncenter size-full wp-image-3444\" src=\"https:\/\/adelstitel-kaufen.com\/wp-content\/uploads\/2021\/05\/01Feld.jpg\" alt=\"\" width=\"1024\" height=\"576\" \/><\/p>\n<div class=\"wp-block-image\">\n<div class=\"wp-block-image\">\n<p class=\"p1\">W\u00e4hrend der schwierigen Zeiten, die COVID-19 mit sich brachte, spielte die Treasure Farm eine wichtige Rolle als lebenswichtige Nahrungsquelle f\u00fcr die lokale Gemeinschaft. Jonathan teilte gro\u00dfz\u00fcgig alles, was er erntete, ohne jemals eine Gegenleistung zu erwarten. Dies spiegelt den warmen, gro\u00dfz\u00fcgigen und sozialbewussten Geist wider, der f\u00fcr die Menschen auf den Seychellen charakteristisch ist.<\/p>\n<p class=\"p1\">Sie sind selbstverst\u00e4ndlich jederzeit herzlich eingeladen, mit Jonathan auf \u201cIhrem\u201d Hof einen Tag zu verbringen.<\/p>\n<p class=\"p1\">Genie\u00dfen Sie gemeinsam fangfrisch gegrillten Red Snapper, nippen Sie an einem gek\u00fchlten Saft aus frisch gepfl\u00fcckten Orangen und genie\u00dfen Sie am Abend den atemberaubenden Sonnenuntergang. Jonathans bester Freund, Jockey, bringt Sie gerne von Ihrem Hotel zum Bauernhof und zur\u00fcck. Jockey bietet auch fantastische Inseltouren an, bei denen Sie alle Traumstr\u00e4nde von Mah\u00e9 entdecken k\u00f6nnen.<\/p>\n<h2><img loading=\"lazy\" decoding=\"async\" class=\"aligncenter size-full wp-image-3445\" src=\"https:\/\/adelstitel-kaufen.com\/wp-content\/uploads\/2021\/05\/02-Haus.jpg\" alt=\"\" width=\"1024\" height=\"576\" \/><\/h2>\n<p class=\"p1\"><b>Wo liegen die Seychellen?<\/b><b><\/b><\/p>\n<p class=\"p2\">Die Seychellen geh\u00f6ren geografisch zu Afrika. Sie liegen im n\u00f6rdlichen und westlichen Teil des Maskarenenplateaus, einem unterseeischen Kamm im westlichen Indischen Ozean. S\u00fcdlich der Seychellen liegen vor der Ostk\u00fcste Afrikas die Inselstaaten Madagaskar, Mauritius und die Komoren.<\/p>\n<p class=\"p1\"><b>Wie gro\u00df ist die Schatzfarm?<\/b><b><\/b><\/p>\n<p class=\"p2\">Die Farm erstreckt sich \u00fcber eine Gesamtfl\u00e4che von etwa 200 Acres, was ungef\u00e4hr 0,8 Quadratkilometern entspricht. Sie liegt in den Bergen mit einem sanft abfallenden Gel\u00e4nde. Jonathan hat \u00fcber viele Jahre engagierter Arbeit sorgf\u00e4ltig Terrassenfelder und Gartenbeete angelegt und so die nutzbare Fl\u00e4che effektiv vergr\u00f6\u00dfert. Ihre Miteigent\u00fcmerschaft erstreckt sich \u00fcber das gesamte Anwesen.<\/p>\n<p class=\"p1\"><b>Darf ich meine Farm besuchen?<\/b><b><\/b><\/p>\n<p class=\"p2\">Sie sind herzlich eingeladen, uns jederzeit einen Tag auf Ihrem Bauernhof zu verbringen. Gerne vermitteln wir Ihnen direkten Kontakt und organisieren den Transport mit unserem Freund Jockey, der Sie zum Bauernhof bringt und abends wieder zur\u00fcckbringt.<\/p>\n<p class=\"p1\"><b>Gibt es zus\u00e4tzliche Kosten?<\/b><b><\/b><\/p>\n<p class=\"p2\">Nein, absolut nicht. Dies ist eine private Vereinbarung, und mit dem Kauf Ihres Anteils ist alles vollst\u00e4ndig bezahlt. Es fallen jetzt und in Zukunft keine weiteren Kosten an.<\/p>\n<p class=\"p1\"><b>Was darf ich mit dem Bauernhof machen?<\/b><b><\/b><\/p>\n<p class=\"p2\">Bitte verstehen Sie Ihren Besitz als symbolisches Miteigentum. S\u00e4mtliche Betriebsrechte verbleiben bei Jonathan, der sich um den Hof und dessen Pflanzen k\u00fcmmert. Sie sind herzlich eingeladen, Zeit dort zu verbringen oder sogar im Garten zu campen, aber bitte planen Sie keine baulichen Ma\u00dfnahmen, wie zum Beispiel den Bau eines Hauses.<\/p>\n<p>&nbsp;<\/p>\n<p><img loading=\"lazy\" decoding=\"async\" class=\"aligncenter size-full wp-image-3448\" src=\"https:\/\/adelstitel-kaufen.com\/wp-content\/uploads\/2021\/05\/06banana.jpg\" alt=\"\" width=\"1024\" height=\"576\" \/><\/p>\n<p>&nbsp;<\/p>\n<p style=\"text-align: center;\"><img loading=\"lazy\" decoding=\"async\" class=\"aligncenter size-large wp-image-3603\" src=\"https:\/\/adelstitel-kaufen.com\/wp-content\/uploads\/2021\/05\/urkunde_v4-1024x706.png\" alt=\"\" width=\"1024\" height=\"706\" \/><\/p>\n<\/div>\n<\/div>\n<\/div>\n<\/div><\/div><\/div><\/div><\/div><\/div><\/section>","protected":false},"excerpt":{"rendered":"<p class=\"p1\">Sie werden Miteigent\u00fcmer dieses 2 Hektar gro\u00dfen Paradieses auf den Seychellen und erhalten dadurch den Titel <span class=\"s1\"><b>\u201cHerr oder Lady of Anse Boileau.\u201d<\/b><\/span> Sie erhalten eine wundersch\u00f6ne, elegant gestaltete Urkunde, die Ihre Miteigent\u00fcmerschaft und den Adelstitel best\u00e4tigt, zusammen mit einer farbenfrohen Brosch\u00fcre mit allen relevanten Informationen. Alles ist in einer attraktiven Geschenkmappe aufbereitet.<\/p>","protected":false},"featured_media":55627,"template":"","meta":{"_acf_changed":false,"yasr_overall_rating":0,"yasr_post_is_review":"","yasr_auto_insert_disabled":"","yasr_review_type":"","slim_seo":{"title":"Lord \/ Lady of Anse Boileau - Adelstitel kaufen seit 1999","description":"Sie werden Miteigent\u00fcmer dieses 2 Hektar gro\u00dfen Paradieses auf den Seychellen und erhalten dadurch den Titel \u201cLord of Lady of Anse Boileau\u201d. Sie erhalten ein"}},"product_brand":[],"product_cat":[568],"product_tag":[571,570,65,64,569],"class_list":{"0":"post-61526","1":"product","2":"type-product","3":"status-publish","4":"has-post-thumbnail","6":"product_cat-seychelles-title-fruit-plantation","7":"product_tag-afrika","8":"product_tag-anse-bioleau","9":"product_tag-lady","10":"product_tag-lord","11":"product_tag-seychellen","13":"first","14":"instock","15":"taxable","16":"shipping-taxable","17":"purchasable","18":"product-type-variable","19":"has-default-attributes"},"acf":[],"yasr_visitor_votes":{"stars_attributes":{"read_only":false,"span_bottom":false},"number_of_votes":0,"sum_votes":0},"_links":{"self":[{"href":"https:\/\/noble-society.net\/de\/wp-json\/wp\/v2\/product\/61526","targetHints":{"allow":["GET"]}}],"collection":[{"href":"https:\/\/noble-society.net\/de\/wp-json\/wp\/v2\/product"}],"about":[{"href":"https:\/\/noble-society.net\/de\/wp-json\/wp\/v2\/types\/product"}],"wp:featuredmedia":[{"embeddable":true,"href":"https:\/\/noble-society.net\/de\/wp-json\/wp\/v2\/media\/55627"}],"wp:attachment":[{"href":"https:\/\/noble-society.net\/de\/wp-json\/wp\/v2\/media?parent=61526"}],"wp:term":[{"taxonomy":"product_brand","embeddable":true,"href":"https:\/\/noble-society.net\/de\/wp-json\/wp\/v2\/product_brand?post=61526"},{"taxonomy":"product_cat","embeddable":true,"href":"https:\/\/noble-society.net\/de\/wp-json\/wp\/v2\/product_cat?post=61526"},{"taxonomy":"product_tag","embeddable":true,"href":"https:\/\/noble-society.net\/de\/wp-json\/wp\/v2\/product_tag?post=61526"}],"curies":[{"name":"wp","href":"https:\/\/api.w.org\/{rel}","templated":true}]}}