{"id":61547,"date":"2026-03-16T20:18:37","date_gmt":"2026-03-16T18:18:37","guid":{"rendered":"https:\/\/noble-society.net\/?post_type=product&#038;p=61547"},"modified":"2026-04-08T14:41:10","modified_gmt":"2026-04-08T11:41:10","slug":"spinola-conte","status":"publish","type":"product","link":"https:\/\/noble-society.net\/de\/buy-nobility-titles\/conte-de-spinola\/","title":{"rendered":"Conte de Spinola"},"content":{"rendered":"<section class=\"l-section wpb_row height_small\"><div class=\"l-section-h i-cf\"><div class=\"g-cols vc_row via_grid cols_1 laptops-cols_inherit tablets-cols_inherit mobiles-cols_1 valign_top type_default stacking_default\"><div class=\"wpb_column vc_column_container\"><div class=\"vc_column-inner\"><div class=\"wpb_text_column\"><div class=\"wpb_wrapper\"><p class=\"p1\">Spinola ist der Name einer der angesehensten und einflussreichsten Adelsfamilien Genuas, die eine zentrale Rolle in der politischen, wirtschaftlichen und milit\u00e4rischen Geschichte der Republik spielte. Als eine der f\u00fchrenden Dynastien des genuesischen Adels geh\u00f6rte die Familie Spinola zu der m\u00e4chtigen Gruppe von Adelsh\u00e4usern, die jahrhundertelang die Regierung der Seerepublik pr\u00e4gten. Bis Mitte des 18. Jahrhunderts besa\u00df sie mehrere Herzogstitel, darunter St. Pierro, St. Angelo, Sesto, St. Severino und Los Balbazes, was sowohl ihren Reichtum als auch ihren weitreichenden Einfluss in verschiedenen Regionen widerspiegelte.<\/p>\n<p class=\"p1\">Das fr\u00fcheste bekannte Mitglied der Familie war Guido Spinola, ein Ritter, der an den Kreuzz\u00fcgen teilnahm und zwischen 1102 und 1121 mehrmals als Konsul von Genua diente. Seine herausragende Rolle verdeutlicht den fr\u00fchen Aufstieg der Familie innerhalb der politischen Elite der Stadt. Seine S\u00f6hne, Ansaldo und Oberto, wurden die Gr\u00fcnder der beiden Hauptzweige der Familie, bekannt als Luccoli und St. Luca. Diese Zweige sollten die internen Dynamiken der genuesischen Politik pr\u00e4gen, h\u00e4ufig um die Macht konkurrieren und gleichzeitig den Gesamteinfluss des Namens Spinola st\u00e4rken.<\/p>\n<p class=\"p1\">W\u00e4hrend des Mittelalters war die Familie Spinola tief im Handel, Finanzwesen und in der territorialen Expansion engagiert. Ein bemerkenswertes Beispiel ist die Erwerbung der Stadt Lucca im Jahr 1340 durch ein Mitglied der Familie Spinola f\u00fcr die betr\u00e4chtliche Summe von 30.000 Gulden, was sowohl ihre immensen finanziellen Ressourcen als auch ihren Ehrgeiz zur Erweiterung ihres Einflussbereichs \u00fcber Genua hinaus zeigt. Die Familie spielte auch eine wichtige Rolle in der Verwaltung von \u00dcberseegebieten: Im Jahr 1453 wurde Antonio Spinola zum ersten genuesischen Gouverneur von Korsika ernannt, was einen bedeutenden Schritt in der Kontrolle Genuas \u00fcber die Insel darstellte.<\/p>\n<p class=\"p1\">Neben ihren politischen und wirtschaftlichen Errungenschaften war die Familie Spinola auch f\u00fcr ihre milit\u00e4rische F\u00fchrung und ihren diplomatischen Einfluss bekannt. Das vielleicht ber\u00fchmteste Mitglied der Familie ist Ambrogio Spinola (1569\u20131630), ein gefeierter General in spanischen Diensten, der w\u00e4hrend des Achtzigj\u00e4hrigen Krieges Truppen befehligte und bedeutende Siege errang, darunter die ber\u00fchmte Belagerung von Breda. Seine milit\u00e4rischen Erfolge brachten ihm in ganz Europa gro\u00dfe Anerkennung ein und steigerten die Bedeutung der Familie Spinola weit \u00fcber Italien hinaus.<\/p>\n<p class=\"p1\">Filippo Spinola, Markgraf von Sesto und Venafro (1559\u20131585), st\u00e4rkte die adligen Verbindungen der Familie weiter durch seine Heirat mit Prinzessin Policena von Salerno. Aus dieser Verbindung gingen drei S\u00f6hne hervor, die die Abstammung und den Einfluss der Familie fortsetzten. Durch strategische Ehen, politische \u00c4mter und milit\u00e4rische Erfolge sicherte sich die Familie Spinola ein bleibendes Erbe als eines der f\u00fchrenden Adelsgeschlechter nicht nur Genuas, sondern des gesamten fr\u00fchneuzeitlichen Europas.<\/p>\n<\/div><\/div><\/div><\/div><\/div><\/div><\/section>","protected":false},"excerpt":{"rendered":"<p class=\"p1\">Spinola ist der Name einer der angesehensten Adelsfamilien Genuas, die historisch zur herrschenden Aristokratie der Stadt geh\u00f6rte und eine bedeutende Rolle im politischen und wirtschaftlichen Leben spielte. Als eine der f\u00fchrenden Dynastien der Republik Genua geh\u00f6rte die Familie Spinola zu der Elitetruppe von Adelsgeschlechtern, die die Regierungsf\u00fchrung und den internationalen Einfluss dieser wichtigen Seemacht pr\u00e4gten. Ihre Bedeutung erstreckte sich \u00fcber Jahrhunderte, gekennzeichnet durch politische Autorit\u00e4t, aus dem Handel resultierenden Reichtum und starke Verbindungen innerhalb des europ\u00e4ischen Adels.<\/p>\n<p class=\"p1\"><i>Conta<\/i> bedeutet \u201cGraf\u201d.\u201d<\/p>","protected":false},"featured_media":55779,"template":"","meta":{"_acf_changed":false,"yasr_overall_rating":0,"yasr_post_is_review":"","yasr_auto_insert_disabled":"","yasr_review_type":"","slim_seo":{"title":"Conte de Spinola - Adelstitel seit 1999 kaufen","description":"Spinola ist der Name einer der angesehensten Adelsfamilien Genuas, die historisch zur herrschenden Aristokratie der Stadt geh\u00f6rte und eine bedeutende Rolle spielte"}},"product_brand":[],"product_cat":[573],"product_tag":[],"class_list":{"0":"post-61547","1":"product","2":"type-product","3":"status-publish","4":"has-post-thumbnail","6":"product_cat-italian-noble-titles","8":"first","9":"instock","10":"taxable","11":"shipping-taxable","12":"purchasable","13":"product-type-variable","14":"has-default-attributes"},"acf":[],"yasr_visitor_votes":{"stars_attributes":{"read_only":false,"span_bottom":false},"number_of_votes":0,"sum_votes":0},"_links":{"self":[{"href":"https:\/\/noble-society.net\/de\/wp-json\/wp\/v2\/product\/61547","targetHints":{"allow":["GET"]}}],"collection":[{"href":"https:\/\/noble-society.net\/de\/wp-json\/wp\/v2\/product"}],"about":[{"href":"https:\/\/noble-society.net\/de\/wp-json\/wp\/v2\/types\/product"}],"wp:featuredmedia":[{"embeddable":true,"href":"https:\/\/noble-society.net\/de\/wp-json\/wp\/v2\/media\/55779"}],"wp:attachment":[{"href":"https:\/\/noble-society.net\/de\/wp-json\/wp\/v2\/media?parent=61547"}],"wp:term":[{"taxonomy":"product_brand","embeddable":true,"href":"https:\/\/noble-society.net\/de\/wp-json\/wp\/v2\/product_brand?post=61547"},{"taxonomy":"product_cat","embeddable":true,"href":"https:\/\/noble-society.net\/de\/wp-json\/wp\/v2\/product_cat?post=61547"},{"taxonomy":"product_tag","embeddable":true,"href":"https:\/\/noble-society.net\/de\/wp-json\/wp\/v2\/product_tag?post=61547"}],"curies":[{"name":"wp","href":"https:\/\/api.w.org\/{rel}","templated":true}]}}