{"id":61548,"date":"2026-03-16T20:18:37","date_gmt":"2026-03-16T18:18:37","guid":{"rendered":"https:\/\/noble-society.net\/?post_type=product&#038;p=61548"},"modified":"2026-04-08T14:40:52","modified_gmt":"2026-04-08T11:40:52","slug":"herzog-von-colonna","status":"publish","type":"product","link":"https:\/\/noble-society.net\/de\/buy-nobility-titles\/duca-de-colonna\/","title":{"rendered":"Duca de Colonna"},"content":{"rendered":"<section class=\"l-section wpb_row height_small\"><div class=\"l-section-h i-cf\"><div class=\"g-cols vc_row via_grid cols_1 laptops-cols_inherit tablets-cols_inherit mobiles-cols_1 valign_top type_default stacking_default\"><div class=\"wpb_column vc_column_container\"><div class=\"vc_column-inner\"><div class=\"wpb_text_column\"><div class=\"wpb_wrapper\"><p class=\"p1\">Die Familie Colonna stammt von den Grafen von Tusculum ab, die im 10. und 11. Jahrhundert die Macht in der Stadt Rom innehatten und acht P\u00e4pste hervorbrachten. Ihr Stammvater war Markgraf Alberich I. von Spoleto (* vor 889; \u2020 zwischen 917 und 925). Ein Petrus de Columna (ca. 1078\u20131108) wird 1101 als Sohn von Gregor von Tusculum (Gregor II., \u2020 vor 1064) sowie als Bruder eines Gregor und eines Tolomeo erw\u00e4hnt; die genauen Familienverh\u00e4ltnisse sind jedoch nicht vollst\u00e4ndig gekl\u00e4rt.<\/p>\n<p class=\"p1\">Der Name <i>S\u00e4ule<\/i> stammt aus der Stadt Colonna, die in den Albaner Bergen nahe Tusculum liegt. Colonna und Palestrina wurden von Papst Paschalis II. konfisziert, aber sp\u00e4ter dem genannten Petrus de Columna von Papst Honorius II. zur\u00fcckgegeben.<\/p>\n<p class=\"p1\">W\u00e4hrend des Hoch- und Sp\u00e4tmittelalters, vom 11. bis zum 16. Jahrhundert, \u00fcbte die Familie Colonna erheblichen Einfluss auf die Angelegenheiten des Kirchenstaates und die Papstwahlen aus. Dieser Einfluss beruhte auf ihren zahlreichen Burgen und ausgedehnten L\u00e4ndereien \u2013 insbesondere der Stadt Palestrina \u2013, sowie auf ihrem gro\u00dfen Netzwerk von Klienten und Anh\u00e4ngern.<\/p>\n<\/div><\/div><\/div><\/div><\/div><\/div><\/section>","protected":false},"excerpt":{"rendered":"<p class=\"p1\">Der Name <i>S\u00e4ule<\/i> stammt aus der Stadt Colonna, die in den Albaner Bergen in der N\u00e4he von Tusculum liegt. Dieser Ort, der nicht weit vom antiken Zentrum von Tusculum entfernt liegt, gab der einflussreichen Adelsfamilie ihren Namen und spiegelt ihre geografischen und historischen Wurzeln in dieser Region Italiens wider. Die Verbindung zu diesem Ort unterstreicht die langj\u00e4hrige Pr\u00e4senz und Bedeutung der Familie in der Umgebung Roms.<\/p>\n<p class=\"p1\"><i>Herzog<\/i> bedeutet Herzog.<\/p>","protected":false},"featured_media":55737,"template":"","meta":{"_acf_changed":false,"yasr_overall_rating":0,"yasr_post_is_review":"","yasr_auto_insert_disabled":"","yasr_review_type":"","slim_seo":{"title":"Duca de Colonna - Adelstitel kaufen seit 1999","description":"Der Name Colonna leitet sich von der Stadt Colonna ab, die in den Albaner Bergen in der N\u00e4he von Tusculum liegt. Dieser Ort, unweit des antiken Zentrums von Tusculum gelegen, g"}},"product_brand":[],"product_cat":[573],"product_tag":[],"class_list":{"0":"post-61548","1":"product","2":"type-product","3":"status-publish","4":"has-post-thumbnail","6":"product_cat-italian-noble-titles","8":"first","9":"instock","10":"taxable","11":"shipping-taxable","12":"purchasable","13":"product-type-variable","14":"has-default-attributes"},"acf":[],"yasr_visitor_votes":{"stars_attributes":{"read_only":false,"span_bottom":false},"number_of_votes":0,"sum_votes":0},"_links":{"self":[{"href":"https:\/\/noble-society.net\/de\/wp-json\/wp\/v2\/product\/61548","targetHints":{"allow":["GET"]}}],"collection":[{"href":"https:\/\/noble-society.net\/de\/wp-json\/wp\/v2\/product"}],"about":[{"href":"https:\/\/noble-society.net\/de\/wp-json\/wp\/v2\/types\/product"}],"wp:featuredmedia":[{"embeddable":true,"href":"https:\/\/noble-society.net\/de\/wp-json\/wp\/v2\/media\/55737"}],"wp:attachment":[{"href":"https:\/\/noble-society.net\/de\/wp-json\/wp\/v2\/media?parent=61548"}],"wp:term":[{"taxonomy":"product_brand","embeddable":true,"href":"https:\/\/noble-society.net\/de\/wp-json\/wp\/v2\/product_brand?post=61548"},{"taxonomy":"product_cat","embeddable":true,"href":"https:\/\/noble-society.net\/de\/wp-json\/wp\/v2\/product_cat?post=61548"},{"taxonomy":"product_tag","embeddable":true,"href":"https:\/\/noble-society.net\/de\/wp-json\/wp\/v2\/product_tag?post=61548"}],"curies":[{"name":"wp","href":"https:\/\/api.w.org\/{rel}","templated":true}]}}