{"id":61549,"date":"2026-03-16T20:18:37","date_gmt":"2026-03-16T18:18:37","guid":{"rendered":"https:\/\/noble-society.net\/?post_type=product&#038;p=61549"},"modified":"2026-04-08T14:42:25","modified_gmt":"2026-04-08T11:42:25","slug":"prinzip-von-visconti","status":"publish","type":"product","link":"https:\/\/noble-society.net\/de\/buy-nobility-titles\/principe-de-visconti\/","title":{"rendered":"Principe de Visconti"},"content":{"rendered":"<section class=\"l-section wpb_row height_small\"><div class=\"l-section-h i-cf\"><div class=\"g-cols vc_row via_grid cols_1 laptops-cols_inherit tablets-cols_inherit mobiles-cols_1 valign_top type_default stacking_default\"><div class=\"wpb_column vc_column_container\"><div class=\"vc_column-inner\"><div class=\"wpb_text_column\"><div class=\"wpb_wrapper\"><p class=\"p1\">Die Visconti sind der Name einer der wichtigsten und einflussreichsten Adelsfamilien Italiens, die \u00fcber mehrere Jahrhunderte das Schicksal Mailands und gro\u00dfer Teile der Lombardei pr\u00e4gten. Die Familie beanspruchte eine angesehene Abstammung von Desiderius, dem letzten K\u00f6nig der Langobarden, und st\u00e4rkte damit ihren Machtanspruch und gab ihrer Herrschaft eine tiefe historische Grundlage.<\/p>\n<p class=\"p1\">Schon im 11. Jahrhundert besa\u00df die Familie Visconti ausgedehnte L\u00e4ndereien, insbesondere in strategisch wichtigen Regionen um den Comer See und den Lago Maggiore. Diese Besitzungen bildeten die Grundlage ihrer wirtschaftlichen St\u00e4rke und ihres politischen Aufstiegs. Durch strategische Heiraten, diplomatisches Geschick und milit\u00e4rische Macht erweiterte die Familie stetig ihren Einfluss.<\/p>\n<p class=\"p1\">Ein entscheidender Wendepunkt kam im sp\u00e4ten 13. Jahrhundert: 1277 und erneut 1281 besiegten die Ghibellinen-nahen Visconti die Guelfen-Familie della Torre, die zuvor Mailand kontrolliert hatte. Nach diesen Siegen etablierten sich die Visconti als <i>Podest\u00e0<\/i> und sp\u00e4ter als <i>Meine Damen und Herren<\/i> von Mailand. Obwohl die della Torre zwischen 1302 und 1311 kurzzeitig die Macht zur\u00fcckgewannen, sicherten sich die Visconti letztendlich ihre Herrschaft und festigten sie.<\/p>\n<p class=\"p1\">Unter der F\u00fchrung der Visconti entwickelte sich Mailand zu einer der m\u00e4chtigsten und wohlhabendsten St\u00e4dte Europas. Eine Schl\u00fcsselfigur war Gian Galeazzo Visconti, der 1395 von K\u00f6nig Wenzel offiziell zum Herzog von Mailand erhoben wurde. Mit diesem Titel erreichte die Familie den H\u00f6hepunkt ihrer Macht und regierte als Herz\u00f6ge \u00fcber ein riesiges Territorium, das gro\u00dfe Teile Norditaliens umfasste.<\/p>\n<p class=\"p1\">Die Herrschaft der Visconti war nicht nur von milit\u00e4rischer Expansion, sondern auch von kulturellem und wirtschaftlichem Fortschritt gepr\u00e4gt. Bemerkenswerte architektonische Projekte wurden w\u00e4hrend ihrer Herrschaft initiiert, allen voran der Bau des Mail\u00e4nder Doms, der unter Gian Galeazzo begann. Die Familie f\u00f6rderte auch Kunst, Architektur und Verwaltung und trug wesentlich zur Entwicklung Mailands als Kulturzentrum bei.<\/p>\n<p class=\"p1\">Mit dem Tod Filippo Maria Viscontis im Jahr 1447 erlosch die m\u00e4nnliche Linie des Herrscherzweigs. Da er keinen legitimen m\u00e4nnlichen Erben hinterlie\u00df, fiel das Herzogtum Mailand an seinen Schwiegersohn Francesco Sforza, der mit der Familie Visconti verheiratet war. Dies markierte den Beginn der Sforza-Dynastie, die Mailand bis 1535 regierte und viele der von den Visconti geschaffenen Strukturen und Errungenschaften fortsetzte.<\/p>\n<p class=\"p1\">Trotz des Endes ihrer direkten Herrschaft blieb der Name Visconti \u00fcber Jahrhunderte hinweg ein Symbol f\u00fcr Macht, politischen Einfluss und kulturelle Bedeutung in Italien. Ihre Geschichte ist untrennbar mit dem Aufstieg Mailands zu einer der f\u00fchrenden St\u00e4dte Europas verbunden.<\/p>\n<\/div><\/div><\/div><\/div><\/div><\/div><\/section>","protected":false},"excerpt":{"rendered":"<p class=\"p1\">Die Visconti sind der Name einer der bedeutendsten und einflussreichsten Adelsfamilien Italiens, die \u00fcber mehrere Jahrhunderte das Schicksal Mailands und gro\u00dfer Teile der Lombardei pr\u00e4gten. Die Familie beanspruchte eine prestigetr\u00e4chtige Abstammung von Desiderius, dem letzten K\u00f6nig der Langobarden.<\/p>","protected":false},"featured_media":55780,"template":"","meta":{"_acf_changed":false,"yasr_overall_rating":0,"yasr_post_is_review":"","yasr_auto_insert_disabled":"","yasr_review_type":"","slim_seo":{"title":"Visconti Princedom \u2013 Adelstitel kaufen seit 1999","description":"Die Visconti sind der Name einer der bedeutendsten und einflussreichsten Adelsfamilien Italiens, die \u00fcber mehrere Jahrhunderte die Geschicke Mailands und gro\u00dfer Teile der Lombardei pr\u00e4gten."}},"product_brand":[],"product_cat":[573],"product_tag":[],"class_list":{"0":"post-61549","1":"product","2":"type-product","3":"status-publish","4":"has-post-thumbnail","6":"product_cat-italian-noble-titles","8":"first","9":"instock","10":"taxable","11":"shipping-taxable","12":"purchasable","13":"product-type-variable","14":"has-default-attributes"},"acf":[],"yasr_visitor_votes":{"stars_attributes":{"read_only":false,"span_bottom":false},"number_of_votes":0,"sum_votes":0},"_links":{"self":[{"href":"https:\/\/noble-society.net\/de\/wp-json\/wp\/v2\/product\/61549","targetHints":{"allow":["GET"]}}],"collection":[{"href":"https:\/\/noble-society.net\/de\/wp-json\/wp\/v2\/product"}],"about":[{"href":"https:\/\/noble-society.net\/de\/wp-json\/wp\/v2\/types\/product"}],"wp:featuredmedia":[{"embeddable":true,"href":"https:\/\/noble-society.net\/de\/wp-json\/wp\/v2\/media\/55780"}],"wp:attachment":[{"href":"https:\/\/noble-society.net\/de\/wp-json\/wp\/v2\/media?parent=61549"}],"wp:term":[{"taxonomy":"product_brand","embeddable":true,"href":"https:\/\/noble-society.net\/de\/wp-json\/wp\/v2\/product_brand?post=61549"},{"taxonomy":"product_cat","embeddable":true,"href":"https:\/\/noble-society.net\/de\/wp-json\/wp\/v2\/product_cat?post=61549"},{"taxonomy":"product_tag","embeddable":true,"href":"https:\/\/noble-society.net\/de\/wp-json\/wp\/v2\/product_tag?post=61549"}],"curies":[{"name":"wp","href":"https:\/\/api.w.org\/{rel}","templated":true}]}}