{"id":61550,"date":"2026-03-16T20:18:37","date_gmt":"2026-03-16T18:18:37","guid":{"rendered":"https:\/\/noble-society.net\/?post_type=product&#038;p=61550"},"modified":"2026-04-08T14:42:07","modified_gmt":"2026-04-08T11:42:07","slug":"kaffeeplantage-und-lord-lady-von-maimahiu","status":"publish","type":"product","link":"https:\/\/noble-society.net\/de\/buy-nobility-titles\/coffee-plantation-and-lord-lady-of-maimahiu\/","title":{"rendered":"Kaffeeplantage und Lord \/ Lady of Maimahiu"},"content":{"rendered":"<section class=\"l-section wpb_row height_small\"><div class=\"l-section-h i-cf\"><div class=\"g-cols vc_row via_grid cols_1 laptops-cols_inherit tablets-cols_inherit mobiles-cols_1 valign_top type_default stacking_default\"><div class=\"wpb_column vc_column_container\"><div class=\"vc_column-inner\"><div class=\"wpb_text_column\"><div class=\"wpb_wrapper\"><p class=\"p1\">Werden Sie Herr oder Frau \u00fcber eine Kaffeeplantage in Kenia.<\/p>\n<p class=\"p1\">Rund 30 Kilometer n\u00f6rdlich von Nairobi, der Hauptstadt Kenias, haben wir ein St\u00fcck Land im Bezirk Nakuru erworben. Die Anwohner bauen auf diesem Land Kaffee an und d\u00fcrfen die Ernte selbst behalten und verkaufen. Wir versorgen die Bauern mit allen notwendigen Werkzeugen, Wasser und Transportmitteln. Diese Kaffeeplantage wird durch den Kauf eines Miteigentumsanteils finanziert. Wenn Sie Miteigent\u00fcmer werden, erhalten Sie das Eigentumsrecht <span class=\"s1\"><b>\u201cHerr oder Frau von Nakuru\u201d.\u201d<\/b><\/span> Kenia ist Teil des britischen Commonwealth, weshalb in diesem Zusammenhang auch anglisierte Adelstitel verwendet werden.<\/p>\n<p class=\"p1\">Neben der Kaffeeplantage haben wir auch ein St\u00fcck Land in Embu (etwa 120 Kilometer nord\u00f6stlich von Nairobi, in Richtung Mount Kenia) erworben. Dort haben wir einen Brunnen gebaut, und die Bewohner des nahe gelegenen Dorfes k\u00f6nnen auf diesem Land anbauen, was sie brauchen. Dazu geh\u00f6ren vor allem Gem\u00fcse und verschiedene Kr\u00e4uter. Der Gemeinschaftsgarten wird teilweise aus den Ertr\u00e4gen der Kaffeeplantage finanziert.<\/p>\n<p class=\"p1\">Mit Ihrer Bestellung erhalten Sie:<\/p>\n<ul>\n<li>\n<p class=\"p1\">Adelstitel <span class=\"s1\"><b>Lord \/ Lady of Maimahiu oder Embu<\/b><\/span> (frei w\u00e4hlbar)<\/p>\n<\/li>\n<li>\n<p class=\"p1\">Sch\u00f6n gestaltete Ernennungs- und Eigentumsurkunden<\/p>\n<\/li>\n<li>\n<p class=\"p1\">Volles Recht zur Verwendung Ihres pers\u00f6nlichen Wappens (siehe Abbildung)<\/p>\n<\/li>\n<li>\n<p class=\"p1\">Umfassende Informationen \u00fcber das Projekt, das Land und die Menschen<\/p>\n<\/li>\n<li>\n<p class=\"p1\">Keine wiederkehrenden Kosten - mit Ihrer Zahlung werden Sie Miteigent\u00fcmer der Kaffeeplantage<\/p>\n<\/li>\n<\/ul>\n<p>&nbsp;<\/p>\n<figure id=\"attachment_55751\" aria-describedby=\"caption-attachment-55751\" style=\"width: 1152px\" class=\"wp-caption alignnone\"><a href=\"https:\/\/www.google.com\/maps?q=-0.9536052,36.5306993&amp;z=17&amp;hl=de\"><img loading=\"lazy\" decoding=\"async\" class=\"size-full wp-image-55751\" src=\"https:\/\/noble-society.net\/wp-content\/uploads\/2021\/10\/kenya-plantage_lage.jpg\" alt=\"\" width=\"1152\" height=\"933\" srcset=\"https:\/\/noble-society.net\/wp-content\/uploads\/2021\/10\/kenya-plantage_lage.jpg 1152w, https:\/\/noble-society.net\/wp-content\/uploads\/2021\/10\/kenya-plantage_lage-600x486.jpg 600w, https:\/\/noble-society.net\/wp-content\/uploads\/2021\/10\/kenya-plantage_lage-300x243.jpg 300w, https:\/\/noble-society.net\/wp-content\/uploads\/2021\/10\/kenya-plantage_lage-1024x829.jpg 1024w, https:\/\/noble-society.net\/wp-content\/uploads\/2021\/10\/kenya-plantage_lage-768x622.jpg 768w, https:\/\/noble-society.net\/wp-content\/uploads\/2021\/10\/kenya-plantage_lage-15x12.jpg 15w, https:\/\/noble-society.net\/wp-content\/uploads\/2021\/10\/kenya-plantage_lage-465x377.jpg 465w, https:\/\/noble-society.net\/wp-content\/uploads\/2021\/10\/kenya-plantage_lage-617x500.jpg 617w, https:\/\/noble-society.net\/wp-content\/uploads\/2021\/10\/kenya-plantage_lage-100x81.jpg 100w, https:\/\/noble-society.net\/wp-content\/uploads\/2021\/10\/kenya-plantage_lage-30x24.jpg 30w, https:\/\/noble-society.net\/wp-content\/uploads\/2021\/10\/kenya-plantage_lage-494x400.jpg 494w, https:\/\/noble-society.net\/wp-content\/uploads\/2021\/10\/kenya-plantage_lage-60x49.jpg 60w\" sizes=\"auto, (max-width: 1152px) 100vw, 1152px\" \/><\/a><figcaption id=\"caption-attachment-55751\" class=\"wp-caption-text\"><strong>Bitte klicken Sie auf die Karte, um die Kaffeeplantage auf Google Maps zu sehen.<\/strong><\/figcaption><\/figure>\n<\/div><\/div><\/div><\/div><\/div><\/div><\/section>","protected":false},"excerpt":{"rendered":"<div id=\"content\" class=\"site-content\">\n<div id=\"primary\" class=\"content-area\">\n<p class=\"p1\">Sie werden Miteigent\u00fcmer unserer Kaffeeplantage und erhalten damit den Titel eines <span class=\"s1\"><b>Herr oder Lady of Maimahiu<\/b><\/span>. Als Teil dieses einzigartigen Erlebnisses erhalten Sie einmal im Jahr Kaffee von Ihrer eigenen Plantage und k\u00f6nnen so den authentischen Geschmack Kenias genie\u00dfen, der auf Land angebaut wird, das Ihnen mitgeh\u00f6rt.<\/p>\n<p class=\"p1\">Diese besondere Verbindung zu Ihrer Plantage macht den Titel mehr als nur einen Namen \u2013 sie wird zu einer bleibenden Erfahrung. Jedes Jahr erinnert Ihr Kaffee an Ihren Besitz und Ihren Beitrag zur Unterst\u00fctzung lokaler Landwirte, was Ihren Titel sowohl bedeutungsvoll als auch angenehm macht.<\/p>\n<\/div>\n<\/div>\n<footer id=\"colophon\" class=\"site-footer\" role=\"contentinfo\">\n<div class=\"wrap\">\n<aside class=\"widget-area\" role=\"complementary\" aria-label=\"Fu\u00dfzeile\">\n<div class=\"widget-column footer-widget-1\"><\/div>\n<\/aside>\n<\/div>\n<\/footer>","protected":false},"featured_media":55742,"template":"","meta":{"_acf_changed":false,"yasr_overall_rating":0,"yasr_post_is_review":"","yasr_auto_insert_disabled":"","yasr_review_type":"","slim_seo":{"title":"Coffee plantation and Lord \/ Lady of Maimahiu - Buy Noble Titles Since 1999","description":"Sie werden Miteigent\u00fcmer unserer Kaffeeplantage und erhalten dadurch den Titel eines Lord oder Lady of Maimahiu. Als Teil dieses einzigartigen Erlebnisses erhalten Sie"}},"product_brand":[],"product_cat":[574],"product_tag":[],"class_list":{"0":"post-61550","1":"product","2":"type-product","3":"status-publish","4":"has-post-thumbnail","6":"product_cat-kenyan-title-coffee-plantation","8":"first","9":"instock","10":"taxable","11":"shipping-taxable","12":"purchasable","13":"product-type-variable","14":"has-default-attributes"},"acf":[],"yasr_visitor_votes":{"stars_attributes":{"read_only":false,"span_bottom":false},"number_of_votes":0,"sum_votes":0},"_links":{"self":[{"href":"https:\/\/noble-society.net\/de\/wp-json\/wp\/v2\/product\/61550","targetHints":{"allow":["GET"]}}],"collection":[{"href":"https:\/\/noble-society.net\/de\/wp-json\/wp\/v2\/product"}],"about":[{"href":"https:\/\/noble-society.net\/de\/wp-json\/wp\/v2\/types\/product"}],"wp:featuredmedia":[{"embeddable":true,"href":"https:\/\/noble-society.net\/de\/wp-json\/wp\/v2\/media\/55742"}],"wp:attachment":[{"href":"https:\/\/noble-society.net\/de\/wp-json\/wp\/v2\/media?parent=61550"}],"wp:term":[{"taxonomy":"product_brand","embeddable":true,"href":"https:\/\/noble-society.net\/de\/wp-json\/wp\/v2\/product_brand?post=61550"},{"taxonomy":"product_cat","embeddable":true,"href":"https:\/\/noble-society.net\/de\/wp-json\/wp\/v2\/product_cat?post=61550"},{"taxonomy":"product_tag","embeddable":true,"href":"https:\/\/noble-society.net\/de\/wp-json\/wp\/v2\/product_tag?post=61550"}],"curies":[{"name":"wp","href":"https:\/\/api.w.org\/{rel}","templated":true}]}}