{"id":61551,"date":"2026-03-16T20:18:37","date_gmt":"2026-03-16T18:18:37","guid":{"rendered":"https:\/\/noble-society.net\/?post_type=product&#038;p=61551"},"modified":"2026-04-08T14:41:47","modified_gmt":"2026-04-08T11:41:47","slug":"pascha-von-safaga-2","status":"publish","type":"product","link":"https:\/\/noble-society.net\/de\/buy-nobility-titles\/pasha-of-safaga\/","title":{"rendered":"Pascha von Safaga"},"content":{"rendered":"<section class=\"l-section wpb_row height_small\"><div class=\"l-section-h i-cf\"><div class=\"g-cols vc_row via_grid cols_1 laptops-cols_inherit tablets-cols_inherit mobiles-cols_1 valign_top type_default stacking_default\"><div class=\"wpb_column vc_column_container\"><div class=\"vc_column-inner\"><div class=\"wpb_text_column\"><div class=\"wpb_wrapper\"><p class=\"p1\"><b>Pascha von Safaga werden<\/b><b><\/b><\/p>\n<p class=\"p3\">Safaga ist eine Hafenstadt in \u00c4gypten am Roten Meer. Der Hafen des alten pharaonischen K\u00f6nigreichs ist \u00fcber 4.000 Jahre alt. Im Jahr 2006 entdeckten Forscher der Universit\u00e4ten von Boston und Neapel in f\u00fcnf H\u00f6hlen s\u00fcdlich von Safaga am Roten Meer Seilreste und Holzplanken, die zum Beladen von Booten verwendet wurden. Sie fanden auch Fragmente einer Kiste mit der Aufschrift \u201cWunder des Landes Punt\u201d sowie den teilweise erhaltenen Namen von Amenemhet III. Die \u00e4gyptische Antikenbeh\u00f6rde in Kairo sieht dies als weiteren Beweis daf\u00fcr, dass die alten \u00c4gypter in der Zeit der Pharaonen Seeverkehr mit Punt trieben.<\/p>\n<p class=\"p3\">In Safaga besitzen wir ein kleines Grundst\u00fcck, an dem wir Ihnen Miteigentum gew\u00e4hren. Damit sind Sie der \u201cLord\u201d der Liegenschaft und berechtigt, den Titel zu f\u00fchren <span class=\"s1\"><b>Pascha<\/b><\/span>.<\/p>\n<p class=\"p1\"><b>Sie erhalten:<\/b><b><\/b><\/p>\n<ul>\n<li>\n<p class=\"p1\"><span class=\"s1\">Titel <\/span><b>Pascha von Safaga<\/b><b><\/b><\/p>\n<\/li>\n<li>\n<p class=\"p1\">Wundersch\u00f6n gestaltete Terminbest\u00e4tigungen<\/p>\n<\/li>\n<li>\n<p class=\"p1\">Volles Recht zur Verwendung Ihres pers\u00f6nlichen Wappens (siehe Abbildung)<\/p>\n<\/li>\n<li>\n<p class=\"p1\">Umfassende Informationen \u00fcber Ihr Eigentum, das Land und seine Bev\u00f6lkerung<\/p>\n<\/li>\n<li>\n<p class=\"p1\">Alles in einer eleganten Geschenkmappe pr\u00e4sentiert<\/p>\n<\/li>\n<\/ul>\n<p class=\"p3\">Wir bitten um Ihr Verst\u00e4ndnis, dass es keine offizielle weibliche Form des Titels \u201cPascha\u201d gibt. Der Name \u201cPascha\u201d selbst soll \u201can Ostern geboren\u201d bedeuten. Die weibliche Form des Namens ist \u201cPasclina\u201d, welche dieselbe Bedeutung tr\u00e4gt. Gerne stellen wir Ihnen eine Urkunde mit der femininen Form aus. <span class=\"s1\"><b>\u201cPasclina von Safaga\u201d<\/b><\/span> obwohl es keinen formellen Titel darstellt.<\/p>\n<\/div><\/div><\/div><\/div><\/div><\/div><\/section>","protected":false},"excerpt":{"rendered":"<p class=\"p1\">Pascha war der Titel der rangh\u00f6chsten zivilen Beamten und milit\u00e4rischen F\u00fchrer in \u00c4gypten. Bis 1867 wurde dem Gouverneur der Titel Pascha verliehen. Mehrere Beys dienten unter ihm als Gouverneure der Unterprovinzen. Als Zeichen ihres Ranges trugen die Paschas zwei bis drei Pferdeschwanz-Standarten vor sich her.<\/p>","protected":false},"featured_media":55759,"template":"","meta":{"_acf_changed":false,"yasr_overall_rating":0,"yasr_post_is_review":"","yasr_auto_insert_disabled":"","yasr_review_type":"","slim_seo":{"title":"Pasha von Safaga \u2013 Adelstitel kaufen seit 1999","description":"Pascha war der Titel der rangh\u00f6chsten zivilen Beamten und Milit\u00e4rf\u00fchrer in \u00c4gypten. Bis 1867 wurde dem Gouverneur der Paschaprang verliehen. Mehrere Beys"}},"product_brand":[],"product_cat":[575],"product_tag":[],"class_list":{"0":"post-61551","1":"product","2":"type-product","3":"status-publish","4":"has-post-thumbnail","6":"product_cat-egyptian-pasha-title","8":"first","9":"instock","10":"taxable","11":"shipping-taxable","12":"purchasable","13":"product-type-variable","14":"has-default-attributes"},"acf":[],"yasr_visitor_votes":{"stars_attributes":{"read_only":false,"span_bottom":false},"number_of_votes":0,"sum_votes":0},"_links":{"self":[{"href":"https:\/\/noble-society.net\/de\/wp-json\/wp\/v2\/product\/61551","targetHints":{"allow":["GET"]}}],"collection":[{"href":"https:\/\/noble-society.net\/de\/wp-json\/wp\/v2\/product"}],"about":[{"href":"https:\/\/noble-society.net\/de\/wp-json\/wp\/v2\/types\/product"}],"wp:featuredmedia":[{"embeddable":true,"href":"https:\/\/noble-society.net\/de\/wp-json\/wp\/v2\/media\/55759"}],"wp:attachment":[{"href":"https:\/\/noble-society.net\/de\/wp-json\/wp\/v2\/media?parent=61551"}],"wp:term":[{"taxonomy":"product_brand","embeddable":true,"href":"https:\/\/noble-society.net\/de\/wp-json\/wp\/v2\/product_brand?post=61551"},{"taxonomy":"product_cat","embeddable":true,"href":"https:\/\/noble-society.net\/de\/wp-json\/wp\/v2\/product_cat?post=61551"},{"taxonomy":"product_tag","embeddable":true,"href":"https:\/\/noble-society.net\/de\/wp-json\/wp\/v2\/product_tag?post=61551"}],"curies":[{"name":"wp","href":"https:\/\/api.w.org\/{rel}","templated":true}]}}