{"id":61552,"date":"2026-03-16T20:18:37","date_gmt":"2026-03-16T18:18:37","guid":{"rendered":"https:\/\/noble-society.net\/?post_type=product&#038;p=61552"},"modified":"2026-03-31T19:00:47","modified_gmt":"2026-03-31T16:00:47","slug":"graf-und-grafin-von-schloss-neuschwanstein","status":"publish","type":"product","link":"https:\/\/noble-society.net\/de\/buy-nobility-titles\/count-and-countess-of-neuschwanstein-manor\/","title":{"rendered":"Graf und Gr\u00e4fin von Schloss Neuschwanstein"},"content":{"rendered":"<section class=\"l-section wpb_row height_small\"><div class=\"l-section-h i-cf\"><div class=\"g-cols vc_row via_grid cols_1 laptops-cols_inherit tablets-cols_inherit mobiles-cols_1 valign_top type_default stacking_default\"><div class=\"wpb_column vc_column_container\"><div class=\"vc_column-inner\"><div class=\"wpb_text_column\"><div class=\"wpb_wrapper\"><p class=\"p1\">Wir besitzen ein Anwesen in unmittelbarer N\u00e4he von Schloss Neuschwanstein, bekannt als \u201cGut Neuschwanstein\u201d. Durch den Erwerb eines Anteils an dieser Immobilie werden Sie Miteigent\u00fcmer \u2013 und damit Graf oder Gr\u00e4fin. Im Gegensatz zu traditionellen Adelstiteln, die von einem Monarchen verliehen und \u00fcber Generationen weitergegeben werden, ist dieser Titel direkt mit dem Landbesitz verbunden. Er geht im Falle eines Verkaufs oder einer Erbschaft automatisch auf jeden neuen (Mit-)Eigent\u00fcmer \u00fcber. Dies er\u00f6ffnet v\u00f6llig neue M\u00f6glichkeiten f\u00fcr Menschen wie Sie und uns, die nicht in adlige Kreise hineingeboren wurden. Erwerben Sie einfach ein St\u00fcck Land, und Sie werden \u201cGraf\u201d oder \u201cGr\u00e4fin\u201d von Neuschwanstein. Das Beste daran: Die Gr\u00f6\u00dfe des Grundst\u00fccks ist unerheblich. Wir besitzen einen Hektar Land in der N\u00e4he von Schloss Neuschwanstein, und durch den Kauf eines Anteils an diesem Anwesen werden Sie Miteigent\u00fcmer \u2013 und damit Landbesitzer.<\/p>\n<p class=\"p1\">Nur etwa 32 Kilometer vom Schloss Neuschwanstein \u2013 dem weltber\u00fchmten M\u00e4rchenschloss, das Disney inspirierte \u2013 liegt das Anwesen \u201cGut Neuschwanstein\u201d. Umgeben von B\u00e4umen und einem kleinen Bach mit kristallklarem Wasser wird Ihr eigenes St\u00fcck Land zu einem magischen Ort, der Sie zum Grafen oder zur Gr\u00e4fin macht.<\/p>\n<p class=\"p1\">Aber das eigentliche Highlight ist f\u00fcr Ihre Kinder: Sie werden <span class=\"s1\"><b>Prinz oder Prinzessin von Neuschwanstein<\/b><\/span>\u2014genau wie in einem echten M\u00e4rchen. Stell dir ihre Aufregung vor, wenn sie entdecken, dass sie Teil einer Geschichte sind, die direkt aus einem Disney-Schloss stammt. Pl\u00f6tzlich spielen sie nicht mehr nur Prinzessin oder Prinz \u2013 sie sind es wirklich <i>sind<\/i> eins.<\/p>\n<p class=\"p1\">Das macht es zu einem unvergesslichen Geschenk f\u00fcr Familien. Ob zum Geburtstag, zu einem besonderen Anlass oder einfach, um magische Erinnerungen zu schaffen, Ihre Kinder werden es lieben, ihren Freunden zu erz\u00e4hlen, dass sie ein Prinz oder eine Prinzessin einer echten Burg sind \u2013 einer der ber\u00fchmtesten Burgen der Welt.<\/p>\n<p class=\"p1\">Ein kleines St\u00fcck Land, ein richtiger Titel und ein gro\u00dfer Traum werden f\u00fcr jedes Kind wahr, das sich jemals vorgestellt hat, in einem M\u00e4rchen zu leben.<\/p>\n<p class=\"p1\">Sie erhalten eine wundersch\u00f6n gestaltete Urkunde, die Ihren neuen Titel best\u00e4tigt, sowie eine kostenlose Urkunde f\u00fcr Ihren Partner. Sie k\u00f6nnen das Anwesen in Bayern gerne besuchen und es beispielsweise zum Campen nutzen. Ganz in der N\u00e4he liegt das weltber\u00fchmte Schloss Neuschwanstein \u2013 ein Besuch w\u00e4hrend Ihres Aufenthalts ist ein Muss!<\/p>\n<p><center><br \/>\n<iframe loading=\"lazy\" style=\"border: 0;\" src=\"https:\/\/www.google.com\/maps\/embed?pb=!1m18!1m12!1m3!1d2686.370419589306!2d10.415755716228443!3d47.67722579108867!2m3!1f0!2f0!3f0!3m2!1i1024!2i768!4f13.1!3m3!1m2!1s0x479c7dcc6a93df37%3A0x42e2baa007fd32f6!2sNeuschwanstein%20Manor!5e0!3m2!1sde!2sde!4v1639129659704!5m2!1sde!2sde\" width=\"600\" height=\"450\" allowfullscreen=\"allowfullscreen\"><\/iframe><\/center><\/p>\n<p class=\"p1\"><b>Was kann ich mit dem Titel \"Graf\" machen?<\/b><b><\/b><\/p>\n<p class=\"p3\">Abgesehen vom gro\u00dfartigen Gef\u00fchl, ein kleines St\u00fcck Land in der N\u00e4he von Schloss Neuschwanstein zu besitzen, werden Sie viel Freude mit Ihrem Titel haben. Stellen Sie sich vor, wie eindrucksvoll das gerahmte Zertifikat bei Ihnen zu Hause an der Wand aussehen wird \u2013 und wie viele bewundernde Blicke es auf sich ziehen wird. Die Leute werden danach fragen, und Sie k\u00f6nnen stolz erkl\u00e4ren, dass Sie Land in der N\u00e4he von Schloss Neuschwanstein besitzen und den Titel Graf oder Gr\u00e4fin tragen. Aber der Titel ist nicht nur zur Zierde zu Hause gedacht: Sie k\u00f6nnen ihn auch bei einer Tischreservierung im Restaurant oder beim Einchecken im Hotel verwenden. Viele unserer Kunden berichten uns, dass f\u00fcr Ihre \u201cExzellenz\u201d pl\u00f6tzlich ein Tisch frei wird oder sie im Hotel ein kostenloses Upgrade erhalten. Wo auch immer Sie mit Ihrem Titel auftreten, Sie werden anders wahrgenommen. Sie werden viel Spa\u00df damit haben \u2013 und genau darum geht es.<\/p>\n<p class=\"p3\">Zus\u00e4tzlich zu Ihrem Landanteil in der N\u00e4he von Neuschwanstein erhalten Sie ein umfassendes Paket, das Ihren neuen Adelstitel dokumentiert.<\/p>\n<p class=\"p3\">Sie erhalten eine offizielle Ernennungsurkunde, die Ihren Status als Graf oder Gr\u00e4fin best\u00e4tigt. Dieses Dokument best\u00e4tigt Ihr Miteigentum an dem Land sowie Ihr Recht, den Titel in Zukunft zu f\u00fchren. Da Ihr neuer Titel auch Ihre Familie einschlie\u00dfen kann, stellen wir kostenlos eine zweite Urkunde mit dem Namen Ihres Partners aus. Ihre Kinder werden ebenfalls nicht vergessen: Gegen eine geringe zus\u00e4tzliche Geb\u00fchr k\u00f6nnen Sie Urkunden f\u00fcr alle Ihre Kinder erhalten. Wenn Sie gemeinsam mit Freunden Land und Titel erwerben m\u00f6chten, stellen wir Ihnen gerne auch Urkunden mit verschiedenen Namen aus. In diesem Fall teilen Sie sich das Land mit Ihren Freunden, wobei jede Person ihre eigene Urkunde erh\u00e4lt.<\/p>\n<p class=\"p3\">Die Ernennungsurkunden werden in einer eleganten Pr\u00e4sentationsmappe mit dem Wappen des Grafschaft Neuschwanstein \u00fcberreicht. Zus\u00e4tzlich erhalten Sie unsere aufwendig gestaltete Brosch\u00fcre \u201cGrafschaft Neuschwanstein\u201d mit detaillierten Informationen zu Ihrem Titel und dem Anwesen. Kurz nach Ihrer Bestellung erhalten Sie zudem das Neuschwanstein-Wappen als PDF-Datei per E-Mail, welches Sie sofort ausdrucken und nach Belieben einrahmen k\u00f6nnen.<\/p>\n<\/div><\/div><\/div><\/div><\/div><\/div><\/section>","protected":false},"excerpt":{"rendered":"<p class=\"p1\">Nur etwa 30 Kilometer vom Schloss Neuschwanstein entfernt \u2013 dem weltber\u00fchmten M\u00e4rchenschloss, das... <strong>Disney<\/strong>\u2014liegt das Gut \u201cNeuschwanstein\u201d. Umgeben von B\u00e4umen und einem kleinen Bach mit kristallklarem Wasser wird Ihr eigenes Fleckchen Erde zu einem magischen Ort, der Sie zum Grafen oder zur Gr\u00e4fin macht.<\/p>\n<p class=\"p1\">Aber das eigentliche Highlight ist f\u00fcr Ihre Kinder: Sie werden <span class=\"s1\"><b>Prinz oder Prinzessin von Neuschwanstein<\/b><\/span>\u2014genau wie in einem echten M\u00e4rchen. Stell dir ihre Aufregung vor, wenn sie entdecken, dass sie Teil einer Geschichte sind, die direkt aus einem Disney-Schloss stammt. Pl\u00f6tzlich spielen sie nicht mehr nur Prinzessin oder Prinz \u2013 sie sind es wirklich <i>sind<\/i> eins.<\/p>\n<p class=\"p1\">Ein kleines St\u00fcck Land, ein richtiger Titel und ein gro\u00dfer Traum werden f\u00fcr jedes Kind wahr, das sich jemals vorgestellt hat, in einem M\u00e4rchen zu leben.<\/p>","protected":false},"featured_media":56114,"template":"","meta":{"_acf_changed":false,"yasr_overall_rating":0,"yasr_post_is_review":"","yasr_auto_insert_disabled":"","yasr_review_type":"","slim_seo":{"title":"Count and Countess of Neuschwanstein Manor - Buy Noble Titles Since 1999","description":"Nur etwa 32 Kilometer vom weltber\u00fchmten M\u00e4rchenschloss Neuschwanstein, das Walt Disney inspiriert hat, liegt das Anwesen \u201cGut Neuschwanstein\u201d. Umgeben von B\u00e4umen"}},"product_brand":[],"product_cat":[576],"product_tag":[],"class_list":{"0":"post-61552","1":"product","2":"type-product","3":"status-publish","4":"has-post-thumbnail","6":"product_cat-neuschwanstein-manor","8":"first","9":"instock","10":"taxable","11":"shipping-taxable","12":"purchasable","13":"product-type-variable","14":"has-default-attributes"},"acf":[],"yasr_visitor_votes":{"stars_attributes":{"read_only":false,"span_bottom":false},"number_of_votes":0,"sum_votes":0},"_links":{"self":[{"href":"https:\/\/noble-society.net\/de\/wp-json\/wp\/v2\/product\/61552","targetHints":{"allow":["GET"]}}],"collection":[{"href":"https:\/\/noble-society.net\/de\/wp-json\/wp\/v2\/product"}],"about":[{"href":"https:\/\/noble-society.net\/de\/wp-json\/wp\/v2\/types\/product"}],"wp:featuredmedia":[{"embeddable":true,"href":"https:\/\/noble-society.net\/de\/wp-json\/wp\/v2\/media\/56114"}],"wp:attachment":[{"href":"https:\/\/noble-society.net\/de\/wp-json\/wp\/v2\/media?parent=61552"}],"wp:term":[{"taxonomy":"product_brand","embeddable":true,"href":"https:\/\/noble-society.net\/de\/wp-json\/wp\/v2\/product_brand?post=61552"},{"taxonomy":"product_cat","embeddable":true,"href":"https:\/\/noble-society.net\/de\/wp-json\/wp\/v2\/product_cat?post=61552"},{"taxonomy":"product_tag","embeddable":true,"href":"https:\/\/noble-society.net\/de\/wp-json\/wp\/v2\/product_tag?post=61552"}],"curies":[{"name":"wp","href":"https:\/\/api.w.org\/{rel}","templated":true}]}}