{"id":61553,"date":"2026-03-16T20:18:38","date_gmt":"2026-03-16T18:18:38","guid":{"rendered":"https:\/\/noble-society.net\/?post_type=product&#038;p=61553"},"modified":"2026-04-08T14:40:35","modified_gmt":"2026-04-08T11:40:35","slug":"shogun-kara-taishi","status":"publish","type":"product","link":"https:\/\/noble-society.net\/de\/buy-nobility-titles\/shogun-kara-taishi\/","title":{"rendered":"Shogun kara Taishi"},"content":{"rendered":"<section class=\"l-section wpb_row height_small\"><div class=\"l-section-h i-cf\"><div class=\"g-cols vc_row via_grid cols_1 laptops-cols_inherit tablets-cols_inherit mobiles-cols_1 valign_top type_default stacking_default\"><div class=\"wpb_column vc_column_container\"><div class=\"vc_column-inner\"><div class=\"wpb_text_column\"><div class=\"wpb_wrapper\"><p class=\"p1\"><b>Shogun<\/b><b><\/b><\/p>\n<p class=\"p3\"><i>Sh\u014dgun<\/i>\u2014in etwa \u00fcbersetzt \u201cGro\u00dfer General, der die Barbaren unterwirft\u201d oder \u201cGeneralissimus\u201d \u2014 war ein japanischer Milit\u00e4rtitel, der vom 12. Jahrhundert bis 1867 f\u00fcr Anf\u00fchrer des Kriegeradels, der Samurai, verwendet wurde. Urspr\u00fcnglich war ein Sh\u014dgun mit einem europ\u00e4ischen Herzog vergleichbar und wurde nur vor\u00fcbergehend in Krisenzeiten, insbesondere w\u00e4hrend Feldz\u00fcgen gegen die Emishi, mit besonderen Vollmachten ernannt. Nach dem Ende der Heian-Zeit gelang es Minamoto no Yoritomo, 1192 vom Kaiser den Titel erblich verleihen zu lassen.<\/p>\n<p class=\"p3\">Der Begriff <i>Shogunat<\/i> urspr\u00fcnglich nur den Haushalt des Sh\u014dgun bezeichnet, sp\u00e4ter aber auch dessen Verwaltungsapparat. Auf Japanisch bezeichnete es sich selbst als <i>Vorlesung<\/i> (w\u00f6rtlich \u201coffizielle Angelegenheiten\u201d, bedeutet \u201cZentralregierung\u201d); ab dem 19. Jahrhundert wurde es zunehmend genannt <i>Bakufu<\/i> (w\u00f6rtlich \u201cZeltregierung\u201d, gemeint ist \u201cMilit\u00e4rregierung\u201d) zur Unterscheidung vom Kaiserhof, der allm\u00e4hlich als souver\u00e4n betrachtet wurde. Die <i>Bakufu<\/i> blieb die dominante politische Autorit\u00e4t in Japan, bis sie nach der Niederlage des Tokugawa-Shogunats im Boshin-Krieg und der anschlie\u00dfenden Meiji-Restauration im Jahr 1868 zusammen mit dem bestehenden Klassensystem abgeschafft wurde.<\/p>\n<p class=\"p1\"><b>Japanischer Adel<\/b><b><\/b><\/p>\n<p class=\"p3\">Bis zum 5. Jahrhundert n. Chr. bestand der Adel in Japan aus einem lockeren Zusammenschluss von Land besitzenden Clans. Im 6. Jahrhundert verlieh die kaiserliche Zentralgewalt des Tenn\u014d bestimmten Clanf\u00fchrern erbliche Status-Titel und delegierte und legitimierte damit offiziell deren Macht.<\/p>\n<p class=\"p3\">Im 7. Jahrhundert, mit der Einf\u00fchrung des stark chinesisch beeinflussten Ritsury\u014d-Systems, wurde der Adelstitel, der auf Geburt beruhte, zunehmend durch administrative Verdienste ersetzt. Ein 701 erlassenes Gesetz ersetzte die erbliche Aristokratie durch einen verdienstbasierten Adel von Zivilbeamten (<i>Kugel<\/i>). Unter ihrer F\u00fchrung, die sich auf die Hauptstadt Heian-ky\u014d (das heutige Kyoto) konzentrierte, verdr\u00e4ngten provinzielle Kriegergruppen und Gutsverwalter um 1200 allm\u00e4hlich den zivilen Adel von der Macht. Danach wurde der sogenannte \u201cSchwertadel\u201d (<i>Buke<\/i>\u2013 darunter Samurai, Daimy\u014d und Sh\u014dgun) Japan bis 1868 dominierten, w\u00e4hrend der Tenn\u014d haupts\u00e4chlich religi\u00f6se, kulturelle und legitimierende Rollen behielt.<\/p>\n<p class=\"p3\">Im Jahr 1884, w\u00e4hrend der Meiji-Restauration, wurden der zivile Adel und der Kriegeradel zu einem einheitlichen Aristokratie zusammengefasst, bekannt als <i>Familie<\/i>, und die Samurai-Klasse wurde formell abgeschafft. Per Gesetz vom 7. Juli 1884 wurde der Adel in f\u00fcnf R\u00e4nge gegliedert, die dem britischen Adelssystem nachempfunden waren, obwohl chinesische Titel verwendet wurden. Im Gegensatz zu China wurden diese Titel nach dem Erstgeburtsrecht auf unbestimmte Zeit vererbt, was bedeutete, dass j\u00fcngere S\u00f6hne von Adeligen zu Lebzeiten keine Titel trugen und selbst der Erbe keine Titel hielt, solange der Vater noch lebte.<\/p>\n<p class=\"p3\">Nach dem Zweiten Weltkrieg wurde der Adel als Institution durch die Verfassung von 1946 abgeschafft. Nur die kaiserliche Familie selbst blieb bestehen.<\/p>\n<\/div><\/div><\/div><\/div><\/div><\/div><\/section>","protected":false},"excerpt":{"rendered":"<p class=\"p1\"><i>Sh\u014dgun<\/i>, was in etwa \u201cgro\u00dfer General\u201d bedeutet, war ein japanischer Milit\u00e4rtitel, der vom 12. bis 1867 f\u00fcr Anf\u00fchrer des Kriegeradels, der Samurai, verwendet wurde. Der Titel bezeichnete die h\u00f6chste milit\u00e4rische Autorit\u00e4t im Land und war eng mit wirklicher politischer Macht verbunden, da der Sh\u014dgun Japan effektiv regierte, w\u00e4hrend der Kaiser weitgehend eine symbolische Figur blieb. Mit der Zeit entwickelte sich die Rolle des Sh\u014dgun von einem befristeten Milit\u00e4rkommando zu einer erblichen Stellung, die \u00fcber Jahrhunderte die politische Struktur Japans pr\u00e4gte und die \u00c4ra der Samurai-Herrschaft definierte.<\/p>","protected":false},"featured_media":56188,"template":"","meta":{"_acf_changed":false,"yasr_overall_rating":0,"yasr_post_is_review":"","yasr_auto_insert_disabled":"","yasr_review_type":"","slim_seo":{"title":"Shogun kara Taishi - Adelstitel kaufen seit 1999","description":"Sh\u014dgun, mit der ungef\u00e4hren Bedeutung \u201cgro\u00dfer General\u201d, war ein japanischer Milit\u00e4rtitel, der vom 12. bis 1867 f\u00fcr Anf\u00fchrer des Kriegeradels, der Samurai, verwendet wurde."}},"product_brand":[],"product_cat":[577],"product_tag":[],"class_list":{"0":"post-61553","1":"product","2":"type-product","3":"status-publish","4":"has-post-thumbnail","6":"product_cat-japanese-noble-titles","8":"first","9":"instock","10":"taxable","11":"shipping-taxable","12":"purchasable","13":"product-type-variable","14":"has-default-attributes"},"acf":[],"yasr_visitor_votes":{"stars_attributes":{"read_only":false,"span_bottom":false},"number_of_votes":0,"sum_votes":0},"_links":{"self":[{"href":"https:\/\/noble-society.net\/de\/wp-json\/wp\/v2\/product\/61553","targetHints":{"allow":["GET"]}}],"collection":[{"href":"https:\/\/noble-society.net\/de\/wp-json\/wp\/v2\/product"}],"about":[{"href":"https:\/\/noble-society.net\/de\/wp-json\/wp\/v2\/types\/product"}],"wp:featuredmedia":[{"embeddable":true,"href":"https:\/\/noble-society.net\/de\/wp-json\/wp\/v2\/media\/56188"}],"wp:attachment":[{"href":"https:\/\/noble-society.net\/de\/wp-json\/wp\/v2\/media?parent=61553"}],"wp:term":[{"taxonomy":"product_brand","embeddable":true,"href":"https:\/\/noble-society.net\/de\/wp-json\/wp\/v2\/product_brand?post=61553"},{"taxonomy":"product_cat","embeddable":true,"href":"https:\/\/noble-society.net\/de\/wp-json\/wp\/v2\/product_cat?post=61553"},{"taxonomy":"product_tag","embeddable":true,"href":"https:\/\/noble-society.net\/de\/wp-json\/wp\/v2\/product_tag?post=61553"}],"curies":[{"name":"wp","href":"https:\/\/api.w.org\/{rel}","templated":true}]}}