{"id":61554,"date":"2026-03-16T20:18:38","date_gmt":"2026-03-16T18:18:38","guid":{"rendered":"https:\/\/noble-society.net\/?post_type=product&#038;p=61554"},"modified":"2026-04-08T14:40:15","modified_gmt":"2026-04-08T11:40:15","slug":"tianzi-aus-jinyang","status":"publish","type":"product","link":"https:\/\/noble-society.net\/de\/buy-nobility-titles\/tianzi-cong-jinyang\/","title":{"rendered":"Tianzi aus Jinyang"},"content":{"rendered":"<section class=\"l-section wpb_row height_small\"><div class=\"l-section-h i-cf\"><div class=\"g-cols vc_row via_grid cols_1 laptops-cols_inherit tablets-cols_inherit mobiles-cols_1 valign_top type_default stacking_default\"><div class=\"wpb_column vc_column_container\"><div class=\"vc_column-inner\"><div class=\"wpb_text_column\"><div class=\"wpb_wrapper\"><p class=\"p1\"><b>Tianzi<\/b><b><\/b><\/p>\n<p class=\"p3\">Der Titel <i>Tianzi<\/i> bedeutet w\u00f6rtlich \u201cSohn des Himmels\u201d und wurde von vielen souver\u00e4nen Herrschern Chinas, unabh\u00e4ngig von ihrem Rang, verwendet. Das Konzept, das erstmals w\u00e4hrend der Zhou-Dynastie aufkam, basiert auf dem Mandat des Himmels, das nicht mit der europ\u00e4ischen Idee des g\u00f6ttlichen Rechts verwechselt werden darf, da es die Herrschaft nur legitimiert, solange sie gerecht und erfolgreich ist. Als Titel des Herrschers, <i>Tianzi<\/i> symbolisierte auch den Anspruch zu regieren <i>Tianxia<\/i> (w\u00f6rtlich \u201calles unter dem Himmel\u201d), was die gesamte Welt bedeutet.<\/p>\n<p class=\"p3\">J\u00ecny\u00e1ng wurde 497 v. Chr. gegr\u00fcndet und hat eine \u00fcber 2.500-j\u00e4hrige Geschichte. Unter seinem modernen Namen Taiyuan ist es heute die Hauptstadt der Provinz Shanxi in der Volksrepublik China und liegt auf einer H\u00f6he von 780 Metern am Fluss Fen. Der Jinci-Tempelkomplex in Taiyuan ist seit 1961 als gesch\u00fctztes Kulturdenkmal Chinas aufgef\u00fchrt.<\/p>\n<p class=\"p1\"><b>Chinesischer Adel<\/b><b><\/b><\/p>\n<p class=\"p3\">Der Adel im kaiserlichen China durchlief eine mehrtausendj\u00e4hrige Transformation. Fr\u00fcher als in Europa entwickelten sich ein Feudalsystem, eine sesshafte Verwaltungsstruktur und schlie\u00dflich ein Zentralstaat, die die Kultur und Sozialstruktur des Reiches pr\u00e4gten. Trotz interner und externer Ver\u00e4nderungen blieben zentrale Merkmale konstant, wie Patriarchat, in vielen Titeln die Primogenitur und die zentrale Autorit\u00e4t des obersten Herrschers und seines Hofes. Erst mit der Abschaffung des kaiserlichen Systems wurde die gesellschaftliche Macht des chinesischen Adels gebrochen.<\/p>\n<p class=\"p3\">Das chinesische Adelsystem entwickelte sich im 1. Jahrtausend v. Chr. w\u00e4hrend der Zhou-Dynastie. Konfuzius kodifizierte das traditionelle System in seinem Werk \u00fcber die Riten von Zhou kurz nach Beginn unserer Zeitrechnung und schuf damit die Grundlage f\u00fcr sp\u00e4tere Adelsr\u00e4nge in China, auch wenn sich das System im Laufe der Zeit weiterentwickelte.<\/p>\n<p class=\"p1\"><b>Kaiser von China<\/b><b><\/b><\/p>\n<p class=\"p3\">Vor Qin Shihuang, die Begriffe <i>Huang<\/i> (g\u00f6ttlicher oder erhabener Herrscher) und <i>Di<\/i> (alt\u00e4gyptischer K\u00f6nig oder Kaiser) verwendet. Beide k\u00f6nnen unterschiedlich \u00fcbersetzt werden, spiegeln aber die Ehrfurcht vor einem halbg\u00f6ttlichen oder \u00fcbermenschlichen Wesen wider. Qin Shi Huang zog diese bestehenden mythologischen Konzepte \u2013 abgeleitet von den legend\u00e4ren Drei Huang und F\u00fcnf Di \u2013 heran, als er den Titel einf\u00fchrte <i>Huangdi<\/i> im Jahr 221 v. Chr. nachdem alle rivalisierenden K\u00f6nige besiegt waren (<i>Wang<\/i>. Damit dr\u00fcckte er seinen Anspruch aus, ein gr\u00f6\u00dferer Herrscher zu sein als jeder vor ihm. Die Erg\u00e4nzung von <i>Schiff<\/i> \u201cErster\u201d zeigte seine Stellung als erster Kaiser an. Das Element <i>Di<\/i> also symbolisierte seine Verbindung zum g\u00f6ttlichen Konzept von <i>Shangdi<\/i>. Der Titel <i>Huangdi<\/i> nicht mit dem Gelben Kaiser verwechselt werden.<\/p>\n<p class=\"p3\">Nach der Qin-Dynastie trugen alle Herrscher, die Anspruch auf die Herrschaft \u00fcber ganz China erhoben, den Titel <i>Huangdi<\/i> bis zur Abdankung Puyis im Jahr 1912. Dynastien, die von ausl\u00e4ndischen Herrschern gegr\u00fcndet wurden, wie die mongolische Yuan-Dynastie, f\u00fchrten den Titel ebenfalls neben ihren eigenen Traditionen. Wie in Europa \u2013 wo rivalisierende P\u00e4pste gleichzeitig existieren konnten \u2013 war es nicht ungew\u00f6hnlich, dass mehrere <i>Huangdi<\/i> um gleichzeitig den Titel zu beanspruchen.<\/p>\n<p class=\"p3\">In der westlichen \u00dcbersetzung, <i>Huangdi<\/i> wird gew\u00f6hnlich als \u201cKaiser von China\u201d wiedergegeben, w\u00e4hrend seine w\u00f6rtliche Bedeutung als \u201cerhabener g\u00f6ttlicher Herrscher\u201d beschrieben werden kann.\u201d<\/p>\n<\/div><\/div><\/div><\/div><\/div><\/div><\/section>","protected":false},"excerpt":{"rendered":"<p class=\"p1\">Der Titel <i>Tianzi<\/i> bedeutet w\u00f6rtlich \u201cSohn des Himmels\u201d und wurde von vielen souver\u00e4nen Herrschern Chinas, unabh\u00e4ngig von ihrem Rang, verwendet. Der Begriff spiegelt ein tief verwurzeltes kosmologisches Konzept im chinesischen Denken wider, das die g\u00f6ttliche Verbindung zwischen dem Herrscher und dem Himmel betont. Als \u201cSohn des Himmels\u201d wurde der Herrscher als Vermittler zwischen Himmel und Erde angesehen, verantwortlich f\u00fcr die Aufrechterhaltung von Harmonie und Ordnung im Reich. Dieser Titel war nicht auf einen bestimmten Rang beschr\u00e4nkt, sondern bedeutete vielmehr die h\u00f6chste Autorit\u00e4t und Legitimit\u00e4t, die durch das Mandat des Himmels verliehen wurde.<\/p>","protected":false},"featured_media":56187,"template":"","meta":{"_acf_changed":false,"yasr_overall_rating":0,"yasr_post_is_review":"","yasr_auto_insert_disabled":"","yasr_review_type":"","slim_seo":{"title":"Tianzi c\u00f3ng J\u00ecny\u00e1ng - Adelstitel kaufen seit 1999","description":"Der Titel Tianzi bedeutet w\u00f6rtlich \u201cSohn des Himmels\u201d und wurde von vielen souver\u00e4nen Herrschern Chinas, unabh\u00e4ngig von ihrem Rang, verwendet. Der Begriff spiegelt eine tief verwurzelte Kosmologie wider"}},"product_brand":[],"product_cat":[578],"product_tag":[],"class_list":{"0":"post-61554","1":"product","2":"type-product","3":"status-publish","4":"has-post-thumbnail","6":"product_cat-chinese-noble-titles","8":"first","9":"instock","10":"taxable","11":"shipping-taxable","12":"purchasable","13":"product-type-variable","14":"has-default-attributes"},"acf":[],"yasr_visitor_votes":{"stars_attributes":{"read_only":false,"span_bottom":false},"number_of_votes":0,"sum_votes":0},"_links":{"self":[{"href":"https:\/\/noble-society.net\/de\/wp-json\/wp\/v2\/product\/61554","targetHints":{"allow":["GET"]}}],"collection":[{"href":"https:\/\/noble-society.net\/de\/wp-json\/wp\/v2\/product"}],"about":[{"href":"https:\/\/noble-society.net\/de\/wp-json\/wp\/v2\/types\/product"}],"wp:featuredmedia":[{"embeddable":true,"href":"https:\/\/noble-society.net\/de\/wp-json\/wp\/v2\/media\/56187"}],"wp:attachment":[{"href":"https:\/\/noble-society.net\/de\/wp-json\/wp\/v2\/media?parent=61554"}],"wp:term":[{"taxonomy":"product_brand","embeddable":true,"href":"https:\/\/noble-society.net\/de\/wp-json\/wp\/v2\/product_brand?post=61554"},{"taxonomy":"product_cat","embeddable":true,"href":"https:\/\/noble-society.net\/de\/wp-json\/wp\/v2\/product_cat?post=61554"},{"taxonomy":"product_tag","embeddable":true,"href":"https:\/\/noble-society.net\/de\/wp-json\/wp\/v2\/product_tag?post=61554"}],"curies":[{"name":"wp","href":"https:\/\/api.w.org\/{rel}","templated":true}]}}