{"id":61553,"date":"2026-03-16T20:18:38","date_gmt":"2026-03-16T18:18:38","guid":{"rendered":"https:\/\/noble-society.net\/?post_type=product&#038;p=61553"},"modified":"2026-04-08T14:40:35","modified_gmt":"2026-04-08T11:40:35","slug":"shogun-kara-taishi","status":"publish","type":"product","link":"https:\/\/noble-society.net\/en_us\/buy-nobility-titles\/shogun-kara-taishi\/","title":{"rendered":"Shogun kara Taishi"},"content":{"rendered":"<section class=\"l-section wpb_row height_small\"><div class=\"l-section-h i-cf\"><div class=\"g-cols vc_row via_grid cols_1 laptops-cols_inherit tablets-cols_inherit mobiles-cols_1 valign_top type_default stacking_default\"><div class=\"wpb_column vc_column_container\"><div class=\"vc_column-inner\"><div class=\"wpb_text_column\"><div class=\"wpb_wrapper\"><p class=\"p1\"><b>Shogun<\/b><b><\/b><\/p>\n<p class=\"p3\"><i>Sh\u014dgun<\/i>\u2014roughly translated as \u201cGreat General who subdues the barbarians\u201d or \u201cGeneralissimo\u201d\u2014was a Japanese military title used from the 12th century until 1867 for leaders of the warrior nobility, the samurai. Originally, a sh\u014dgun was comparable to a European duke and was appointed only temporarily in times of crisis, particularly during campaigns against the Emishi, with special powers. After the end of the Heian period, Minamoto no Yoritomo succeeded in having the title granted to him hereditarily by the emperor in 1192.<\/p>\n<p class=\"p3\">The term <i>shogunate<\/i> initially referred only to the household of the sh\u014dgun, but later also to his administrative apparatus. In Japanese, it referred to itself as <i>k\u014dgi<\/i> (literally \u201cofficial affairs,\u201d meaning \u201ccentral government\u201d); from the 19th century onward, it was increasingly called <i>bakufu<\/i> (literally \u201ctent government,\u201d meaning \u201cmilitary government\u201d) to distinguish it from the imperial court, which was gradually regarded as sovereign. The <i>bakufu<\/i> remained the dominant political authority in Japan until it was abolished following the defeat of the Tokugawa shogunate in the Boshin War and the subsequent Meiji Restoration in 1868, along with the existing class system.<\/p>\n<p class=\"p1\"><b>Japanese Nobility<\/b><b><\/b><\/p>\n<p class=\"p3\">Until the 5th century AD, the nobility in Japan consisted of a loose association of land-controlling clans. In the 6th century, the imperial central authority of the Tenn\u014d granted hereditary status titles to certain clan leaders, thereby officially delegating and legitimizing their power.<\/p>\n<p class=\"p3\">In the 7th century, with the introduction of the strongly Chinese-influenced Ritsury\u014d system, noble status based on birth was increasingly replaced by administrative merit. A law enacted in 701 replaced the hereditary aristocracy with a merit-based nobility of civil officials (<i>Kuge<\/i>). Under their leadership, centered in the capital Heian-ky\u014d (modern Kyoto), provincial warrior groups and estate administrators gradually displaced the civil nobility from power by around 1200. Thereafter, the so-called \u201csword nobility\u201d (<i>Buke<\/i>\u2014including samurai, daimy\u014d, and sh\u014dgun) dominated Japan until 1868, while the Tenn\u014d retained primarily religious, cultural, and legitimizing roles.<\/p>\n<p class=\"p3\">In 1884, during the Meiji Restoration, the civil nobility and the warrior nobility were merged into a unified aristocracy known as the <i>Kazoku<\/i>, and the samurai class was formally abolished. By law on July 7, 1884, the nobility was organized into five ranks modeled after the British peerage system, though Chinese-style titles were used. Unlike in China, these titles were inherited indefinitely according to primogeniture, meaning that younger sons of titled nobles remained without titles during their lifetime, and even the heir held no title while the father was still alive.<\/p>\n<p class=\"p3\">After World War II, the nobility as an institution was abolished by the 1946 constitution. Only the imperial family itself remained.<\/p>\n<\/div><\/div><\/div><\/div><\/div><\/div><\/section>\n","protected":false},"excerpt":{"rendered":"<p class=\"p1\"><i>Sh\u014dgun<\/i>, roughly meaning \u201cgreat general,\u201d was a Japanese military title used from the 12th century until 1867 for leaders of the warrior nobility, the samurai. The title denoted the highest military authority in the country and was closely associated with real political power, as the sh\u014dgun effectively governed Japan while the emperor remained largely a symbolic figure. Over time, the role of the sh\u014dgun evolved from a temporary military command into a hereditary position, shaping Japan\u2019s political structure for centuries and defining the era of samurai rule.<\/p>\n","protected":false},"featured_media":56188,"template":"","meta":{"_acf_changed":false,"yasr_overall_rating":0,"yasr_post_is_review":"","yasr_auto_insert_disabled":"","yasr_review_type":"","slim_seo":{"title":"Shogun kara Taishi - Buy Noble Titles Since 1999","description":"Sh\u014dgun , roughly meaning \u201cgreat general,\u201d was a Japanese military title used from the 12th century until 1867 for leaders of the warrior nobility, the samurai."}},"product_brand":[],"product_cat":[577],"product_tag":[],"class_list":{"0":"post-61553","1":"product","2":"type-product","3":"status-publish","4":"has-post-thumbnail","6":"product_cat-japanese-noble-titles","8":"first","9":"instock","10":"taxable","11":"shipping-taxable","12":"purchasable","13":"product-type-variable","14":"has-default-attributes"},"acf":[],"yasr_visitor_votes":{"stars_attributes":{"read_only":false,"span_bottom":false},"number_of_votes":0,"sum_votes":0},"_links":{"self":[{"href":"https:\/\/noble-society.net\/en_us\/wp-json\/wp\/v2\/product\/61553","targetHints":{"allow":["GET"]}}],"collection":[{"href":"https:\/\/noble-society.net\/en_us\/wp-json\/wp\/v2\/product"}],"about":[{"href":"https:\/\/noble-society.net\/en_us\/wp-json\/wp\/v2\/types\/product"}],"wp:featuredmedia":[{"embeddable":true,"href":"https:\/\/noble-society.net\/en_us\/wp-json\/wp\/v2\/media\/56188"}],"wp:attachment":[{"href":"https:\/\/noble-society.net\/en_us\/wp-json\/wp\/v2\/media?parent=61553"}],"wp:term":[{"taxonomy":"product_brand","embeddable":true,"href":"https:\/\/noble-society.net\/en_us\/wp-json\/wp\/v2\/product_brand?post=61553"},{"taxonomy":"product_cat","embeddable":true,"href":"https:\/\/noble-society.net\/en_us\/wp-json\/wp\/v2\/product_cat?post=61553"},{"taxonomy":"product_tag","embeddable":true,"href":"https:\/\/noble-society.net\/en_us\/wp-json\/wp\/v2\/product_tag?post=61553"}],"curies":[{"name":"wp","href":"https:\/\/api.w.org\/{rel}","templated":true}]}}