{"id":61554,"date":"2026-03-16T20:18:38","date_gmt":"2026-03-16T18:18:38","guid":{"rendered":"https:\/\/noble-society.net\/?post_type=product&#038;p=61554"},"modified":"2026-03-31T18:51:11","modified_gmt":"2026-03-31T15:51:11","slug":"tianzi-cong-jinyang","status":"publish","type":"product","link":"https:\/\/noble-society.net\/en_us\/buy-nobility-titles\/tianzi-cong-jinyang\/","title":{"rendered":"Tianzi c\u00f3ng J\u00ecny\u00e1ng"},"content":{"rendered":"<section class=\"l-section wpb_row height_small\"><div class=\"l-section-h i-cf\"><div class=\"g-cols vc_row via_grid cols_1 laptops-cols_inherit tablets-cols_inherit mobiles-cols_1 valign_top type_default stacking_default\"><div class=\"wpb_column vc_column_container\"><div class=\"vc_column-inner\"><div class=\"wpb_text_column\"><div class=\"wpb_wrapper\"><p class=\"p1\"><b>Tianzi<\/b><b><\/b><\/p>\n<p class=\"p3\">The title <i>Tianzi<\/i> literally means \u201cSon of Heaven\u201d and was used by many sovereign rulers of China, regardless of rank. First emerging during the Zhou Dynasty, the concept is based on the Mandate of Heaven, which should not be confused with the European idea of divine right, as it legitimizes rule only as long as it is just and successful. As a ruler\u2019s title, <i>Tianzi<\/i> also symbolized the claim to govern <i>Tianxia<\/i> (literally \u201call under heaven\u201d), meaning the entire world.<\/p>\n<p class=\"p3\">J\u00ecny\u00e1ng was founded in 497 BC and has a history of over 2,500 years. Under its modern name, Taiyuan, it is now the capital of Shanxi Province in the People\u2019s Republic of China, located at an elevation of 780 meters along the Fen River. The Jinci Temple complex in Taiyuan has been listed as a protected cultural monument of China since 1961.<\/p>\n<p class=\"p1\"><b>Chinese Nobility<\/b><b><\/b><\/p>\n<p class=\"p3\">The nobility of imperial China underwent a transformation spanning several thousand years. Earlier than in Europe, a feudal system, a settled administrative structure, and eventually a centralized state developed, shaping the empire\u2019s culture and social structure. Despite internal and external changes, key characteristics remained consistent, such as patriarchy, primogeniture in many titles, and the central authority of the supreme ruler and his court. Only with the abolition of the imperial system was the social power of the Chinese nobility broken.<\/p>\n<p class=\"p3\">The Chinese system of nobility developed during the 1st millennium BC in the Zhou Dynasty. Confucius codified the traditional system in his work on the Rites of Zhou shortly after the beginning of the Common Era, forming the basis for later noble ranks in China, even as the system continued to evolve over time.<\/p>\n<p class=\"p1\"><b>Emperor of China<\/b><b><\/b><\/p>\n<p class=\"p3\">Before Qin Shi Huang, the terms <i>Huang<\/i> (divine or exalted ruler) and <i>Di<\/i> (ancestral king or emperor) were used. Both can be translated in different ways but reflect the reverence for a semi-divine or superhuman being. Qin Shi Huang drew upon these existing mythological concepts\u2014derived from the legendary Three Huang and Five Di\u2014when he introduced the title <i>Huangdi<\/i> in 221 BC after defeating all rival kings (<i>Wang<\/i>). This expressed his claim to be a greater ruler than any before him. The addition of <i>Shi<\/i> (\u201cFirst\u201d) indicated his position as the first emperor. The element <i>Di<\/i> also symbolized his connection to the divine concept of <i>Shangdi<\/i>. The title <i>Huangdi<\/i> should not be confused with the Yellow Emperor.<\/p>\n<p class=\"p3\">After the Qin Dynasty, all rulers claiming authority over all of China bore the title <i>Huangdi<\/i> until the abdication of Puyi in 1912. Dynasties established by foreign rulers, such as the Mongol Yuan Dynasty, also used the title alongside their own traditions. As in Europe\u2014where rival popes could exist simultaneously\u2014it was not uncommon for multiple <i>Huangdi<\/i> to claim the title at the same time.<\/p>\n<p class=\"p3\">In Western translation, <i>Huangdi<\/i> is usually rendered as \u201cEmperor of China,\u201d while its literal meaning can be described as \u201cexalted divine ruler.\u201d<\/p>\n<\/div><\/div><\/div><\/div><\/div><\/div><\/section>\n","protected":false},"excerpt":{"rendered":"<p class=\"p1\">The title <i>Tianzi<\/i> literally means \u201cSon of Heaven\u201d and was used by many sovereign rulers of China, regardless of rank. The term reflects a deeply rooted cosmological concept in Chinese thought, emphasizing the divine connection between the ruler and the heavens. As the \u201cSon of Heaven,\u201d the ruler was seen as the mediator between heaven and earth, responsible for maintaining harmony and order within the realm. This title was not limited to a specific rank, but rather signified supreme authority and legitimacy granted through the Mandate of Heaven.<\/p>\n","protected":false},"featured_media":56187,"template":"","meta":{"_acf_changed":false,"yasr_overall_rating":0,"yasr_post_is_review":"","yasr_auto_insert_disabled":"","yasr_review_type":"","slim_seo":{"title":"Tianzi c\u00f3ng J\u00ecny\u00e1ng - Buy Noble Titles Since 1999","description":"The title Tianzi literally means \u201cSon of Heaven\u201d and was used by many sovereign rulers of China, regardless of rank. The term reflects a deeply rooted cosmologi"}},"product_brand":[],"product_cat":[578],"product_tag":[],"class_list":{"0":"post-61554","1":"product","2":"type-product","3":"status-publish","4":"has-post-thumbnail","6":"product_cat-chinese-noble-titles","8":"first","9":"instock","10":"taxable","11":"shipping-taxable","12":"purchasable","13":"product-type-variable","14":"has-default-attributes"},"acf":[],"yasr_visitor_votes":{"stars_attributes":{"read_only":false,"span_bottom":false},"number_of_votes":0,"sum_votes":0},"_links":{"self":[{"href":"https:\/\/noble-society.net\/en_us\/wp-json\/wp\/v2\/product\/61554","targetHints":{"allow":["GET"]}}],"collection":[{"href":"https:\/\/noble-society.net\/en_us\/wp-json\/wp\/v2\/product"}],"about":[{"href":"https:\/\/noble-society.net\/en_us\/wp-json\/wp\/v2\/types\/product"}],"wp:featuredmedia":[{"embeddable":true,"href":"https:\/\/noble-society.net\/en_us\/wp-json\/wp\/v2\/media\/56187"}],"wp:attachment":[{"href":"https:\/\/noble-society.net\/en_us\/wp-json\/wp\/v2\/media?parent=61554"}],"wp:term":[{"taxonomy":"product_brand","embeddable":true,"href":"https:\/\/noble-society.net\/en_us\/wp-json\/wp\/v2\/product_brand?post=61554"},{"taxonomy":"product_cat","embeddable":true,"href":"https:\/\/noble-society.net\/en_us\/wp-json\/wp\/v2\/product_cat?post=61554"},{"taxonomy":"product_tag","embeddable":true,"href":"https:\/\/noble-society.net\/en_us\/wp-json\/wp\/v2\/product_tag?post=61554"}],"curies":[{"name":"wp","href":"https:\/\/api.w.org\/{rel}","templated":true}]}}