{"id":122,"date":"2020-05-17T13:27:58","date_gmt":"2020-05-17T11:27:58","guid":{"rendered":"https:\/\/noble-society.net\/?page_id=122"},"modified":"2026-04-01T11:42:45","modified_gmt":"2026-04-01T08:42:45","slug":"nuestros-titulos-nobles-ofrecen","status":"publish","type":"page","link":"https:\/\/noble-society.net\/es\/our-noble-titles-offer\/","title":{"rendered":"Nuestros nobles t\u00edtulos ofrecen"},"content":{"rendered":"<section class=\"l-section wpb_row height_small\"><div class=\"l-section-h i-cf\"><div class=\"g-cols vc_row via_grid cols_1 laptops-cols_inherit tablets-cols_inherit mobiles-cols_1 valign_top type_default stacking_default\"><div class=\"wpb_column vc_column_container\"><div class=\"vc_column-inner\"><div class=\"w-image style_shadow-1 align_center\"><div class=\"w-image-h\"><img decoding=\"async\" width=\"1418\" height=\"525\" src=\"https:\/\/noble-society.net\/wp-content\/uploads\/2026\/04\/buyNobleTitle_queen.jpg\" class=\"attachment-full size-full\" alt=\"Duquesa sentada en un trono con un elegante perro negro, retrato de t\u00edtulo nobiliario con poder aristocr\u00e1tico y lujo, comprar inspiraci\u00f3n para t\u00edtulos nobiliarios\" loading=\"lazy\" srcset=\"https:\/\/noble-society.net\/wp-content\/uploads\/2026\/04\/buyNobleTitle_queen.jpg 1418w, https:\/\/noble-society.net\/wp-content\/uploads\/2026\/04\/buyNobleTitle_queen-300x111.jpg 300w, https:\/\/noble-society.net\/wp-content\/uploads\/2026\/04\/buyNobleTitle_queen-1024x379.jpg 1024w, https:\/\/noble-society.net\/wp-content\/uploads\/2026\/04\/buyNobleTitle_queen-18x7.jpg 18w, https:\/\/noble-society.net\/wp-content\/uploads\/2026\/04\/buyNobleTitle_queen-100x37.jpg 100w, https:\/\/noble-society.net\/wp-content\/uploads\/2026\/04\/buyNobleTitle_queen-600x222.jpg 600w, https:\/\/noble-society.net\/wp-content\/uploads\/2026\/04\/buyNobleTitle_queen-30x11.jpg 30w, https:\/\/noble-society.net\/wp-content\/uploads\/2026\/04\/buyNobleTitle_queen-60x22.jpg 60w\" sizes=\"auto, (max-width: 1418px) 100vw, 1418px\" \/><\/div><\/div><\/div><\/div><\/div><\/div><\/section><section class=\"l-section wpb_row height_small\"><div class=\"l-section-h i-cf\"><div class=\"g-cols vc_row via_grid cols_1 laptops-cols_inherit tablets-cols_inherit mobiles-cols_1 valign_top type_default stacking_default\"><div class=\"wpb_column vc_column_container\"><div class=\"vc_column-inner\"><div class=\"wpb_text_column\"><div class=\"wpb_wrapper\"><p class=\"p1\"><b>Convi\u00e9rtete en Noble \u2013 Eligiendo el T\u00edtulo Correcto<\/b><b><\/b><\/p>\n<p class=\"p2\">Compra de T\u00edtulo Nobiliario \u2013 Imagen destacada<\/p>\n<p class=\"p2\">Ser elevado a la nobleza siempre ha sido atractivo para muchas personas. Un vistazo a la historia demuestra que la clase noble gozaba de numerosos privilegios. Los nobles y las damas nobles eran muy respetados, y muchas personas en el pasado ve\u00edan su t\u00edtulo nobiliario como un verdadero enriquecimiento, sinti\u00e9ndose muy orgullosas de ser conde o condesa.<\/p>\n<p class=\"p2\">Dependiendo del pa\u00eds, la regi\u00f3n y el rango, los privilegios de la nobleza variaban: a algunos nobles se les conced\u00edan beneficios honor\u00edficos, mientras que otros recib\u00edan ventajas materiales. Antes de que te conviertas en noble y elijas el t\u00edtulo adecuado para ti, vale la pena aprender m\u00e1s sobre el estatus real. Explora la siguiente informaci\u00f3n y considera qu\u00e9 t\u00edtulo nobiliario te sienta mejor. \u00bfEres m\u00e1s un conde, o el t\u00edtulo de bar\u00f3n te encaja mejor? La elecci\u00f3n es tuya.<\/p>\n<p class=\"p1\"><b>El significado de los t\u00edtulos<\/b><b><\/b><\/p>\n<p class=\"p2\">Los t\u00edtulos nobiliarios representan diferentes niveles de la sociedad. Dependiendo de la riqueza y el rango, a los individuos se les otorgaban diferentes t\u00edtulos. Bar\u00f3n y baronesa se encuentran entre los rangos m\u00e1s bajos, mientras que duque y duquesa est\u00e1n cerca de la cima, justo debajo del rey. Muchas personas hoy ven los t\u00edtulos nobiliarios como reliquias de una era pasada; a menudo, una mezcla de incomprensi\u00f3n y reverencia moldea esta percepci\u00f3n. En realidad, los t\u00edtulos nobiliarios permanecen presentes e influyentes en muchos aspectos de la vida moderna.<\/p>\n<p class=\"p2\">En un sistema mon\u00e1rquico, la nobleza desempe\u00f1a un papel importante. El rey o la autoridad gobernante eleva a ciertos individuos a puestos de alto rango asociados con el poder, el favor, la riqueza y el prestigio. Hoy en d\u00eda, adquirir tales t\u00edtulos nobiliarios es posible en muchos pa\u00edses. Por ejemplo, aquellos que desean convertirse en lord pueden obtener un t\u00edtulo dentro de la Commonwealth.<\/p>\n<p class=\"p1\"><b>Monarqu\u00edas Entonces y Ahora<\/b><b><\/b><\/p>\n<p class=\"p2\">Numerosas monarqu\u00edas a\u00fan existen hoy en d\u00eda. En las monarqu\u00edas hist\u00f3ricas, la nobleza desempe\u00f1aba un papel central. El emperador o rey otorgaba t\u00edtulos nobiliarios, y la nobleza era responsable de supervisar importantes asuntos de estado y apoyar los intereses reales o imperiales. Despu\u00e9s de la Segunda Guerra Mundial, muchas monarqu\u00edas fueron disueltas. Sin embargo, algunas permanecieron, y en esos sistemas, el rey y la nobleza continuaron dirigiendo el pa\u00eds. Hoy en d\u00eda, todav\u00eda existen alrededor de doce monarqu\u00edas en todo el mundo, siete de ellas son reinos verdaderos con un rey reinante a la cabeza del estado.<\/p>\n<p class=\"p1\"><b>Comprar un t\u00edtulo nobiliario<\/b><b><\/b><\/p>\n<p class=\"p2\">Desde 1999, somos expertos en t\u00edtulos nobiliarios. Si la descripci\u00f3n anterior resuena contigo y te sientes identificado con la idea de la nobleza, un t\u00edtulo nobiliario puede ser la elecci\u00f3n perfecta. Ya sea para ti o como regalo, un t\u00edtulo nobiliario puede brindarte reconocimiento y atenci\u00f3n en el futuro.<\/p>\n<\/div><\/div><\/div><\/div><\/div><\/div><\/section>","protected":false},"excerpt":{"rendered":"<p>Ser elevado a la nobleza siempre ha sido atractivo para muchas personas. Un vistazo a la historia demuestra que la clase noble gozaba de numerosos privilegios. Los nobles y las damas nobles eran muy respetados, y muchas personas en el pasado ve\u00edan su t\u00edtulo nobiliario como un verdadero enriquecimiento, sinti\u00e9ndose muy orgullosas de ser conde o condesa.<\/p>","protected":false},"author":1,"featured_media":59554,"parent":0,"menu_order":0,"comment_status":"closed","ping_status":"closed","template":"","meta":{"_acf_changed":false,"yasr_overall_rating":0,"yasr_post_is_review":"","yasr_auto_insert_disabled":"","yasr_review_type":"","slim_seo":{"title":"Nuestros t\u00edtulos nobles ofrecen - Compra T\u00edtulos Nobiliarios Desde 1999","description":"Ser elevado a la nobleza siempre ha sido atractivo para muchas personas. Un vistazo a la historia muestra que la clase noble disfrutaba de numerosos privilegios. Los nobles"},"footnotes":""},"class_list":["post-122","page","type-page","status-publish","has-post-thumbnail","hentry"],"acf":[],"yasr_visitor_votes":{"stars_attributes":{"read_only":false,"span_bottom":false},"number_of_votes":0,"sum_votes":0},"_links":{"self":[{"href":"https:\/\/noble-society.net\/es\/wp-json\/wp\/v2\/pages\/122","targetHints":{"allow":["GET"]}}],"collection":[{"href":"https:\/\/noble-society.net\/es\/wp-json\/wp\/v2\/pages"}],"about":[{"href":"https:\/\/noble-society.net\/es\/wp-json\/wp\/v2\/types\/page"}],"author":[{"embeddable":true,"href":"https:\/\/noble-society.net\/es\/wp-json\/wp\/v2\/users\/1"}],"replies":[{"embeddable":true,"href":"https:\/\/noble-society.net\/es\/wp-json\/wp\/v2\/comments?post=122"}],"version-history":[{"count":2,"href":"https:\/\/noble-society.net\/es\/wp-json\/wp\/v2\/pages\/122\/revisions"}],"predecessor-version":[{"id":62170,"href":"https:\/\/noble-society.net\/es\/wp-json\/wp\/v2\/pages\/122\/revisions\/62170"}],"wp:featuredmedia":[{"embeddable":true,"href":"https:\/\/noble-society.net\/es\/wp-json\/wp\/v2\/media\/59554"}],"wp:attachment":[{"href":"https:\/\/noble-society.net\/es\/wp-json\/wp\/v2\/media?parent=122"}],"curies":[{"name":"wp","href":"https:\/\/api.w.org\/{rel}","templated":true}]}}