{"id":294,"date":"2020-05-17T17:30:39","date_gmt":"2020-05-17T15:30:39","guid":{"rendered":"https:\/\/noble-society.net\/?page_id=294"},"modified":"2026-04-01T12:03:10","modified_gmt":"2026-04-01T09:03:10","slug":"pago-envio","status":"publish","type":"page","link":"https:\/\/noble-society.net\/es\/zahlung-versand\/","title":{"rendered":"Pago y env\u00edo"},"content":{"rendered":"<section class=\"l-section wpb_row height_small\"><div class=\"l-section-h i-cf\"><div class=\"g-cols vc_row via_grid cols_2 laptops-cols_inherit tablets-cols_inherit mobiles-cols_1 valign_top type_default stacking_default\"><div class=\"wpb_column vc_column_container\"><div class=\"vc_column-inner\"><div class=\"w-image align_center\"><div class=\"w-image-h\"><img decoding=\"async\" width=\"1024\" height=\"1024\" src=\"https:\/\/noble-society.net\/wp-content\/uploads\/2023\/01\/no_shipping-1024x1024-1-1024x1024.jpg\" class=\"attachment-large size-large\" alt=\"Comprar T\u00edtulos Nobiliarios | Una huella de mano verde hecha de hierba con el texto Piensa verde ecol\u00f3gico! encima y texto de marcador de posici\u00f3n debajo, promoviendo la conciencia ambiental, la sostenibilidad y las opciones de pago y env\u00edo ecol\u00f3gicos. | noble-society.net\" loading=\"lazy\" srcset=\"https:\/\/noble-society.net\/wp-content\/uploads\/2023\/01\/no_shipping-1024x1024-1.jpg 1024w, https:\/\/noble-society.net\/wp-content\/uploads\/2023\/01\/no_shipping-1024x1024-1-300x300.jpg 300w, https:\/\/noble-society.net\/wp-content\/uploads\/2023\/01\/no_shipping-1024x1024-1-150x150.jpg 150w, https:\/\/noble-society.net\/wp-content\/uploads\/2023\/01\/no_shipping-1024x1024-1-600x600.jpg 600w, https:\/\/noble-society.net\/wp-content\/uploads\/2023\/01\/no_shipping-1024x1024-1-12x12.jpg 12w, https:\/\/noble-society.net\/wp-content\/uploads\/2023\/01\/no_shipping-1024x1024-1-100x100.jpg 100w, https:\/\/noble-society.net\/wp-content\/uploads\/2023\/01\/no_shipping-1024x1024-1-30x30.jpg 30w, https:\/\/noble-society.net\/wp-content\/uploads\/2023\/01\/no_shipping-1024x1024-1-400x400.jpg 400w, https:\/\/noble-society.net\/wp-content\/uploads\/2023\/01\/no_shipping-1024x1024-1-60x60.jpg 60w\" sizes=\"auto, (max-width: 1024px) 100vw, 1024px\" \/><\/div><\/div><\/div><\/div><div class=\"wpb_column vc_column_container\"><div class=\"vc_column-inner\"><div class=\"wpb_text_column\"><div class=\"wpb_wrapper\"><h3 class=\"p1\"><b>Sin env\u00edo: Sin costos<\/b><b><\/b><\/h3>\n<p class=\"p3\"><strong>Entregamos su certificado y folleto como archivos PDF por correo electr\u00f3nico.<\/strong><\/p>\n<p class=\"p3\">Desde una perspectiva ambiental, consideramos irresponsable transportar algo a cientos o incluso miles de kil\u00f3metros cuando se puede imprimir f\u00e1cilmente en casa. Por eso enviamos sus certificados y folletos digitalmente por correo electr\u00f3nico.<\/p>\n<p class=\"p3\">Recibes tu pedido al instante y puedes imprimirlo de inmediato. Otra ventaja es la flexibilidad: puedes imprimir tu certificado en cualquier tama\u00f1o que prefieras: el est\u00e1ndar A4, formato p\u00f3ster grande, en papel fotogr\u00e1fico o en papel certificado de primera calidad.<\/p>\n<p class=\"p3\">\u00bfNo es eso mucho mejor que pagar altos costos de env\u00edo y esperar la entrega?<\/p>\n<\/div><\/div><\/div><\/div><\/div><\/div><\/section><section class=\"l-section wpb_row us_custom_64e27225 height_small\"><div class=\"l-section-h i-cf\"><div class=\"g-cols vc_row via_grid cols_1 laptops-cols_inherit tablets-cols_inherit mobiles-cols_1 valign_top type_default stacking_default\"><div class=\"wpb_column vc_column_container\"><div class=\"vc_column-inner\"><div class=\"wpb_text_column us_custom_733cf2a7\"><div class=\"wpb_wrapper\"><h3 class=\"p1\">Tambi\u00e9n ofrecemos opciones de env\u00edo adicionales.<\/h3>\n<p class=\"p1\">Puedes optar por recibir tu pedido completo impreso y entregado como un paquete. En este caso, enviaremos todos los certificados impresos profesionalmente, junto con el folleto, presentados en una carpeta de regalo de primera calidad. Opcionalmente, tambi\u00e9n puedes a\u00f1adir accesorios como nuestra Tarjeta de Identificaci\u00f3n Dorada o nuestro sello autom\u00e1tico.<\/p>\n<p class=\"p1\">Enviamos a todo el mundo con UPS, totalmente asegurado. Los tiempos de entrega son de hasta 5 d\u00edas h\u00e1biles a EE.UU., Sudam\u00e9rica, Asia y Australia. Dentro de Europa, enviamos con DPD, con un tiempo de entrega estimado de 2 a 3 d\u00edas h\u00e1biles.<\/p>\n<p class=\"p1\">Sin embargo, generalmente recomendamos elegir la entrega en PDF por correo electr\u00f3nico. Usted recibe sus certificados al instante sin tener que esperar el env\u00edo. Tambi\u00e9n es considerablemente m\u00e1s rentable imprimirlos usted mismo o hacer que los impriman profesionalmente en una copister\u00eda.<\/p>\n<\/div><\/div><\/div><\/div><\/div><\/div><\/section><section class=\"l-section wpb_row height_small\"><div class=\"l-section-h i-cf\"><div class=\"g-cols vc_row via_grid cols_2 laptops-cols_inherit tablets-cols_inherit mobiles-cols_1 valign_top type_default stacking_default\"><div class=\"wpb_column vc_column_container\"><div class=\"vc_column-inner\"><div class=\"wpb_text_column\"><div class=\"wpb_wrapper\"><h3 data-path-to-node=\"9\"><b data-path-to-node=\"9\" data-index-in-node=\"0\">Pago conveniente y seguro<\/b><\/h3>\n<p data-path-to-node=\"10\">Su seguridad es nuestra m\u00e1xima prioridad. Para garantizar una experiencia de compra fluida y segura, utilizamos dos de los principales proveedores de pago del mundo:<\/p>\n<ul data-path-to-node=\"11\">\n<li>\n<p data-path-to-node=\"11,0,0\"><b data-path-to-node=\"11,0,0\" data-index-in-node=\"0\">PayPal:<\/b> Paga r\u00e1pida y f\u00e1cilmente con tu cuenta de PayPal mientras te beneficias de una protecci\u00f3n integral para el comprador.<\/p>\n<\/li>\n<li>\n<p data-path-to-node=\"11,1,0\"><b data-path-to-node=\"11,1,0\" data-index-in-node=\"0\">Pasarela de pago STRIPE:<\/b> Usamos la pasarela Stripe para ofrecer un entorno totalmente cifrado y seguro para tus transacciones. Puedes elegir entre varios m\u00e9todos, incluyendo <b data-path-to-node=\"11,1,0\" data-index-in-node=\"172\">tarjetas de cr\u00e9dito<\/b>, <b data-path-to-node=\"11,1,0\" data-index-in-node=\"186\">domiciliaci\u00f3n bancaria<\/b>, u otras opciones de pago locales.<\/p>\n<\/li>\n<\/ul>\n<\/div><\/div><\/div><\/div><div class=\"wpb_column vc_column_container\"><div class=\"vc_column-inner\"><div class=\"w-image align_center\"><div class=\"w-image-h\"><img decoding=\"async\" width=\"1536\" height=\"1024\" src=\"https:\/\/noble-society.net\/wp-content\/uploads\/2026\/04\/21b7e6276744a382659ff047a41f117a22ac33ab162cc701a42ed244a8d5da17.png\" class=\"attachment-full size-full\" alt=\"Comprar T\u00edtulos Nobles | Una persona con tarjeta de cr\u00e9dito est\u00e1 a punto de hacer clic en Pagar ahora en la pantalla de una computadora port\u00e1til que muestra un sitio web para comprar un t\u00edtulo nobiliario, con certificados y una peque\u00f1a corona listos para enviar cerca sobre el escritorio. | noble-society.net\" loading=\"lazy\" srcset=\"https:\/\/noble-society.net\/wp-content\/uploads\/2026\/04\/21b7e6276744a382659ff047a41f117a22ac33ab162cc701a42ed244a8d5da17.png 1536w, https:\/\/noble-society.net\/wp-content\/uploads\/2026\/04\/21b7e6276744a382659ff047a41f117a22ac33ab162cc701a42ed244a8d5da17-300x200.png 300w, https:\/\/noble-society.net\/wp-content\/uploads\/2026\/04\/21b7e6276744a382659ff047a41f117a22ac33ab162cc701a42ed244a8d5da17-1024x683.png 1024w, https:\/\/noble-society.net\/wp-content\/uploads\/2026\/04\/21b7e6276744a382659ff047a41f117a22ac33ab162cc701a42ed244a8d5da17-18x12.png 18w, https:\/\/noble-society.net\/wp-content\/uploads\/2026\/04\/21b7e6276744a382659ff047a41f117a22ac33ab162cc701a42ed244a8d5da17-100x67.png 100w, https:\/\/noble-society.net\/wp-content\/uploads\/2026\/04\/21b7e6276744a382659ff047a41f117a22ac33ab162cc701a42ed244a8d5da17-600x400.png 600w, https:\/\/noble-society.net\/wp-content\/uploads\/2026\/04\/21b7e6276744a382659ff047a41f117a22ac33ab162cc701a42ed244a8d5da17-30x20.png 30w, https:\/\/noble-society.net\/wp-content\/uploads\/2026\/04\/21b7e6276744a382659ff047a41f117a22ac33ab162cc701a42ed244a8d5da17-60x40.png 60w\" sizes=\"auto, (max-width: 1536px) 100vw, 1536px\" \/><\/div><\/div><\/div><\/div><\/div><\/div><\/section><section class=\"l-section wpb_row height_small\"><div class=\"l-section-h i-cf\"><div class=\"g-cols vc_row via_grid cols_1 laptops-cols_inherit tablets-cols_inherit mobiles-cols_1 valign_top type_default stacking_default\"><div class=\"wpb_column vc_column_container\"><div class=\"vc_column-inner\"><div class=\"w-image align_center\"><div class=\"w-image-h\"><img decoding=\"async\" width=\"1305\" height=\"126\" src=\"https:\/\/noble-society.net\/wp-content\/uploads\/2026\/04\/Visa.png\" class=\"attachment-full size-full\" alt=\"Opciones de pago para Noble Titles\" loading=\"lazy\" srcset=\"https:\/\/noble-society.net\/wp-content\/uploads\/2026\/04\/Visa.png 1305w, https:\/\/noble-society.net\/wp-content\/uploads\/2026\/04\/Visa-300x29.png 300w, https:\/\/noble-society.net\/wp-content\/uploads\/2026\/04\/Visa-1024x99.png 1024w, https:\/\/noble-society.net\/wp-content\/uploads\/2026\/04\/Visa-18x2.png 18w, https:\/\/noble-society.net\/wp-content\/uploads\/2026\/04\/Visa-100x10.png 100w, https:\/\/noble-society.net\/wp-content\/uploads\/2026\/04\/Visa-600x58.png 600w, https:\/\/noble-society.net\/wp-content\/uploads\/2026\/04\/Visa-30x3.png 30w, https:\/\/noble-society.net\/wp-content\/uploads\/2026\/04\/Visa-60x6.png 60w\" sizes=\"auto, (max-width: 1305px) 100vw, 1305px\" \/><\/div><\/div><\/div><\/div><\/div><\/div><\/section>","protected":false},"excerpt":{"rendered":"No Shipping: No Costs We deliver your certificate and booklet as PDF files via email. From an environmental perspective, we believe it is irresponsible to ship something across hundreds or even thousands of kilometers when it can easily be printed at home. That\u2019s why we send your certificates and booklet digitally by email. You receive...","protected":false},"author":1,"featured_media":0,"parent":0,"menu_order":0,"comment_status":"closed","ping_status":"closed","template":"","meta":{"_acf_changed":false,"yasr_overall_rating":4.70000000000000017763568394002504646778106689453125,"yasr_post_is_review":"","yasr_auto_insert_disabled":"","yasr_review_type":"","slim_seo":{"title":"Payment & Shipping - Buy Noble Titles Since 1999","description":""},"footnotes":""},"class_list":["post-294","page","type-page","status-publish","hentry"],"acf":[],"yasr_visitor_votes":{"stars_attributes":{"read_only":false,"span_bottom":false},"number_of_votes":0,"sum_votes":0},"_links":{"self":[{"href":"https:\/\/noble-society.net\/es\/wp-json\/wp\/v2\/pages\/294","targetHints":{"allow":["GET"]}}],"collection":[{"href":"https:\/\/noble-society.net\/es\/wp-json\/wp\/v2\/pages"}],"about":[{"href":"https:\/\/noble-society.net\/es\/wp-json\/wp\/v2\/types\/page"}],"author":[{"embeddable":true,"href":"https:\/\/noble-society.net\/es\/wp-json\/wp\/v2\/users\/1"}],"replies":[{"embeddable":true,"href":"https:\/\/noble-society.net\/es\/wp-json\/wp\/v2\/comments?post=294"}],"version-history":[{"count":7,"href":"https:\/\/noble-society.net\/es\/wp-json\/wp\/v2\/pages\/294\/revisions"}],"predecessor-version":[{"id":62185,"href":"https:\/\/noble-society.net\/es\/wp-json\/wp\/v2\/pages\/294\/revisions\/62185"}],"wp:attachment":[{"href":"https:\/\/noble-society.net\/es\/wp-json\/wp\/v2\/media?parent=294"}],"curies":[{"name":"wp","href":"https:\/\/api.w.org\/{rel}","templated":true}]}}