{"id":55499,"date":"2026-03-17T09:30:24","date_gmt":"2026-03-17T08:30:24","guid":{"rendered":"https:\/\/noble-society.net\/?page_id=55499"},"modified":"2026-04-01T08:25:06","modified_gmt":"2026-04-01T05:25:06","slug":"terminos-legales","status":"publish","type":"page","link":"https:\/\/noble-society.net\/es\/terms-legal\/","title":{"rendered":"T\u00e9rminos y Legal"},"content":{"rendered":"<section class=\"l-section wpb_row height_small\"><div class=\"l-section-h i-cf\"><div class=\"g-cols vc_row via_grid cols_1 laptops-cols_inherit tablets-cols_inherit mobiles-cols_1 valign_top type_default stacking_default\"><div class=\"wpb_column vc_column_container\"><div class=\"vc_column-inner\"><div class=\"w-html\"><br><br><\/div><\/div><\/div><\/div><\/div><\/section><section class=\"l-section wpb_row height_small\"><div class=\"l-section-h i-cf\"><div class=\"g-cols vc_row via_grid cols_1 laptops-cols_inherit tablets-cols_inherit mobiles-cols_1 valign_top type_default stacking_default\"><div class=\"wpb_column vc_column_container\"><div class=\"vc_column-inner\"><div class=\"wpb_text_column\"><div class=\"wpb_wrapper\"><h3>T\u00e9rminos, Pol\u00edtica de Retirada y Aviso Legal<\/h3>\n<h3>1. Informaci\u00f3n de la empresa<\/h3>\n<pre><strong>Ordo Regalis S.R.L.<\/strong>\r\nDrumul PADUREA PUSTNICU, Nr. 127C\r\nCuerpo A, Bl. TO38\/2, Etaj 3, Ap. 12\r\n014042 Bucure\u0219ti, Sector 1\r\nRuman\u00eda\r\n\r\nCIF: RO54277877\r\nRegistro mercantil: J2026017808008\r\nC\u00f3digo Fiscal: 54277877\r\n\r\nCorreo electr\u00f3nico: teams @ noble-society.net<\/pre>\n<hr \/>\n<h3>2. Alcance<\/h3>\n<p>Estos T\u00e9rminos y Condiciones se aplican a todos los pedidos realizados a trav\u00e9s de nuestro sitio web y se aplican en todo el mundo.<\/p>\n<p>Al realizar un pedido, usted acepta estos t\u00e9rminos.<\/p>\n<hr \/>\n<h3>3. Productos<\/h3>\n<p>Ofrecemos t\u00edtulos nobiliarios personalizados y art\u00edculos relacionados.<\/p>\n<h4>Todos los productos lo son:<\/h4>\n<ul>\n<li>creados individualmente<\/li>\n<li>personalizados seg\u00fan las especificaciones del cliente<\/li>\n<li>producido bajo pedido<\/li>\n<\/ul>\n<hr \/>\n<h3>4. Conclusi\u00f3n del contrato<\/h3>\n<p>Un contrato se celebra cuando:<\/p>\n<ul>\n<li>realizas un pedido, y<\/li>\n<li>aceptamos el pedido mediante confirmaci\u00f3n o cumplimiento<\/li>\n<\/ul>\n<p>Nos reservamos el derecho a rechazar pedidos en casos justificados.<\/p>\n<hr \/>\n<h3>5. 5. Precios y pagos<\/h3>\n<p>Todos los precios se muestran en nuestro sitio web.<\/p>\n<h4>Formas de pago disponibles:<\/h4>\n<ul>\n<li>Stripe (tarjeta de cr\u00e9dito\/d\u00e9bito)<\/li>\n<li>PayPal<\/li>\n<\/ul>\n<p>El pago debe efectuarse inmediatamente despu\u00e9s de la compra.<\/p>\n<hr \/>\n<h3>6. Entrega<\/h3>\n<p>La entrega se realiza a trav\u00e9s de DHL.<\/p>\n<ul>\n<li>Los tiempos de env\u00edo pueden variar seg\u00fan el destino<\/li>\n<li>Puede facilitarse informaci\u00f3n de seguimiento<\/li>\n<\/ul>\n<p>No somos responsables de los retrasos causados por los proveedores de env\u00edo o la aduana.<\/p>\n<hr \/>\n<h3>7. Sin derecho de desistimiento (Importante)<\/h3>\n<p>Como nuestros productos son <strong>exclusivamente personalizados y fabricados individualmente<\/strong>, queda excluido el derecho de desistimiento.<\/p>\n<p>Esto aplica a nivel mundial y se basa en:<\/p>\n<ul>\n<li>Derecho de la UE (art. 16(c) Directiva 2011\/83\/UE)<\/li>\n<li>Principios comparables en el comercio internacional<\/li>\n<\/ul>\n<p>Una vez que haya comenzado la producci\u00f3n o se haya completado el pedido, no es posible cancelar o devolver.<\/p>\n<hr \/>\n<h3>8. 8. Devoluciones y reembolsos<\/h3>\n<p>Las devoluciones solo se aceptan si:<\/p>\n<ul>\n<li>el producto es defectuoso, o<\/li>\n<li>hay un error de producci\u00f3n<\/li>\n<\/ul>\n<p>En tales casos, por favor cont\u00e1ctenos a:<br \/>\nadmin@noble-society.net<\/p>\n<hr \/>\n<h3>9. Responsabilidad<\/h3>\n<p>S\u00f3lo somos responsables de:<\/p>\n<ul>\n<li>dolo y negligencia grave<\/li>\n<li>da\u00f1os resultantes de lesiones a la vida, el cuerpo o la salud<\/li>\n<\/ul>\n<p>En la medida en que lo permita la ley, queda excluida cualquier otra responsabilidad.<\/p>\n<hr \/>\n<h3>10. Propiedad Intelectual<\/h3>\n<p>Todo el contenido, dise\u00f1os y conceptos de producto siguen siendo propiedad intelectual de Ordo Regalis S.R.L.<\/p>\n<p>Se proh\u00edbe la reproducci\u00f3n o el uso no autorizados.<\/p>\n<hr \/>\n<h3>11. Derecho aplicable<\/h3>\n<p>Estos T\u00e9rminos se rigen por las leyes de Rumania.<\/p>\n<p>Para los consumidores, tambi\u00e9n pueden aplicarse las leyes obligatorias de protecci\u00f3n al consumidor de su pa\u00eds de residencia.<\/p>\n<hr \/>\n<h3>12. Resoluci\u00f3n de Disputas<\/h3>\n<pre>Resoluci\u00f3n de Disputas en L\u00ednea (ODR) <a href=\"https:\/\/ec.europa.eu\/consumers\/odr\/\">https:\/\/ec.europa.eu\/consumers\/odr\/<\/a>\r\nANPC - Protecci\u00f3n de los consumidores: <a href=\"https:\/\/anpc.ro\">https:\/\/anpc.ro<\/a><\/pre>\n<hr \/>\n<h3>13. Disposiciones finales<\/h3>\n<p>Si alguna disposici\u00f3n de estos T\u00e9rminos no es v\u00e1lida, las disposiciones restantes no se ver\u00e1n afectadas.<\/p>\n<p>Nos reservamos el derecho de actualizar estos T\u00e9rminos en cualquier momento.<\/p>\n<\/div><\/div><\/div><\/div><\/div><\/div><\/section>","protected":false},"excerpt":{"rendered":"T\u00e9rminos, Pol\u00edtica de Retiro y Aviso Legal 1. Informaci\u00f3n de la Empresa Ordo Regalis S.R.L. Drumul PADUREA PUSTNICU, Nr. 127C Corp A, Bl. TO38\/2, Etaj 3, Ap. 12 014042 Bucure\u0219ti, Sector 1 Rumania CIF: RO54277877 Registro Mercantil: J2026017808008 C\u00f3digo Fiscal: 54277877 Correo electr\u00f3nico: teams @ noble-society.net 2. \u00c1mbito Estos T\u00e9rminos y Condiciones se aplican a todos los pedidos realizados a trav\u00e9s de...","protected":false},"author":1,"featured_media":0,"parent":0,"menu_order":0,"comment_status":"closed","ping_status":"closed","template":"","meta":{"_acf_changed":false,"yasr_overall_rating":0,"yasr_post_is_review":"","yasr_auto_insert_disabled":"","yasr_review_type":"","slim_seo":{"title":"T\u00e9rminos y legales - Compra t\u00edtulos nobles desde 1999","description":""},"footnotes":""},"class_list":["post-55499","page","type-page","status-publish","hentry"],"acf":[],"yasr_visitor_votes":{"stars_attributes":{"read_only":false,"span_bottom":false},"number_of_votes":0,"sum_votes":0},"_links":{"self":[{"href":"https:\/\/noble-society.net\/es\/wp-json\/wp\/v2\/pages\/55499","targetHints":{"allow":["GET"]}}],"collection":[{"href":"https:\/\/noble-society.net\/es\/wp-json\/wp\/v2\/pages"}],"about":[{"href":"https:\/\/noble-society.net\/es\/wp-json\/wp\/v2\/types\/page"}],"author":[{"embeddable":true,"href":"https:\/\/noble-society.net\/es\/wp-json\/wp\/v2\/users\/1"}],"replies":[{"embeddable":true,"href":"https:\/\/noble-society.net\/es\/wp-json\/wp\/v2\/comments?post=55499"}],"version-history":[{"count":4,"href":"https:\/\/noble-society.net\/es\/wp-json\/wp\/v2\/pages\/55499\/revisions"}],"predecessor-version":[{"id":62063,"href":"https:\/\/noble-society.net\/es\/wp-json\/wp\/v2\/pages\/55499\/revisions\/62063"}],"wp:attachment":[{"href":"https:\/\/noble-society.net\/es\/wp-json\/wp\/v2\/media?parent=55499"}],"curies":[{"name":"wp","href":"https:\/\/api.w.org\/{rel}","templated":true}]}}