{"id":61582,"date":"2026-03-17T09:32:29","date_gmt":"2026-03-17T08:32:29","guid":{"rendered":"https:\/\/noble-society.net\/?page_id=61582"},"modified":"2026-04-01T08:22:37","modified_gmt":"2026-04-01T05:22:37","slug":"declaracion-de-privacidad","status":"publish","type":"page","link":"https:\/\/noble-society.net\/es\/datenschutzerklaerung\/","title":{"rendered":"Pol\u00edtica de privacidad"},"content":{"rendered":"<section class=\"l-section wpb_row height_small\"><div class=\"l-section-h i-cf\"><div class=\"g-cols vc_row via_grid cols_1 laptops-cols_inherit tablets-cols_inherit mobiles-cols_1 valign_top type_default stacking_default\"><div class=\"wpb_column vc_column_container\"><div class=\"vc_column-inner\"><div class=\"w-html\"><br><br><\/div><\/div><\/div><\/div><\/div><\/section><section class=\"l-section wpb_row height_small\"><div class=\"l-section-h i-cf\"><div class=\"g-cols vc_row via_grid cols_1 laptops-cols_inherit tablets-cols_inherit mobiles-cols_1 valign_top type_default stacking_default\"><div class=\"wpb_column vc_column_container\"><div class=\"vc_column-inner\"><div class=\"wpb_text_column\"><div class=\"wpb_wrapper\"><p class=\"p1\"><b>Ordo Regalis S.R.L.<\/b><b><\/b><\/p>\n<h3><b>1. 1. Informaci\u00f3n general<\/b><\/h3>\n<p class=\"p4\">Esta Pol\u00edtica de Privacidad explica c\u00f3mo Ordo Regalis S.R.L. recopila, utiliza y protege sus datos personales cuando visita nuestro sitio web o utiliza nuestros servicios.<\/p>\n<p class=\"p4\">Estamos comprometidos a cumplir con las leyes de protecci\u00f3n de datos aplicables, incluida la <span class=\"s2\"><b>Reglamento General de Protecci\u00f3n de Datos (RGPD)<\/b><\/span> y, donde corresponda, <span class=\"s2\"><b>Leyes de privacidad de EE. UU. (por ejemplo, CCPA\/CPRA)<\/b><\/span>.<\/p>\n<hr \/>\n<h3><b>2. Informaci\u00f3n del controlador<\/b><\/h3>\n<pre class=\"p1\"><b>Ordo Regalis S.R.L.<\/b><b><\/b>\r\n\r\nDrumul PADUREA PUSTNICU, Nr. 127C\nCorp A, Bl. TO38\/2, Etaj 3, Ap. 12\n014042 Bucure\u0219ti, Sector 1\nRuman\u00eda\n\nNIF: RO54277877\nRegistro Mercantil: J2026017808008\nC\u00f3digo Fiscal: 54277877\n\nEmail: teams at noble-society.net<\/pre>\n<hr \/>\n<h3><b>3. Delegado de Protecci\u00f3n de Datos<\/b><\/h3>\n<p class=\"p1\"><b>Leah Martin<\/b><b><\/b><\/p>\n<p class=\"p4\">Correo electr\u00f3nico: admin en noble-society.net<\/p>\n<hr \/>\n<h3><b>4. Datos que Recopilamos<\/b><\/h3>\n<p class=\"p4\">Podemos recopilar y procesar los siguientes datos personales:<\/p>\n<ul>\n<li>\n<p class=\"p1\">Nombre, direcci\u00f3n, direcci\u00f3n de correo electr\u00f3nico, n\u00famero de tel\u00e9fono<\/p>\n<\/li>\n<li>\n<p class=\"p1\">Informaci\u00f3n de pago (procesada a trav\u00e9s de proveedores externos)<\/p>\n<\/li>\n<li>\n<p class=\"p1\">Detalles de pedido y transacci\u00f3n<\/p>\n<\/li>\n<li>\n<p class=\"p1\">Direcci\u00f3n IP e informaci\u00f3n del dispositivo<\/p>\n<\/li>\n<li>\n<p class=\"p1\">Datos de comunicaci\u00f3n (por ejemplo, consultas del formulario de contacto)<\/p>\n<\/li>\n<\/ul>\n<hr \/>\n<h3><b>5. Finalidad del tratamiento de datos<\/b><\/h3>\n<p class=\"p4\">Sus datos se procesan para los siguientes fines:<\/p>\n<ul>\n<li>\n<p class=\"p1\">Procesamiento de pedidos y entregas<\/p>\n<\/li>\n<li>\n<p class=\"p1\">Proporcionar soporte al cliente<\/p>\n<\/li>\n<li>\n<p class=\"p1\">Gesti\u00f3n de pagos y facturas<\/p>\n<\/li>\n<li>\n<p class=\"p1\">Mejorando nuestro sitio web y nuestros servicios<\/p>\n<\/li>\n<li>\n<p class=\"p1\">Marketing y publicidad (cuando corresponda)<\/p>\n<\/li>\n<li>\n<p class=\"p1\">Cumplimiento legal y regulatorio<\/p>\n<\/li>\n<\/ul>\n<hr \/>\n<h3><b>6. Base Legal (RGPD)<\/b><\/h3>\n<p class=\"p4\">Procesamos datos personales bas\u00e1ndonos en:<\/p>\n<ul>\n<li>\n<p class=\"p1\"><span class=\"s1\"><b>Art\u00edculo 6.1.b del RGPD<\/b><\/span> \u2013 cumplimiento de un contrato<\/p>\n<\/li>\n<li>\n<p class=\"p1\"><span class=\"s1\"><b>Art. 6(1)(c) RGPD<\/b><\/span> Obligaciones legales<\/p>\n<\/li>\n<li>\n<p class=\"p1\"><span class=\"s1\"><b>Art\u00edculo 6(1)(f) RGPD<\/b><\/span> Intereses leg\u00edtimos<\/p>\n<\/li>\n<li>\n<p class=\"p1\"><span class=\"s1\"><b>Art\u00edculo 6, apartado 1, letra a) del RGPD<\/b><\/span> \u2013 consentimiento (donde corresponda)<\/p>\n<\/li>\n<\/ul>\n<hr \/>\n<h3><b>7. Alojamiento<\/b><\/h3>\n<p class=\"p4\">Nuestro sitio web est\u00e1 alojado por:<\/p>\n<p class=\"p1\"><b>ALL-INKL.COM \u2013 Neue Medien M\u00fcnnich<\/b><b><\/b><\/p>\n<p class=\"p4\">Alemania<\/p>\n<p class=\"p4\">Los datos personales pueden ser procesados en servidores ubicados dentro de la Uni\u00f3n Europea.<\/p>\n<hr \/>\n<h3><b>8. Comercio electr\u00f3nico (WooCommerce)<\/b><\/h3>\n<p class=\"p4\">Usamos WooCommerce para operar nuestra tienda en l\u00ednea.<\/p>\n<p class=\"p4\">Durante el proceso de pedido, se recopilan y procesan los datos personales necesarios para cumplir con el contrato.<\/p>\n<hr \/>\n<h3><b>9. Proveedores de Pago<\/b><\/h3>\n<h3><b>Raya<\/b><\/h3>\n<p class=\"p4\">Los pagos se procesan a trav\u00e9s de Stripe.<\/p>\n<p class=\"p4\">Pol\u00edtica de privacidad: https:\/\/stripe.com\/privacy<\/p>\n<h3><b>PayPal<\/b><\/h3>\n<p class=\"p4\">Los pagos tambi\u00e9n pueden procesarse a trav\u00e9s de PayPal.<\/p>\n<p class=\"p4\">Pol\u00edtica de Privacidad: https:\/\/www.paypal.com\/privacy<\/p>\n<hr \/>\n<h3><b>10. Proveedor de Env\u00edo<\/b><\/h3>\n<h3><b>DHL<\/b><\/h3>\n<p class=\"p4\">Para fines de entrega, compartimos los datos personales necesarios (nombre, direcci\u00f3n, datos de contacto) con DHL.<\/p>\n<p class=\"p4\">La informaci\u00f3n de seguimiento puede enviarse por correo electr\u00f3nico.<\/p>\n<hr \/>\n<h3><b>11. Anal\u00edtica y Publicidad<\/b><\/h3>\n<h3><b>Google Analytics<\/b><\/h3>\n<p class=\"p4\">Usamos Google Analytics para analizar el uso del sitio web.<\/p>\n<p class=\"p4\">Google puede procesar datos personales en los EE. UU.<\/p>\n<h3><b>Anuncios Google<\/b><\/h3>\n<p class=\"p4\">Usamos Google Ads para publicidad y seguimiento de conversiones.<\/p>\n<h3><b>Met\u00e1lica<\/b><\/h3>\n<p class=\"p4\">Usamos Metrik para an\u00e1lisis.<\/p>\n<hr \/>\n<h3><b>12. Transferencias de datos a terceros pa\u00edses<\/b><\/h3>\n<p class=\"p4\">Algunos servicios (por ejemplo, Google, Stripe) pueden transferir datos a pa\u00edses fuera de la UE, incluidos los Estados Unidos.<\/p>\n<p class=\"p4\">Nos aseguramos de contar con las salvaguardias apropiadas, como:<\/p>\n<ul>\n<li>\n<p class=\"p1\">Cl\u00e1usulas Contractuales Tipo (CCT)<\/p>\n<\/li>\n<li>\n<p class=\"p1\">Decisiones de adecuaci\u00f3n cuando corresponda<\/p>\n<\/li>\n<\/ul>\n<hr \/>\n<h3><b>13. Formulario de Contacto<\/b><\/h3>\n<p class=\"p4\">Si nos contacta a trav\u00e9s de nuestro sitio web, sus datos enviados se almacenar\u00e1n con el fin de procesar su solicitud.<\/p>\n<hr \/>\n<h3><b>14. Retenci\u00f3n de datos<\/b><\/h3>\n<p class=\"p4\">Conservamos los datos personales solo mientras sea necesario para:<\/p>\n<ul>\n<li>\n<p class=\"p1\">Cumplimiento del contrato<\/p>\n<\/li>\n<li>\n<p class=\"p1\">Obligaciones legales (por ejemplo, leyes fiscales)<\/p>\n<\/li>\n<li>\n<p class=\"p1\">Intereses comerciales leg\u00edtimos<\/p>\n<\/li>\n<\/ul>\n<hr \/>\n<h3><b>15. Tus Derechos (RGPD)<\/b><\/h3>\n<p class=\"p4\">Tienes derecho a:<\/p>\n<ul>\n<li>\n<p class=\"p1\">Accede a tus datos<\/p>\n<\/li>\n<li>\n<p class=\"p1\">Corregir datos incorrectos<\/p>\n<\/li>\n<li>\n<p class=\"p1\">Borra tus datos<\/p>\n<\/li>\n<li>\n<p class=\"p1\">Restringir el procesamiento<\/p>\n<\/li>\n<li>\n<p class=\"p1\">Portabilidad de datos<\/p>\n<\/li>\n<li>\n<p class=\"p1\">Objetar al procesamiento<\/p>\n<\/li>\n<li>\n<p class=\"p1\">Retirar el consentimiento en cualquier momento<\/p>\n<\/li>\n<\/ul>\n<p class=\"p4\">Para ejercer sus derechos, contacte a: admin@noble-society.net<\/p>\n<hr \/>\n<h3><b>16. Derechos de Privacidad de EE. UU. (CCPA\/CPRA)<\/b><\/h3>\n<p class=\"p4\">Si usted es residente de California, tiene el derecho de:<\/p>\n<ul>\n<li>\n<p class=\"p1\">Solicitar divulgaci\u00f3n de datos recopilados<\/p>\n<\/li>\n<li>\n<p class=\"p1\">Solicitar eliminaci\u00f3n de datos personales<\/p>\n<\/li>\n<li>\n<p class=\"p1\">Excluirse de la venta\/compartir de datos<\/p>\n<\/li>\n<\/ul>\n<hr \/>\n<h3><b>17. Seguridad de datos<\/b><\/h3>\n<p class=\"p4\">Implementamos medidas t\u00e9cnicas y organizativas apropiadas para proteger tus datos contra el acceso no autorizado, la p\u00e9rdida o el uso indebido.<\/p>\n<hr \/>\n<h3><b>18. V\u00ednculos externos<\/b><\/h3>\n<p class=\"p4\">Nuestro sitio web puede contener enlaces a sitios web externos.<\/p>\n<p class=\"p4\">No somos responsables de sus pr\u00e1cticas de privacidad.<\/p>\n<hr \/>\n<h3><b>19. Actualizaciones<\/b><\/h3>\n<p class=\"p4\">Nos reservamos el derecho de actualizar esta Pol\u00edtica de Privacidad en cualquier momento.<\/p>\n<hr \/>\n<h3><b>20. Resoluci\u00f3n de disputas en l\u00ednea y protecci\u00f3n al consumidor<\/b><\/h3>\n<pre class=\"p4\">Resoluci\u00f3n de Disputas en L\u00ednea (ODR) <a href=\"https:\/\/ec.europa.eu\/consumers\/odr\/\">https:\/\/ec.europa.eu\/consumers\/odr\/<\/a> \r\nANPC - Protecci\u00f3n de los consumidores: <a href=\"https:\/\/anpc.ro\">https:\/\/anpc.ro<\/a><\/pre>\n<\/div><\/div><\/div><\/div><\/div><\/div><\/section>","protected":false},"excerpt":{"rendered":"Ordo Regalis S.R.L. 1. General Information This Privacy Policy explains how Ordo Regalis S.R.L. collects, uses, and protects your personal data when you visit our website or use our services. We are committed to complying with applicable data protection laws, including the General Data Protection Regulation (GDPR) and, where applicable, U.S. privacy laws (e.g. CCPA\/CPRA)....","protected":false},"author":1,"featured_media":0,"parent":0,"menu_order":0,"comment_status":"closed","ping_status":"closed","template":"","meta":{"_acf_changed":false,"yasr_overall_rating":0,"yasr_post_is_review":"","yasr_auto_insert_disabled":"","yasr_review_type":"","slim_seo":{"title":"Privacy Policy - Buy Noble Titles Since 1999","description":""},"footnotes":""},"class_list":["post-61582","page","type-page","status-publish","hentry"],"acf":[],"yasr_visitor_votes":{"stars_attributes":{"read_only":false,"span_bottom":false},"number_of_votes":0,"sum_votes":0},"_links":{"self":[{"href":"https:\/\/noble-society.net\/es\/wp-json\/wp\/v2\/pages\/61582","targetHints":{"allow":["GET"]}}],"collection":[{"href":"https:\/\/noble-society.net\/es\/wp-json\/wp\/v2\/pages"}],"about":[{"href":"https:\/\/noble-society.net\/es\/wp-json\/wp\/v2\/types\/page"}],"author":[{"embeddable":true,"href":"https:\/\/noble-society.net\/es\/wp-json\/wp\/v2\/users\/1"}],"replies":[{"embeddable":true,"href":"https:\/\/noble-society.net\/es\/wp-json\/wp\/v2\/comments?post=61582"}],"version-history":[{"count":4,"href":"https:\/\/noble-society.net\/es\/wp-json\/wp\/v2\/pages\/61582\/revisions"}],"predecessor-version":[{"id":62062,"href":"https:\/\/noble-society.net\/es\/wp-json\/wp\/v2\/pages\/61582\/revisions\/62062"}],"wp:attachment":[{"href":"https:\/\/noble-society.net\/es\/wp-json\/wp\/v2\/media?parent=61582"}],"curies":[{"name":"wp","href":"https:\/\/api.w.org\/{rel}","templated":true}]}}