{"id":62191,"date":"2026-04-01T14:54:27","date_gmt":"2026-04-01T11:54:27","guid":{"rendered":"https:\/\/noble-society.net\/?page_id=62191"},"modified":"2026-04-01T14:54:27","modified_gmt":"2026-04-01T11:54:27","slug":"titulo-de-duque-titulos-nobiliarios-desde-1999","status":"publish","type":"page","link":"https:\/\/noble-society.net\/es\/duke-title-noble-titles-since-1999\/","title":{"rendered":"Ducado \u2013 t\u00edtulos nobiliarios desde 1999"},"content":{"rendered":"<section class=\"l-section wpb_row height_small\"><div class=\"l-section-h i-cf\"><div class=\"g-cols vc_row via_grid cols_1 laptops-cols_inherit tablets-cols_inherit mobiles-cols_1 valign_top type_default stacking_default\"><div class=\"wpb_column vc_column_container\"><div class=\"vc_column-inner\"><div class=\"w-grid us_product_list type_grid layout_shop_standard cols_4 preload_style_spinner\" id=\"us_product_list_a996\" style=\"--columns:4;--gap:1.5rem;\"><style>@media (max-width:1024px){#us_product_list_a996{--columns:2!important}}@media (max-width:600px){#us_product_list_a996{--columns:1!important}}@media (min-width:1024px){#us_product_list_a996 .w-post-elm.post_title{font-size:16px!important}}.layout_shop_standard .w-grid-item-h{}.layout_shop_standard .usg_product_field_1{color:#fff!important;font-size:12px!important;font-weight:700!important;text-transform:uppercase!important;position:absolute!important;top:10px!important;left:10px!important;padding-left:0.8rem!important;padding-right:0.8rem!important;border-radius:9em!important;background:var(--color-content-primary)!important}.layout_shop_standard .usg_post_title_1{font-size:1rem!important;margin-top:0.8rem!important;margin-bottom:0.2rem!important}.layout_shop_standard .usg_product_field_2{margin-bottom:0.2rem!important}.layout_shop_standard .usg_product_field_3{font-weight:700!important}.layout_shop_standard .usg_add_to_cart_1{font-size:0.8rem!important;margin-top:0.4rem!important;border-radius:var(--site-border-radius)!important}<\/style><div class=\"w-grid-list\">\t<article class=\"w-grid-item size_1x1 post-61489 product type-product status-publish has-post-thumbnail product_cat-buy-dutch-noble-title product_tag-herzog product_tag-herzogin product_tag-meranien first instock taxable shipping-taxable purchasable product-type-variable has-default-attributes\" data-id=\"61489\">\r\n\t\t<div class=\"w-grid-item-h\">\r\n\t\t\t\t\t\t<div class=\"w-post-elm post_image usg_post_image_1 stretched\"><a href=\"https:\/\/noble-society.net\/es\/buy-nobility-titles\/hertog-van-valkenburg\/\" aria-label=\"Duke van Valkenburg\"><img loading=\"lazy\" decoding=\"async\" width=\"300\" height=\"300\" src=\"https:\/\/noble-society.net\/wp-content\/uploads\/2021\/09\/Meranien-Wappen-300x300.jpg\" class=\"attachment-woocommerce_thumbnail size-woocommerce_thumbnail wp-post-image\" alt=\"Buy Noble Titles | The Duke van Valkenburg features a red coat of arms with two silver arrows, two silver castles, a knight\u2019s helmet, red and white mantling, and an armored arm with a curved sword, set on a dark background with gold filigree corners. | noble-society.net\" srcset=\"https:\/\/noble-society.net\/wp-content\/uploads\/2021\/09\/Meranien-Wappen-300x300.jpg 300w, https:\/\/noble-society.net\/wp-content\/uploads\/2021\/09\/Meranien-Wappen-150x150.jpg 150w, https:\/\/noble-society.net\/wp-content\/uploads\/2021\/09\/Meranien-Wappen-12x12.jpg 12w, https:\/\/noble-society.net\/wp-content\/uploads\/2021\/09\/Meranien-Wappen-465x465.jpg 465w, https:\/\/noble-society.net\/wp-content\/uploads\/2021\/09\/Meranien-Wappen-500x500.jpg 500w, https:\/\/noble-society.net\/wp-content\/uploads\/2021\/09\/Meranien-Wappen.jpg 600w, https:\/\/noble-society.net\/wp-content\/uploads\/2021\/09\/Meranien-Wappen-30x30.jpg 30w, https:\/\/noble-society.net\/wp-content\/uploads\/2021\/09\/Meranien-Wappen-400x400.jpg 400w, https:\/\/noble-society.net\/wp-content\/uploads\/2021\/09\/Meranien-Wappen-60x60.jpg 60w\" sizes=\"auto, (max-width: 300px) 100vw, 300px\" \/><\/a><\/div><h2 class=\"w-post-elm post_title usg_post_title_1 woocommerce-loop-product__title color_link_inherit\"><a href=\"https:\/\/noble-society.net\/es\/buy-nobility-titles\/hertog-van-valkenburg\/\">Duke van Valkenburg<\/a><\/h2><p class=\"w-post-elm product_field price usg_product_field_3\"><span class=\"woocommerce-Price-amount amount\"><bdi><span class=\"woocommerce-Price-currencySymbol\">&euro;<\/span>49,90<\/bdi><\/span><\/p><div class=\"w-btn-wrapper woocommerce usg_add_to_cart_1 has_border_radius has_font_size\"><a href=\"https:\/\/noble-society.net\/es\/buy-nobility-titles\/hertog-van-valkenburg\/\" aria-describedby=\"woocommerce_loop_add_to_cart_link_describedby_61489\" data-quantity=\"1\" class=\"button product_type_variable add_to_cart_button\" data-product_id=\"61489\" data-product_sku=\"PA852\" aria-label=\"Elige las opciones para &ldquo;Duke van Valkenburg&rdquo;\" rel=\"nofollow\"><i class=\"g-preloader type_1\"><\/i><span class=\"w-btn-label\">Select options<\/span><\/a>\t<span id=\"woocommerce_loop_add_to_cart_link_describedby_61489\" class=\"screen-reader-text\">\n\t\tEste producto tiene m\u00faltiples variantes. Las opciones se pueden elegir en la p\u00e1gina de producto\t<\/span>\n<\/div>\t\t<\/div>\r\n\t\t\t<\/article>\r\n\t<article class=\"w-grid-item size_1x1 post-61490 product type-product status-publish has-post-thumbnail product_cat-german-noble-titles product_tag-herzog product_tag-katharienburg  instock taxable shipping-taxable purchasable product-type-variable has-default-attributes\" data-id=\"61490\">\r\n\t\t<div class=\"w-grid-item-h\">\r\n\t\t\t\t\t\t<div class=\"w-post-elm post_image usg_post_image_1 stretched\"><a href=\"https:\/\/noble-society.net\/es\/buy-nobility-titles\/duke-of-katharienburg\/\" aria-label=\"Duke of Katharienburg\"><img loading=\"lazy\" decoding=\"async\" width=\"300\" height=\"300\" src=\"https:\/\/noble-society.net\/wp-content\/uploads\/2021\/09\/Katharienburg-Wappen-300x300.jpg\" class=\"attachment-woocommerce_thumbnail size-woocommerce_thumbnail wp-post-image\" alt=\"Buy Noble Titles | The Duke of Katharienburg features a golden griffin on a black shield with red trim, crowned by a steel helmet with red and white plumes, and ornate red and gold leaf decorations. | noble-society.net\" srcset=\"https:\/\/noble-society.net\/wp-content\/uploads\/2021\/09\/Katharienburg-Wappen-300x300.jpg 300w, https:\/\/noble-society.net\/wp-content\/uploads\/2021\/09\/Katharienburg-Wappen-150x150.jpg 150w, https:\/\/noble-society.net\/wp-content\/uploads\/2021\/09\/Katharienburg-Wappen-12x12.jpg 12w, https:\/\/noble-society.net\/wp-content\/uploads\/2021\/09\/Katharienburg-Wappen-465x465.jpg 465w, https:\/\/noble-society.net\/wp-content\/uploads\/2021\/09\/Katharienburg-Wappen-500x500.jpg 500w, https:\/\/noble-society.net\/wp-content\/uploads\/2021\/09\/Katharienburg-Wappen.jpg 600w, https:\/\/noble-society.net\/wp-content\/uploads\/2021\/09\/Katharienburg-Wappen-30x30.jpg 30w, https:\/\/noble-society.net\/wp-content\/uploads\/2021\/09\/Katharienburg-Wappen-400x400.jpg 400w, https:\/\/noble-society.net\/wp-content\/uploads\/2021\/09\/Katharienburg-Wappen-60x60.jpg 60w\" sizes=\"auto, (max-width: 300px) 100vw, 300px\" \/><\/a><\/div><h2 class=\"w-post-elm post_title usg_post_title_1 woocommerce-loop-product__title color_link_inherit\"><a href=\"https:\/\/noble-society.net\/es\/buy-nobility-titles\/duke-of-katharienburg\/\">Duke of Katharienburg<\/a><\/h2><p class=\"w-post-elm product_field price usg_product_field_3\"><span class=\"woocommerce-Price-amount amount\"><bdi><span class=\"woocommerce-Price-currencySymbol\">&euro;<\/span>59,90<\/bdi><\/span><\/p><div class=\"w-btn-wrapper woocommerce usg_add_to_cart_1 has_border_radius has_font_size\"><a href=\"https:\/\/noble-society.net\/es\/buy-nobility-titles\/duke-of-katharienburg\/\" aria-describedby=\"woocommerce_loop_add_to_cart_link_describedby_61490\" data-quantity=\"1\" class=\"button product_type_variable add_to_cart_button\" data-product_id=\"61490\" data-product_sku=\"PA2001\" aria-label=\"Elige las opciones para &ldquo;Duke of Katharienburg&rdquo;\" rel=\"nofollow\"><i class=\"g-preloader type_1\"><\/i><span class=\"w-btn-label\">Select options<\/span><\/a>\t<span id=\"woocommerce_loop_add_to_cart_link_describedby_61490\" class=\"screen-reader-text\">\n\t\tEste producto tiene m\u00faltiples variantes. Las opciones se pueden elegir en la p\u00e1gina de producto\t<\/span>\n<\/div>\t\t<\/div>\r\n\t\t\t<\/article>\r\n\t<article class=\"w-grid-item size_1x1 post-61493 product type-product status-publish has-post-thumbnail product_cat-german-noble-titles product_tag-berwangen product_tag-herzog product_tag-herzogin  instock taxable shipping-taxable purchasable product-type-variable has-default-attributes\" data-id=\"61493\">\r\n\t\t<div class=\"w-grid-item-h\">\r\n\t\t\t\t\t\t<div class=\"w-post-elm post_image usg_post_image_1 stretched\"><a href=\"https:\/\/noble-society.net\/es\/buy-nobility-titles\/duke-of-berwangen\/\" aria-label=\"Duke of Berwangen\"><img loading=\"lazy\" decoding=\"async\" width=\"300\" height=\"300\" src=\"https:\/\/noble-society.net\/wp-content\/uploads\/2021\/09\/Berwangen-Wappen-300x300.jpg\" class=\"attachment-woocommerce_thumbnail size-woocommerce_thumbnail wp-post-image\" alt=\"Buy Noble Titles | The Duke of Berwangen features a shield with gold and black sections, three black crosses on gold, and a gold winged horse on black, with ornate corners, mantling, and a helmet crowning the shield. | noble-society.net\" srcset=\"https:\/\/noble-society.net\/wp-content\/uploads\/2021\/09\/Berwangen-Wappen-300x300.jpg 300w, https:\/\/noble-society.net\/wp-content\/uploads\/2021\/09\/Berwangen-Wappen-150x150.jpg 150w, https:\/\/noble-society.net\/wp-content\/uploads\/2021\/09\/Berwangen-Wappen-12x12.jpg 12w, https:\/\/noble-society.net\/wp-content\/uploads\/2021\/09\/Berwangen-Wappen-465x465.jpg 465w, https:\/\/noble-society.net\/wp-content\/uploads\/2021\/09\/Berwangen-Wappen-500x500.jpg 500w, https:\/\/noble-society.net\/wp-content\/uploads\/2021\/09\/Berwangen-Wappen.jpg 600w, https:\/\/noble-society.net\/wp-content\/uploads\/2021\/09\/Berwangen-Wappen-30x30.jpg 30w, https:\/\/noble-society.net\/wp-content\/uploads\/2021\/09\/Berwangen-Wappen-400x400.jpg 400w, https:\/\/noble-society.net\/wp-content\/uploads\/2021\/09\/Berwangen-Wappen-60x60.jpg 60w\" sizes=\"auto, (max-width: 300px) 100vw, 300px\" \/><\/a><\/div><h2 class=\"w-post-elm post_title usg_post_title_1 woocommerce-loop-product__title color_link_inherit\"><a href=\"https:\/\/noble-society.net\/es\/buy-nobility-titles\/duke-of-berwangen\/\">Duke of Berwangen<\/a><\/h2><p class=\"w-post-elm product_field price usg_product_field_3\"><span class=\"woocommerce-Price-amount amount\"><bdi><span class=\"woocommerce-Price-currencySymbol\">&euro;<\/span>49,90<\/bdi><\/span><\/p><div class=\"w-btn-wrapper woocommerce usg_add_to_cart_1 has_border_radius has_font_size\"><a href=\"https:\/\/noble-society.net\/es\/buy-nobility-titles\/duke-of-berwangen\/\" aria-describedby=\"woocommerce_loop_add_to_cart_link_describedby_61493\" data-quantity=\"1\" class=\"button product_type_variable add_to_cart_button\" data-product_id=\"61493\" data-product_sku=\"PA2003\" aria-label=\"Elige las opciones para &ldquo;Duke of Berwangen&rdquo;\" rel=\"nofollow\"><i class=\"g-preloader type_1\"><\/i><span class=\"w-btn-label\">Select options<\/span><\/a>\t<span id=\"woocommerce_loop_add_to_cart_link_describedby_61493\" class=\"screen-reader-text\">\n\t\tEste producto tiene m\u00faltiples variantes. Las opciones se pueden elegir en la p\u00e1gina de producto\t<\/span>\n<\/div>\t\t<\/div>\r\n\t\t\t<\/article>\r\n<\/div><div class=\"g-loadmore hidden\"><div class=\"g-preloader type_1\"><div><\/div><\/div><\/div><div class=\"w-grid-list-json hidden\" onclick='return {&quot;max_num_pages&quot;:0,&quot;paginationBase&quot;:&quot;page&quot;,&quot;pagination&quot;:&quot;none&quot;,&quot;paged&quot;:1,&quot;ajaxData&quot;:{&quot;action&quot;:&quot;us_ajax_product_list&quot;,&quot;meta_type&quot;:&quot;post&quot;,&quot;object_id&quot;:0,&quot;template_vars&quot;:{&quot;shortcode_base&quot;:&quot;us_product_list&quot;,&quot;paged&quot;:1,&quot;max_num_pages&quot;:0,&quot;no_results&quot;:false,&quot;is_product_list&quot;:true,&quot;found_posts&quot;:0,&quot;per_page&quot;:6,&quot;items_count&quot;:3,&quot;orderby_random_seed&quot;:null,&quot;source&quot;:&quot;post__in&quot;,&quot;ids&quot;:&quot;61489,61490,61493&quot;,&quot;apply_url_params&quot;:0,&quot;onsale_only&quot;:0,&quot;featured_only&quot;:0,&quot;exclude_out_of_stock&quot;:0,&quot;exclude_hidden&quot;:1,&quot;exclude_current_product&quot;:1,&quot;exclude_prev_posts&quot;:0,&quot;enable_items_offset&quot;:0,&quot;items_offset&quot;:&quot;1&quot;,&quot;price_compare&quot;:&quot;none&quot;,&quot;price&quot;:&quot;99.99&quot;,&quot;price_max&quot;:&quot;299.99&quot;,&quot;tax_query_relation&quot;:&quot;none&quot;,&quot;tax_query&quot;:[{&quot;operator&quot;:&quot;IN&quot;,&quot;taxonomy&quot;:&quot;product_cat&quot;,&quot;terms&quot;:&quot;&quot;,&quot;include_children&quot;:0}],&quot;meta_query_relation&quot;:&quot;none&quot;,&quot;meta_query&quot;:[{&quot;key&quot;:&quot;custom_field_name&quot;,&quot;compare&quot;:&quot;=&quot;,&quot;value&quot;:&quot;&quot;}],&quot;orderby&quot;:&quot;date&quot;,&quot;orderby_custom_field&quot;:&quot;&quot;,&quot;orderby_recent_sales_days&quot;:&quot;30&quot;,&quot;orderby_custom_type&quot;:0,&quot;order_invert&quot;:0,&quot;show_all&quot;:0,&quot;quantity&quot;:&quot;6&quot;,&quot;posts_per_archive_page&quot;:0,&quot;no_items_action&quot;:&quot;message&quot;,&quot;no_items_message&quot;:&quot;No se han encontrado resultados.&quot;,&quot;no_items_page_block&quot;:&quot;&quot;,&quot;pagination&quot;:&quot;none&quot;,&quot;pagination_style&quot;:&quot;&quot;,&quot;pagination_btn_text&quot;:&quot;Cargar m\\u00e1s&quot;,&quot;pagination_btn_size&quot;:&quot;&quot;,&quot;pagination_btn_style&quot;:&quot;1&quot;,&quot;pagination_btn_fullwidth&quot;:0,&quot;items_layout&quot;:&quot;shop_standard&quot;,&quot;type&quot;:&quot;grid&quot;,&quot;items_valign&quot;:0,&quot;ignore_items_size&quot;:0,&quot;columns&quot;:&quot;4&quot;,&quot;items_gap&quot;:&quot;1.5rem&quot;,&quot;load_animation&quot;:&quot;none&quot;,&quot;items_preload_style&quot;:&quot;spinner&quot;,&quot;img_size&quot;:&quot;default&quot;,&quot;title_size&quot;:&quot;16px&quot;,&quot;items_ratio&quot;:&quot;default&quot;,&quot;items_ratio_width&quot;:&quot;21&quot;,&quot;items_ratio_height&quot;:&quot;9&quot;,&quot;overriding_link&quot;:&quot;%7B%22url%22%3A%22%22%7D&quot;,&quot;popup_page_template&quot;:&quot;0&quot;,&quot;popup_width&quot;:&quot;&quot;,&quot;popup_arrows&quot;:1,&quot;breakpoint_1_width&quot;:&quot;1281px&quot;,&quot;breakpoint_1_cols&quot;:&quot;default&quot;,&quot;breakpoint_1_quantity&quot;:&quot;&quot;,&quot;breakpoint_1_gap&quot;:&quot;&quot;,&quot;breakpoint_2_width&quot;:&quot;1025px&quot;,&quot;breakpoint_2_cols&quot;:&quot;2&quot;,&quot;breakpoint_2_quantity&quot;:&quot;&quot;,&quot;breakpoint_2_gap&quot;:&quot;&quot;,&quot;breakpoint_3_width&quot;:&quot;601px&quot;,&quot;breakpoint_3_cols&quot;:&quot;1&quot;,&quot;breakpoint_3_quantity&quot;:&quot;&quot;,&quot;breakpoint_3_gap&quot;:&quot;&quot;,&quot;conditions_operator&quot;:&quot;always&quot;,&quot;conditions&quot;:[],&quot;css&quot;:null,&quot;el_class&quot;:&quot;&quot;,&quot;el_id&quot;:&quot;&quot;,&quot;enable_custom_html_atts&quot;:0,&quot;custom_html_atts&quot;:null,&quot;hide_on_states&quot;:&quot;&quot;,&quot;hide_for_sticky&quot;:0,&quot;hide_for_not_sticky&quot;:0,&quot;hide_below&quot;:&quot;0px&quot;,&quot;hide_above&quot;:&quot;0px&quot;,&quot;classes&quot;:&quot;&quot;},&quot;found_posts&quot;:0,&quot;per_page&quot;:6},&quot;facetedFilter&quot;:[]}'><\/div><\/div><\/div><\/div><\/div><\/div><\/section>\n","protected":false},"excerpt":{"rendered":"The Lords of Berwangen were a late medieval noble family whose origins can be traced to the village of Berwangen, today part of Kirchardt in the district of Heilbronn in northern Baden-W\u00fcrttemberg. Like many noble families of the Holy Roman Empire, their name was derived directly from their place of origin, which served both as...","protected":false},"author":1,"featured_media":0,"parent":0,"menu_order":0,"comment_status":"closed","ping_status":"closed","template":"","meta":{"_acf_changed":false,"yasr_overall_rating":0,"yasr_post_is_review":"","yasr_auto_insert_disabled":"","yasr_review_type":"","slim_seo":{"title":"Duque de Berwangen - Compre T\u00edtulos Nobles Desde 1999","description":"Forma parte del legado de los Se\u00f1ores de Berwangen, una noble familia hist\u00f3rica de la medieval Baden-Wurtemberg. Un t\u00edtulo arraigado en la historia regional real, representativo"},"footnotes":""},"class_list":["post-62191","page","type-page","status-publish","hentry"],"acf":[],"yasr_visitor_votes":{"stars_attributes":{"read_only":false,"span_bottom":false},"number_of_votes":0,"sum_votes":0},"_links":{"self":[{"href":"https:\/\/noble-society.net\/es\/wp-json\/wp\/v2\/pages\/62191","targetHints":{"allow":["GET"]}}],"collection":[{"href":"https:\/\/noble-society.net\/es\/wp-json\/wp\/v2\/pages"}],"about":[{"href":"https:\/\/noble-society.net\/es\/wp-json\/wp\/v2\/types\/page"}],"author":[{"embeddable":true,"href":"https:\/\/noble-society.net\/es\/wp-json\/wp\/v2\/users\/1"}],"replies":[{"embeddable":true,"href":"https:\/\/noble-society.net\/es\/wp-json\/wp\/v2\/comments?post=62191"}],"version-history":[{"count":1,"href":"https:\/\/noble-society.net\/es\/wp-json\/wp\/v2\/pages\/62191\/revisions"}],"predecessor-version":[{"id":62192,"href":"https:\/\/noble-society.net\/es\/wp-json\/wp\/v2\/pages\/62191\/revisions\/62192"}],"wp:attachment":[{"href":"https:\/\/noble-society.net\/es\/wp-json\/wp\/v2\/media?parent=62191"}],"curies":[{"name":"wp","href":"https:\/\/api.w.org\/{rel}","templated":true}]}}