{"id":61488,"date":"2026-03-16T20:17:56","date_gmt":"2026-03-16T18:17:56","guid":{"rendered":"https:\/\/noble-society.net\/?post_type=product&#038;p=61488"},"modified":"2026-03-31T19:45:01","modified_gmt":"2026-03-31T16:45:01","slug":"baron-de-loudon","status":"publish","type":"product","link":"https:\/\/noble-society.net\/es\/buy-nobility-titles\/baron-de-loudon\/","title":{"rendered":"Baron de Loudon"},"content":{"rendered":"<section class=\"l-section wpb_row height_small\"><div class=\"l-section-h i-cf\"><div class=\"g-cols vc_row via_grid cols_1 laptops-cols_inherit tablets-cols_inherit mobiles-cols_1 valign_top type_default stacking_default\"><div class=\"wpb_column vc_column_container\"><div class=\"vc_column-inner\"><div class=\"wpb_text_column\"><div class=\"wpb_wrapper\"><div id=\"model-response-message-contentr_e185b7e9567dda35\" class=\"markdown markdown-main-panel stronger enable-updated-hr-color\" dir=\"ltr\" aria-live=\"polite\" aria-busy=\"false\">\n<p data-path-to-node=\"0\">La noble familia Loudon es un antiguo y distinguido linaje con arraigados or\u00edgenes en Escocia, concretamente vinculado a las tierras de <b data-path-to-node=\"0\" data-index-in-node=\"136\">Loudoun en Ayrshire<\/b>. El nombre, que aparece en variantes como <b data-path-to-node=\"0\" data-index-in-node=\"199\">Loudoun<\/b> o <b data-path-to-node=\"0\" data-index-in-node=\"210\">Ludon<\/b>, est\u00e1 indisolublemente ligada a la historia de Escocia y al auge del <b data-path-to-node=\"0\" data-index-in-node=\"280\">Clan Campbell de Loudoun<\/b>. Durante siglos, de esta casa han salido personajes ilustres que configuraron el panorama militar, pol\u00edtico y cultural de Europa y Am\u00e9rica.<\/p>\n<p data-path-to-node=\"1\">Una figura destacada en la historia de la familia es <b data-path-to-node=\"1\" data-index-in-node=\"45\">John Campbell, IV conde de Loudoun (1705-1782)<\/b>. Durante el siglo XVIII, sirvi\u00f3 como General brit\u00e1nico de alto rango y Comandante en Jefe de las fuerzas brit\u00e1nicas en Am\u00e9rica del Norte durante la <b data-path-to-node=\"1\" data-index-in-node=\"235\">Guerra franco-india<\/b>. A pesar de las complejidades pol\u00edticas durante su mandato como Gobernador de Virginia, sus reformas estructurales dentro del ej\u00e9rcito y su liderazgo de la <b data-path-to-node=\"1\" data-index-in-node=\"401\">Los Highlanders de Loudoun<\/b> El regimiento elev\u00f3 significativamente el prestigio de la casa. En los Estados Unidos, su legado perdura geogr\u00e1ficamente, ya que <b data-path-to-node=\"1\" data-index-in-node=\"542\">Condado de Loudoun, Virginia<\/b>, fue nombrado en su honor en 1757.<\/p>\n<p data-path-to-node=\"2\">La influencia de la familia se extendi\u00f3 c\u00e9lebremente m\u00e1s all\u00e1 de las fronteras a la Europa continental, de forma m\u00e1s notable a trav\u00e9s de la rama \u201clivonia\u201d. El miembro m\u00e1s c\u00e9lebre de esta di\u00e1spora fue <b data-path-to-node=\"2\" data-index-in-node=\"165\">Ernst Gideon von Laudon (1717-1790)<\/b>, nacido en la actual Letonia, que se convirti\u00f3 en un legendario <b data-path-to-node=\"2\" data-index-in-node=\"253\">General\u00edsimo del Imperio Austr\u00edaco<\/b>. Reconocido como uno de los m\u00e1s brillantes t\u00e1cticos militares de la emperatriz Mar\u00eda Teresa, fue un formidable rival de Federico el Grande y fue elevado al rango de <b data-path-to-node=\"2\" data-index-in-node=\"451\">Bar\u00f3n (Freiherr)<\/b>. Su \u00e9xito hizo que el apellido Loudon se convirtiera en sin\u00f3nimo de genio militar en el Sacro Imperio Romano Germ\u00e1nico, y que sus descendientes sirvieran a la monarqu\u00eda de los Habsburgo durante generaciones.<\/p>\n<p data-path-to-node=\"3\">En la her\u00e1ldica de la familia figura tradicionalmente un <b data-path-to-node=\"3\" data-index-in-node=\"47\">gir\u00f3n de ocho<\/b> (un patr\u00f3n cl\u00e1sico de Campbell) o s\u00edmbolos distintivos como un <b data-path-to-node=\"3\" data-index-in-node=\"123\">\u00e1guila roja<\/b> o un <b data-path-to-node=\"3\" data-index-in-node=\"138\">le\u00f3n<\/b>, que representa la fuerza, la soberan\u00eda y el valor. Estas armas reflejan una herencia basada en la lealtad y en un firme compromiso con el servicio p\u00fablico. En la actualidad, el legado de los Loudon sigue siendo un vibrante tapiz de tradici\u00f3n escocesa y nobleza europea. Desde el hist\u00f3rico <b data-path-to-node=\"3\" data-index-in-node=\"399\">Castillo de Loudoun<\/b>\u2014una vez conocida como el \u201cWindsor de Escocia\u201d\u2014, a los salones de los palacios vieneses, los descendientes contin\u00faan honrando una historia definida por el liderazgo, el coraje y un sentido del deber atemporal.<\/p>\n<\/div>\n<\/div><\/div><\/div><\/div><\/div><\/div><\/section>","protected":false},"excerpt":{"rendered":"<p>El linaje de los Loudon es una distinguida casa escocesa cuya influencia se extendi\u00f3 desde los clanes de Ayrshire hasta las cortes imperiales de Europa. Mientras John Campbell, 4\u00ba conde de Loudoun, dio forma a la historia colonial como general brit\u00e1nico en Am\u00e9rica, Ernst Gideon von Laudon se convirti\u00f3 en un legendario general\u00edsimo austriaco. Esta rica historia de liderazgo militar y noble servicio une la tradici\u00f3n escocesa con el prestigio continental, simbolizado por un legado de valent\u00eda y el hist\u00f3rico castillo de Loudoun.<\/p>","protected":false},"featured_media":55579,"template":"","meta":{"_acf_changed":false,"yasr_overall_rating":0,"yasr_post_is_review":"","yasr_auto_insert_disabled":"","yasr_review_type":"","slim_seo":{"title":"Baron de Loudon - Compra T\u00edtulos Nobles Desde 1999","description":"El linaje de los Loudon es una distinguida casa escocesa cuya influencia se extendi\u00f3 desde los clanes de Ayrshire hasta las cortes imperiales de Europa. Mientras que John Campbell, 4"}},"product_brand":[],"product_cat":[572],"product_tag":[36,49,34],"class_list":{"0":"post-61488","1":"product","2":"type-product","3":"status-publish","4":"has-post-thumbnail","6":"product_cat-buy-dutch-noble-title","7":"product_tag-adelstitel","8":"product_tag-andechs","9":"product_tag-graf","11":"first","12":"instock","13":"taxable","14":"shipping-taxable","15":"purchasable","16":"product-type-variable","17":"has-default-attributes"},"acf":[],"yasr_visitor_votes":{"stars_attributes":{"read_only":false,"span_bottom":false},"number_of_votes":0,"sum_votes":0},"_links":{"self":[{"href":"https:\/\/noble-society.net\/es\/wp-json\/wp\/v2\/product\/61488","targetHints":{"allow":["GET"]}}],"collection":[{"href":"https:\/\/noble-society.net\/es\/wp-json\/wp\/v2\/product"}],"about":[{"href":"https:\/\/noble-society.net\/es\/wp-json\/wp\/v2\/types\/product"}],"wp:featuredmedia":[{"embeddable":true,"href":"https:\/\/noble-society.net\/es\/wp-json\/wp\/v2\/media\/55579"}],"wp:attachment":[{"href":"https:\/\/noble-society.net\/es\/wp-json\/wp\/v2\/media?parent=61488"}],"wp:term":[{"taxonomy":"product_brand","embeddable":true,"href":"https:\/\/noble-society.net\/es\/wp-json\/wp\/v2\/product_brand?post=61488"},{"taxonomy":"product_cat","embeddable":true,"href":"https:\/\/noble-society.net\/es\/wp-json\/wp\/v2\/product_cat?post=61488"},{"taxonomy":"product_tag","embeddable":true,"href":"https:\/\/noble-society.net\/es\/wp-json\/wp\/v2\/product_tag?post=61488"}],"curies":[{"name":"wp","href":"https:\/\/api.w.org\/{rel}","templated":true}]}}