{"id":61489,"date":"2026-03-16T20:17:56","date_gmt":"2026-03-16T18:17:56","guid":{"rendered":"https:\/\/noble-society.net\/?post_type=product&#038;p=61489"},"modified":"2026-04-08T14:49:01","modified_gmt":"2026-04-08T11:49:01","slug":"duque-de-valkenburg","status":"publish","type":"product","link":"https:\/\/noble-society.net\/es\/buy-nobility-titles\/hertog-van-valkenburg\/","title":{"rendered":"Duque de Valkenburg"},"content":{"rendered":"<section class=\"l-section wpb_row height_small\"><div class=\"l-section-h i-cf\"><div class=\"g-cols vc_row via_grid cols_1 laptops-cols_inherit tablets-cols_inherit mobiles-cols_1 valign_top type_default stacking_default\"><div class=\"wpb_column vc_column_container\"><div class=\"vc_column-inner\"><div class=\"wpb_text_column\"><div class=\"wpb_wrapper\"><p class=\"p1\">Los Se\u00f1ores de Valkenburg fueron una familia noble prominente originaria de las regiones de Voeren y Heinsberg en la zona del gran Aquisgr\u00e1n. Estaban estrechamente emparentados con varias dinast\u00edas importantes de la \u00e9poca, incluyendo los Duques de Limburgo, los Condes de Monschau, los Se\u00f1ores de Heinsberg y los Condes de Leiningen-Dagsburg. Esta red de alianzas los situ\u00f3 en el centro de las estructuras de poder regionales durante la Alta Edad Media, donde los matrimonios estrat\u00e9gicos y el control territorial defin\u00edan la influencia pol\u00edtica.<\/p>\n<p class=\"p1\">El primer se\u00f1or conocido de Valkenburg fue Thibald de Voeren (<i>de Fouron<\/i>), documentado desde alrededor de 1075 y fallecido en 1106. Inicialmente residi\u00f3 en lo que hoy es Oud-Valkenburg, lugar mencionado por primera vez el 15 de febrero de 1041 con el nombre de <i>Falchenberch<\/i> en una carta de donaci\u00f3n emitida por el emperador Enrique III. Reconociendo la importancia estrat\u00e9gica de la zona, Thibald construy\u00f3 el castillo de Valkenburg en la cima de la colina, que pronto se convirti\u00f3 en el centro del se\u00f1or\u00edo y una fortaleza defensiva clave en la regi\u00f3n.<\/p>\n<p class=\"p1\">A trav\u00e9s del matrimonio, los poderosos se\u00f1ores de Heinsberg heredaron el territorio de Valkenburg, integr\u00e1ndolo a\u00fan m\u00e1s en el panorama de la nobleza regional. Sin embargo, la historia del castillo y sus gobernantes estuvo marcada por repetidos conflictos con la autoridad imperial. El castillo fue destruido por primera vez en 1122 despu\u00e9s de que Goswin I de Heinsberg y Valkenburg se rebelara contra el emperador Enrique V. Bajo su hijo, Goswin II, el castillo fue reconstruido, pero nuevamente destruido por orden imperial. En contraste, Goswin III mantuvo una relaci\u00f3n favorable con el emperador Federico Barbarroja y fue una presencia frecuente en la corte imperial, lo que pone de relieve las cambiantes fortunas de la familia.<\/p>\n<p class=\"p1\">La l\u00ednea de los Se\u00f1ores de Valkenburg lleg\u00f3 a su fin en 1352 con la muerte de Jan I, quien solo dej\u00f3 herederas. Esto dio lugar a la Guerra de Sucesi\u00f3n de Valkenburg (1352-1364), un conflicto por la herencia del territorio. Reinhard de Sch\u00f6nforst, un acreedor, desempe\u00f1\u00f3 un papel decisivo al vender Valkenburg y Euskirchen al Ducado de J\u00fclich en 1355. En 1357, el Duque Guillermo de J\u00fclich elev\u00f3 Valkenburg al rango de condado. Poco despu\u00e9s, en 1364, vendi\u00f3 el territorio a Wenceslao I de Luxemburgo, Duque de Brabante, integr\u00e1ndolo en la regi\u00f3n conocida como las Tierras de Overmaas.<\/p>\n<p class=\"p1\">Entre las reclamantes se encontraba Elisa de Valkenburg, una monja en la Abad\u00eda de Reichenstein, donde estaba enterrado su hermano Jan I. Profundamente afectada por la p\u00e9rdida de la herencia de su familia, se dice que dej\u00f3 el convento y regres\u00f3 a Valkenburg, convencida de su derecho leg\u00edtimo. Su historia perdura en la leyenda local como la \u201cDoncella Decapitada\u201d, que se cree que vaga por el castillo por la noche con el h\u00e1bito de una monja premostratense, lamentando el legado perdido de su casa.<\/p>\n<p class=\"p1\">Los descendientes de Reinhard de Sch\u00f6nforst lograron mantener su influencia en el se\u00f1or\u00edo de Monschau hasta su extinci\u00f3n en 1433. Mientras tanto, Sim\u00f3n III de Sponheim-Vianden expandi\u00f3 su poder adquiriendo territorios como Sankt Vith y B\u00fctgenbach. La historia de Valkenburg, por lo tanto, refleja una compleja interacci\u00f3n de linaje noble, conflicto pol\u00edtico y leyendas perdurables, convirti\u00e9ndola en una de las narrativas nobles m\u00e1s fascinantes de la regi\u00f3n.<\/p>\n<\/div><\/div><\/div><\/div><\/div><\/div><\/section>","protected":false},"excerpt":{"rendered":"<p class=\"p1\">Los Se\u00f1ores de Valkenburg fueron una destacada familia noble originaria de las regiones de Voeren y Heinsberg, en la zona del gran Aquisgr\u00e1n. Estuvieron estrechamente conectados con varias casas aristocr\u00e1ticas importantes de la \u00e9poca, incluyendo los Duques de Limburgo, los Condes de Monschau, los Se\u00f1ores de Heinsberg y los Condes de Leiningen-Dagsburg. A trav\u00e9s de estos fuertes lazos familiares y alianzas, el linaje de Valkenburg qued\u00f3 firmemente incrustado en la red de influyentes familias nobles de Renania y las regiones circundantes, contribuyendo a su importancia pol\u00edtica y poder regional durante la Alta Edad Media.<\/p>","protected":false},"featured_media":55588,"template":"","meta":{"_acf_changed":false,"yasr_overall_rating":0,"yasr_post_is_review":"","yasr_auto_insert_disabled":"","yasr_review_type":"","slim_seo":{"title":"Duque de Valkenburg - Compre T\u00edtulos Nobles desde 1999","description":"Los Se\u00f1ores de Valkenburg fueron una prominente familia noble originaria de las regiones de Voeren y Heinsberg, en la gran \u00e1rea de Aquisgr\u00e1n. Estaban estrechamente conectados"}},"product_brand":[],"product_cat":[572],"product_tag":[50,52,51],"class_list":{"0":"post-61489","1":"product","2":"type-product","3":"status-publish","4":"has-post-thumbnail","6":"product_cat-buy-dutch-noble-title","7":"product_tag-herzog","8":"product_tag-herzogin","9":"product_tag-meranien","11":"first","12":"instock","13":"taxable","14":"shipping-taxable","15":"purchasable","16":"product-type-variable","17":"has-default-attributes"},"acf":[],"yasr_visitor_votes":{"stars_attributes":{"read_only":false,"span_bottom":false},"number_of_votes":0,"sum_votes":0},"_links":{"self":[{"href":"https:\/\/noble-society.net\/es\/wp-json\/wp\/v2\/product\/61489","targetHints":{"allow":["GET"]}}],"collection":[{"href":"https:\/\/noble-society.net\/es\/wp-json\/wp\/v2\/product"}],"about":[{"href":"https:\/\/noble-society.net\/es\/wp-json\/wp\/v2\/types\/product"}],"wp:featuredmedia":[{"embeddable":true,"href":"https:\/\/noble-society.net\/es\/wp-json\/wp\/v2\/media\/55588"}],"wp:attachment":[{"href":"https:\/\/noble-society.net\/es\/wp-json\/wp\/v2\/media?parent=61489"}],"wp:term":[{"taxonomy":"product_brand","embeddable":true,"href":"https:\/\/noble-society.net\/es\/wp-json\/wp\/v2\/product_brand?post=61489"},{"taxonomy":"product_cat","embeddable":true,"href":"https:\/\/noble-society.net\/es\/wp-json\/wp\/v2\/product_cat?post=61489"},{"taxonomy":"product_tag","embeddable":true,"href":"https:\/\/noble-society.net\/es\/wp-json\/wp\/v2\/product_tag?post=61489"}],"curies":[{"name":"wp","href":"https:\/\/api.w.org\/{rel}","templated":true}]}}