{"id":61490,"date":"2026-03-16T20:17:56","date_gmt":"2026-03-16T18:17:56","guid":{"rendered":"https:\/\/noble-society.net\/?post_type=product&#038;p=61490"},"modified":"2026-04-08T14:49:23","modified_gmt":"2026-04-08T11:49:23","slug":"duque-de-katharienburg","status":"publish","type":"product","link":"https:\/\/noble-society.net\/es\/buy-nobility-titles\/duke-of-katharienburg\/","title":{"rendered":"Duque de Katharienburg"},"content":{"rendered":"<section class=\"l-section wpb_row height_small\"><div class=\"l-section-h i-cf\"><div class=\"g-cols vc_row via_grid cols_1 laptops-cols_inherit tablets-cols_inherit mobiles-cols_1 valign_top type_default stacking_default\"><div class=\"wpb_column vc_column_container\"><div class=\"vc_column-inner\"><div class=\"wpb_text_column\"><div class=\"wpb_wrapper\"><p class=\"p1\"><b>Duque de Katharienburg<\/b><b><\/b><\/p>\n<p class=\"p3\">El t\u00edtulo <span class=\"s1\"><b>Duque de Katharienburg<\/b><\/span> representa prestigio, elegancia y la rica tradici\u00f3n de la nobleza europea. Hist\u00f3ricamente, el rango de Duque se encontraba entre los t\u00edtulos m\u00e1s altos dentro de la jerarqu\u00eda aristocr\u00e1tica y era t\u00edpicamente otorgado por reyes o emperadores a gobernantes poderosos y aliados de confianza. Los Duques a menudo gobernaban vastos territorios, ejerc\u00edan una autoridad pol\u00edtica y militar significativa, y desempe\u00f1aban un papel central en la configuraci\u00f3n de la estructura de las sociedades medievales y modernas tempranas.<\/p>\n<p class=\"p3\">El nombre <i>Katharienburg<\/i> sigue la tradici\u00f3n cl\u00e1sica europea de los t\u00edtulos nobiliarios vinculados a un lugar, dominio o castillo espec\u00edfico. Tales designaciones reflejan la conexi\u00f3n hist\u00f3rica entre la nobleza y la propiedad de la tierra. La palabra \u201cBurg\u201d (castillo) simboliza fuerza, protecci\u00f3n y permanencia, mientras que el nombre \u201cKatharienburg\u201d a\u00f1ade un car\u00e1cter refinado, distinguido y memorable al t\u00edtulo. Evoca im\u00e1genes de residencias nobles, dominios fortificados y un legado arraigado en la historia y la herencia.<\/p>\n<p class=\"p3\">Como <span class=\"s1\"><b>Duque de Katharienburg<\/b><\/span>, usted lleva un t\u00edtulo que durante mucho tiempo se ha asociado con el liderazgo, el honor y el estatus social elevado. Si bien los t\u00edtulos nobiliarios hoy en d\u00eda son principalmente simb\u00f3licos, su impacto sigue siendo poderoso. Comunican individualidad, sofisticaci\u00f3n y un sentido de distinci\u00f3n que lo diferencia tanto en entornos personales como profesionales.<\/p>\n<p class=\"p3\">Su t\u00edtulo viene acompa\u00f1ado de un certificado de nombramiento bellamente dise\u00f1ado, creado en un estilo elegante e hist\u00f3rico. Adem\u00e1s, recibir\u00e1 un escudo de armas personalizado, que se puede adaptar a sus preferencias, incluyendo colores, s\u00edmbolos y elementos de dise\u00f1o. Todos los documentos se entregan en una carpeta de presentaci\u00f3n premium, lo que los hace ideales para exhibir o como un regalo excepcional.<\/p>\n<p class=\"p3\">Adem\u00e1s, recibir\u00e1 informaci\u00f3n detallada que explica el trasfondo, el significado y el uso adecuado de su t\u00edtulo, asegurando que pueda llevarlo con confianza y autenticidad. El t\u00edtulo <span class=\"s1\"><b>Duque de Katharienburg<\/b><\/span> no es solo una marca de distinci\u00f3n, sino tambi\u00e9n una experiencia \u00fanica, perfecta para quienes aprecian la tradici\u00f3n, la exclusividad y el atractivo atemporal de la herencia aristocr\u00e1tica.<\/p>\n<\/div><\/div><\/div><\/div><\/div><\/div><\/section>","protected":false},"excerpt":{"rendered":"<p class=\"p1\">Convi\u00e9rtete en <span class=\"s1\"><b>Duque de Katharienburg<\/b><\/span> y ostentar uno de los t\u00edtulos nobiliarios m\u00e1s altos y prestigiosos. Elegante, atemporal y distinguido, perfecto para aquellos que valoran la exclusividad, la tradici\u00f3n y una presencia verdaderamente extraordinaria.<\/p>\n<p class=\"p1\">Un t\u00edtulo \u00fanico que combina herencia, estilo e individualidad, convirti\u00e9ndolo en un regalo excepcional o un toque personal para cualquiera que desee destacar con clase y distinci\u00f3n.<\/p>","protected":false},"featured_media":55585,"template":"","meta":{"_acf_changed":false,"yasr_overall_rating":0,"yasr_post_is_review":"","yasr_auto_insert_disabled":"","yasr_review_type":"","slim_seo":{"title":"Duque de Katharienburg - Compre T\u00edtulos Nobiliarios Desde 1999","description":"Convi\u00e9rtete en Duque de Katharienburg y ostenta uno de los t\u00edtulos nobiliarios m\u00e1s altos y prestigiosos. Elegante, atemporal y distinguido, perfecto para aquellos que valoran"}},"product_brand":[],"product_cat":[26],"product_tag":[50,53],"class_list":{"0":"post-61490","1":"product","2":"type-product","3":"status-publish","4":"has-post-thumbnail","6":"product_cat-german-noble-titles","7":"product_tag-herzog","8":"product_tag-katharienburg","10":"first","11":"instock","12":"taxable","13":"shipping-taxable","14":"purchasable","15":"product-type-variable","16":"has-default-attributes"},"acf":[],"yasr_visitor_votes":{"stars_attributes":{"read_only":false,"span_bottom":false},"number_of_votes":0,"sum_votes":0},"_links":{"self":[{"href":"https:\/\/noble-society.net\/es\/wp-json\/wp\/v2\/product\/61490","targetHints":{"allow":["GET"]}}],"collection":[{"href":"https:\/\/noble-society.net\/es\/wp-json\/wp\/v2\/product"}],"about":[{"href":"https:\/\/noble-society.net\/es\/wp-json\/wp\/v2\/types\/product"}],"wp:featuredmedia":[{"embeddable":true,"href":"https:\/\/noble-society.net\/es\/wp-json\/wp\/v2\/media\/55585"}],"wp:attachment":[{"href":"https:\/\/noble-society.net\/es\/wp-json\/wp\/v2\/media?parent=61490"}],"wp:term":[{"taxonomy":"product_brand","embeddable":true,"href":"https:\/\/noble-society.net\/es\/wp-json\/wp\/v2\/product_brand?post=61490"},{"taxonomy":"product_cat","embeddable":true,"href":"https:\/\/noble-society.net\/es\/wp-json\/wp\/v2\/product_cat?post=61490"},{"taxonomy":"product_tag","embeddable":true,"href":"https:\/\/noble-society.net\/es\/wp-json\/wp\/v2\/product_tag?post=61490"}],"curies":[{"name":"wp","href":"https:\/\/api.w.org\/{rel}","templated":true}]}}