{"id":61491,"date":"2026-03-16T20:17:56","date_gmt":"2026-03-16T18:17:56","guid":{"rendered":"https:\/\/noble-society.net\/?post_type=product&#038;p=61491"},"modified":"2026-04-08T14:49:48","modified_gmt":"2026-04-08T11:49:48","slug":"principe-de-schedingen","status":"publish","type":"product","link":"https:\/\/noble-society.net\/es\/buy-nobility-titles\/prince-of-schedingen\/","title":{"rendered":"Pr\u00edncipe de Schedingen"},"content":{"rendered":"<section class=\"l-section wpb_row height_small\"><div class=\"l-section-h i-cf\"><div class=\"g-cols vc_row via_grid cols_1 laptops-cols_inherit tablets-cols_inherit mobiles-cols_1 valign_top type_default stacking_default\"><div class=\"wpb_column vc_column_container\"><div class=\"vc_column-inner\"><div class=\"wpb_text_column\"><div class=\"wpb_wrapper\"><p class=\"p1\">La familia noble aparece por primera vez en los registros hist\u00f3ricos en 1233 con el caballero <span class=\"s1\"><b>Antonius von Schedingen<\/b><\/span>, que se menciona como parte del s\u00e9quito del conde de Arnsberg. Esto sit\u00faa los or\u00edgenes de la familia firmemente dentro de la nobleza medieval de la regi\u00f3n de Westfalia, donde estaban relacionados con importantes se\u00f1ores territoriales y estructuras pol\u00edticas del Sacro Imperio Romano Germ\u00e1nico. En la regi\u00f3n de Colonia, los miembros de la familia aparecen cada vez m\u00e1s como testigos en documentos oficiales, un papel que subraya su posici\u00f3n social y su confianza dentro de los c\u00edrculos nobiliarios y eclesi\u00e1sticos.<\/p>\n<p class=\"p1\">La l\u00ednea del <span class=\"s1\"><b>von Scheidingen<\/b><\/span> La familia de Scheidingen floreci\u00f3 durante varios siglos, pero parece haberse extinguido alrededor de mediados del siglo XV, despu\u00e9s de lo cual la finca de Scheidingen fue vendida. El \u00faltimo representante documentado es <span class=\"s1\"><b>Johann von Scheidingen<\/b><\/span>, Droste (un alto funcionario administrativo) de Werl, mencionado en 1538. Con \u00e9l, se cree que la l\u00ednea original de la familia se extingui\u00f3, marcando el fin de su presencia directa en su patria ancestral.<\/p>\n<p class=\"p1\">Sin embargo, hay ramas de la familia -a menudo denominadas <span class=\"s1\"><b>de Scheding<\/b><\/span> o <span class=\"s1\"><b>von Scheden<\/b><\/span>\u2014continu\u00f3 apareciendo en otras partes de Europa, particularmente en la regi\u00f3n b\u00e1ltica. En el siglo XV, miembros de la familia est\u00e1n documentados en <span class=\"s1\"><b>Riga<\/b><\/span>, donde sirvieron como concejales en una de las ciudades m\u00e1s importantes de la Liga Hanse\u00e1tica. Su presencia en Livonia durante el siglo XVI refleja el movimiento m\u00e1s amplio de familias nobles y mercantiles alemanas hacia los territorios b\u00e1lticos, donde desempe\u00f1aron roles clave en la administraci\u00f3n, el comercio y el gobierno urbano.<\/p>\n<p class=\"p1\">La familia pose\u00eda un enterramiento hereditario en el <span class=\"s1\"><b>Iglesia de San Pedro de Riga<\/b><\/span>, una de las iglesias g\u00f3ticas m\u00e1s destacadas de la regi\u00f3n del B\u00e1ltico. Ubicada en la nave norte, esta capilla funeraria pas\u00f3 m\u00e1s tarde a la familia Ulenbrock y se conoci\u00f3 como la <span class=\"s1\"><b>Capilla Ulenbrock<\/b><\/span>. Este traspaso ilustra tanto la continuidad como la eventual transici\u00f3n de la influencia nobiliaria en la regi\u00f3n. La l\u00ednea b\u00e1ltica de la familia se extingui\u00f3 en la segunda mitad del siglo XVI, poniendo fin a la historia documentada del linaje Scheding.<\/p>\n<p class=\"p1\">Con su t\u00edtulo, recibir\u00e1 documentaci\u00f3n completa para toda la familia. El blas\u00f3n que lo acompa\u00f1a se proporciona como PDF de alta calidad y tambi\u00e9n est\u00e1 disponible como gr\u00e1fico vectorial previa solicitud. Estaremos encantados de personalizar el blas\u00f3n seg\u00fan sus preferencias, incluyendo colores, s\u00edmbolos y elementos estil\u00edsticos, lo que le permitir\u00e1 crear una identidad her\u00e1ldica \u00fanica. Todos los certificados se entregan juntos en una elegante carpeta de presentaci\u00f3n, acompa\u00f1ados de informaci\u00f3n detallada sobre el uso y la presentaci\u00f3n adecuados de su t\u00edtulo.<\/p>\n<p class=\"p1\">Las formas tradicionales de direcci\u00f3n asociadas a este rango incluyen <span class=\"s1\"><b>Su Alteza<\/b><\/span>, <span class=\"s1\"><b>Serena Alteza<\/b><\/span>, o <span class=\"s1\"><b>Gracia principesco<\/b><\/span>, que refleja la elevada dignidad del t\u00edtulo. El t\u00edtulo masculino es <span class=\"s1\"><b>Pr\u00edncipe<\/b><\/span>, el t\u00edtulo femenino <span class=\"s1\"><b>Princesa<\/b><\/span>, mientras que los hijos pueden ostentar el t\u00edtulo <span class=\"s1\"><b>(Hereditario) Pr\u00edncipe o Conde<\/b><\/span>, e hijas <span class=\"s1\"><b>Princesa o Condesa (hereditaria)<\/b><\/span>, preservando la noble designaci\u00f3n a trav\u00e9s de las generaciones.<\/p>\n<\/div><\/div><\/div><\/div><\/div><\/div><\/section>","protected":false},"excerpt":{"rendered":"<p class=\"p1 translation-block\">Convi\u00e9rtase en un <span class=\"s1\"><b>Pr\u00edncipe o Princesa de Scheidingen<\/b><\/span> y ostente un noble t\u00edtulo arraigado en la historia medieval alemana y b\u00e1ltica. Un t\u00edtulo distinguido e hist\u00f3rico que refleja siglos de herencia, tradici\u00f3n e influencia aristocr\u00e1tica, perfecto para aquellos que aprecian la autenticidad y la profundidad hist\u00f3rica.<\/p>\n<p class=\"p1\">Una elecci\u00f3n excepcional para cualquiera que busque algo verdaderamente especial, ya sea como un regalo significativo o como un detalle personal, que combina elegancia, individualidad y el prestigio atemporal de la nobleza europea.<\/p>","protected":false},"featured_media":55591,"template":"","meta":{"_acf_changed":false,"yasr_overall_rating":0,"yasr_post_is_review":"","yasr_auto_insert_disabled":"","yasr_review_type":"","slim_seo":{"title":"Pr\u00edncipe de Schedingen - Compre t\u00edtulos nobiliarios desde 1999","description":"Convi\u00e9rtase en Pr\u00edncipe o Princesa de Scheidingen y ostente un t\u00edtulo nobiliario enraizado en la historia medieval alemana y b\u00e1ltica. Un t\u00edtulo distinguido e hist\u00f3rico que refleja"}},"product_brand":[],"product_cat":[26],"product_tag":[54,55,56],"class_list":{"0":"post-61491","1":"product","2":"type-product","3":"status-publish","4":"has-post-thumbnail","6":"product_cat-german-noble-titles","7":"product_tag-fuerst","8":"product_tag-fuerstin","9":"product_tag-schedingen","11":"first","12":"instock","13":"taxable","14":"shipping-taxable","15":"purchasable","16":"product-type-variable","17":"has-default-attributes"},"acf":[],"yasr_visitor_votes":{"stars_attributes":{"read_only":false,"span_bottom":false},"number_of_votes":0,"sum_votes":0},"_links":{"self":[{"href":"https:\/\/noble-society.net\/es\/wp-json\/wp\/v2\/product\/61491","targetHints":{"allow":["GET"]}}],"collection":[{"href":"https:\/\/noble-society.net\/es\/wp-json\/wp\/v2\/product"}],"about":[{"href":"https:\/\/noble-society.net\/es\/wp-json\/wp\/v2\/types\/product"}],"wp:featuredmedia":[{"embeddable":true,"href":"https:\/\/noble-society.net\/es\/wp-json\/wp\/v2\/media\/55591"}],"wp:attachment":[{"href":"https:\/\/noble-society.net\/es\/wp-json\/wp\/v2\/media?parent=61491"}],"wp:term":[{"taxonomy":"product_brand","embeddable":true,"href":"https:\/\/noble-society.net\/es\/wp-json\/wp\/v2\/product_brand?post=61491"},{"taxonomy":"product_cat","embeddable":true,"href":"https:\/\/noble-society.net\/es\/wp-json\/wp\/v2\/product_cat?post=61491"},{"taxonomy":"product_tag","embeddable":true,"href":"https:\/\/noble-society.net\/es\/wp-json\/wp\/v2\/product_tag?post=61491"}],"curies":[{"name":"wp","href":"https:\/\/api.w.org\/{rel}","templated":true}]}}