{"id":61492,"date":"2026-03-16T20:17:56","date_gmt":"2026-03-16T18:17:56","guid":{"rendered":"https:\/\/noble-society.net\/?post_type=product&#038;p=61492"},"modified":"2026-04-08T14:48:17","modified_gmt":"2026-04-08T11:48:17","slug":"conde-van-montfoort","status":"publish","type":"product","link":"https:\/\/noble-society.net\/es\/buy-nobility-titles\/count-van-montfoort\/","title":{"rendered":"Conde van Montfoort"},"content":{"rendered":"<section class=\"l-section wpb_row height_small\"><div class=\"l-section-h i-cf\"><div class=\"g-cols vc_row via_grid cols_1 laptops-cols_inherit tablets-cols_inherit mobiles-cols_1 valign_top type_default stacking_default\"><div class=\"wpb_column vc_column_container\"><div class=\"vc_column-inner\"><div class=\"wpb_text_column\"><div class=\"wpb_wrapper\"><p class=\"p1\">Entre 1156 y 1178, la ciudad de Montfoort, en el Obispado de Utrecht, fue fundada como una fortaleza estrat\u00e9gica para defenderse de la expansi\u00f3n de los poderosos Condes de Holanda. En ese momento, el obispo Godofredo de Rhenen nombr\u00f3 a uno de sus ministros de confianza como castellano de Montfoort, poni\u00e9ndolo a cargo tanto de la fortaleza como del territorio circundante. Este puesto era de gran importancia, ya que Montfoort se encontraba en una regi\u00f3n fronteriza disputada donde las tensiones pol\u00edticas y militares eran frecuentes. A lo largo de cuatro generaciones, esta familia gobern\u00f3 el castillo y sus tierras, estableciendo un gobierno local estable. Finalmente, a trav\u00e9s del matrimonio de la hija del \u00faltimo castellano, el control de Montfoort pas\u00f3 a la noble familia flamenca De Rover. Los nuevos gobernantes adoptaron el nombre <span class=\"s1\"><b>Van Montfoort<\/b><\/span> y ostentaban el t\u00edtulo de burgraves, ejerciendo una considerable autoridad e influencia regional.<\/p>\n<p class=\"p1\">En 1329, el asentamiento que rodeaba el castillo recibi\u00f3 derechos oficiales de ciudad, lo que marc\u00f3 el ascenso de Montfoort como un centro urbano reconocido con importancia econ\u00f3mica y administrativa. A pesar de este progreso, los conflictos con el gobernante territorial, el obispo de Utrecht, siguieron siendo un desaf\u00edo constante. Estas tensiones se intensificaron dr\u00e1sticamente en 1387, cuando Montfoort fue asediado y capturado por las fuerzas del obispo, lo que puso de manifiesto la lucha en curso por el control en la regi\u00f3n. Durante el siglo XV, la familia Van Montfoort se involucr\u00f3 activamente en la <span class=\"s1\"><b>Guerra del Bacalao<\/b><\/span>, una serie de conflictos civiles en el Condado de Holanda. Se aliaron con la facci\u00f3n Hook y apoyaron a la influyente condesa Jacqueline de Holanda, demostrando a\u00fan m\u00e1s su compromiso pol\u00edtico y ambiciones. Sin embargo, en 1481, la familia sufri\u00f3 p\u00e9rdidas significativas, incluida la confiscaci\u00f3n de importantes se\u00f1or\u00edos como Purmerend-Purmerland y Polsbroek a los Se\u00f1ores de Bergen de la Casa de Glymes.<\/p>\n<p class=\"p1\">Despu\u00e9s de una larga l\u00ednea de diez burgraves soberanos, Montfoort pas\u00f3 finalmente por herencia en 1545 a los nobles <span class=\"s1\"><b>Casa de Merode<\/b><\/span>, una de las familias nobles m\u00e1s antiguas y respetadas de los Pa\u00edses Bajos. Bajo su dominio, el legado de Montfoort continu\u00f3, aunque su importancia pol\u00edtica fue disminuyendo gradualmente. La l\u00ednea de De Merode-Van Montfoort lleg\u00f3 a su fin en 1675 con la muerte de Maximiliano de Merode, quien fue asesinado cuando las tropas francesas asaltaron el castillo de Montfoort durante los turbulentos conflictos de la \u00e9poca. Tras este suceso, Montfoort pas\u00f3 a estar bajo el control directo de Utrecht, marcando el fin de su era como se\u00f1or\u00edo noble semi-independiente.<\/p>\n<p class=\"p1\">Con su t\u00edtulo, recibir\u00e1 documentaci\u00f3n completa para toda la familia, reflejando tanto la tradici\u00f3n como la exclusividad. El escudo familiar adjunto se proporciona en formato PDF de alta calidad y tambi\u00e9n est\u00e1 disponible como gr\u00e1fico vectorial bajo petici\u00f3n, permitiendo un uso flexible en formato impreso o digital. Estaremos encantados de personalizar el escudo familiar seg\u00fan sus preferencias personales, incluyendo colores, s\u00edmbolos y elementos estil\u00edsticos, creando una identidad her\u00e1ldica \u00fanica adaptada a usted. Todos los certificados se entregan juntos en una elegante carpeta de presentaci\u00f3n, complementada con informaci\u00f3n detallada sobre el uso y la presentaci\u00f3n correctos de su t\u00edtulo.<\/p>\n<p class=\"p1\">Las formas tradicionales de tratamiento incluyen <span class=\"s1\"><b>Ilustre<\/b><\/span> o <span class=\"s1\"><b>Muy honorable<\/b><\/span>, reflejando la dignidad asociada con el rango. El t\u00edtulo masculino es <span class=\"s1\"><b>Cuenta<\/b><\/span>, el t\u00edtulo femenino <span class=\"s1\"><b>Condesa<\/b><\/span> o <span class=\"s1\"><b>Condesa<\/b><\/span>, mientras los hijos ostentan el t\u00edtulo <span class=\"s1\"><b>Conde Hereditario<\/b><\/span> y las hijas <span class=\"s1\"><b>Condesa Hereditaria<\/b><\/span> o <span class=\"s1\"><b>Condesa<\/b><\/span>, conservando la noble designaci\u00f3n a trav\u00e9s de las generaciones y enfatizando la continuidad de la tradici\u00f3n aristocr\u00e1tica.<\/p>\n<\/div><\/div><\/div><\/div><\/div><\/div><\/section>","protected":false},"excerpt":{"rendered":"<p class=\"p1\">Convi\u00e9rtete en <span class=\"s1\"><b>Conde o Condesa de Montfoort<\/b><\/span> y con\u00e9ctate a un legado noble arraigado en la historia medieval holandesa. Un t\u00edtulo distinguido con profundos or\u00edgenes hist\u00f3ricos, que refleja poder, tradici\u00f3n y herencia aristocr\u00e1tica.<\/p>\n<p class=\"p1\">Un t\u00edtulo \u00fanico y elegante que combina historia y prestigio, perfecto como regalo excepcional o un toque personal destacado para todo aquel que aprecie la noble tradici\u00f3n, la individualidad y una presencia verdaderamente notable.<\/p>","protected":false},"featured_media":55590,"template":"","meta":{"_acf_changed":false,"yasr_overall_rating":0,"yasr_post_is_review":"","yasr_auto_insert_disabled":"","yasr_review_type":"","slim_seo":{"title":"Conde van Montfoort - Compre T\u00edtulos Nobles Desde 1999","description":"Convi\u00e9rtete en Conde o Condesa de Montfoort y conecta con un legado noble arraigado en la historia holandesa medieval. Un t\u00edtulo distinguido con profundas ra\u00edces hist\u00f3ricas"}},"product_brand":[],"product_cat":[572],"product_tag":[34,57,58],"class_list":{"0":"post-61492","1":"product","2":"type-product","3":"status-publish","4":"has-post-thumbnail","6":"product_cat-buy-dutch-noble-title","7":"product_tag-graf","8":"product_tag-graefin","9":"product_tag-salier","11":"first","12":"instock","13":"taxable","14":"shipping-taxable","15":"purchasable","16":"product-type-variable","17":"has-default-attributes"},"acf":[],"yasr_visitor_votes":{"stars_attributes":{"read_only":false,"span_bottom":false},"number_of_votes":0,"sum_votes":0},"_links":{"self":[{"href":"https:\/\/noble-society.net\/es\/wp-json\/wp\/v2\/product\/61492","targetHints":{"allow":["GET"]}}],"collection":[{"href":"https:\/\/noble-society.net\/es\/wp-json\/wp\/v2\/product"}],"about":[{"href":"https:\/\/noble-society.net\/es\/wp-json\/wp\/v2\/types\/product"}],"wp:featuredmedia":[{"embeddable":true,"href":"https:\/\/noble-society.net\/es\/wp-json\/wp\/v2\/media\/55590"}],"wp:attachment":[{"href":"https:\/\/noble-society.net\/es\/wp-json\/wp\/v2\/media?parent=61492"}],"wp:term":[{"taxonomy":"product_brand","embeddable":true,"href":"https:\/\/noble-society.net\/es\/wp-json\/wp\/v2\/product_brand?post=61492"},{"taxonomy":"product_cat","embeddable":true,"href":"https:\/\/noble-society.net\/es\/wp-json\/wp\/v2\/product_cat?post=61492"},{"taxonomy":"product_tag","embeddable":true,"href":"https:\/\/noble-society.net\/es\/wp-json\/wp\/v2\/product_tag?post=61492"}],"curies":[{"name":"wp","href":"https:\/\/api.w.org\/{rel}","templated":true}]}}