{"id":61493,"date":"2026-03-16T20:17:56","date_gmt":"2026-03-16T18:17:56","guid":{"rendered":"https:\/\/noble-society.net\/?post_type=product&#038;p=61493"},"modified":"2026-04-08T14:50:21","modified_gmt":"2026-04-08T11:50:21","slug":"duque-de-berwangen","status":"publish","type":"product","link":"https:\/\/noble-society.net\/es\/buy-nobility-titles\/duke-of-berwangen\/","title":{"rendered":"Duque de Berwangen"},"content":{"rendered":"<section class=\"l-section wpb_row height_small\"><div class=\"l-section-h i-cf\"><div class=\"g-cols vc_row via_grid cols_1 laptops-cols_inherit tablets-cols_inherit mobiles-cols_1 valign_top type_default stacking_default\"><div class=\"wpb_column vc_column_container\"><div class=\"vc_column-inner\"><div class=\"wpb_text_column\"><div class=\"wpb_wrapper\"><p class=\"p1\">En <span class=\"s1\"><b>Se\u00f1ores de Berwangen<\/b><\/span> eran una familia noble de finales de la Edad Media cuyos or\u00edgenes se remontan a la aldea de Berwangen, hoy parte de Kirchardt en el distrito de Heilbronn, en el norte de Baden-W\u00fcrttemberg. Al igual que muchas familias nobles del Sacro Imperio Romano Germ\u00e1nico, su nombre se derivaba directamente de su lugar de origen, que serv\u00eda tanto como designaci\u00f3n territorial como marcador de estatus. Desde este asentamiento relativamente peque\u00f1o pero estrat\u00e9gicamente ubicado, la familia ascendi\u00f3 a las filas de la nobleza regional y se estableci\u00f3 dentro de las estructuras administrativas y pol\u00edticas del suroeste de Alemania.<\/p>\n<p class=\"p1\">Durante la Baja Edad Media, los se\u00f1ores de Berwangen desempe\u00f1aron cargos importantes al servicio de la Marca de Baden y del Palatinado Electoral (<i>Palatinado Electoral<\/i>), dos de los territorios m\u00e1s influyentes en la regi\u00f3n del Alto Rin. Estos roles a menudo inclu\u00edan responsabilidades administrativas, judiciales y militares. Como ministeriales \u2014originalmente caballeros no libres que alcanzaron prominencia a trav\u00e9s de un servicio leal\u2014 se les encarg\u00f3 la gesti\u00f3n de fincas, la supervisi\u00f3n de asuntos legales y la representaci\u00f3n de sus se\u00f1ores en asuntos regionales. Con el tiempo, tales familias a menudo transicionaron a la baja nobleza, obteniendo estatus y reconocimiento hereditarios.<\/p>\n<p class=\"p1\">El panorama pol\u00edtico de Baden y el Palatinado durante este per\u00edodo estuvo marcado por una compleja red de familias nobles, autoridades eclesi\u00e1sticas y gobernantes territoriales. En este entorno, familias como los von Berwangen desempe\u00f1aron un papel intermediario crucial. Actuaron como administradores locales y ejecutores de la autoridad, ayudando a estabilizar la gobernanza al tiempo que se beneficiaban de su proximidad al poder. Su participaci\u00f3n en la administraci\u00f3n regional refleja tanto su competencia como la confianza depositada en ellos por los gobernantes de mayor rango.<\/p>\n<p class=\"p1\">Aunque la familia nunca alcanz\u00f3 el rango de las grandes dinast\u00edas principescas, su posici\u00f3n dentro de la nobleza de servicio les otorg\u00f3 una influencia significativa a nivel regional. Su legado es representativo de muchas familias nobles similares cuya importancia resid\u00eda no en vastos territorios, sino en su papel indispensable dentro del funcionamiento del estado medieval. Con el tiempo, a medida que las estructuras pol\u00edticas evolucionaron y los territorios se consolidaron, muchas de estas casas nobles m\u00e1s peque\u00f1as desaparecieron gradualmente de los registros hist\u00f3ricos, ya sea por extinci\u00f3n o por integraci\u00f3n en otros linajes.<\/p>\n<p class=\"p1\">Hoy, el nombre <span class=\"s1\"><b>Berwangen<\/b><\/span> a\u00fan conserva la memoria de este noble linaje y sus ra\u00edces hist\u00f3ricas en el suroeste de Alemania. Sirve como un recordatorio del intrincado tejido social y pol\u00edtico del Sacro Imperio Romano Germ\u00e1nico, donde incluso familias nobles menos conocidas contribuyeron a la gobernanza, defensa y desarrollo cultural de sus regiones.<\/p>\n<p class=\"p1\">Con tu t\u00edtulo recibir\u00e1s documentaci\u00f3n completa para toda la familia. El escudo de armas que lo acompa\u00f1a se proporciona como un PDF de alta calidad de forma gratuita y tambi\u00e9n se puede suministrar como un gr\u00e1fico vectorial bajo petici\u00f3n. Estaremos encantados de personalizar el escudo de armas seg\u00fan tus preferencias, incluyendo colores, s\u00edmbolos y elementos estil\u00edsticos, permiti\u00e9ndote crear una identidad her\u00e1ldica \u00fanica.<\/p>\n<p class=\"p1\">Todos los certificados se entregan juntos en una elegante carpeta de presentaci\u00f3n, lo que los hace ideales para su exhibici\u00f3n o como un distinguido obsequio. Adem\u00e1s, recibir\u00e1 informaci\u00f3n detallada sobre el uso y la presentaci\u00f3n adecuados de su t\u00edtulo, garantizando que pueda portar su acreditaci\u00f3n con seguridad y autenticidad.<\/p>\n<ul>\n<li>Tratamiento: (Su) Majestad, Alteza<\/li>\n<li>Hombre: Duque<\/li>\n<li>Duquesa<\/li>\n<li>Hijo: Pr\u00edncipe<\/li>\n<li>Hija: Princesa<\/li>\n<\/ul>\n<p>Lo especial del duque es que los ni\u00f1os reciben un certificado que los eleva a pr\u00edncipe o princesa.<\/p>\n<\/div><\/div><\/div><\/div><\/div><\/div><\/section>","protected":false},"excerpt":{"rendered":"<p class=\"p1\">Forma parte del legado de la <span class=\"s1\"><b>Se\u00f1ores de Berwangen<\/b><\/span>, una hist\u00f3rica familia noble de la Alemania medieval. Un t\u00edtulo arraigado en la historia regional real, que representa tradici\u00f3n, servicio y herencia noble.<\/p>\n<p class=\"p1\">Un t\u00edtulo elegante y significativo que combina autenticidad y distinci\u00f3n, perfecto como regalo \u00fanico o declaraci\u00f3n personal para quienes valoran la historia, la individualidad y el prestigio atemporal.<\/p>","protected":false},"featured_media":55580,"template":"","meta":{"_acf_changed":false,"yasr_overall_rating":0,"yasr_post_is_review":"","yasr_auto_insert_disabled":"","yasr_review_type":"","slim_seo":{"title":"Duque de Berwangen - Compre T\u00edtulos Nobles Desde 1999","description":"Forma parte del legado de los Se\u00f1ores de Berwangen, una noble familia hist\u00f3rica de la medieval Baden-Wurtemberg. Un t\u00edtulo arraigado en la historia regional real, representativo"}},"product_brand":[],"product_cat":[26],"product_tag":[59,50,52],"class_list":{"0":"post-61493","1":"product","2":"type-product","3":"status-publish","4":"has-post-thumbnail","6":"product_cat-german-noble-titles","7":"product_tag-berwangen","8":"product_tag-herzog","9":"product_tag-herzogin","11":"first","12":"instock","13":"taxable","14":"shipping-taxable","15":"purchasable","16":"product-type-variable","17":"has-default-attributes"},"acf":[],"yasr_visitor_votes":{"stars_attributes":{"read_only":false,"span_bottom":false},"number_of_votes":0,"sum_votes":0},"_links":{"self":[{"href":"https:\/\/noble-society.net\/es\/wp-json\/wp\/v2\/product\/61493","targetHints":{"allow":["GET"]}}],"collection":[{"href":"https:\/\/noble-society.net\/es\/wp-json\/wp\/v2\/product"}],"about":[{"href":"https:\/\/noble-society.net\/es\/wp-json\/wp\/v2\/types\/product"}],"wp:featuredmedia":[{"embeddable":true,"href":"https:\/\/noble-society.net\/es\/wp-json\/wp\/v2\/media\/55580"}],"wp:attachment":[{"href":"https:\/\/noble-society.net\/es\/wp-json\/wp\/v2\/media?parent=61493"}],"wp:term":[{"taxonomy":"product_brand","embeddable":true,"href":"https:\/\/noble-society.net\/es\/wp-json\/wp\/v2\/product_brand?post=61493"},{"taxonomy":"product_cat","embeddable":true,"href":"https:\/\/noble-society.net\/es\/wp-json\/wp\/v2\/product_cat?post=61493"},{"taxonomy":"product_tag","embeddable":true,"href":"https:\/\/noble-society.net\/es\/wp-json\/wp\/v2\/product_tag?post=61493"}],"curies":[{"name":"wp","href":"https:\/\/api.w.org\/{rel}","templated":true}]}}