{"id":61495,"date":"2026-03-16T20:17:56","date_gmt":"2026-03-16T18:17:56","guid":{"rendered":"https:\/\/noble-society.net\/?post_type=product&#038;p=61495"},"modified":"2026-04-08T14:51:02","modified_gmt":"2026-04-08T11:51:02","slug":"senor-de-kerry","status":"publish","type":"product","link":"https:\/\/noble-society.net\/es\/buy-nobility-titles\/lord-of-kerry\/","title":{"rendered":"Lord of Kerry"},"content":{"rendered":"<section class=\"l-section wpb_row height_small\"><div class=\"l-section-h i-cf\"><div class=\"g-cols vc_row via_grid cols_1 laptops-cols_inherit tablets-cols_inherit mobiles-cols_1 valign_top type_default stacking_default\"><div class=\"wpb_column vc_column_container\"><div class=\"vc_column-inner\"><div class=\"wpb_text_column\"><div class=\"wpb_wrapper\"><p class=\"p1\"><strong>Aqu\u00ed tiene una vista fant\u00e1stica de su propiedad. Use su rat\u00f3n para explorar el paisaje.<\/strong><\/p>\n<p>&nbsp;<\/p>\n<p><center><br \/>\n<iframe loading=\"lazy\" style=\"border: 0;\" tabindex=\"0\" src=\"https:\/\/www.google.com\/maps\/embed?pb=!4v1589889637391!6m8!1m7!1sPKFZ22BGRgRIc1Cr1ua_nw!2m2!1d51.8182766543608!2d-9.739906825252547!3f200.52!4f-13.659999999999997!5f0.5970117501821992\" width=\"600\" height=\"450\" frameborder=\"0\" allowfullscreen=\"allowfullscreen\" aria-hidden=\"false\"><\/iframe>\u00a0<\/center>&nbsp;<\/p>\n<p class=\"p1\">Puedes adquirir el t\u00edtulo irland\u00e9s <span class=\"s1\"><b>Lord of Kerry<\/b><\/span> como un t\u00edtulo nobiliario comprando una peque\u00f1a parcela de tierra asociada a \u00e9l. Ofrecemos dicha propiedad en el Condado de Kerry, ubicado al suroeste de Irlanda. Convertirse en un Lord of Kerry merece la pena no solo por el t\u00edtulo \u2014permiti\u00e9ndole destacar entre amigos o en ocasiones formales\u2014 sino tambi\u00e9n por la conexi\u00f3n con el paisaje \u00fanico donde se encuentra su peque\u00f1o pedazo de tierra.<\/p>\n<p class=\"p1\">El condado de Kerry es uno de los destinos tur\u00edsticos m\u00e1s populares para los visitantes de Irlanda. Aunque no es tan agreste como el salvaje noroeste con sus acantilados escarpados y azotados por el viento, todav\u00eda goza de una costa impresionante de rocas dram\u00e1ticas, peque\u00f1as bah\u00edas y las aguas de color azul profundo del Oc\u00e9ano Atl\u00e1ntico. El famoso Ring of Kerry, una ruta esc\u00e9nica costera de 170 km, conduce a numerosas atracciones importantes. Irlanda es una tierra de impresionante belleza natural y cultura antigua, cuyos vestigios se pueden encontrar en toda la isla. Entre los puntos destacados se incluyen la pintoresca regi\u00f3n alrededor de Killarney con el Parque Nacional de Killarney, as\u00ed como numerosos monumentos prehist\u00f3ricos como fuertes circulares, alineaciones de piedras, c\u00edrculos de piedras y menhires, junto con monasterios e iglesias del per\u00edodo paleocristiano.<\/p>\n<p class=\"p1\">A lo largo de gran parte del Anillo de Kerry, disfrutar\u00e1s de impresionantes vistas del mar y una costa en constante cambio. Los desv\u00edos hacia el interior revelan monta\u00f1as, vastos pastos v\u00edrgenes con ovejas pastando y p\u00e1ramos salvajes y rom\u00e1nticos. Desde Portmagee, y si el tiempo lo permite, peque\u00f1os barcos pueden llevarte a la isla rocosa de Skellig Michael, hogar de uno de los monasterios cristianos primitivos m\u00e1s antiguos. Una estructura mon\u00e1stica similar tambi\u00e9n se puede encontrar en la pen\u00ednsula de Dingle.<\/p>\n<p class=\"p1\">Kerry tambi\u00e9n es reconocida por preservar el idioma y la cultura ga\u00e9lica tradicionales, permitiendo a los visitantes experimentar la vida irlandesa aut\u00e9ntica. Para aquellos que prefieren caminar en lugar de conducir, la regi\u00f3n ofrece innumerables oportunidades para explorar a pie. Al comprar un t\u00edtulo de nobleza irland\u00e9s, no solo est\u00e1 adquiriendo algo especial, sino que tambi\u00e9n se est\u00e1 conectando con la tierra, su gente y una historia rica y antigua.<\/p>\n<p class=\"p1\">Por supuesto, como todos los t\u00edtulos nobiliarios disponibles para su compra, el t\u00edtulo de Lord of Kerry es ante todo un concepto encantador y desenfadado para aquellos que disfrutan siendo algo un poco extraordinario. No otorga ning\u00fan privilegio legal. La parcela de terreno es demasiado peque\u00f1a para construir y los derechos de uso siguen siendo de los propietarios originales.<\/p>\n<p class=\"p1\">Sin embargo, una cosa es segura: como Lord of Kerry, sin duda lo disfrutar\u00e1s.<\/p>\n<\/div><\/div><\/div><\/div><\/div><\/div><\/section>","protected":false},"excerpt":{"rendered":"<p class=\"p1\">Como Lord of Kerry, se convertir\u00e1 en el orgulloso copropietario de una parcela de tierra en el rom\u00e1ntico suroeste de Irlanda y recibir\u00e1 junto con ella un t\u00edtulo nobiliario.<\/p>","protected":false},"featured_media":55586,"template":"","meta":{"_acf_changed":false,"yasr_overall_rating":0,"yasr_post_is_review":"","yasr_auto_insert_disabled":"","yasr_review_type":"","slim_seo":{"title":"Lord of Kerry - Compre T\u00edtulos Nobles desde 1999","description":"Como Lord of Kerry, se convertir\u00e1 en el orgulloso copropietario de una parcela de tierra en el rom\u00e1ntico suroeste de Irlanda y recibir\u00e1 junto con ella un t\u00edtulo nobiliario."}},"product_brand":[],"product_cat":[27],"product_tag":[67,63,66,65,64],"class_list":{"0":"post-61495","1":"product","2":"type-product","3":"status-publish","4":"has-post-thumbnail","6":"product_cat-irish-noble-titles","7":"product_tag-irische-titel","8":"product_tag-irish","9":"product_tag-kerry","10":"product_tag-lady","11":"product_tag-lord","13":"first","14":"instock","15":"taxable","16":"shipping-taxable","17":"purchasable","18":"product-type-variable","19":"has-default-attributes"},"acf":[],"yasr_visitor_votes":{"stars_attributes":{"read_only":false,"span_bottom":false},"number_of_votes":0,"sum_votes":0},"_links":{"self":[{"href":"https:\/\/noble-society.net\/es\/wp-json\/wp\/v2\/product\/61495","targetHints":{"allow":["GET"]}}],"collection":[{"href":"https:\/\/noble-society.net\/es\/wp-json\/wp\/v2\/product"}],"about":[{"href":"https:\/\/noble-society.net\/es\/wp-json\/wp\/v2\/types\/product"}],"wp:featuredmedia":[{"embeddable":true,"href":"https:\/\/noble-society.net\/es\/wp-json\/wp\/v2\/media\/55586"}],"wp:attachment":[{"href":"https:\/\/noble-society.net\/es\/wp-json\/wp\/v2\/media?parent=61495"}],"wp:term":[{"taxonomy":"product_brand","embeddable":true,"href":"https:\/\/noble-society.net\/es\/wp-json\/wp\/v2\/product_brand?post=61495"},{"taxonomy":"product_cat","embeddable":true,"href":"https:\/\/noble-society.net\/es\/wp-json\/wp\/v2\/product_cat?post=61495"},{"taxonomy":"product_tag","embeddable":true,"href":"https:\/\/noble-society.net\/es\/wp-json\/wp\/v2\/product_tag?post=61495"}],"curies":[{"name":"wp","href":"https:\/\/api.w.org\/{rel}","templated":true}]}}