{"id":61496,"date":"2026-03-16T20:17:56","date_gmt":"2026-03-16T18:17:56","guid":{"rendered":"https:\/\/noble-society.net\/?post_type=product&#038;p=61496"},"modified":"2026-04-08T14:51:30","modified_gmt":"2026-04-08T11:51:30","slug":"senor-de-roscommon","status":"publish","type":"product","link":"https:\/\/noble-society.net\/es\/buy-nobility-titles\/lord-of-roscommon\/","title":{"rendered":"Lord of Roscommon"},"content":{"rendered":"<section class=\"l-section wpb_row height_small\"><div class=\"l-section-h i-cf\"><div class=\"g-cols vc_row via_grid cols_1 laptops-cols_inherit tablets-cols_inherit mobiles-cols_1 valign_top type_default stacking_default\"><div class=\"wpb_column vc_column_container\"><div class=\"vc_column-inner\"><div class=\"wpb_text_column\"><div class=\"wpb_wrapper\"><p><strong>Justo detr\u00e1s de este bar se encuentra la finca \u201cRoscommon\u201d.<\/strong><\/p>\n<p><center><br \/>\n<iframe loading=\"lazy\" style=\"border: 0;\" tabindex=\"0\" src=\"https:\/\/www.google.com\/maps\/embed?pb=!4v1589889873648!6m8!1m7!1s0rOJRaHAOR1wB4cS94ETMw!2m2!1d53.76957858167435!2d-8.495177425618055!3f20.98!4f-9.400000000000006!5f0.5970117501821992\" width=\"600\" height=\"450\" frameborder=\"0\" allowfullscreen=\"allowfullscreen\" aria-hidden=\"false\"><\/iframe><\/center><\/p>\n<div id=\"model-response-message-contentr_d595497ce37d0388\" class=\"markdown markdown-main-panel stronger enable-updated-hr-color\" dir=\"ltr\" aria-live=\"polite\" aria-busy=\"false\">\n<p data-path-to-node=\"0\">Eres un terrateniente, ya que est\u00e1s adquiriendo la copropiedad de una parcela de tierra en las verdes y f\u00e9rtiles Tierras Medias irlandesas, donde numerosos castillos demuestran que los nobles siempre han apreciado la zona. Como terrateniente o se\u00f1or de la manor, eres un \u201cTirana\u201d en el antiguo idioma irland\u00e9s, el ga\u00e9lico, que probablemente se traducir\u00eda al ingl\u00e9s como \u201cLandlord\u201d. Y como tu tierra est\u00e1 situada cerca de Roscommon, eres, de hecho, un Lord of Roscommon. Adem\u00e1s de la escritura de propiedad y el nombramiento, te proporcionamos un escudo de armas, que recibir\u00e1s en formato digital para usarlo en tus registros personales.<\/p>\n<p data-path-to-node=\"1\">Este pedazo hist\u00f3rico de tierra te hace parte de una tradici\u00f3n centenaria profundamente arraigada en la cultura irlandesa, que honra una profunda conexi\u00f3n con la tierra. Con este t\u00edtulo, contin\u00faas un legado antes reservado para valientes jefes de clan y nobles gobernantes, sirviendo como testimonio de tu apreciaci\u00f3n personal de los valores hist\u00f3ricos. No es meramente una parcela de tierra la que llamas tuya, sino un s\u00edmbolo tangible de exclusividad y del encanto \u00fanico de la Isla Esmeralda. Utiliza tu nuevo blas\u00f3n como una expresi\u00f3n de esta identidad especial para refinar tus cartas, documentos o colecciones privadas con un toque de elegancia aristocr\u00e1tica.<\/p>\n<\/div>\n<\/div><\/div><\/div><\/div><\/div><\/div><\/section>","protected":false},"excerpt":{"rendered":"<div id=\"model-response-message-contentr_a03db1ff51e4b223\" class=\"markdown markdown-main-panel stronger enable-updated-hr-color\" dir=\"ltr\" aria-live=\"polite\" aria-busy=\"false\">\n<p data-path-to-node=\"0\">Tu <b data-path-to-node=\"0\" data-index-in-node=\"5\">Lord of Roscommon<\/b> El paquete de t\u00edtulo contiene todo lo que necesita para demostrar con estilo su nueva dignidad como Lord of Roscommon dondequiera que vaya. Para acompa\u00f1ar esto, dise\u00f1aremos un hermoso certificado para usted, que se ver\u00e1 magn\u00edfico exhibido en la pared de su sala de estar.<\/p>\n<\/div>","protected":false},"featured_media":55626,"template":"","meta":{"_acf_changed":false,"yasr_overall_rating":0,"yasr_post_is_review":"","yasr_auto_insert_disabled":"","yasr_review_type":"","slim_seo":{"title":"Lord of Roscommon - Compra T\u00edtulos Nobles desde 1999","description":"Tu paquete de t\u00edtulo Lord of Roscommon contiene todo lo que necesitas para demostrar con estilo tu nueva dignidad como Lord of Roscommon dondequiera que vayas. Para acompa\u00f1ar"}},"product_brand":[],"product_cat":[27],"product_tag":[69,65,64,70,68],"class_list":{"0":"post-61496","1":"product","2":"type-product","3":"status-publish","4":"has-post-thumbnail","6":"product_cat-irish-noble-titles","7":"product_tag-irisch","8":"product_tag-lady","9":"product_tag-lord","10":"product_tag-roscommon","11":"product_tag-titel","13":"first","14":"instock","15":"taxable","16":"shipping-taxable","17":"purchasable","18":"product-type-variable","19":"has-default-attributes"},"acf":[],"yasr_visitor_votes":{"stars_attributes":{"read_only":false,"span_bottom":false},"number_of_votes":0,"sum_votes":0},"_links":{"self":[{"href":"https:\/\/noble-society.net\/es\/wp-json\/wp\/v2\/product\/61496","targetHints":{"allow":["GET"]}}],"collection":[{"href":"https:\/\/noble-society.net\/es\/wp-json\/wp\/v2\/product"}],"about":[{"href":"https:\/\/noble-society.net\/es\/wp-json\/wp\/v2\/types\/product"}],"wp:featuredmedia":[{"embeddable":true,"href":"https:\/\/noble-society.net\/es\/wp-json\/wp\/v2\/media\/55626"}],"wp:attachment":[{"href":"https:\/\/noble-society.net\/es\/wp-json\/wp\/v2\/media?parent=61496"}],"wp:term":[{"taxonomy":"product_brand","embeddable":true,"href":"https:\/\/noble-society.net\/es\/wp-json\/wp\/v2\/product_brand?post=61496"},{"taxonomy":"product_cat","embeddable":true,"href":"https:\/\/noble-society.net\/es\/wp-json\/wp\/v2\/product_cat?post=61496"},{"taxonomy":"product_tag","embeddable":true,"href":"https:\/\/noble-society.net\/es\/wp-json\/wp\/v2\/product_tag?post=61496"}],"curies":[{"name":"wp","href":"https:\/\/api.w.org\/{rel}","templated":true}]}}