{"id":61518,"date":"2026-03-16T20:18:15","date_gmt":"2026-03-16T18:18:15","guid":{"rendered":"https:\/\/noble-society.net\/?post_type=product&#038;p=61518"},"modified":"2026-04-08T14:47:54","modified_gmt":"2026-04-08T11:47:54","slug":"lord-de-glencairn","status":"publish","type":"product","link":"https:\/\/noble-society.net\/es\/buy-nobility-titles\/laird-of-glencairn\/","title":{"rendered":"Laird of Glencairn"},"content":{"rendered":"<section class=\"l-section wpb_row height_small\"><div class=\"l-section-h i-cf\"><div class=\"g-cols vc_row via_grid cols_1 laptops-cols_inherit tablets-cols_inherit mobiles-cols_1 valign_top type_default stacking_default\"><div class=\"wpb_column vc_column_container\"><div class=\"vc_column-inner\"><div class=\"wpb_text_column\"><div class=\"wpb_wrapper\"><p class=\"p1\">A <span class=\"s1\"><b>Laird of Glencairn<\/b><\/span> pertenece a las Tierras Altas de Escocia, una regi\u00f3n donde las personas han sido moldeadas durante mucho tiempo por las duras fuerzas de la naturaleza y siglos de conflicto con potencias invasoras. La vida en las Tierras Altas nunca fue f\u00e1cil: paisajes escarpados, clima impredecible y amenazas externas constantes forjaron una cultura definida por la resiliencia, la independencia y una fuerte identidad de clan.<\/p>\n<p class=\"p3\"><b>Paisaje e Historia de Glencairn<\/b><b><\/b><\/p>\n<p class=\"p1\">Los primeros habitantes de esta regi\u00f3n, incluidos los pictos y, m\u00e1s tarde, los escotos, resistieron con \u00e9xito la expansi\u00f3n romana y, en siglos posteriores, las incursiones vikingas. A pesar de las oleadas de influencia externa, conservaron sus tradiciones celtas, su idioma y sus estructuras de clanes. Incluso despu\u00e9s de la creciente influencia de Inglaterra a partir del siglo XI, la identidad escocesa se mantuvo notablemente fuerte. Aunque Escocia pas\u00f3 a depender de la corona inglesa a finales de la Edad Media, muchas tradiciones \u2014e incluso elementos de su sistema legal\u2014 han perdurado hasta nuestros d\u00edas.<\/p>\n<p class=\"p1\">Esta independencia hist\u00f3rica tambi\u00e9n se refleja en el concepto de t\u00edtulos escoceses basados en la tierra. En Escocia, ciertos t\u00edtulos honor\u00edficos han estado tradicionalmente ligados directamente a la propiedad de la tierra. <i>Caballero<\/i>\u2014que esencialmente significa \u201cterrateniente\u201d\u2014 deriva su t\u00edtulo de la posesi\u00f3n de una propiedad espec\u00edfica. Cuando la tierra cambia de manos, tambi\u00e9n lo hace el t\u00edtulo asociado. Este es el caso del t\u00edtulo <span class=\"s1\"><b>Laird of Glencairn<\/b><\/span>, que est\u00e1 directamente vinculado a un pedazo de tierra en esta regi\u00f3n hist\u00f3rica.<\/p>\n<p class=\"p1\">El nombre <i>Glencairn<\/i> En s\u00ed, es t\u00edpicamente escoc\u00e9s y significa \u201cValle de los Cairn\u201d. Los cairn son antiguos t\u00famulos funerarios de piedra que se encuentran com\u00fanmente en toda Escocia, mientras que \u201cglen\u201d se refiere a los valles caracter\u00edsticos del paisaje de las Highlands. El nombre por s\u00ed solo insin\u00faa la profunda antig\u00fcedad de la regi\u00f3n, que ha estado habitada durante miles de a\u00f1os.<\/p>\n<p class=\"p1\">El terreno asociado al t\u00edtulo se encuentra cerca de la <span class=\"s1\"><b>Megalitos de Camster<\/b><\/span>, dos t\u00famulos neol\u00edticos excepcionalmente bien conservados que datan de hace aproximadamente 4.500 a\u00f1os. Estos monumentos prehist\u00f3ricos se encuentran entre los sitios arqueol\u00f3gicos m\u00e1s importantes del norte de Escocia y ofrecen una conexi\u00f3n directa con los primeros habitantes de la regi\u00f3n.<\/p>\n<p class=\"p1\">Cerca tambi\u00e9n est\u00e1 el <span class=\"s1\"><b>Cairn de Camster<\/b><\/span>, otro antiguo sitio funerario que se utiliz\u00f3 durante muchos siglos y se cree que estuvo asociado con las primeras comunidades y l\u00edderes de las Highlands. Los nombres de lugares circundantes\u2014como Lybster, Camster y Scrabster\u2014reflejan una fuerte influencia n\u00f3rdica, lo que indica la presencia de colonos vikingos que establecieron comunidades costeras y lanzaron expediciones tierra adentro.<\/p>\n<p class=\"p1\">La regi\u00f3n tambi\u00e9n est\u00e1 vinculada a notables figuras hist\u00f3ricas. Una de esas figuras es John Oswald, de quien se dice que naci\u00f3 en la zona y que la tradici\u00f3n asocia con la \u00e9poca de la Guerra de Independencia de los Estados Unidos, lo que pone de relieve las conexiones hist\u00f3ricas de gran alcance de este remoto paisaje de las Highlands.<\/p>\n<p class=\"p1\">Al convertirte en un <span class=\"s1\"><b>Laird of Glencairn<\/b><\/span>, no solo est\u00e1 adquiriendo un t\u00edtulo, sino que tambi\u00e9n se est\u00e1 conectando con una tierra rica en historia, leyenda e identidad cultural perdurable, donde monumentos antiguos, el patrimonio de los clanes y el esp\u00edritu de las Tierras Altas se unen de una manera verdaderamente \u00fanica.<\/p>\n<\/div><\/div><\/div><\/div><\/div><\/div><\/section>","protected":false},"excerpt":{"rendered":"<p class=\"p1\">Si elige adquirir un t\u00edtulo nobiliario escoc\u00e9s, no solo est\u00e1 expresando un sentido de distinci\u00f3n, sino tambi\u00e9n una profunda apreciaci\u00f3n por los paisajes salvajes e intactos, la rica y accidentada historia, y las legendarias historias de hombres rudos y valientes e igualmente fuertes mujeres que dieron forma a la vida en esta tierra dura pero impresionante en el borde norte de Europa.<\/p>","protected":false},"featured_media":1417,"template":"","meta":{"_acf_changed":false,"yasr_overall_rating":0,"yasr_post_is_review":"","yasr_auto_insert_disabled":"","yasr_review_type":"","slim_seo":{"title":"Laird of Glencairn - Compra T\u00edtulos Nobles desde 1999","description":"Si elige adquirir un t\u00edtulo nobiliario escoc\u00e9s, no solo est\u00e1 expresando un sentido de distinci\u00f3n, sino tambi\u00e9n una profunda apreciaci\u00f3n por la naturaleza salvaje e intacta."}},"product_brand":[],"product_cat":[28],"product_tag":[75,65,72,74,73,68],"class_list":{"0":"post-61518","1":"product","2":"type-product","3":"status-publish","4":"has-post-thumbnail","6":"product_cat-scottish-noble-titles","7":"product_tag-glencairn","8":"product_tag-lady","9":"product_tag-laird","10":"product_tag-schottische","11":"product_tag-schottland","12":"product_tag-titel","14":"first","15":"instock","16":"taxable","17":"shipping-taxable","18":"purchasable","19":"product-type-variable","20":"has-default-attributes"},"acf":[],"yasr_visitor_votes":{"stars_attributes":{"read_only":false,"span_bottom":false},"number_of_votes":0,"sum_votes":0},"_links":{"self":[{"href":"https:\/\/noble-society.net\/es\/wp-json\/wp\/v2\/product\/61518","targetHints":{"allow":["GET"]}}],"collection":[{"href":"https:\/\/noble-society.net\/es\/wp-json\/wp\/v2\/product"}],"about":[{"href":"https:\/\/noble-society.net\/es\/wp-json\/wp\/v2\/types\/product"}],"wp:featuredmedia":[{"embeddable":true,"href":"https:\/\/noble-society.net\/es\/wp-json\/wp\/v2\/media\/1417"}],"wp:attachment":[{"href":"https:\/\/noble-society.net\/es\/wp-json\/wp\/v2\/media?parent=61518"}],"wp:term":[{"taxonomy":"product_brand","embeddable":true,"href":"https:\/\/noble-society.net\/es\/wp-json\/wp\/v2\/product_brand?post=61518"},{"taxonomy":"product_cat","embeddable":true,"href":"https:\/\/noble-society.net\/es\/wp-json\/wp\/v2\/product_cat?post=61518"},{"taxonomy":"product_tag","embeddable":true,"href":"https:\/\/noble-society.net\/es\/wp-json\/wp\/v2\/product_tag?post=61518"}],"curies":[{"name":"wp","href":"https:\/\/api.w.org\/{rel}","templated":true}]}}