{"id":61519,"date":"2026-03-16T20:18:15","date_gmt":"2026-03-16T18:18:15","guid":{"rendered":"https:\/\/noble-society.net\/?post_type=product&#038;p=61519"},"modified":"2026-03-31T19:22:20","modified_gmt":"2026-03-31T16:22:20","slug":"lord-de-john-ogroates","status":"publish","type":"product","link":"https:\/\/noble-society.net\/es\/buy-nobility-titles\/laird-of-john-ogroates\/","title":{"rendered":"Laird of John O\u00b4Groates"},"content":{"rendered":"<section class=\"l-section wpb_row height_small\"><div class=\"l-section-h i-cf\"><div class=\"g-cols vc_row via_grid cols_1 laptops-cols_inherit tablets-cols_inherit mobiles-cols_1 valign_top type_default stacking_default\"><div class=\"wpb_column vc_column_container\"><div class=\"vc_column-inner\"><div class=\"wpb_text_column\"><div class=\"wpb_wrapper\"><p class=\"p1\">Si te sientes atra\u00eddo por algo verdaderamente salvaje y cargado de leyendas, entonces el t\u00edtulo nobiliario <span class=\"s1\"><b>Laird de John o' Groats<\/b><\/span> es la elecci\u00f3n perfecta.<\/p>\n<p class=\"p1\">Este t\u00edtulo encarna exactamente ese esp\u00edritu. El lugar hom\u00f3nimo se encuentra en el extremo noreste de Escocia y marca el punto m\u00e1s septentrional de la parte continental brit\u00e1nica. Desde aqu\u00ed, salen ferris hacia las Islas Orcadas, hogar del famoso asentamiento prehist\u00f3rico de Skara Brae. Un Laird de John O\u2019Groats es, por lo tanto, un verdadero Highlander, y su Dama tambi\u00e9n una orgullosa Highlander; ambos se mueven con dignidad y fuerza a trav\u00e9s de los paisajes agrestes y ventosos. Al adquirir este t\u00edtulo, usted representa no solo un clan resiliente, sino tambi\u00e9n uno astuto, como ilustra la siguiente historia.<\/p>\n<p class=\"p1\">Curiosamente, el nombre John O'Groats no tiene su origen en ra\u00edces escocesas o celtas antiguas, sino que proviene de or\u00edgenes holandeses. Un holand\u00e9s llamado Jan de Groot se estableci\u00f3 aqu\u00ed con un grupo de compatriotas a petici\u00f3n del rey Jacobo IV de Escocia. Pocos a\u00f1os antes, las Islas Orcadas hab\u00edan pasado del control noruego al escoc\u00e9s bajo el rey Jacobo II. Para establecer una conexi\u00f3n de ferry fiable a estas islas, el rey Jacobo encomend\u00f3 esta tarea a los colonos holandeses, que demostraron ser id\u00f3neos para el puesto. Se adaptaron r\u00e1pidamente a la vida en las Tierras Altas, operaron el servicio de ferry y formaron su propio clan, celebrando su llegada cada a\u00f1o con un gran festival.<\/p>\n<p class=\"p1\">Con el tiempo, la familia de Groot se integr\u00f3 profundamente en la cultura escocesa y, seg\u00fan la leyenda, tambi\u00e9n adopt\u00f3 el famoso esp\u00edritu de las Highlands. Durante una de estas celebraciones, surgi\u00f3 una disputa entre los siete descendientes de Jan de Groot sobre qui\u00e9n deber\u00eda convertirse en el pr\u00f3ximo l\u00edder del clan. Para evitar un conflicto potencialmente violento, el jefe del clan ide\u00f3 una soluci\u00f3n ingeniosa. Declar\u00f3 que el sucesor ser\u00eda el que estuviera sentado a la cabecera de la mesa. Luego construy\u00f3 una casa de ocho lados y ocho puertas, colocando una mesa octogonal en su centro. Cada miembro de la familia entr\u00f3 por una puerta diferente y tom\u00f3 asiento, de modo que nadie se sent\u00f3 a la cabecera de la mesa y nadie pudo reclamar el dominio.<\/p>\n<p class=\"p1\">Este acto sabio y diplom\u00e1tico se considera digno de un verdadero Laird de John O\u2019Groats, incluso si la historia se ha embellecido con el tiempo. En honor a esta leyenda, el Hotel John O\u2019Groats presenta una torre octogonal. Al adquirir tierras y un t\u00edtulo nobiliario aqu\u00ed, te conviertes en parte de esta historia \u00fanica y fascinante, una que mezcla historia, mito y el esp\u00edritu perdurable de las Tierras Altas de Escocia.<\/p>\n<\/div><\/div><\/div><\/div><\/div><\/div><\/section>","protected":false},"excerpt":{"rendered":"<p class=\"p1\">Convi\u00e9rtete en <span class=\"s1\"><b>Laird de John o' Groats<\/b><\/span> y poseer un pedazo de tierra en el extremo m\u00e1s septentrional de Gran Breta\u00f1a continental. Este t\u00edtulo \u00fanico te conecta con la belleza escarpada de las Tierras Altas de Escocia y una legendaria historia de clanes, perfecto para aquellos que aman la historia, la aventura y algo verdaderamente extraordinario.<\/p>","protected":false},"featured_media":55625,"template":"","meta":{"_acf_changed":false,"yasr_overall_rating":0,"yasr_post_is_review":"","yasr_auto_insert_disabled":"","yasr_review_type":"","slim_seo":{"title":"Laird of John O\u00b4Groates - Buy Noble Titles Since 1999","description":"Convi\u00e9rtete en un Laird de John O'Groats y posee un pedazo de tierra en el extremo m\u00e1s septentrional de la Gran Breta\u00f1a continental. Este t\u00edtulo \u00fanico te conecta con la belleza accidentada de"}},"product_brand":[],"product_cat":[28],"product_tag":[36,76,65,72,73],"class_list":{"0":"post-61519","1":"product","2":"type-product","3":"status-publish","4":"has-post-thumbnail","6":"product_cat-scottish-noble-titles","7":"product_tag-adelstitel","8":"product_tag-john-ogroats","9":"product_tag-lady","10":"product_tag-laird","11":"product_tag-schottland","13":"first","14":"instock","15":"taxable","16":"shipping-taxable","17":"purchasable","18":"product-type-variable","19":"has-default-attributes"},"acf":[],"yasr_visitor_votes":{"stars_attributes":{"read_only":false,"span_bottom":false},"number_of_votes":0,"sum_votes":0},"_links":{"self":[{"href":"https:\/\/noble-society.net\/es\/wp-json\/wp\/v2\/product\/61519","targetHints":{"allow":["GET"]}}],"collection":[{"href":"https:\/\/noble-society.net\/es\/wp-json\/wp\/v2\/product"}],"about":[{"href":"https:\/\/noble-society.net\/es\/wp-json\/wp\/v2\/types\/product"}],"wp:featuredmedia":[{"embeddable":true,"href":"https:\/\/noble-society.net\/es\/wp-json\/wp\/v2\/media\/55625"}],"wp:attachment":[{"href":"https:\/\/noble-society.net\/es\/wp-json\/wp\/v2\/media?parent=61519"}],"wp:term":[{"taxonomy":"product_brand","embeddable":true,"href":"https:\/\/noble-society.net\/es\/wp-json\/wp\/v2\/product_brand?post=61519"},{"taxonomy":"product_cat","embeddable":true,"href":"https:\/\/noble-society.net\/es\/wp-json\/wp\/v2\/product_cat?post=61519"},{"taxonomy":"product_tag","embeddable":true,"href":"https:\/\/noble-society.net\/es\/wp-json\/wp\/v2\/product_tag?post=61519"}],"curies":[{"name":"wp","href":"https:\/\/api.w.org\/{rel}","templated":true}]}}