{"id":61521,"date":"2026-03-16T20:18:15","date_gmt":"2026-03-16T18:18:15","guid":{"rendered":"https:\/\/noble-society.net\/?post_type=product&#038;p=61521"},"modified":"2026-04-08T14:46:57","modified_gmt":"2026-04-08T11:46:57","slug":"caballero-de-bologne","status":"publish","type":"product","link":"https:\/\/noble-society.net\/es\/buy-nobility-titles\/chevalier-de-boulogne\/","title":{"rendered":"Chevalier de Boulogne"},"content":{"rendered":"<section class=\"l-section wpb_row height_small\"><div class=\"l-section-h i-cf\"><div class=\"g-cols vc_row via_grid cols_1 laptops-cols_inherit tablets-cols_inherit mobiles-cols_1 valign_top type_default stacking_default\"><div class=\"wpb_column vc_column_container\"><div class=\"vc_column-inner\"><div class=\"wpb_text_column\"><div class=\"wpb_wrapper\"><p class=\"p1\"><b>Chevalier de Boulogne<\/b><b><\/b><\/p>\n<p class=\"p3\">El t\u00edtulo <span class=\"s1\"><b>Chevalier de Boulogne<\/b><\/span> combina la tradici\u00f3n hist\u00f3rica con la elegancia aristocr\u00e1tica francesa. El t\u00e9rmino <i>Caballero<\/i>\u2014franc\u00e9s para \u201ccaballero\u201d\u2014 se origina en la tradici\u00f3n caballeresca medieval y se utiliz\u00f3 ampliamente en Francia para miembros de la baja nobleza o individuos que hab\u00edan obtenido distinci\u00f3n a trav\u00e9s del servicio, particularmente en contextos militares o cortesanos. A diferencia de los t\u00edtulos hereditarios m\u00e1s altos, <i>Caballero<\/i> a menudo reflejaba honor, m\u00e9rito y distinci\u00f3n personal en lugar de poder soberano.<\/p>\n<p class=\"p3\">La designaci\u00f3n <i>de Boulogne<\/i> se refiere a la regi\u00f3n hist\u00f3rica y ciudad de Boulogne (notablemente Boulogne-sur-Mer, en el norte de Francia), una importante fortaleza costera con una rica historia que se remonta a la \u00e9poca romana. Boulogne sirvi\u00f3 como un puerto estrat\u00e9gico clave, una puerta de entrada entre Francia e Inglaterra, y desempe\u00f1\u00f3 un papel importante en el comercio medieval, las campa\u00f1as militares y la administraci\u00f3n noble. La adici\u00f3n de <i>de Boulogne<\/i> otorga al t\u00edtulo una identidad geogr\u00e1fica e hist\u00f3rica, vincul\u00e1ndolo a una de las regiones notables de Francia.<\/p>\n<p class=\"p3\">Hist\u00f3ricamente, el nombre \u201cde Boulogne\u201d tambi\u00e9n se ha asociado con linajes nobles y figuras prominentes. Una de las personalidades hist\u00f3ricas m\u00e1s notables conectadas con este nombre es <span class=\"s1\"><b>Joseph Bologne, Chevalier de Saint-Georges (1745\u20131799)<\/b><\/span>\u2014un compositor c\u00e9lebre, virtuoso del viol\u00edn y esgrimista, a menudo llamado el \u201cMozart negro\u201d. Aunque no est\u00e1 directamente vinculado a Boulogne-sur-Mer por t\u00edtulo de la misma manera, su nombre refleja la tradici\u00f3n m\u00e1s amplia de la nobleza francesa de utilizar identificadores geogr\u00e1ficos en sus nombres. Su vida ejemplifica c\u00f3mo el t\u00edtulo <i>Caballero<\/i> podr\u00eda asociarse con la distinci\u00f3n, la cultura y la excelencia en lugar de la mera herencia.<\/p>\n<p class=\"p3\">Como portador del t\u00edtulo <span class=\"s1\"><b>Chevalier de Boulogne<\/b><\/span>, perpet\u00faas esta tradici\u00f3n de refinamiento, cultura e individualidad. El t\u00edtulo evoca im\u00e1genes de caballer\u00eda, honor y una profunda conexi\u00f3n con la herencia francesa, lo que lo hace hist\u00f3ricamente significativo y singularmente elegante.<\/p>\n<p class=\"p3\">Junto con su t\u00edtulo, recibir\u00e1 la documentaci\u00f3n completa para toda la familia. Esto incluye certificados bellamente dise\u00f1ados que confirman su t\u00edtulo, as\u00ed como un escudo de armas gratuito proporcionado en un PDF de alta calidad. El escudo de armas se puede personalizar seg\u00fan sus preferencias personales \u2014por ejemplo, en cuanto a colores, s\u00edmbolos o elementos estil\u00edsticos\u2014 lo que le permitir\u00e1 crear una identidad her\u00e1ldica verdaderamente individual.<\/p>\n<p class=\"p3\">Todos los documentos se entregan juntos en una elegante carpeta de presentaci\u00f3n, lo que los hace ideales para exhibir o como un distinguido regalo. Adem\u00e1s, recibir\u00e1 informaci\u00f3n detallada que explica el uso y presentaci\u00f3n adecuados de su t\u00edtulo, asegurando que pueda portarlo con confianza y autenticidad tanto en entornos privados como p\u00fablicos.<\/p>\n<\/div><\/div><\/div><\/div><\/div><\/div><\/section>","protected":false},"excerpt":{"rendered":"<p class=\"p1\"><i>Caballero<\/i> (Caballero) es el t\u00e9rmino usado para los guerreros de la Edad Media, fuertemente armados y montados. Una clase socialmente distinguida de luchadores montados ya exist\u00eda en la antigua Roma en la forma de la <i>Equites<\/i>. Desde finales de la Edad Media en adelante, el t\u00e9rmino se refer\u00eda cada vez m\u00e1s a un t\u00edtulo de honor espec\u00edfico, que pod\u00eda otorgarse no solo a miembros de la nobleza sino tambi\u00e9n, en algunos casos, a no nobles que se hubieran distinguido.<\/p>","protected":false},"featured_media":55581,"template":"","meta":{"_acf_changed":false,"yasr_overall_rating":0,"yasr_post_is_review":"","yasr_auto_insert_disabled":"","yasr_review_type":"","slim_seo":{"title":"Chevalier de Boulogne - Compra T\u00edtulos Nobiliarios Desde 1999","description":"Chevalier (caballero) es el t\u00e9rmino utilizado para los guerreros fuertemente acorazados y montados de la Edad Media. Ya exist\u00eda una clase socialmente distinguida de combatientes montados"}},"product_brand":[],"product_cat":[29],"product_tag":[36,80,79,77],"class_list":{"0":"post-61521","1":"product","2":"type-product","3":"status-publish","4":"has-post-thumbnail","6":"product_cat-french-noble-titles","7":"product_tag-adelstitel","8":"product_tag-boulogne","9":"product_tag-duc","10":"product_tag-frankreich","12":"first","13":"instock","14":"taxable","15":"shipping-taxable","16":"purchasable","17":"product-type-variable","18":"has-default-attributes"},"acf":[],"yasr_visitor_votes":{"stars_attributes":{"read_only":false,"span_bottom":false},"number_of_votes":0,"sum_votes":0},"_links":{"self":[{"href":"https:\/\/noble-society.net\/es\/wp-json\/wp\/v2\/product\/61521","targetHints":{"allow":["GET"]}}],"collection":[{"href":"https:\/\/noble-society.net\/es\/wp-json\/wp\/v2\/product"}],"about":[{"href":"https:\/\/noble-society.net\/es\/wp-json\/wp\/v2\/types\/product"}],"wp:featuredmedia":[{"embeddable":true,"href":"https:\/\/noble-society.net\/es\/wp-json\/wp\/v2\/media\/55581"}],"wp:attachment":[{"href":"https:\/\/noble-society.net\/es\/wp-json\/wp\/v2\/media?parent=61521"}],"wp:term":[{"taxonomy":"product_brand","embeddable":true,"href":"https:\/\/noble-society.net\/es\/wp-json\/wp\/v2\/product_brand?post=61521"},{"taxonomy":"product_cat","embeddable":true,"href":"https:\/\/noble-society.net\/es\/wp-json\/wp\/v2\/product_cat?post=61521"},{"taxonomy":"product_tag","embeddable":true,"href":"https:\/\/noble-society.net\/es\/wp-json\/wp\/v2\/product_tag?post=61521"}],"curies":[{"name":"wp","href":"https:\/\/api.w.org\/{rel}","templated":true}]}}