{"id":61522,"date":"2026-03-16T20:18:15","date_gmt":"2026-03-16T18:18:15","guid":{"rendered":"https:\/\/noble-society.net\/?post_type=product&#038;p=61522"},"modified":"2026-03-31T19:17:46","modified_gmt":"2026-03-31T16:17:46","slug":"marques-de-borbon","status":"publish","type":"product","link":"https:\/\/noble-society.net\/es\/buy-nobility-titles\/marquis-de-bourbon\/","title":{"rendered":"Marquis de Bourbon"},"content":{"rendered":"<section class=\"l-section wpb_row height_small\"><div class=\"l-section-h i-cf\"><div class=\"g-cols vc_row via_grid cols_1 laptops-cols_inherit tablets-cols_inherit mobiles-cols_1 valign_top type_default stacking_default\"><div class=\"wpb_column vc_column_container\"><div class=\"vc_column-inner\"><div class=\"wpb_text_column\"><div class=\"wpb_wrapper\"><p class=\"p1\"><b>Marqu\u00e9s<\/b><b><\/b><\/p>\n<p class=\"p3\">Para cumplir con sus deberes, los margraves recib\u00edan territorios fronterizos directamente del rey o emperador en feudo. En comparaci\u00f3n con los condes ordinarios, los margraves ostentaban poderes ampliados: comandaban el levo militar (<i>Heerbann<\/i>) y ejercieron alta jurisdicci\u00f3n. Estaban autorizados a construir fortificaciones y contaban con el apoyo de un mayor n\u00famero de vasallos francos. Estos privilegios les otorgaron una considerable independencia y autoridad como gobernantes de importantes regiones fronterizas, a menudo comparables a la de los grandes duques tribales. En todo el reino franco, se anim\u00f3 a agricultores capaces a asentarse en estas \u00e1reas de frontera, lo que permiti\u00f3 a los margraves de algunas regiones reclutar importantes fuerzas propias. Ejercieron alta autoridad judicial sin requerir autorizaci\u00f3n especial del rey, lo que los convirti\u00f3 en figuras clave para mantener el orden y la defensa a lo largo de las fronteras.<\/p>\n<p class=\"p1\"><b>La Casa de Borb\u00f3n<\/b><b><\/b><\/p>\n<p class=\"p3\">La Casa de Borb\u00f3n es una rama cadete de la dinast\u00eda real francesa Capetiana, descendiente del hijo menor del Rey Luis IX de Francia (San Luis). En \u00faltima instancia, Hugo Capeto, el fundador de la l\u00ednea Capetiana, es tambi\u00e9n el antepasado de los Borb\u00f3n. Este linaje se reflej\u00f3 durante la Revoluci\u00f3n Francesa, cuando el Rey Luis XVI fue referido ante la Convenci\u00f3n Nacional en 1792 con el nombre civil \u201cLuis Capeto\u201d.\u201d<\/p>\n<p class=\"p3\">Hoy, los Borbones son los \u00faltimos descendientes varones supervivientes de la dinast\u00eda Capeta. Estos incluyen la l\u00ednea espa\u00f1ola Borb\u00f3n-Anjou, con sus ramas Borb\u00f3n-Dos Sicilias y Borb\u00f3n-Parma, as\u00ed como la l\u00ednea Borb\u00f3n-Orleans con su rama brasile\u00f1a, la Casa de Orl\u00e9ans-Braganza. Los Borbones son considerados la dinast\u00eda real m\u00e1s antigua de Europa, ya que todas las dem\u00e1s ramas capetas \u2014como la Casa de Valois, la Casa de Artois o la Casa de \u00c9vreux\u2014 se han extinguido en l\u00ednea masculina. La antigua casa real portuguesa de Braganza desciende tambi\u00e9n de los Capetos, aunque a trav\u00e9s de una rama ileg\u00edtima de la Casa de Borgo\u00f1a.<\/p>\n<p class=\"p1\"><b>Bourbon-l\u2019Archambault<\/b><b><\/b><\/p>\n<p class=\"p3\">El nombre de la dinast\u00eda proviene del castillo de Borb\u00f3n (Bourbon-l\u2019Archambault), que se remonta a la \u00e9poca carolingia. Durante la Alta Edad Media, este castillo sirvi\u00f3 como sede de una familia noble que estableci\u00f3 su dominio sobre la regi\u00f3n circundante. El territorio que se desarroll\u00f3 a partir de aqu\u00ed, conocido como el Borbon\u00e9s, pas\u00f3 a posesi\u00f3n de Beatriz de Borgo\u00f1a por herencia. Beatriz, ella misma miembro de la Casa Capeta de Borgo\u00f1a, se cas\u00f3 con el Pr\u00edncipe Roberto en 1272, aportando as\u00ed el Borbon\u00e9s a su posesi\u00f3n.<\/p>\n<p class=\"p3\">El propio apellido result\u00f3 de una transacci\u00f3n de su hijo, Luis de Clermont. En 1327, intercambi\u00f3 su herencia paterna, el Condado de Clermont, con el Rey Carlos IV \u201cel Hermoso\u201d por el Condado de La Marche. En esta ocasi\u00f3n, el rey elev\u00f3 la Se\u00f1or\u00eda de Borb\u00f3n a ducado y le otorg\u00f3 la dignidad hereditaria de par (<i>perro<\/i>). En ese momento, este fue un desarrollo \u00fanico, ya que anteriormente solo exist\u00edan en Francia los ducados tradicionales basados en regiones \u00e9tnicas. El Borbon\u00e9s se convirti\u00f3 as\u00ed en la posesi\u00f3n principal del Duque Luis I y sus descendientes, quienes a partir de entonces adoptaron el nombre \u201cde Borb\u00f3n\u201d.\u201d<\/p>\n<\/div><\/div><\/div><\/div><\/div><\/div><\/section>","protected":false},"excerpt":{"rendered":"<p class=\"p1\">Las formas de tratamiento correctas para este t\u00edtulo incluyen <i>Alteza<\/i>, <i>Serena Alteza<\/i>, y <i>Ilustr\u00edsima Alteza<\/i>, reflejando el prestigio y la elegancia asociados con el rango noble. El t\u00edtulo masculino es <span class=\"s1\"><b>Marqu\u00e9s<\/b><\/span>, mientras que el equivalente femenino es <span class=\"s1\"><b>Marquesa<\/b><\/span>. Dentro de la familia, el hijo porta asimismo el t\u00edtulo <span class=\"s1\"><b>Marqu\u00e9s<\/b><\/span>, y a la hija se le llama <span class=\"s1\"><b>Marquesa<\/b><\/span>, manteniendo la noble designaci\u00f3n a trav\u00e9s de las generaciones. La pronunciaci\u00f3n sigue el estilo franc\u00e9s tradicional, otorgando a los t\u00edtulos su sonido distintivo y refinado.<\/p>","protected":false},"featured_media":55582,"template":"","meta":{"_acf_changed":false,"yasr_overall_rating":0,"yasr_post_is_review":"","yasr_auto_insert_disabled":"","yasr_review_type":"","slim_seo":{"title":"Marquis de Bourbon - Buy Noble Titles Since 1999","description":"Las formas correctas de dirigirse a este t\u00edtulo incluyen Su Alteza (Real), Su Seren\u00edsima Alteza y Su Alteza Ilustr\u00edsima, lo que refleja el prestigio y la elegancia asociados"}},"product_brand":[],"product_cat":[29],"product_tag":[83,82,81],"class_list":{"0":"post-61522","1":"product","2":"type-product","3":"status-publish","4":"has-post-thumbnail","6":"product_cat-french-noble-titles","7":"product_tag-bourbon","8":"product_tag-marchioness","9":"product_tag-marquis","11":"first","12":"instock","13":"taxable","14":"shipping-taxable","15":"purchasable","16":"product-type-variable","17":"has-default-attributes"},"acf":[],"yasr_visitor_votes":{"stars_attributes":{"read_only":false,"span_bottom":false},"number_of_votes":0,"sum_votes":0},"_links":{"self":[{"href":"https:\/\/noble-society.net\/es\/wp-json\/wp\/v2\/product\/61522","targetHints":{"allow":["GET"]}}],"collection":[{"href":"https:\/\/noble-society.net\/es\/wp-json\/wp\/v2\/product"}],"about":[{"href":"https:\/\/noble-society.net\/es\/wp-json\/wp\/v2\/types\/product"}],"wp:featuredmedia":[{"embeddable":true,"href":"https:\/\/noble-society.net\/es\/wp-json\/wp\/v2\/media\/55582"}],"wp:attachment":[{"href":"https:\/\/noble-society.net\/es\/wp-json\/wp\/v2\/media?parent=61522"}],"wp:term":[{"taxonomy":"product_brand","embeddable":true,"href":"https:\/\/noble-society.net\/es\/wp-json\/wp\/v2\/product_brand?post=61522"},{"taxonomy":"product_cat","embeddable":true,"href":"https:\/\/noble-society.net\/es\/wp-json\/wp\/v2\/product_cat?post=61522"},{"taxonomy":"product_tag","embeddable":true,"href":"https:\/\/noble-society.net\/es\/wp-json\/wp\/v2\/product_tag?post=61522"}],"curies":[{"name":"wp","href":"https:\/\/api.w.org\/{rel}","templated":true}]}}