{"id":61523,"date":"2026-03-16T20:18:15","date_gmt":"2026-03-16T18:18:15","guid":{"rendered":"https:\/\/noble-society.net\/?post_type=product&#038;p=61523"},"modified":"2026-03-31T19:15:36","modified_gmt":"2026-03-31T16:15:36","slug":"caballero-de-la-orden-de-minerva","status":"publish","type":"product","link":"https:\/\/noble-society.net\/es\/buy-nobility-titles\/knight-of-the-order-of-minerva\/","title":{"rendered":"Caballero de la Orden de Minerva,"},"content":{"rendered":"<section class=\"l-section wpb_row height_small\"><div class=\"l-section-h i-cf\"><div class=\"g-cols vc_row via_grid cols_1 laptops-cols_inherit tablets-cols_inherit mobiles-cols_1 valign_top type_default stacking_default\"><div class=\"wpb_column vc_column_container\"><div class=\"vc_column-inner\"><div class=\"wpb_text_column\"><div class=\"wpb_wrapper\"><p class=\"p1\">Como <strong>Caballero de la Orden de Minerva,<\/strong> recibe un nombre oficial de orden que puede llevar p\u00fablicamente a partir de ese momento. Este nombre de orden se puede utilizar en todas las ocasiones deseadas: en sus tarjetas de visita personales, membretes, placas de identificaci\u00f3n, o incluso al firmar contratos. Bajo ciertas condiciones, tambi\u00e9n es posible que su nombre de caballero se incluya en documentos oficiales de identificaci\u00f3n. El nombre de orden es de libre elecci\u00f3n: puede consistir simplemente en su propio nombre con el t\u00edtulo \u201cCaballero\u201d a\u00f1adido delante, por ejemplo, \u201cCaballero Peter Meyer\u201d, o puede elegir un nombre m\u00e1s creativo como \u201cCaballero Peter de Holstein\u201d. No hay l\u00edmites para su imaginaci\u00f3n al seleccionar su nombre, lo que le permite crear una identidad verdaderamente \u00fanica.<\/p>\n<p class=\"p1\">Al elegir unirte a la Orden de Minerva como Caballero, no adquieres ninguna obligaci\u00f3n continua. No hay cuotas de membres\u00eda ni costos recurrentes de ning\u00fan tipo, lo que te permite disfrutar de tu t\u00edtulo libremente y sin compromiso.<\/p>\n<p class=\"p1\">Hist\u00f3ricamente, los caballeros pertenec\u00edan a una clase respetada de la baja nobleza y eran considerados h\u00e9roes. El concepto de caballer\u00eda se origin\u00f3 en Europa Occidental, particularmente en Francia, antes de extenderse a Alemania y m\u00e1s all\u00e1. Los ideales de un caballero inclu\u00edan la disciplina, la moderaci\u00f3n, la lealtad y el honor en todos los aspectos de la vida. Los caballeros estaban estrechamente asociados con las cortes reales, lo que tambi\u00e9n dio lugar a la tradici\u00f3n del amor cort\u00e9s, conocida como <i>Minne<\/i>. Gran parte de este mundo caballeresco se ha conservado a trav\u00e9s de la poes\u00eda y las canciones medievales. Se esperaba que un caballero permaneciera leal a su se\u00f1or, protegiera a viudas, hu\u00e9rfanos y vulnerables, y viviera de acuerdo con s\u00f3lidos valores morales y, a menudo, cristianos. Sus vidas diarias implicaban un entrenamiento continuo con armas y preparaci\u00f3n para la batalla.<\/p>\n<p class=\"p1\">Con el tiempo, la caballer\u00eda se volvi\u00f3 cada vez m\u00e1s formalizada. A finales de la Edad Media, solo aquellos de linaje noble probado eran elegibles para ser armados caballeros. Los hombres eran elevados formalmente a la caballer\u00eda por un gobernante noble de alta alcurnia, una tradici\u00f3n que todav\u00eda existe hoy en d\u00eda en forma modificada. Por ejemplo, Elton John fue armado caballero como Knight Bachelor por la reina Isabel II en 1998. En Alemania, todav\u00eda existen \u00f3rdenes de caballer\u00eda hist\u00f3ricas, como la Orden Cat\u00f3lica Romana de Malta y la Orden de San Juan. Otra orden dentro de esta tradici\u00f3n es la Orden de Minerva.<\/p>\n<p class=\"p1\">El nombre de la Orden de Minerva se refiere a la diosa romana Minerva, quien originalmente fue considerada la protectora de artesanos y oficios. M\u00e1s tarde, se asoci\u00f3 con la diosa griega Atenea, convirti\u00e9ndose en la patrona de poetas, maestros y acad\u00e9micos. Con el tiempo, Minerva lleg\u00f3 a simbolizar la sabidur\u00eda, el arte y la custodia del conocimiento. La Orden de Minerva es una comunidad no religiosa cuyos miembros buscan conocimiento y sabidur\u00eda bajo su gu\u00eda simb\u00f3lica. Lo que hace \u00fanica a esta orden es que cualquiera puede adoptar el t\u00edtulo de Caballero y formar parte de esta tradici\u00f3n. Las mujeres, aunque no tienen el t\u00edtulo formal de \u201cCaballero\u201d, tradicionalmente se refieren a ellas como \u201cDamas\u201d en el esp\u00edritu de las \u00f3rdenes de caballer\u00eda medievales.<\/p>\n<\/div><\/div><\/div><\/div><\/div><\/div><\/section>","protected":false},"excerpt":{"rendered":"<p class=\"p1\">Convi\u00e9rtete en un Caballero de la Orden de Minerva y \u00fanete a una distinguida comunidad dedicada al conocimiento, al car\u00e1cter y a los valores atemporales. Como Caballero, ostentar\u00e1s un t\u00edtulo prestigioso que refleja individualidad, dignidad y una conexi\u00f3n con una tradici\u00f3n inspirada en la sabidur\u00eda y la excelencia personal.<\/p>\n<p class=\"p1\">Su membres\u00eda se otorga de por vida sin costos ni obligaciones adicionales, permiti\u00e9ndole disfrutar de su t\u00edtulo libremente y sin compromiso. Recibir\u00e1 magn\u00edfico certificado de nombramiento como Caballero, dise\u00f1ado en un estilo elegante e hist\u00f3rico, as\u00ed como una exclusiva tarjeta de identificaci\u00f3n de plata con su nombre, t\u00edtulo y escudo de armas. Juntos, estos elementos forman un conjunto de alta calidad e impresionante que representa perfectamente su nuevo estatus y le permite presentar su t\u00edtulo con orgullo y distinci\u00f3n.<\/p>","protected":false},"featured_media":55707,"template":"","meta":{"_acf_changed":false,"yasr_overall_rating":0,"yasr_post_is_review":"","yasr_auto_insert_disabled":"","yasr_review_type":"","slim_seo":{"title":"Caballero de la Orden de Minerva, - Compre t\u00edtulos nobiliarios desde 1999","description":"Convi\u00e9rtete en un Caballero de la Orden de Minerva y \u00fanete a una comunidad distinguida dedicada al conocimiento, el car\u00e1cter y los valores atemporales. Como Caballero, llevas una pres"}},"product_brand":[],"product_cat":[31],"product_tag":[88,89,90,91],"class_list":{"0":"post-61523","1":"product","2":"type-product","3":"status-publish","4":"has-post-thumbnail","6":"product_cat-order-of-minerva","7":"product_tag-dame","8":"product_tag-dame-titel","9":"product_tag-ritter","10":"product_tag-rittertitel","12":"first","13":"instock","14":"taxable","15":"shipping-taxable","16":"purchasable","17":"product-type-variable","18":"has-default-attributes"},"acf":[],"yasr_visitor_votes":{"stars_attributes":{"read_only":false,"span_bottom":false},"number_of_votes":0,"sum_votes":0},"_links":{"self":[{"href":"https:\/\/noble-society.net\/es\/wp-json\/wp\/v2\/product\/61523","targetHints":{"allow":["GET"]}}],"collection":[{"href":"https:\/\/noble-society.net\/es\/wp-json\/wp\/v2\/product"}],"about":[{"href":"https:\/\/noble-society.net\/es\/wp-json\/wp\/v2\/types\/product"}],"wp:featuredmedia":[{"embeddable":true,"href":"https:\/\/noble-society.net\/es\/wp-json\/wp\/v2\/media\/55707"}],"wp:attachment":[{"href":"https:\/\/noble-society.net\/es\/wp-json\/wp\/v2\/media?parent=61523"}],"wp:term":[{"taxonomy":"product_brand","embeddable":true,"href":"https:\/\/noble-society.net\/es\/wp-json\/wp\/v2\/product_brand?post=61523"},{"taxonomy":"product_cat","embeddable":true,"href":"https:\/\/noble-society.net\/es\/wp-json\/wp\/v2\/product_cat?post=61523"},{"taxonomy":"product_tag","embeddable":true,"href":"https:\/\/noble-society.net\/es\/wp-json\/wp\/v2\/product_tag?post=61523"}],"curies":[{"name":"wp","href":"https:\/\/api.w.org\/{rel}","templated":true}]}}