{"id":61524,"date":"2026-03-16T20:18:15","date_gmt":"2026-03-16T18:18:15","guid":{"rendered":"https:\/\/noble-society.net\/?post_type=product&#038;p=61524"},"modified":"2026-04-08T14:45:16","modified_gmt":"2026-04-08T11:45:16","slug":"consul-de-la-orden-de-minerva","status":"publish","type":"product","link":"https:\/\/noble-society.net\/es\/buy-nobility-titles\/consul-of-the-order-of-minerva\/","title":{"rendered":"C\u00f3nsul de la Orden de Minerva"},"content":{"rendered":"<section class=\"l-section wpb_row height_small\"><div class=\"l-section-h i-cf\"><div class=\"g-cols vc_row via_grid cols_1 laptops-cols_inherit tablets-cols_inherit mobiles-cols_1 valign_top type_default stacking_default\"><div class=\"wpb_column vc_column_container\"><div class=\"vc_column-inner\"><div class=\"wpb_text_column\"><div class=\"wpb_wrapper\"><p class=\"p1\"><b>\u00bfQu\u00e9 recibir\u00e1s?<\/b><b><\/b><\/p>\n<p class=\"p3\">En primer lugar, se convierte en miembro de la Orden de Minerva y tiene derecho a usar el nombre de su orden a partir de ahora. Ya sea en membretes, tarjetas de visita o incluso una placa en su casa, el t\u00edtulo de C\u00f3nsul puede usarse como parte de su designaci\u00f3n oficial. Como C\u00f3nsul, tambi\u00e9n est\u00e1 autorizado para admitir nuevos miembros en la Orden. Puede determinar y cobrar la cuota de admisi\u00f3n a su propia discreci\u00f3n. Posteriormente, usted nos env\u00eda los detalles del nuevo miembro y nosotros le proporcionaremos los documentos oficiales y el certificado de nombramiento. Por cada nuevo miembro, le cobramos una tarifa administrativa \u00fanica de $25. Como C\u00f3nsul, se espera que admita solo a individuos que se identifiquen con los principios de la Orden. Tenga en cuenta que el t\u00edtulo de \u201cC\u00f3nsul\u201d solo puede usarse en conexi\u00f3n con la Orden. Usarlo incorrectamente, como \u201cC\u00f3nsul Peter Meyer\u201d, no est\u00e1 permitido e incluso puede tener implicaciones legales. La forma correcta y completa es:<\/p>\n<p class=\"p1\"><b>Peter Meyer \u2013 C\u00f3nsul de la Orden de Minerva<\/b><b><\/b><\/p>\n<p class=\"p3\">Como C\u00f3nsul, recibir\u00e1 el derecho de admitir nuevos miembros, una tarjeta de identificaci\u00f3n dorada exclusiva con su nombre, t\u00edtulo y escudo de armas, as\u00ed como un sello personalizado con su nombre, t\u00edtulo y escudo de armas.<\/p>\n<p class=\"p3\">El t\u00e9rmino \u201cC\u00f3nsul\u201d se origina en la antigua Roma, donde era el t\u00edtulo del funcionario estatal de mayor rango. Un c\u00f3nsul actuaba tanto como consejero como representante, sirviendo a su estado a trav\u00e9s del asesoramiento, la diplomacia y el cultivo de relaciones. En este sentido, un C\u00f3nsul es un embajador que representa y promueve su estado \u2014o en este caso, la Orden\u2014 a trav\u00e9s de una acci\u00f3n reflexiva y sabia.<\/p>\n<p class=\"p3\">La antigua diosa Minerva, figura rectora de la Orden, era originalmente la deidad patrona de la gente com\u00fan, los artesanos y los marineros. Tras asociarse con la diosa griega Atenea, tambi\u00e9n se convirti\u00f3 en la protectora de las artes y de los eruditos. Ella encarna el ideal de dignidad y sabidur\u00eda con el que usted queda invitado a portar este prestigioso t\u00edtulo.<\/p>\n<p class=\"p3\">Hacerse miembro es sencillo: despu\u00e9s de introducir tu nombre \u2014o el nombre de la persona que recibir\u00e1 el certificado como regalo\u2014 eliges el nombre de orden que te gustar\u00eda ostentar. Puede ser tu nombre real o cualquier nombre creativo de tu elecci\u00f3n. Con este paso, te conviertes en miembro de la Orden de Minerva.<\/p>\n<p class=\"p3\">Es importante saber que su membres\u00eda no implica ninguna obligaci\u00f3n o costo continuo. No hay cuotas de membres\u00eda recurrentes, ni reuniones obligatorias, ni requisitos que deba cumplir. Usted es libre de permanecer como miembro pasivo y simplemente disfrutar de su t\u00edtulo honor\u00edfico. Cabe se\u00f1alar tambi\u00e9n que este no es un t\u00edtulo acad\u00e9mico; sin embargo, puede usarlo oficialmente en membretes, tarjetas de presentaci\u00f3n e incluso como nombre de orden en documentos de identificaci\u00f3n.<\/p>\n<p class=\"p3\">Su certificado de nombramiento de alta calidad se entregar\u00e1 ya enmarcado. Los estatutos y reglamentos de la Orden se proporcionan en una carpeta de presentaci\u00f3n separada. Adem\u00e1s, recibir\u00e1 50 tarjetas de presentaci\u00f3n con el nombre y el escudo de armas de su orden, lo que le permitir\u00e1 utilizar su nuevo t\u00edtulo de inmediato. Bajo ciertas condiciones, tambi\u00e9n es posible registrar su t\u00edtulo en sus documentos de identificaci\u00f3n. Le proporcionaremos informaci\u00f3n detallada que explica c\u00f3mo se puede organizar esto.<\/p>\n<\/div><\/div><\/div><\/div><\/div><\/div><\/section>","protected":false},"excerpt":{"rendered":"<p class=\"p1\">Convi\u00e9rtete en C\u00f3nsul de la Orden de Minerva y asume uno de los roles m\u00e1s distinguidos dentro de esta honorable comunidad dedicada al conocimiento, los valores y la excelencia personal. Como C\u00f3nsul, no solo ostentas un t\u00edtulo prestigioso, sino que tambi\u00e9n representas los principios de la Orden y gozas del privilegio \u00fanico de admitir nuevos miembros, dando forma y expandiendo activamente este c\u00edrculo exclusivo.<\/p>\n<p class=\"p1\">Su membres\u00eda incluye un magn\u00edfico certificado de nombramiento que confirma su estatus como C\u00f3nsul, presentado en ingl\u00e9s y dise\u00f1ado en un estilo elegante e hist\u00f3rico. Adem\u00e1s, recibir\u00e1 una tarjeta de identificaci\u00f3n dorada premium con su nombre, t\u00edtulo y escudo de armas, as\u00ed como un sello personalizado con los mismos detalles. En conjunto, estos elementos crean un paquete impresionante y de alta calidad que refleja su posici\u00f3n elevada y le permite presentar su t\u00edtulo con distinci\u00f3n y orgullo.<\/p>","protected":false},"featured_media":55706,"template":"","meta":{"_acf_changed":false,"yasr_overall_rating":0,"yasr_post_is_review":"","yasr_auto_insert_disabled":"","yasr_review_type":"","slim_seo":{"title":"C\u00f3nsul de la Orden de Minerva - Compre T\u00edtulos Nobles desde 1999","description":"Convi\u00e9rtete en C\u00f3nsul de la Orden de Minerva y asume uno de los roles m\u00e1s distinguidos dentro de esta honorable comunidad dedicada al conocimiento, los valores y la perspicacia."}},"product_brand":[],"product_cat":[31],"product_tag":[93,94,92],"class_list":{"0":"post-61524","1":"product","2":"type-product","3":"status-publish","4":"has-post-thumbnail","6":"product_cat-order-of-minerva","7":"product_tag-konsul","8":"product_tag-konsultitel","9":"product_tag-minerva","11":"first","12":"instock","13":"taxable","14":"shipping-taxable","15":"purchasable","16":"product-type-variable","17":"has-default-attributes"},"acf":[],"yasr_visitor_votes":{"stars_attributes":{"read_only":false,"span_bottom":false},"number_of_votes":0,"sum_votes":0},"_links":{"self":[{"href":"https:\/\/noble-society.net\/es\/wp-json\/wp\/v2\/product\/61524","targetHints":{"allow":["GET"]}}],"collection":[{"href":"https:\/\/noble-society.net\/es\/wp-json\/wp\/v2\/product"}],"about":[{"href":"https:\/\/noble-society.net\/es\/wp-json\/wp\/v2\/types\/product"}],"wp:featuredmedia":[{"embeddable":true,"href":"https:\/\/noble-society.net\/es\/wp-json\/wp\/v2\/media\/55706"}],"wp:attachment":[{"href":"https:\/\/noble-society.net\/es\/wp-json\/wp\/v2\/media?parent=61524"}],"wp:term":[{"taxonomy":"product_brand","embeddable":true,"href":"https:\/\/noble-society.net\/es\/wp-json\/wp\/v2\/product_brand?post=61524"},{"taxonomy":"product_cat","embeddable":true,"href":"https:\/\/noble-society.net\/es\/wp-json\/wp\/v2\/product_cat?post=61524"},{"taxonomy":"product_tag","embeddable":true,"href":"https:\/\/noble-society.net\/es\/wp-json\/wp\/v2\/product_tag?post=61524"}],"curies":[{"name":"wp","href":"https:\/\/api.w.org\/{rel}","templated":true}]}}